{"id":9612,"date":"2022-08-11T09:10:10","date_gmt":"2022-08-11T09:10:10","guid":{"rendered":"https:\/\/medicest.eu\/individualnyj-uxod\/"},"modified":"2024-01-02T15:13:54","modified_gmt":"2024-01-02T15:13:54","slug":"individuaalne-hoolitsus","status":"publish","type":"page","link":"https:\/\/medicest.eu\/et\/individuaalne-hoolitsus\/","title":{"rendered":"Individuaalne hoolitsus"},"content":{"rendered":"\t\t<div data-elementor-type=\"wp-page\" data-elementor-id=\"9612\" class=\"elementor elementor-9612 elementor-9594\">\n\t\t\t\t\t\t<section class=\"elementor-section elementor-top-section elementor-element elementor-element-36f749cc elementor-section-boxed elementor-section-height-default elementor-section-height-default\" data-id=\"36f749cc\" data-element_type=\"section\" data-e-type=\"section\">\n\t\t\t\t\t\t<div class=\"elementor-container elementor-column-gap-default\">\n\t\t\t\t\t<div class=\"elementor-column elementor-col-100 elementor-top-column elementor-element elementor-element-365a5e59\" data-id=\"365a5e59\" data-element_type=\"column\" data-e-type=\"column\">\n\t\t\t<div class=\"elementor-widget-wrap elementor-element-populated\">\n\t\t\t\t\t\t<div class=\"elementor-element elementor-element-656f91c1 elementor-widget elementor-widget-heading\" data-id=\"656f91c1\" data-element_type=\"widget\" data-e-type=\"widget\" data-widget_type=\"heading.default\">\n\t\t\t\t<div class=\"elementor-widget-container\">\n\t\t\t\t\t<h2 class=\"elementor-heading-title elementor-size-default\">Individuaalne hoolitsus<\/h2>\t\t\t\t<\/div>\n\t\t\t\t<\/div>\n\t\t\t\t<div class=\"elementor-element elementor-element-d1e522b elementor-widget elementor-widget-heading\" data-id=\"d1e522b\" data-element_type=\"widget\" data-e-type=\"widget\" data-widget_type=\"heading.default\">\n\t\t\t\t<div class=\"elementor-widget-container\">\n\t\t\t\t\t<h3 class=\"elementor-heading-title elementor-size-default\">\n<\/h3>\t\t\t\t<\/div>\n\t\t\t\t<\/div>\n\t\t\t\t\t<\/div>\n\t\t<\/div>\n\t\t\t\t\t<\/div>\n\t\t<\/section>\n\t\t\t\t<section class=\"elementor-section elementor-top-section elementor-element elementor-element-f24c148 elementor-section-boxed elementor-section-height-default elementor-section-height-default\" data-id=\"f24c148\" data-element_type=\"section\" data-e-type=\"section\">\n\t\t\t\t\t\t<div class=\"elementor-container elementor-column-gap-default\">\n\t\t\t\t\t<div class=\"elementor-column elementor-col-50 elementor-top-column elementor-element elementor-element-e328603\" data-id=\"e328603\" data-element_type=\"column\" data-e-type=\"column\">\n\t\t\t<div class=\"elementor-widget-wrap elementor-element-populated\">\n\t\t\t\t\t\t<div class=\"elementor-element elementor-element-9f3d693 elementor-widget elementor-widget-text-editor\" data-id=\"9f3d693\" data-element_type=\"widget\" data-e-type=\"widget\" data-widget_type=\"text-editor.default\">\n\t\t\t\t<div class=\"elementor-widget-container\">\n\t\t\t\t\t\t\t\t\t<p>Kui tunnete, et n\u00e4gu vajab hoolt, tekib probleeme kuivuse v\u00f5i liigse rasuga, on m\u00e4rgata v\u00e4simuse m\u00e4rke ja naha v\u00e4rvus ei r\u00f5\u00f5musta &#8211; oleks soov olukorda parandada, aga ei tea, millist protseduuri valida, broneerige <strong>Medic-Estheticu spetsialistide juures Individuaalne hoolitsus!<\/strong><\/p><p>Kliiniku spetsialistide kasutada on suur valik tooteid mainekatelt professionaalse kosmeetika br\u00e4ndidelt, nu\u0308u\u0308disaegsed aparaatmeetodid, samuti teadmised ja kogemused, mis on omandatud regulaarse t\u00f6\u00f6 k\u00e4igus erinevate kliendisoovidega.<\/p><p>See v\u00f5imaldab pakkuda kliendile personaalset l\u00e4henemisviisi tema probleemi lahendamisele, valides etappe ning kombineerides meetodeid ja komponente l\u00e4htuvalt kliendi naha vajadustest.<\/p>\t\t\t\t\t\t\t\t<\/div>\n\t\t\t\t<\/div>\n\t\t\t\t\t<\/div>\n\t\t<\/div>\n\t\t\t\t<div class=\"elementor-column elementor-col-50 elementor-top-column elementor-element elementor-element-15d9e7e\" data-id=\"15d9e7e\" data-element_type=\"column\" data-e-type=\"column\">\n\t\t\t<div class=\"elementor-widget-wrap elementor-element-populated\">\n\t\t\t\t\t\t<div class=\"elementor-element elementor-element-18f2f82 elementor-widget elementor-widget-image\" data-id=\"18f2f82\" data-element_type=\"widget\" data-e-type=\"widget\" data-widget_type=\"image.default\">\n\t\t\t\t<div class=\"elementor-widget-container\">\n\t\t\t\t\t\t\t\t\t\t\t\t\t\t\t<img fetchpriority=\"high\" decoding=\"async\" width=\"626\" height=\"417\" src=\"https:\/\/medicest.eu\/wp-content\/uploads\/2022\/08\/beauty-treatment-skincare-medicest.jpg\" class=\"attachment-large size-large wp-image-9598\" alt=\"\" srcset=\"https:\/\/medicest.eu\/wp-content\/uploads\/2022\/08\/beauty-treatment-skincare-medicest.jpg 626w, https:\/\/medicest.eu\/wp-content\/uploads\/2022\/08\/beauty-treatment-skincare-medicest-300x200.jpg 300w, https:\/\/medicest.eu\/wp-content\/uploads\/2022\/08\/beauty-treatment-skincare-medicest-150x100.jpg 150w\" sizes=\"(max-width: 626px) 100vw, 626px\" \/>\t\t\t\t\t\t\t\t\t\t\t\t\t\t\t<\/div>\n\t\t\t\t<\/div>\n\t\t\t\t<div class=\"elementor-element elementor-element-d80e7b3 elementor-widget elementor-widget-text-editor\" data-id=\"d80e7b3\" data-element_type=\"widget\" data-e-type=\"widget\" data-widget_type=\"text-editor.default\">\n\t\t\t\t<div class=\"elementor-widget-container\">\n\t\t\t\t\t\t\t\t\t<blockquote><p>Individuaalne hoolitsus on ideaalne ettevalmistus eriliseks su\u0308ndmuseks, kui on vaja enesekindlalt tunda ja s\u00e4rav v\u00e4lja n\u00e4ha.<\/p><\/blockquote>\t\t\t\t\t\t\t\t<\/div>\n\t\t\t\t<\/div>\n\t\t\t\t\t<\/div>\n\t\t<\/div>\n\t\t\t\t\t<\/div>\n\t\t<\/section>\n\t\t\t\t<section class=\"elementor-section elementor-top-section elementor-element elementor-element-c0f352b elementor-section-boxed elementor-section-height-default elementor-section-height-default\" data-id=\"c0f352b\" data-element_type=\"section\" data-e-type=\"section\">\n\t\t\t\t\t\t<div class=\"elementor-container elementor-column-gap-default\">\n\t\t\t\t\t<div class=\"elementor-column elementor-col-50 elementor-top-column elementor-element elementor-element-92021ed\" data-id=\"92021ed\" data-element_type=\"column\" data-e-type=\"column\">\n\t\t\t<div class=\"elementor-widget-wrap elementor-element-populated\">\n\t\t\t\t\t\t<div class=\"elementor-element elementor-element-3fd8b75 elementor-widget elementor-widget-heading\" data-id=\"3fd8b75\" data-element_type=\"widget\" data-e-type=\"widget\" data-widget_type=\"heading.default\">\n\t\t\t\t<div class=\"elementor-widget-container\">\n\t\t\t\t\t<h2 class=\"elementor-heading-title elementor-size-default\">PREMIUM<\/h2>\t\t\t\t<\/div>\n\t\t\t\t<\/div>\n\t\t\t\t<div class=\"elementor-element elementor-element-efb16f4 elementor-widget elementor-widget-text-editor\" data-id=\"efb16f4\" data-element_type=\"widget\" data-e-type=\"widget\" data-widget_type=\"text-editor.default\">\n\t\t\t\t<div class=\"elementor-widget-container\">\n\t\t\t\t\t\t\t\t\t<p>Individuaalne hoolitsus Premium (n\u00e4gu, kael, dekolteepiirkond) t\u00e4hendab 1,15 tundi hoolitsevat ja p\u00f5hjalikku nahahooldust aparaatmeetodite ja kauakestvate kosmeetikavahendite kasutamisega.<\/p><p>L\u00f5\u00f5gastav ja taastav hoolitsus Premium v\u00f5imaldab teil mitte ainult parandada v\u00e4limust, vaid ka taastada j\u00f5udu argip\u00e4eviti v\u00f5i peo hakul.<\/p>\t\t\t\t\t\t\t\t<\/div>\n\t\t\t\t<\/div>\n\t\t\t\t\t<\/div>\n\t\t<\/div>\n\t\t\t\t<div class=\"elementor-column elementor-col-50 elementor-top-column elementor-element elementor-element-0c67125\" data-id=\"0c67125\" data-element_type=\"column\" data-e-type=\"column\">\n\t\t\t<div class=\"elementor-widget-wrap elementor-element-populated\">\n\t\t\t\t\t\t<div class=\"elementor-element elementor-element-6dbcd91 elementor-widget elementor-widget-heading\" data-id=\"6dbcd91\" data-element_type=\"widget\" data-e-type=\"widget\" data-widget_type=\"heading.default\">\n\t\t\t\t<div class=\"elementor-widget-container\">\n\t\t\t\t\t<h2 class=\"elementor-heading-title elementor-size-default\">STANDART<\/h2>\t\t\t\t<\/div>\n\t\t\t\t<\/div>\n\t\t\t\t<div class=\"elementor-element elementor-element-ba239de elementor-widget elementor-widget-text-editor\" data-id=\"ba239de\" data-element_type=\"widget\" data-e-type=\"widget\" data-widget_type=\"text-editor.default\">\n\t\t\t\t<div class=\"elementor-widget-container\">\n\t\t\t\t\t\t\t\t\t<p>Individuaalne hoolitsus Standart (n\u00e4gu, kael) on protseduur, mis sisaldab k\u00f5iki vajalikke etappe kauni ja hoolitsetud v\u00e4limuse s\u00e4ilitamiseks.<\/p><p>See teenus sobib nii regulaarseks kosmeetikakabineti ku\u0308lastusteks kui ka spontaanseks ku\u0308lastuseks, kui on vaja saada kvaliteetset naha vajadustest l\u00e4htuvat hoolitsust.<\/p>\t\t\t\t\t\t\t\t<\/div>\n\t\t\t\t<\/div>\n\t\t\t\t\t<\/div>\n\t\t<\/div>\n\t\t\t\t\t<\/div>\n\t\t<\/section>\n\t\t\t\t<section class=\"elementor-section elementor-top-section elementor-element elementor-element-47903100 elementor-section-boxed elementor-section-height-default elementor-section-height-default\" data-id=\"47903100\" data-element_type=\"section\" data-e-type=\"section\">\n\t\t\t\t\t\t<div class=\"elementor-container elementor-column-gap-default\">\n\t\t\t\t\t<div class=\"elementor-column elementor-col-100 elementor-top-column elementor-element elementor-element-65f2cbfd\" data-id=\"65f2cbfd\" data-element_type=\"column\" data-e-type=\"column\">\n\t\t\t<div class=\"elementor-widget-wrap elementor-element-populated\">\n\t\t\t\t\t\t<div class=\"elementor-element elementor-element-3d912e1d elementor-widget elementor-widget-heading\" data-id=\"3d912e1d\" data-element_type=\"widget\" data-e-type=\"widget\" data-widget_type=\"heading.default\">\n\t\t\t\t<div class=\"elementor-widget-container\">\n\t\t\t\t\t<h2 class=\"elementor-heading-title elementor-size-default\">Hinnakiri<\/h2>\t\t\t\t<\/div>\n\t\t\t\t<\/div>\n\t\t\t\t<div class=\"elementor-element elementor-element-36bb801 elementor-widget elementor-widget-text-editor\" data-id=\"36bb801\" data-element_type=\"widget\" data-e-type=\"widget\" data-widget_type=\"text-editor.default\">\n\t\t\t\t<div class=\"elementor-widget-container\">\n\t\t\t\t\t\t\t\t\t<p>\n<table id=\"tablepress-146\" class=\"tablepress tablepress-id-146\">\n<thead>\n<tr class=\"row-1\">\n\t<th class=\"column-1\">Individuaalne hoolitsus<\/th><th class=\"column-2\">Hind \u20ac<\/th>\n<\/tr>\n<\/thead>\n<tbody class=\"row-striping row-hover\">\n<tr class=\"row-2\">\n\t<td class=\"column-1\">Individuaalne hoolitsus &#8220;Premium&#8221; (N\u00e4gu, kael, dekoltee), 75 min<br \/>\n<\/td><td class=\"column-2\">87,00<\/td>\n<\/tr>\n<tr class=\"row-3\">\n\t<td class=\"column-1\">Individuaalne hoolitsus &#8220;Standart&#8221; (N\u00e4gu, kael), 60 min<br \/>\n<\/td><td class=\"column-2\">71,00<\/td>\n<\/tr>\n<tr class=\"row-4\">\n\t<td class=\"column-1\">Kompleks: N\u00e4onaha aparaat-arvutianal\u00fc\u00fcs (45\u20ac) + Individuaalne hooldus &#8220;Standart&#8221; (69\u20ac), 90 min<\/td><td class=\"column-2\">95,00<\/td>\n<\/tr>\n<\/tbody>\n<\/table>\n<!-- #tablepress-146 from cache --><\/p>\t\t\t\t\t\t\t\t<\/div>\n\t\t\t\t<\/div>\n\t\t\t\t<div class=\"elementor-element elementor-element-74eea34c pp-buttons-halign-center pp-buttons-stack-none elementor-widget elementor-widget-pp-buttons\" data-id=\"74eea34c\" data-element_type=\"widget\" data-e-type=\"widget\" data-widget_type=\"pp-buttons.default\">\n\t\t\t\t<div class=\"elementor-widget-container\">\n\t\t\t\t\t\t\t<div class=\"pp-buttons-group\">\n\t\t\t\t\t\t\t\t\t\t\t<a href=\"https:\/\/shop.medicest.eu\/et\/product\/individuaalne-hoolitsus\/\" target=\"_blank\" class=\"pp-button elementor-button elementor-size-md elementor-repeater-item-c938c7f \">\n\t\t\t\t\t<div class=\"pp-button-content-wrapper\">\n\t\t\t\t\t\t<span class=\"pp-button-content-inner pp-icon-before\">\n\t\t\t\t\t\t\t\n\t\t\t\t\t\t\t\t<span class=\"pp-button-title\">\n\t\t\t\t\t\t\t\t\tOsta\t\t\t\t\t\t\t\t<\/span>\n\t\t\t\t\t\t\t\t\t\t\t\t\t<\/span>\n\t\t\t\t\t<\/div>\n\t\t\t\t<\/a>\n\t\t\t\t\t\t\t\t\t\t<\/div>\t\t\t\t<\/div>\n\t\t\t\t<\/div>\n\t\t\t\t\t<\/div>\n\t\t<\/div>\n\t\t\t\t\t<\/div>\n\t\t<\/section>\n\t\t\t\t<\/div>\n\t\t","protected":false},"excerpt":{"rendered":"<p>Individuaalne hoolitsus Kui tunnete, et n\u00e4gu vajab hoolt, tekib probleeme kuivuse v\u00f5i liigse rasuga, on m\u00e4rgata v\u00e4simuse m\u00e4rke ja naha v\u00e4rvus ei r\u00f5\u00f5musta &#8211; oleks soov olukorda parandada, aga ei tea, millist protseduuri valida, broneerige Medic-Estheticu spetsialistide juures Individuaalne hoolitsus! Kliiniku spetsialistide kasutada on suur valik tooteid mainekatelt professionaalse kosmeetika\u2026<\/p>\n<p class=\"continue-reading-button\"> <a class=\"continue-reading-link\" href=\"https:\/\/medicest.eu\/et\/individuaalne-hoolitsus\/\"><i class=\"crycon-right-dir\"><\/i><\/a><\/p>\n","protected":false},"author":1,"featured_media":0,"parent":0,"menu_order":0,"comment_status":"closed","ping_status":"closed","template":"","meta":{"footnotes":""},"class_list":["post-9612","page","type-page","status-publish","hentry"],"yoast_head":"<!-- This site is optimized with the Yoast SEO plugin v27.3 - https:\/\/yoast.com\/product\/yoast-seo-wordpress\/ -->\n<title>Individuaalne hoolitsus - Ilukliinik Medic-Esthetic<\/title>\n<meta name=\"robots\" content=\"index, follow, max-snippet:-1, max-image-preview:large, max-video-preview:-1\" \/>\n<link rel=\"canonical\" href=\"https:\/\/medicest.eu\/individualnyj-uxod\/\" \/>\n<meta property=\"og:locale\" content=\"et_EE\" \/>\n<meta property=\"og:type\" content=\"article\" \/>\n<meta property=\"og:title\" content=\"Individuaalne hoolitsus - Ilukliinik Medic-Esthetic\" \/>\n<meta property=\"og:description\" content=\"Individuaalne hoolitsus Kui tunnete, et n\u00e4gu vajab hoolt, tekib probleeme kuivuse v\u00f5i liigse rasuga, on m\u00e4rgata v\u00e4simuse m\u00e4rke ja naha v\u00e4rvus ei r\u00f5\u00f5musta &#8211; oleks soov olukorda parandada, aga ei tea, millist protseduuri valida, broneerige Medic-Estheticu spetsialistide juures Individuaalne hoolitsus! Kliiniku spetsialistide kasutada on suur valik tooteid mainekatelt professionaalse kosmeetika\u2026\" \/>\n<meta property=\"og:url\" content=\"https:\/\/medicest.eu\/individualnyj-uxod\/\" \/>\n<meta property=\"og:site_name\" content=\"Ilukliinik Medic-Esthetic\" \/>\n<meta property=\"article:modified_time\" content=\"2024-01-02T15:13:54+00:00\" \/>\n<meta property=\"og:image\" content=\"http:\/\/medicest.eu\/wp-content\/uploads\/2022\/08\/beauty-treatment-skincare-medicest.jpg\" \/>\n<meta name=\"twitter:card\" content=\"summary_large_image\" \/>\n<meta name=\"twitter:label1\" content=\"Est. reading time\" \/>\n\t<meta name=\"twitter:data1\" content=\"2 minutit\" \/>\n<script type=\"application\/ld+json\" class=\"yoast-schema-graph\">{\"@context\":\"https:\\\/\\\/schema.org\",\"@graph\":[{\"@type\":\"WebPage\",\"@id\":\"https:\\\/\\\/medicest.eu\\\/individualnyj-uxod\\\/\",\"url\":\"https:\\\/\\\/medicest.eu\\\/individualnyj-uxod\\\/\",\"name\":\"Individuaalne hoolitsus - Ilukliinik Medic-Esthetic\",\"isPartOf\":{\"@id\":\"https:\\\/\\\/medicest.eu\\\/#website\"},\"primaryImageOfPage\":{\"@id\":\"https:\\\/\\\/medicest.eu\\\/individualnyj-uxod\\\/#primaryimage\"},\"image\":{\"@id\":\"https:\\\/\\\/medicest.eu\\\/individualnyj-uxod\\\/#primaryimage\"},\"thumbnailUrl\":\"http:\\\/\\\/medicest.eu\\\/wp-content\\\/uploads\\\/2022\\\/08\\\/beauty-treatment-skincare-medicest.jpg\",\"datePublished\":\"2022-08-11T09:10:10+00:00\",\"dateModified\":\"2024-01-02T15:13:54+00:00\",\"breadcrumb\":{\"@id\":\"https:\\\/\\\/medicest.eu\\\/individualnyj-uxod\\\/#breadcrumb\"},\"inLanguage\":\"et\",\"potentialAction\":[{\"@type\":\"ReadAction\",\"target\":[\"https:\\\/\\\/medicest.eu\\\/individualnyj-uxod\\\/\"]}]},{\"@type\":\"ImageObject\",\"inLanguage\":\"et\",\"@id\":\"https:\\\/\\\/medicest.eu\\\/individualnyj-uxod\\\/#primaryimage\",\"url\":\"http:\\\/\\\/medicest.eu\\\/wp-content\\\/uploads\\\/2022\\\/08\\\/beauty-treatment-skincare-medicest.jpg\",\"contentUrl\":\"http:\\\/\\\/medicest.eu\\\/wp-content\\\/uploads\\\/2022\\\/08\\\/beauty-treatment-skincare-medicest.jpg\"},{\"@type\":\"BreadcrumbList\",\"@id\":\"https:\\\/\\\/medicest.eu\\\/individualnyj-uxod\\\/#breadcrumb\",\"itemListElement\":[{\"@type\":\"ListItem\",\"position\":1,\"name\":\"Home\",\"item\":\"https:\\\/\\\/medicest.eu\\\/\"},{\"@type\":\"ListItem\",\"position\":2,\"name\":\"Individuaalne hoolitsus\"}]},{\"@type\":\"WebSite\",\"@id\":\"https:\\\/\\\/medicest.eu\\\/#website\",\"url\":\"https:\\\/\\\/medicest.eu\\\/\",\"name\":\"Ilukliinik Medic-Esthetic\",\"description\":\"Beauty &amp; Prestige\",\"potentialAction\":[{\"@type\":\"SearchAction\",\"target\":{\"@type\":\"EntryPoint\",\"urlTemplate\":\"https:\\\/\\\/medicest.eu\\\/?s={search_term_string}\"},\"query-input\":{\"@type\":\"PropertyValueSpecification\",\"valueRequired\":true,\"valueName\":\"search_term_string\"}}],\"inLanguage\":\"et\"}]}<\/script>\n<!-- \/ Yoast SEO plugin. -->","yoast_head_json":{"title":"Individuaalne hoolitsus - Ilukliinik Medic-Esthetic","robots":{"index":"index","follow":"follow","max-snippet":"max-snippet:-1","max-image-preview":"max-image-preview:large","max-video-preview":"max-video-preview:-1"},"canonical":"https:\/\/medicest.eu\/individualnyj-uxod\/","og_locale":"et_EE","og_type":"article","og_title":"Individuaalne hoolitsus - Ilukliinik Medic-Esthetic","og_description":"Individuaalne hoolitsus Kui tunnete, et n\u00e4gu vajab hoolt, tekib probleeme kuivuse v\u00f5i liigse rasuga, on m\u00e4rgata v\u00e4simuse m\u00e4rke ja naha v\u00e4rvus ei r\u00f5\u00f5musta &#8211; oleks soov olukorda parandada, aga ei tea, millist protseduuri valida, broneerige Medic-Estheticu spetsialistide juures Individuaalne hoolitsus! Kliiniku spetsialistide kasutada on suur valik tooteid mainekatelt professionaalse kosmeetika\u2026","og_url":"https:\/\/medicest.eu\/individualnyj-uxod\/","og_site_name":"Ilukliinik Medic-Esthetic","article_modified_time":"2024-01-02T15:13:54+00:00","og_image":[{"url":"http:\/\/medicest.eu\/wp-content\/uploads\/2022\/08\/beauty-treatment-skincare-medicest.jpg","type":"","width":"","height":""}],"twitter_card":"summary_large_image","twitter_misc":{"Est. reading time":"2 minutit"},"schema":{"@context":"https:\/\/schema.org","@graph":[{"@type":"WebPage","@id":"https:\/\/medicest.eu\/individualnyj-uxod\/","url":"https:\/\/medicest.eu\/individualnyj-uxod\/","name":"Individuaalne hoolitsus - Ilukliinik Medic-Esthetic","isPartOf":{"@id":"https:\/\/medicest.eu\/#website"},"primaryImageOfPage":{"@id":"https:\/\/medicest.eu\/individualnyj-uxod\/#primaryimage"},"image":{"@id":"https:\/\/medicest.eu\/individualnyj-uxod\/#primaryimage"},"thumbnailUrl":"http:\/\/medicest.eu\/wp-content\/uploads\/2022\/08\/beauty-treatment-skincare-medicest.jpg","datePublished":"2022-08-11T09:10:10+00:00","dateModified":"2024-01-02T15:13:54+00:00","breadcrumb":{"@id":"https:\/\/medicest.eu\/individualnyj-uxod\/#breadcrumb"},"inLanguage":"et","potentialAction":[{"@type":"ReadAction","target":["https:\/\/medicest.eu\/individualnyj-uxod\/"]}]},{"@type":"ImageObject","inLanguage":"et","@id":"https:\/\/medicest.eu\/individualnyj-uxod\/#primaryimage","url":"http:\/\/medicest.eu\/wp-content\/uploads\/2022\/08\/beauty-treatment-skincare-medicest.jpg","contentUrl":"http:\/\/medicest.eu\/wp-content\/uploads\/2022\/08\/beauty-treatment-skincare-medicest.jpg"},{"@type":"BreadcrumbList","@id":"https:\/\/medicest.eu\/individualnyj-uxod\/#breadcrumb","itemListElement":[{"@type":"ListItem","position":1,"name":"Home","item":"https:\/\/medicest.eu\/"},{"@type":"ListItem","position":2,"name":"Individuaalne hoolitsus"}]},{"@type":"WebSite","@id":"https:\/\/medicest.eu\/#website","url":"https:\/\/medicest.eu\/","name":"Ilukliinik Medic-Esthetic","description":"Beauty &amp; Prestige","potentialAction":[{"@type":"SearchAction","target":{"@type":"EntryPoint","urlTemplate":"https:\/\/medicest.eu\/?s={search_term_string}"},"query-input":{"@type":"PropertyValueSpecification","valueRequired":true,"valueName":"search_term_string"}}],"inLanguage":"et"}]}},"_links":{"self":[{"href":"https:\/\/medicest.eu\/et\/wp-json\/wp\/v2\/pages\/9612","targetHints":{"allow":["GET"]}}],"collection":[{"href":"https:\/\/medicest.eu\/et\/wp-json\/wp\/v2\/pages"}],"about":[{"href":"https:\/\/medicest.eu\/et\/wp-json\/wp\/v2\/types\/page"}],"author":[{"embeddable":true,"href":"https:\/\/medicest.eu\/et\/wp-json\/wp\/v2\/users\/1"}],"replies":[{"embeddable":true,"href":"https:\/\/medicest.eu\/et\/wp-json\/wp\/v2\/comments?post=9612"}],"version-history":[{"count":10,"href":"https:\/\/medicest.eu\/et\/wp-json\/wp\/v2\/pages\/9612\/revisions"}],"predecessor-version":[{"id":15230,"href":"https:\/\/medicest.eu\/et\/wp-json\/wp\/v2\/pages\/9612\/revisions\/15230"}],"wp:attachment":[{"href":"https:\/\/medicest.eu\/et\/wp-json\/wp\/v2\/media?parent=9612"}],"curies":[{"name":"wp","href":"https:\/\/api.w.org\/{rel}","templated":true}]}}