{"id":9485,"date":"2022-07-28T09:10:23","date_gmt":"2022-07-28T09:10:23","guid":{"rendered":"https:\/\/medicest.eu\/uxodovaya-procedura-diamond-silk\/"},"modified":"2026-02-02T12:49:35","modified_gmt":"2026-02-02T12:49:35","slug":"hooldav-protseduur-diamond-silk","status":"publish","type":"page","link":"https:\/\/medicest.eu\/et\/hooldav-protseduur-diamond-silk\/","title":{"rendered":"Hooldav protseduur Diamond Silk"},"content":{"rendered":"\t\t<div data-elementor-type=\"wp-page\" data-elementor-id=\"9485\" class=\"elementor elementor-9485 elementor-9476\">\n\t\t\t\t\t\t<section class=\"elementor-section elementor-top-section elementor-element elementor-element-1098e041 elementor-section-boxed elementor-section-height-default elementor-section-height-default\" data-id=\"1098e041\" data-element_type=\"section\" data-e-type=\"section\">\n\t\t\t\t\t\t<div class=\"elementor-container elementor-column-gap-default\">\n\t\t\t\t\t<div class=\"elementor-column elementor-col-100 elementor-top-column elementor-element elementor-element-fb4ff19\" data-id=\"fb4ff19\" data-element_type=\"column\" data-e-type=\"column\">\n\t\t\t<div class=\"elementor-widget-wrap elementor-element-populated\">\n\t\t\t\t\t\t<div class=\"elementor-element elementor-element-711829a3 elementor-widget elementor-widget-heading\" data-id=\"711829a3\" data-element_type=\"widget\" data-e-type=\"widget\" data-widget_type=\"heading.default\">\n\t\t\t\t<div class=\"elementor-widget-container\">\n\t\t\t\t\t<h2 class=\"elementor-heading-title elementor-size-default\">Hooldav protseduur Diamond Silk<\/h2>\t\t\t\t<\/div>\n\t\t\t\t<\/div>\n\t\t\t\t\t<\/div>\n\t\t<\/div>\n\t\t\t\t\t<\/div>\n\t\t<\/section>\n\t\t\t\t<section class=\"elementor-section elementor-top-section elementor-element elementor-element-2e60bb1d elementor-section-boxed elementor-section-height-default elementor-section-height-default\" data-id=\"2e60bb1d\" data-element_type=\"section\" data-e-type=\"section\">\n\t\t\t\t\t\t<div class=\"elementor-container elementor-column-gap-default\">\n\t\t\t\t\t<div class=\"elementor-column elementor-col-100 elementor-top-column elementor-element elementor-element-355b4e45\" data-id=\"355b4e45\" data-element_type=\"column\" data-e-type=\"column\">\n\t\t\t<div class=\"elementor-widget-wrap elementor-element-populated\">\n\t\t\t\t\t\t<div class=\"elementor-element elementor-element-205a75e5 elementor-widget elementor-widget-heading\" data-id=\"205a75e5\" data-element_type=\"widget\" data-e-type=\"widget\" data-widget_type=\"heading.default\">\n\t\t\t\t<div class=\"elementor-widget-container\">\n\t\t\t\t\t<h2 class=\"elementor-heading-title elementor-size-default\">Tsoonid: n\u00e4gu, kael, dekoltee<\/h2>\t\t\t\t<\/div>\n\t\t\t\t<\/div>\n\t\t\t\t\t<\/div>\n\t\t<\/div>\n\t\t\t\t\t<\/div>\n\t\t<\/section>\n\t\t\t\t<section class=\"elementor-section elementor-top-section elementor-element elementor-element-cd71b7c elementor-section-boxed elementor-section-height-default elementor-section-height-default\" data-id=\"cd71b7c\" data-element_type=\"section\" data-e-type=\"section\">\n\t\t\t\t\t\t<div class=\"elementor-container elementor-column-gap-default\">\n\t\t\t\t\t<div class=\"elementor-column elementor-col-33 elementor-top-column elementor-element elementor-element-42ec78f\" data-id=\"42ec78f\" data-element_type=\"column\" data-e-type=\"column\">\n\t\t\t<div class=\"elementor-widget-wrap elementor-element-populated\">\n\t\t\t\t\t\t<div class=\"elementor-element elementor-element-d8baa41 elementor-widget elementor-widget-image\" data-id=\"d8baa41\" data-element_type=\"widget\" data-e-type=\"widget\" data-widget_type=\"image.default\">\n\t\t\t\t<div class=\"elementor-widget-container\">\n\t\t\t\t\t\t\t\t\t\t\t\t\t\t\t<img fetchpriority=\"high\" decoding=\"async\" width=\"900\" height=\"601\" src=\"https:\/\/medicest.eu\/wp-content\/uploads\/2022\/07\/almaznay-dermabraziy-medicest.jpg\" class=\"attachment-large size-large wp-image-9480\" alt=\"\" srcset=\"https:\/\/medicest.eu\/wp-content\/uploads\/2022\/07\/almaznay-dermabraziy-medicest.jpg 900w, https:\/\/medicest.eu\/wp-content\/uploads\/2022\/07\/almaznay-dermabraziy-medicest-300x200.jpg 300w, https:\/\/medicest.eu\/wp-content\/uploads\/2022\/07\/almaznay-dermabraziy-medicest-768x513.jpg 768w, https:\/\/medicest.eu\/wp-content\/uploads\/2022\/07\/almaznay-dermabraziy-medicest-150x100.jpg 150w\" sizes=\"(max-width: 900px) 100vw, 900px\" \/>\t\t\t\t\t\t\t\t\t\t\t\t\t\t\t<\/div>\n\t\t\t\t<\/div>\n\t\t\t\t\t<\/div>\n\t\t<\/div>\n\t\t\t\t<div class=\"elementor-column elementor-col-66 elementor-top-column elementor-element elementor-element-f033386\" data-id=\"f033386\" data-element_type=\"column\" data-e-type=\"column\">\n\t\t\t<div class=\"elementor-widget-wrap elementor-element-populated\">\n\t\t\t\t\t\t<div class=\"elementor-element elementor-element-cb58744 elementor-widget__width-initial elementor-widget elementor-widget-text-editor\" data-id=\"cb58744\" data-element_type=\"widget\" data-e-type=\"widget\" data-widget_type=\"text-editor.default\">\n\t\t\t\t<div class=\"elementor-widget-container\">\n\t\t\t\t\t\t\t\t\t<h4><strong>Hooldus h\u00f5lmab j\u00e4rgmisi samme:<\/strong><\/h4>\n<ul>\n<li>Meigi eemaldamine, naha p\u00f5hjalik puhastamine mustusest<\/li>\n<li>Naha teemantlihvimine<\/li>\n<li>K\u00e4sitsi massaa\u017e<\/li>\n<li>LED-teraapia koos toitva maskiga<\/li>\n<li>L\u00f5petavaks sammuks on seerumi ja l\u00f5petava kreemi pealekandmine<\/li>\n<\/ul>\t\t\t\t\t\t\t\t<\/div>\n\t\t\t\t<\/div>\n\t\t\t\t\t<\/div>\n\t\t<\/div>\n\t\t\t\t\t<\/div>\n\t\t<\/section>\n\t\t\t\t<section class=\"elementor-section elementor-top-section elementor-element elementor-element-02d3d1e elementor-section-boxed elementor-section-height-default elementor-section-height-default\" data-id=\"02d3d1e\" data-element_type=\"section\" data-e-type=\"section\">\n\t\t\t\t\t\t<div class=\"elementor-container elementor-column-gap-default\">\n\t\t\t\t\t<div class=\"elementor-column elementor-col-50 elementor-top-column elementor-element elementor-element-868db61\" data-id=\"868db61\" data-element_type=\"column\" data-e-type=\"column\">\n\t\t\t<div class=\"elementor-widget-wrap elementor-element-populated\">\n\t\t\t\t\t\t<div class=\"elementor-element elementor-element-885076c elementor-widget elementor-widget-heading\" data-id=\"885076c\" data-element_type=\"widget\" data-e-type=\"widget\" data-widget_type=\"heading.default\">\n\t\t\t\t<div class=\"elementor-widget-container\">\n\t\t\t\t\t<h2 class=\"elementor-heading-title elementor-size-default\">Protseduuri aluseks on naha \u00f5rn teemantlihvimine teemanttolmu abil.<\/h2>\t\t\t\t<\/div>\n\t\t\t\t<\/div>\n\t\t\t\t<div class=\"elementor-element elementor-element-c1b9d7e elementor-widget elementor-widget-text-editor\" data-id=\"c1b9d7e\" data-element_type=\"widget\" data-e-type=\"widget\" data-widget_type=\"text-editor.default\">\n\t\t\t\t<div class=\"elementor-widget-container\">\n\t\t\t\t\t\t\t\t\t<p>Naha lihvimine toimub vahendiga, mille otsakule on pihustatud v\u00e4\u00e4riskivimi mikroosakesed.<\/p><p>Naha teemantlihvimise<br \/>t\u00f5husus on k\u00f5rge ja on v\u00f5rreldav happekoorimisega.<\/p><p>Samas on teemantlihvimine \u00f5rn ja mugav protseduur, mis v\u00f5imaldab puhastada nahka epidermise k\u00e4rbunud osakestest, suurendada kollageeni tootmist, k\u00e4ivitada nahas ainevahetusprotsesse ja teha see siledamaks.<\/p><p><strong>Protseduur silub v\u00e4ikesed kortsud, nahk muutub nooremaks ja siidjalt siledaks.<\/strong><\/p>\t\t\t\t\t\t\t\t<\/div>\n\t\t\t\t<\/div>\n\t\t\t\t\t<\/div>\n\t\t<\/div>\n\t\t\t\t<div class=\"elementor-column elementor-col-50 elementor-top-column elementor-element elementor-element-92467da\" data-id=\"92467da\" data-element_type=\"column\" data-e-type=\"column\">\n\t\t\t<div class=\"elementor-widget-wrap elementor-element-populated\">\n\t\t\t\t\t\t<div class=\"elementor-element elementor-element-6214d19 elementor-widget elementor-widget-text-editor\" data-id=\"6214d19\" data-element_type=\"widget\" data-e-type=\"widget\" data-widget_type=\"text-editor.default\">\n\t\t\t\t<div class=\"elementor-widget-container\">\n\t\t\t\t\t\t\t\t\t<p>P\u00e4rast naha teemantlihvimise protseduuri kantakse nahale toitvad ja niisutavad kosmeetilised vahendid.<\/p><p>Aktiivsed toimeained tungivad naha s\u00fcgavatesse kihtidesse, osutades tugevamat toimet kui nende pealekandmisel ilma nahka ettevalmistava teemantlihvimise protseduurita.<\/p><p>K\u00e4sitsi massaa\u017e lisab mugavustunnet, l\u00f5dvestab ja k\u00f5rvaldab v\u00e4simuse m\u00e4rke. LED-teraapia aga osutab tervendavat toimet, suurendab rakkude aktiivsust, virgutab nende taastumise ja kollageeni tootmise v\u00f5imet.<\/p><p>Kohe p\u00e4rast protseduuri v\u00f5ite kasutada dekoratiivset kosmeetikat, jalutada t\u00e4naval ja pidada tavalist eluviisi.<\/p>\t\t\t\t\t\t\t\t<\/div>\n\t\t\t\t<\/div>\n\t\t\t\t\t<\/div>\n\t\t<\/div>\n\t\t\t\t\t<\/div>\n\t\t<\/section>\n\t\t\t\t<section class=\"elementor-section elementor-top-section elementor-element elementor-element-42d2c1ff elementor-section-boxed elementor-section-height-default elementor-section-height-default\" data-id=\"42d2c1ff\" data-element_type=\"section\" data-e-type=\"section\">\n\t\t\t\t\t\t<div class=\"elementor-container elementor-column-gap-default\">\n\t\t\t\t\t<div class=\"elementor-column elementor-col-100 elementor-top-column elementor-element elementor-element-5fc6b1e3\" data-id=\"5fc6b1e3\" data-element_type=\"column\" data-e-type=\"column\">\n\t\t\t<div class=\"elementor-widget-wrap elementor-element-populated\">\n\t\t\t\t\t\t<div class=\"elementor-element elementor-element-3b3d1319 elementor-widget elementor-widget-heading\" data-id=\"3b3d1319\" data-element_type=\"widget\" data-e-type=\"widget\" data-widget_type=\"heading.default\">\n\t\t\t\t<div class=\"elementor-widget-container\">\n\t\t\t\t\t<h2 class=\"elementor-heading-title elementor-size-default\">Hinnakiri<\/h2>\t\t\t\t<\/div>\n\t\t\t\t<\/div>\n\t\t\t\t<div class=\"elementor-element elementor-element-aeb79be elementor-widget elementor-widget-text-editor\" data-id=\"aeb79be\" data-element_type=\"widget\" data-e-type=\"widget\" data-widget_type=\"text-editor.default\">\n\t\t\t\t<div class=\"elementor-widget-container\">\n\t\t\t\t\t\t\t\t\t<p>\n<table id=\"tablepress-227\" class=\"tablepress tablepress-id-227\">\n<thead>\n<tr class=\"row-1\">\n\t<th class=\"column-1\">Regulaarsed hooldused<\/th><th class=\"column-2\">Hind \u20ac<\/th>\n<\/tr>\n<\/thead>\n<tbody class=\"row-striping row-hover\">\n<tr class=\"row-2\">\n\t<td class=\"column-1\">Hooldav protseduur Diamond Silk (N\u00e4gu, kael ja dekoltee), 90 min<\/td><td class=\"column-2\">85,00<\/td>\n<\/tr>\n<\/tbody>\n<\/table>\n<!-- #tablepress-227 from cache --><\/p>\t\t\t\t\t\t\t\t<\/div>\n\t\t\t\t<\/div>\n\t\t\t\t<div class=\"elementor-element elementor-element-3c7f3aae pp-buttons-halign-center pp-buttons-stack-none elementor-widget elementor-widget-pp-buttons\" data-id=\"3c7f3aae\" data-element_type=\"widget\" data-e-type=\"widget\" data-widget_type=\"pp-buttons.default\">\n\t\t\t\t<div class=\"elementor-widget-container\">\n\t\t\t\t\t\t\t<div class=\"pp-buttons-group\">\n\t\t\t\t\t\t\t\t\t\t\t<a href=\"https:\/\/shop.medicest.eu\/et\/product\/hooldav-protseduur-diamond-silk\/\" target=\"_blank\" class=\"pp-button elementor-button elementor-size-md elementor-repeater-item-c938c7f \">\n\t\t\t\t\t<div class=\"pp-button-content-wrapper\">\n\t\t\t\t\t\t<span class=\"pp-button-content-inner pp-icon-before\">\n\t\t\t\t\t\t\t\n\t\t\t\t\t\t\t\t<span class=\"pp-button-title\">\n\t\t\t\t\t\t\t\t\tOsta\t\t\t\t\t\t\t\t<\/span>\n\t\t\t\t\t\t\t\t\t\t\t\t\t<\/span>\n\t\t\t\t\t<\/div>\n\t\t\t\t<\/a>\n\t\t\t\t\t\t\t\t\t\t<\/div>\t\t\t\t<\/div>\n\t\t\t\t<\/div>\n\t\t\t\t\t<\/div>\n\t\t<\/div>\n\t\t\t\t\t<\/div>\n\t\t<\/section>\n\t\t\t\t<\/div>\n\t\t","protected":false},"excerpt":{"rendered":"<p>Hooldav protseduur Diamond Silk Tsoonid: n\u00e4gu, kael, dekoltee Hooldus h\u00f5lmab j\u00e4rgmisi samme: Meigi eemaldamine, naha p\u00f5hjalik puhastamine mustusest Naha teemantlihvimine K\u00e4sitsi massaa\u017e LED-teraapia koos toitva maskiga L\u00f5petavaks sammuks on seerumi ja l\u00f5petava kreemi pealekandmine Protseduuri aluseks on naha \u00f5rn teemantlihvimine teemanttolmu abil. Naha lihvimine toimub vahendiga, mille otsakule on pihustatud\u2026<\/p>\n<p class=\"continue-reading-button\"> <a class=\"continue-reading-link\" href=\"https:\/\/medicest.eu\/et\/hooldav-protseduur-diamond-silk\/\"><i class=\"crycon-right-dir\"><\/i><\/a><\/p>\n","protected":false},"author":1,"featured_media":0,"parent":0,"menu_order":0,"comment_status":"closed","ping_status":"closed","template":"","meta":{"footnotes":""},"class_list":["post-9485","page","type-page","status-publish","hentry"],"yoast_head":"<!-- This site is optimized with the Yoast SEO plugin v27.3 - https:\/\/yoast.com\/product\/yoast-seo-wordpress\/ -->\n<title>Hooldav protseduur Diamond Silk - Ilukliinik Medic-Esthetic<\/title>\n<meta name=\"robots\" content=\"index, follow, max-snippet:-1, max-image-preview:large, max-video-preview:-1\" \/>\n<link rel=\"canonical\" href=\"https:\/\/medicest.eu\/uxodovaya-procedura-diamond-silk\/\" \/>\n<meta property=\"og:locale\" content=\"et_EE\" \/>\n<meta property=\"og:type\" content=\"article\" \/>\n<meta property=\"og:title\" content=\"Hooldav protseduur Diamond Silk - Ilukliinik Medic-Esthetic\" \/>\n<meta property=\"og:description\" content=\"Hooldav protseduur Diamond Silk Tsoonid: n\u00e4gu, kael, dekoltee Hooldus h\u00f5lmab j\u00e4rgmisi samme: Meigi eemaldamine, naha p\u00f5hjalik puhastamine mustusest Naha teemantlihvimine K\u00e4sitsi massaa\u017e LED-teraapia koos toitva maskiga L\u00f5petavaks sammuks on seerumi ja l\u00f5petava kreemi pealekandmine Protseduuri aluseks on naha \u00f5rn teemantlihvimine teemanttolmu abil. Naha lihvimine toimub vahendiga, mille otsakule on pihustatud\u2026\" \/>\n<meta property=\"og:url\" content=\"https:\/\/medicest.eu\/uxodovaya-procedura-diamond-silk\/\" \/>\n<meta property=\"og:site_name\" content=\"Ilukliinik Medic-Esthetic\" \/>\n<meta property=\"article:modified_time\" content=\"2026-02-02T12:49:35+00:00\" \/>\n<meta property=\"og:image\" content=\"http:\/\/medicest.eu\/wp-content\/uploads\/2022\/07\/almaznay-dermabraziy-medicest.jpg\" \/>\n<meta name=\"twitter:card\" content=\"summary_large_image\" \/>\n<meta name=\"twitter:label1\" content=\"Est. reading time\" \/>\n\t<meta name=\"twitter:data1\" content=\"2 minutit\" \/>\n<script type=\"application\/ld+json\" class=\"yoast-schema-graph\">{\"@context\":\"https:\\\/\\\/schema.org\",\"@graph\":[{\"@type\":\"WebPage\",\"@id\":\"https:\\\/\\\/medicest.eu\\\/uxodovaya-procedura-diamond-silk\\\/\",\"url\":\"https:\\\/\\\/medicest.eu\\\/uxodovaya-procedura-diamond-silk\\\/\",\"name\":\"Hooldav protseduur Diamond Silk - Ilukliinik Medic-Esthetic\",\"isPartOf\":{\"@id\":\"https:\\\/\\\/medicest.eu\\\/#website\"},\"primaryImageOfPage\":{\"@id\":\"https:\\\/\\\/medicest.eu\\\/uxodovaya-procedura-diamond-silk\\\/#primaryimage\"},\"image\":{\"@id\":\"https:\\\/\\\/medicest.eu\\\/uxodovaya-procedura-diamond-silk\\\/#primaryimage\"},\"thumbnailUrl\":\"http:\\\/\\\/medicest.eu\\\/wp-content\\\/uploads\\\/2022\\\/07\\\/almaznay-dermabraziy-medicest.jpg\",\"datePublished\":\"2022-07-28T09:10:23+00:00\",\"dateModified\":\"2026-02-02T12:49:35+00:00\",\"breadcrumb\":{\"@id\":\"https:\\\/\\\/medicest.eu\\\/uxodovaya-procedura-diamond-silk\\\/#breadcrumb\"},\"inLanguage\":\"et\",\"potentialAction\":[{\"@type\":\"ReadAction\",\"target\":[\"https:\\\/\\\/medicest.eu\\\/uxodovaya-procedura-diamond-silk\\\/\"]}]},{\"@type\":\"ImageObject\",\"inLanguage\":\"et\",\"@id\":\"https:\\\/\\\/medicest.eu\\\/uxodovaya-procedura-diamond-silk\\\/#primaryimage\",\"url\":\"http:\\\/\\\/medicest.eu\\\/wp-content\\\/uploads\\\/2022\\\/07\\\/almaznay-dermabraziy-medicest.jpg\",\"contentUrl\":\"http:\\\/\\\/medicest.eu\\\/wp-content\\\/uploads\\\/2022\\\/07\\\/almaznay-dermabraziy-medicest.jpg\"},{\"@type\":\"BreadcrumbList\",\"@id\":\"https:\\\/\\\/medicest.eu\\\/uxodovaya-procedura-diamond-silk\\\/#breadcrumb\",\"itemListElement\":[{\"@type\":\"ListItem\",\"position\":1,\"name\":\"Home\",\"item\":\"https:\\\/\\\/medicest.eu\\\/\"},{\"@type\":\"ListItem\",\"position\":2,\"name\":\"Hooldav protseduur Diamond Silk\"}]},{\"@type\":\"WebSite\",\"@id\":\"https:\\\/\\\/medicest.eu\\\/#website\",\"url\":\"https:\\\/\\\/medicest.eu\\\/\",\"name\":\"Ilukliinik Medic-Esthetic\",\"description\":\"Beauty &amp; Prestige\",\"potentialAction\":[{\"@type\":\"SearchAction\",\"target\":{\"@type\":\"EntryPoint\",\"urlTemplate\":\"https:\\\/\\\/medicest.eu\\\/?s={search_term_string}\"},\"query-input\":{\"@type\":\"PropertyValueSpecification\",\"valueRequired\":true,\"valueName\":\"search_term_string\"}}],\"inLanguage\":\"et\"}]}<\/script>\n<!-- \/ Yoast SEO plugin. -->","yoast_head_json":{"title":"Hooldav protseduur Diamond Silk - Ilukliinik Medic-Esthetic","robots":{"index":"index","follow":"follow","max-snippet":"max-snippet:-1","max-image-preview":"max-image-preview:large","max-video-preview":"max-video-preview:-1"},"canonical":"https:\/\/medicest.eu\/uxodovaya-procedura-diamond-silk\/","og_locale":"et_EE","og_type":"article","og_title":"Hooldav protseduur Diamond Silk - Ilukliinik Medic-Esthetic","og_description":"Hooldav protseduur Diamond Silk Tsoonid: n\u00e4gu, kael, dekoltee Hooldus h\u00f5lmab j\u00e4rgmisi samme: Meigi eemaldamine, naha p\u00f5hjalik puhastamine mustusest Naha teemantlihvimine K\u00e4sitsi massaa\u017e LED-teraapia koos toitva maskiga L\u00f5petavaks sammuks on seerumi ja l\u00f5petava kreemi pealekandmine Protseduuri aluseks on naha \u00f5rn teemantlihvimine teemanttolmu abil. Naha lihvimine toimub vahendiga, mille otsakule on pihustatud\u2026","og_url":"https:\/\/medicest.eu\/uxodovaya-procedura-diamond-silk\/","og_site_name":"Ilukliinik Medic-Esthetic","article_modified_time":"2026-02-02T12:49:35+00:00","og_image":[{"url":"http:\/\/medicest.eu\/wp-content\/uploads\/2022\/07\/almaznay-dermabraziy-medicest.jpg","type":"","width":"","height":""}],"twitter_card":"summary_large_image","twitter_misc":{"Est. reading time":"2 minutit"},"schema":{"@context":"https:\/\/schema.org","@graph":[{"@type":"WebPage","@id":"https:\/\/medicest.eu\/uxodovaya-procedura-diamond-silk\/","url":"https:\/\/medicest.eu\/uxodovaya-procedura-diamond-silk\/","name":"Hooldav protseduur Diamond Silk - Ilukliinik Medic-Esthetic","isPartOf":{"@id":"https:\/\/medicest.eu\/#website"},"primaryImageOfPage":{"@id":"https:\/\/medicest.eu\/uxodovaya-procedura-diamond-silk\/#primaryimage"},"image":{"@id":"https:\/\/medicest.eu\/uxodovaya-procedura-diamond-silk\/#primaryimage"},"thumbnailUrl":"http:\/\/medicest.eu\/wp-content\/uploads\/2022\/07\/almaznay-dermabraziy-medicest.jpg","datePublished":"2022-07-28T09:10:23+00:00","dateModified":"2026-02-02T12:49:35+00:00","breadcrumb":{"@id":"https:\/\/medicest.eu\/uxodovaya-procedura-diamond-silk\/#breadcrumb"},"inLanguage":"et","potentialAction":[{"@type":"ReadAction","target":["https:\/\/medicest.eu\/uxodovaya-procedura-diamond-silk\/"]}]},{"@type":"ImageObject","inLanguage":"et","@id":"https:\/\/medicest.eu\/uxodovaya-procedura-diamond-silk\/#primaryimage","url":"http:\/\/medicest.eu\/wp-content\/uploads\/2022\/07\/almaznay-dermabraziy-medicest.jpg","contentUrl":"http:\/\/medicest.eu\/wp-content\/uploads\/2022\/07\/almaznay-dermabraziy-medicest.jpg"},{"@type":"BreadcrumbList","@id":"https:\/\/medicest.eu\/uxodovaya-procedura-diamond-silk\/#breadcrumb","itemListElement":[{"@type":"ListItem","position":1,"name":"Home","item":"https:\/\/medicest.eu\/"},{"@type":"ListItem","position":2,"name":"Hooldav protseduur Diamond Silk"}]},{"@type":"WebSite","@id":"https:\/\/medicest.eu\/#website","url":"https:\/\/medicest.eu\/","name":"Ilukliinik Medic-Esthetic","description":"Beauty &amp; Prestige","potentialAction":[{"@type":"SearchAction","target":{"@type":"EntryPoint","urlTemplate":"https:\/\/medicest.eu\/?s={search_term_string}"},"query-input":{"@type":"PropertyValueSpecification","valueRequired":true,"valueName":"search_term_string"}}],"inLanguage":"et"}]}},"_links":{"self":[{"href":"https:\/\/medicest.eu\/et\/wp-json\/wp\/v2\/pages\/9485","targetHints":{"allow":["GET"]}}],"collection":[{"href":"https:\/\/medicest.eu\/et\/wp-json\/wp\/v2\/pages"}],"about":[{"href":"https:\/\/medicest.eu\/et\/wp-json\/wp\/v2\/types\/page"}],"author":[{"embeddable":true,"href":"https:\/\/medicest.eu\/et\/wp-json\/wp\/v2\/users\/1"}],"replies":[{"embeddable":true,"href":"https:\/\/medicest.eu\/et\/wp-json\/wp\/v2\/comments?post=9485"}],"version-history":[{"count":28,"href":"https:\/\/medicest.eu\/et\/wp-json\/wp\/v2\/pages\/9485\/revisions"}],"predecessor-version":[{"id":18587,"href":"https:\/\/medicest.eu\/et\/wp-json\/wp\/v2\/pages\/9485\/revisions\/18587"}],"wp:attachment":[{"href":"https:\/\/medicest.eu\/et\/wp-json\/wp\/v2\/media?parent=9485"}],"curies":[{"name":"wp","href":"https:\/\/api.w.org\/{rel}","templated":true}]}}