{"id":9416,"date":"2022-07-25T10:22:12","date_gmt":"2022-07-25T10:22:12","guid":{"rendered":"https:\/\/medicest.eu\/prokol-ili-pirsing-uxa\/"},"modified":"2026-01-30T13:20:36","modified_gmt":"2026-01-30T13:20:36","slug":"korva-augustamine-piercing","status":"publish","type":"page","link":"https:\/\/medicest.eu\/et\/korva-augustamine-piercing\/","title":{"rendered":"K\u00f5rva augustamine (piercing)"},"content":{"rendered":"\t\t<div data-elementor-type=\"wp-page\" data-elementor-id=\"9416\" class=\"elementor elementor-9416 elementor-9393\">\n\t\t\t\t\t\t<section class=\"elementor-section elementor-top-section elementor-element elementor-element-3f3c4597 elementor-section-boxed elementor-section-height-default elementor-section-height-default\" data-id=\"3f3c4597\" data-element_type=\"section\" data-e-type=\"section\">\n\t\t\t\t\t\t<div class=\"elementor-container elementor-column-gap-default\">\n\t\t\t\t\t<div class=\"elementor-column elementor-col-100 elementor-top-column elementor-element elementor-element-6627e598\" data-id=\"6627e598\" data-element_type=\"column\" data-e-type=\"column\">\n\t\t\t<div class=\"elementor-widget-wrap elementor-element-populated\">\n\t\t\t\t\t\t<div class=\"elementor-element elementor-element-142157b2 elementor-widget elementor-widget-heading\" data-id=\"142157b2\" data-element_type=\"widget\" data-e-type=\"widget\" data-widget_type=\"heading.default\">\n\t\t\t\t<div class=\"elementor-widget-container\">\n\t\t\t\t\t<h2 class=\"elementor-heading-title elementor-size-default\">K\u00f5rva augustamine (piercing)\n<\/h2>\t\t\t\t<\/div>\n\t\t\t\t<\/div>\n\t\t\t\t\t<\/div>\n\t\t<\/div>\n\t\t\t\t\t<\/div>\n\t\t<\/section>\n\t\t\t\t<section class=\"elementor-section elementor-top-section elementor-element elementor-element-187677e8 elementor-section-boxed elementor-section-height-default elementor-section-height-default\" data-id=\"187677e8\" data-element_type=\"section\" data-e-type=\"section\">\n\t\t\t\t\t\t<div class=\"elementor-container elementor-column-gap-default\">\n\t\t\t\t\t<div class=\"elementor-column elementor-col-50 elementor-top-column elementor-element elementor-element-773fc18e\" data-id=\"773fc18e\" data-element_type=\"column\" data-e-type=\"column\">\n\t\t\t<div class=\"elementor-widget-wrap elementor-element-populated\">\n\t\t\t\t\t\t<div class=\"elementor-element elementor-element-35ec10ab elementor-widget elementor-widget-image\" data-id=\"35ec10ab\" data-element_type=\"widget\" data-e-type=\"widget\" data-widget_type=\"image.default\">\n\t\t\t\t<div class=\"elementor-widget-container\">\n\t\t\t\t\t\t\t\t\t\t\t\t\t\t\t<img fetchpriority=\"high\" decoding=\"async\" width=\"815\" height=\"1024\" src=\"https:\/\/medicest.eu\/wp-content\/uploads\/2022\/07\/rsz_sii-pos-005-815x1024.jpg\" class=\"attachment-large size-large wp-image-9165\" alt=\"\" srcset=\"https:\/\/medicest.eu\/wp-content\/uploads\/2022\/07\/rsz_sii-pos-005-815x1024.jpg 815w, https:\/\/medicest.eu\/wp-content\/uploads\/2022\/07\/rsz_sii-pos-005-239x300.jpg 239w, https:\/\/medicest.eu\/wp-content\/uploads\/2022\/07\/rsz_sii-pos-005-768x965.jpg 768w, https:\/\/medicest.eu\/wp-content\/uploads\/2022\/07\/rsz_sii-pos-005-119x150.jpg 119w, https:\/\/medicest.eu\/wp-content\/uploads\/2022\/07\/rsz_sii-pos-005.jpg 852w\" sizes=\"(max-width: 815px) 100vw, 815px\" \/>\t\t\t\t\t\t\t\t\t\t\t\t\t\t\t<\/div>\n\t\t\t\t<\/div>\n\t\t\t\t\t<\/div>\n\t\t<\/div>\n\t\t\t\t<div class=\"elementor-column elementor-col-50 elementor-top-column elementor-element elementor-element-263b6f02\" data-id=\"263b6f02\" data-element_type=\"column\" data-e-type=\"column\">\n\t\t\t<div class=\"elementor-widget-wrap elementor-element-populated\">\n\t\t\t\t\t\t<div class=\"elementor-element elementor-element-23667839 elementor-widget elementor-widget-text-editor\" data-id=\"23667839\" data-element_type=\"widget\" data-e-type=\"widget\" data-widget_type=\"text-editor.default\">\n\t\t\t\t<div class=\"elementor-widget-container\">\n\t\t\t\t\t\t\t\t\t<p>Kliinikus Medic-Esthetic teevad k\u00f5rva augustamist erikoolituse l\u00e4binud spetsialistid.<\/p><p>Augustamisinstrument on System II (Estelle, Suurbritannia).<\/p><h4><b>K\u00f5rvade augustamise protseduur<\/b><\/h4><p>Meie kliinikus tehakse ainult k\u00f5rvanibu augustamist.<\/p><p>Kui k\u00f5rva anatoomia v\u00f5imaldab, v\u00f5ib augustamist teha ka k\u00f5rvanibu kohal asuvatesse pehmetesse kudedesse.<\/p><p><strong>K\u00f5hrkoe augustamist ei tehta.<\/strong><\/p><p>Protseduuri aeg 30 minutit sisaldab kliendi teadva n\u00f5usoleku vormi t\u00e4itmist, k\u00f5rvar\u00f5ngaste valimist ning spetsialisti selgitusi haava hoolduse ja ettevaatusabin\u00f5ude teemal taastumisperioodil.<\/p>\t\t\t\t\t\t\t\t<\/div>\n\t\t\t\t<\/div>\n\t\t\t\t\t<\/div>\n\t\t<\/div>\n\t\t\t\t\t<\/div>\n\t\t<\/section>\n\t\t\t\t<section class=\"elementor-section elementor-top-section elementor-element elementor-element-1302603e elementor-section-boxed elementor-section-height-default elementor-section-height-default\" data-id=\"1302603e\" data-element_type=\"section\" data-e-type=\"section\">\n\t\t\t\t\t\t<div class=\"elementor-container elementor-column-gap-default\">\n\t\t\t\t\t<div class=\"elementor-column elementor-col-50 elementor-top-column elementor-element elementor-element-1a6a782d\" data-id=\"1a6a782d\" data-element_type=\"column\" data-e-type=\"column\">\n\t\t\t<div class=\"elementor-widget-wrap elementor-element-populated\">\n\t\t\t\t\t\t<div class=\"elementor-element elementor-element-6db184c9 elementor-widget elementor-widget-text-editor\" data-id=\"6db184c9\" data-element_type=\"widget\" data-e-type=\"widget\" data-widget_type=\"text-editor.default\">\n\t\t\t\t<div class=\"elementor-widget-container\">\n\t\t\t\t\t\t\t\t\t<p><b>Augustamise eelised seadmega System II<\/b><\/p><ul><li>Steriilsus \u2013 iga kassett k\u00f5rvar\u00f5nga ja kinnitusega asub\u00a0steriilses plastkonteineris.\u00a0<\/li><li>Konteiner sisestatakse seadmesse vahetult enne augustamist kliendi\u00a0juuresolekul.\u00a0<\/li><\/ul><p>Konteiner ja kassett k\u00f5rvar\u00f5ngaga on konstrueeritud nii, et k\u00f5rvar\u00f5ngas ja kinnitus ei puutuks instrumendiga kokku.\u00a0<\/p><ul><li>Valutus \u2013 augustamine ei rebesta kudesid, vaid l\u00fckkab nad laiali.\u00a0<\/li><\/ul><p>K\u00f5rvar\u00f5nga n\u00f5elaosa l\u00e4bim\u00f5\u00f5t on 0,9 mm ja see on teritatud nii, et\u00a0oleks tagatud valu maksimaalne leevendus.\u00a0<\/p>\t\t\t\t\t\t\t\t<\/div>\n\t\t\t\t<\/div>\n\t\t\t\t<div class=\"elementor-element elementor-element-3d8239b2 elementor-widget elementor-widget-text-editor\" data-id=\"3d8239b2\" data-element_type=\"widget\" data-e-type=\"widget\" data-widget_type=\"text-editor.default\">\n\t\t\t\t<div class=\"elementor-widget-container\">\n\t\t\t\t\t\t\t\t\t<p>T\u00e4nu mehhanismi suurele t\u00f6\u00f6kiirusele toimub augustamine kohe.\u00a0<\/p><ul><li>K\u00f5rvade augustamine seadmega System II v\u00e4listab eluskoe korduva traumeerimise, mis tekib siis, kui kasutatakse tavalist n\u00f5ela, mis tuleb haavast eemaldada.\u00a0<\/li><li>T\u00e4psus &#8211; seadme tehnoloogia tagab augustamise t\u00e4pselt etten\u00e4htud kohas.\u00a0<\/li><li aria-level=\"1\">Ohutus \u2013 k\u00f5rvar\u00f5ngad on valmistatud roostevabast kirurgilisest terasest ja ei sisalda niklit\u00a0<\/li><\/ul>\t\t\t\t\t\t\t\t<\/div>\n\t\t\t\t<\/div>\n\t\t\t\t\t<\/div>\n\t\t<\/div>\n\t\t\t\t<div class=\"elementor-column elementor-col-50 elementor-top-column elementor-element elementor-element-1cdda9bd\" data-id=\"1cdda9bd\" data-element_type=\"column\" data-e-type=\"column\">\n\t\t\t<div class=\"elementor-widget-wrap elementor-element-populated\">\n\t\t\t\t\t\t<div class=\"elementor-element elementor-element-6425959a elementor-widget elementor-widget-image\" data-id=\"6425959a\" data-element_type=\"widget\" data-e-type=\"widget\" data-widget_type=\"image.default\">\n\t\t\t\t<div class=\"elementor-widget-container\">\n\t\t\t\t\t\t\t\t\t\t\t\t\t\t\t<img decoding=\"async\" width=\"900\" height=\"900\" src=\"https:\/\/medicest.eu\/wp-content\/uploads\/2022\/07\/prokol-uha.jpg\" class=\"attachment-large size-large wp-image-9156\" alt=\"\" srcset=\"https:\/\/medicest.eu\/wp-content\/uploads\/2022\/07\/prokol-uha.jpg 900w, https:\/\/medicest.eu\/wp-content\/uploads\/2022\/07\/prokol-uha-300x300.jpg 300w, https:\/\/medicest.eu\/wp-content\/uploads\/2022\/07\/prokol-uha-768x768.jpg 768w, https:\/\/medicest.eu\/wp-content\/uploads\/2022\/07\/prokol-uha-150x150.jpg 150w\" sizes=\"(max-width: 900px) 100vw, 900px\" \/>\t\t\t\t\t\t\t\t\t\t\t\t\t\t\t<\/div>\n\t\t\t\t<\/div>\n\t\t\t\t<div class=\"elementor-element elementor-element-1efbe376 elementor-widget elementor-widget-image\" data-id=\"1efbe376\" data-element_type=\"widget\" data-e-type=\"widget\" data-widget_type=\"image.default\">\n\t\t\t\t<div class=\"elementor-widget-container\">\n\t\t\t\t\t\t\t\t\t\t\t\t\t\t\t<img decoding=\"async\" width=\"246\" height=\"238\" src=\"https:\/\/medicest.eu\/wp-content\/uploads\/2022\/07\/213-1024x772-1.jpg\" class=\"attachment-large size-large wp-image-9173\" alt=\"\" srcset=\"https:\/\/medicest.eu\/wp-content\/uploads\/2022\/07\/213-1024x772-1.jpg 246w, https:\/\/medicest.eu\/wp-content\/uploads\/2022\/07\/213-1024x772-1-150x145.jpg 150w\" sizes=\"(max-width: 246px) 100vw, 246px\" \/>\t\t\t\t\t\t\t\t\t\t\t\t\t\t\t<\/div>\n\t\t\t\t<\/div>\n\t\t\t\t\t<\/div>\n\t\t<\/div>\n\t\t\t\t\t<\/div>\n\t\t<\/section>\n\t\t\t\t<section class=\"elementor-section elementor-top-section elementor-element elementor-element-71cb05b1 elementor-section-boxed elementor-section-height-default elementor-section-height-default\" data-id=\"71cb05b1\" data-element_type=\"section\" data-e-type=\"section\">\n\t\t\t\t\t\t<div class=\"elementor-container elementor-column-gap-default\">\n\t\t\t\t\t<div class=\"elementor-column elementor-col-50 elementor-top-column elementor-element elementor-element-2aa094a4\" data-id=\"2aa094a4\" data-element_type=\"column\" data-e-type=\"column\">\n\t\t\t<div class=\"elementor-widget-wrap elementor-element-populated\">\n\t\t\t\t\t\t<div class=\"elementor-element elementor-element-5f0d638c elementor-widget elementor-widget-text-editor\" data-id=\"5f0d638c\" data-element_type=\"widget\" data-e-type=\"widget\" data-widget_type=\"text-editor.default\">\n\t\t\t\t<div class=\"elementor-widget-container\">\n\t\t\t\t\t\t\t\t\t<p><b>Torkekohtade hooldus<\/b><\/p><p>P\u00e4rast protseduuri l\u00e4biviimist soovitab spetsialist vahendit haavade regulaarseks raviks. Seda vahendit saab osta kohapeal.<\/p><p>Esimestel p\u00e4evadel tuleb t\u00e4ita j\u00e4rgmisi reegleid:\u00a0<\/p><ul><li aria-level=\"2\">\u00e4rge puudutage k\u00f5rvar\u00f5ngast ega eemaldage seda enne taastumisperioodi l\u00f5ppu\u00a0<\/li><li aria-level=\"2\">\u00e4rge kandke kitsa kaelusega r\u00f5ivaid, m\u00fctse ja k\u00f5rgeid salle, k\u00f5rvapealseid k\u00f5rvaklappe<\/li><li aria-level=\"2\">\u00e4rge minge basseini ega laske haaval m\u00e4rjaks saada\u00a0<\/li><li aria-level=\"1\">juhuslike traumade v\u00e4ltimiseks on soovitatav magada selili.\u00a0<\/li><\/ul><p>Kui torkekohas ilmneb punetus v\u00f5i turse, v\u00f5tke kohe \u00fchendust tervishoiut\u00f6\u00f6tajaga.<\/p><p>Lihtsate reeglite j\u00e4rgimine ennetab nakkust ja aitab kaasa kudede kiirele tervenemisele.<\/p>\t\t\t\t\t\t\t\t<\/div>\n\t\t\t\t<\/div>\n\t\t\t\t\t<\/div>\n\t\t<\/div>\n\t\t\t\t<div class=\"elementor-column elementor-col-50 elementor-top-column elementor-element elementor-element-57886fe\" data-id=\"57886fe\" data-element_type=\"column\" data-e-type=\"column\">\n\t\t\t<div class=\"elementor-widget-wrap elementor-element-populated\">\n\t\t\t\t\t\t<div class=\"elementor-element elementor-element-1274ec0f elementor-widget elementor-widget-text-editor\" data-id=\"1274ec0f\" data-element_type=\"widget\" data-e-type=\"widget\" data-widget_type=\"text-editor.default\">\n\t\t\t\t<div class=\"elementor-widget-container\">\n\t\t\t\t\t\t\t\t\t<p><b>Vastun\u00e4idustused<\/b><\/p><p>Enamikul inimestel ei ole k\u00f5rvade augustamiseks olulisi vastun\u00e4idustusi. Tavaliselt on keeld ajutine (n\u00e4iteks immuunsuse v\u00e4henemise korral haiguse ajal v\u00f5i j\u00e4rel).<\/p><p>Raskemad juhud on n\u00e4iteks:\u00a0<\/p><ul><li aria-level=\"2\">kuulmiselundite kroonilised haigused\u00a0<\/li><li aria-level=\"2\">n\u00e4rvi- ja vaimsed h\u00e4ired\u00a0<\/li><li aria-level=\"2\">endokriins\u00fcsteemi haigused\u00a0<\/li><li aria-level=\"2\">kolju-ajutraumad\u00a0<\/li><li aria-level=\"2\">nahahaigused\u00a0<\/li><\/ul>\t\t\t\t\t\t\t\t<\/div>\n\t\t\t\t<\/div>\n\t\t\t\t\t<\/div>\n\t\t<\/div>\n\t\t\t\t\t<\/div>\n\t\t<\/section>\n\t\t\t\t<section class=\"elementor-section elementor-top-section elementor-element elementor-element-61094724 elementor-section-boxed elementor-section-height-default elementor-section-height-default\" data-id=\"61094724\" data-element_type=\"section\" data-e-type=\"section\">\n\t\t\t\t\t\t<div class=\"elementor-container elementor-column-gap-default\">\n\t\t\t\t\t<div class=\"elementor-column elementor-col-50 elementor-top-column elementor-element elementor-element-55ec9730\" data-id=\"55ec9730\" data-element_type=\"column\" data-e-type=\"column\">\n\t\t\t<div class=\"elementor-widget-wrap elementor-element-populated\">\n\t\t\t\t\t\t<div class=\"elementor-element elementor-element-ad7ef58 elementor-widget elementor-widget-image\" data-id=\"ad7ef58\" data-element_type=\"widget\" data-e-type=\"widget\" data-widget_type=\"image.default\">\n\t\t\t\t<div class=\"elementor-widget-container\">\n\t\t\t\t\t\t\t\t\t\t\t\t\t\t\t<img loading=\"lazy\" decoding=\"async\" width=\"150\" height=\"150\" src=\"https:\/\/medicest.eu\/wp-content\/uploads\/2022\/07\/SII-POS-006-150x150-1.jpg\" class=\"attachment-large size-large wp-image-9163\" alt=\"\" \/>\t\t\t\t\t\t\t\t\t\t\t\t\t\t\t<\/div>\n\t\t\t\t<\/div>\n\t\t\t\t\t<\/div>\n\t\t<\/div>\n\t\t\t\t<div class=\"elementor-column elementor-col-50 elementor-top-column elementor-element elementor-element-3ef61f6b\" data-id=\"3ef61f6b\" data-element_type=\"column\" data-e-type=\"column\">\n\t\t\t<div class=\"elementor-widget-wrap elementor-element-populated\">\n\t\t\t\t\t\t<div class=\"elementor-element elementor-element-e372152 elementor-widget elementor-widget-text-editor\" data-id=\"e372152\" data-element_type=\"widget\" data-e-type=\"widget\" data-widget_type=\"text-editor.default\">\n\t\t\t\t<div class=\"elementor-widget-container\">\n\t\t\t\t\t\t\t\t\t<h4><span style=\"color: #ff0000;\"><strong>Medic-Esthetic ilukliinikus teostame lastele augustamist alates 6. eluaastast.<\/strong><\/span><\/h4>\t\t\t\t\t\t\t\t<\/div>\n\t\t\t\t<\/div>\n\t\t\t\t<div class=\"elementor-element elementor-element-7c519330 elementor-widget elementor-widget-text-editor\" data-id=\"7c519330\" data-element_type=\"widget\" data-e-type=\"widget\" data-widget_type=\"text-editor.default\">\n\t\t\t\t<div class=\"elementor-widget-container\">\n\t\t\t\t\t\t\t\t\t<h4><b>Laste k\u00f5rvade augustamine<\/b><\/h4><p>Alaealiste puhul toimub augustamine ainult vanemate n\u00f5usolekul. Kui soovite saata lapse kliinikusse \u00fcksi, v\u00f5tke meiega \u00fchendust jaselgitame, kuidas saada vanema kirjalik n\u00f5usolek protseduuriks.<\/p>\t\t\t\t\t\t\t\t<\/div>\n\t\t\t\t<\/div>\n\t\t\t\t\t<\/div>\n\t\t<\/div>\n\t\t\t\t\t<\/div>\n\t\t<\/section>\n\t\t\t\t<section class=\"elementor-section elementor-top-section elementor-element elementor-element-22ee5939 elementor-section-boxed elementor-section-height-default elementor-section-height-default\" data-id=\"22ee5939\" data-element_type=\"section\" data-e-type=\"section\">\n\t\t\t\t\t\t<div class=\"elementor-container elementor-column-gap-default\">\n\t\t\t\t\t<div class=\"elementor-column elementor-col-100 elementor-top-column elementor-element elementor-element-7e44e84b\" data-id=\"7e44e84b\" data-element_type=\"column\" data-e-type=\"column\">\n\t\t\t<div class=\"elementor-widget-wrap elementor-element-populated\">\n\t\t\t\t\t\t<div class=\"elementor-element elementor-element-284f40dd elementor-widget elementor-widget-heading\" data-id=\"284f40dd\" data-element_type=\"widget\" data-e-type=\"widget\" data-widget_type=\"heading.default\">\n\t\t\t\t<div class=\"elementor-widget-container\">\n\t\t\t\t\t<h2 class=\"elementor-heading-title elementor-size-default\">Hinnakiri<\/h2>\t\t\t\t<\/div>\n\t\t\t\t<\/div>\n\t\t\t\t<div class=\"elementor-element elementor-element-93a1726 elementor-widget elementor-widget-text-editor\" data-id=\"93a1726\" data-element_type=\"widget\" data-e-type=\"widget\" data-widget_type=\"text-editor.default\">\n\t\t\t\t<div class=\"elementor-widget-container\">\n\t\t\t\t\t\t\t\t\t<p>\n<table id=\"tablepress-141\" class=\"tablepress tablepress-id-141\">\n<thead>\n<tr class=\"row-1\">\n\t<th class=\"column-1\">K\u00f5rva augustamine (piercing)<\/th><th class=\"column-2\">Hind \u20ac<\/th>\n<\/tr>\n<\/thead>\n<tbody class=\"row-striping row-hover\">\n<tr class=\"row-2\">\n\t<td class=\"column-1\">Kahe k\u00f5rva augustamine<\/td><td class=\"column-2\">40,00<\/td>\n<\/tr>\n<tr class=\"row-3\">\n\t<td class=\"column-1\">\u00dche k\u00f5rva augustamine<\/td><td class=\"column-2\">30,00<\/td>\n<\/tr>\n<tr class=\"row-4\">\n\t<td class=\"column-1\">Kolm augustamist \u00fchele inimesele<\/td><td class=\"column-2\">50,00<\/td>\n<\/tr>\n<tr class=\"row-5\">\n\t<td class=\"column-1\">K\u00f5rvar\u00f5ngaste vahetamine\/Oma k\u00f5rvar\u00f5ngaste paigaldus<\/td><td class=\"column-2\">10,00<\/td>\n<\/tr>\n<\/tbody>\n<\/table>\n<!-- #tablepress-141 from cache --><\/p>\t\t\t\t\t\t\t\t<\/div>\n\t\t\t\t<\/div>\n\t\t\t\t\t<\/div>\n\t\t<\/div>\n\t\t\t\t\t<\/div>\n\t\t<\/section>\n\t\t\t\t<\/div>\n\t\t","protected":false},"excerpt":{"rendered":"<p>K\u00f5rva augustamine (piercing) Kliinikus Medic-Esthetic teevad k\u00f5rva augustamist erikoolituse l\u00e4binud spetsialistid. Augustamisinstrument on System II (Estelle, Suurbritannia). K\u00f5rvade augustamise protseduur Meie kliinikus tehakse ainult k\u00f5rvanibu augustamist. Kui k\u00f5rva anatoomia v\u00f5imaldab, v\u00f5ib augustamist teha ka k\u00f5rvanibu kohal asuvatesse pehmetesse kudedesse. K\u00f5hrkoe augustamist ei tehta. Protseduuri aeg 30 minutit sisaldab kliendi teadva\u2026<\/p>\n<p class=\"continue-reading-button\"> <a class=\"continue-reading-link\" href=\"https:\/\/medicest.eu\/et\/korva-augustamine-piercing\/\"><i class=\"crycon-right-dir\"><\/i><\/a><\/p>\n","protected":false},"author":1,"featured_media":0,"parent":0,"menu_order":0,"comment_status":"closed","ping_status":"closed","template":"","meta":{"footnotes":""},"class_list":["post-9416","page","type-page","status-publish","hentry"],"yoast_head":"<!-- This site is optimized with the Yoast SEO plugin v27.3 - https:\/\/yoast.com\/product\/yoast-seo-wordpress\/ -->\n<title>K\u00f5rva augustamine (piercing) - Ilukliinik Medic-Esthetic<\/title>\n<meta name=\"robots\" content=\"index, follow, max-snippet:-1, max-image-preview:large, max-video-preview:-1\" \/>\n<link rel=\"canonical\" href=\"https:\/\/medicest.eu\/et\/korva-augustamine-piercing\/\" \/>\n<meta property=\"og:locale\" content=\"et_EE\" \/>\n<meta property=\"og:type\" content=\"article\" \/>\n<meta property=\"og:title\" content=\"K\u00f5rva augustamine (piercing) - Ilukliinik Medic-Esthetic\" \/>\n<meta property=\"og:description\" content=\"K\u00f5rva augustamine (piercing) Kliinikus Medic-Esthetic teevad k\u00f5rva augustamist erikoolituse l\u00e4binud spetsialistid. Augustamisinstrument on System II (Estelle, Suurbritannia). K\u00f5rvade augustamise protseduur Meie kliinikus tehakse ainult k\u00f5rvanibu augustamist. Kui k\u00f5rva anatoomia v\u00f5imaldab, v\u00f5ib augustamist teha ka k\u00f5rvanibu kohal asuvatesse pehmetesse kudedesse. K\u00f5hrkoe augustamist ei tehta. Protseduuri aeg 30 minutit sisaldab kliendi teadva\u2026\" \/>\n<meta property=\"og:url\" content=\"https:\/\/medicest.eu\/et\/korva-augustamine-piercing\/\" \/>\n<meta property=\"og:site_name\" content=\"Ilukliinik Medic-Esthetic\" \/>\n<meta property=\"article:modified_time\" content=\"2026-01-30T13:20:36+00:00\" \/>\n<meta property=\"og:image\" content=\"http:\/\/medicest.eu\/wp-content\/uploads\/2022\/07\/rsz_sii-pos-005-815x1024.jpg\" \/>\n<meta name=\"twitter:card\" content=\"summary_large_image\" \/>\n<meta name=\"twitter:label1\" content=\"Est. reading time\" \/>\n\t<meta name=\"twitter:data1\" content=\"3 minutit\" \/>\n<script type=\"application\/ld+json\" class=\"yoast-schema-graph\">{\"@context\":\"https:\\\/\\\/schema.org\",\"@graph\":[{\"@type\":\"WebPage\",\"@id\":\"https:\\\/\\\/medicest.eu\\\/et\\\/korva-augustamine-piercing\\\/\",\"url\":\"https:\\\/\\\/medicest.eu\\\/et\\\/korva-augustamine-piercing\\\/\",\"name\":\"K\u00f5rva augustamine (piercing) - Ilukliinik Medic-Esthetic\",\"isPartOf\":{\"@id\":\"https:\\\/\\\/medicest.eu\\\/#website\"},\"primaryImageOfPage\":{\"@id\":\"https:\\\/\\\/medicest.eu\\\/et\\\/korva-augustamine-piercing\\\/#primaryimage\"},\"image\":{\"@id\":\"https:\\\/\\\/medicest.eu\\\/et\\\/korva-augustamine-piercing\\\/#primaryimage\"},\"thumbnailUrl\":\"http:\\\/\\\/medicest.eu\\\/wp-content\\\/uploads\\\/2022\\\/07\\\/rsz_sii-pos-005-815x1024.jpg\",\"datePublished\":\"2022-07-25T10:22:12+00:00\",\"dateModified\":\"2026-01-30T13:20:36+00:00\",\"breadcrumb\":{\"@id\":\"https:\\\/\\\/medicest.eu\\\/et\\\/korva-augustamine-piercing\\\/#breadcrumb\"},\"inLanguage\":\"et\",\"potentialAction\":[{\"@type\":\"ReadAction\",\"target\":[\"https:\\\/\\\/medicest.eu\\\/et\\\/korva-augustamine-piercing\\\/\"]}]},{\"@type\":\"ImageObject\",\"inLanguage\":\"et\",\"@id\":\"https:\\\/\\\/medicest.eu\\\/et\\\/korva-augustamine-piercing\\\/#primaryimage\",\"url\":\"http:\\\/\\\/medicest.eu\\\/wp-content\\\/uploads\\\/2022\\\/07\\\/rsz_sii-pos-005-815x1024.jpg\",\"contentUrl\":\"http:\\\/\\\/medicest.eu\\\/wp-content\\\/uploads\\\/2022\\\/07\\\/rsz_sii-pos-005-815x1024.jpg\"},{\"@type\":\"BreadcrumbList\",\"@id\":\"https:\\\/\\\/medicest.eu\\\/et\\\/korva-augustamine-piercing\\\/#breadcrumb\",\"itemListElement\":[{\"@type\":\"ListItem\",\"position\":1,\"name\":\"Home\",\"item\":\"https:\\\/\\\/medicest.eu\\\/\"},{\"@type\":\"ListItem\",\"position\":2,\"name\":\"K\u00f5rva augustamine (piercing)\"}]},{\"@type\":\"WebSite\",\"@id\":\"https:\\\/\\\/medicest.eu\\\/#website\",\"url\":\"https:\\\/\\\/medicest.eu\\\/\",\"name\":\"Ilukliinik Medic-Esthetic\",\"description\":\"Beauty &amp; Prestige\",\"potentialAction\":[{\"@type\":\"SearchAction\",\"target\":{\"@type\":\"EntryPoint\",\"urlTemplate\":\"https:\\\/\\\/medicest.eu\\\/?s={search_term_string}\"},\"query-input\":{\"@type\":\"PropertyValueSpecification\",\"valueRequired\":true,\"valueName\":\"search_term_string\"}}],\"inLanguage\":\"et\"}]}<\/script>\n<!-- \/ Yoast SEO plugin. -->","yoast_head_json":{"title":"K\u00f5rva augustamine (piercing) - Ilukliinik Medic-Esthetic","robots":{"index":"index","follow":"follow","max-snippet":"max-snippet:-1","max-image-preview":"max-image-preview:large","max-video-preview":"max-video-preview:-1"},"canonical":"https:\/\/medicest.eu\/et\/korva-augustamine-piercing\/","og_locale":"et_EE","og_type":"article","og_title":"K\u00f5rva augustamine (piercing) - Ilukliinik Medic-Esthetic","og_description":"K\u00f5rva augustamine (piercing) Kliinikus Medic-Esthetic teevad k\u00f5rva augustamist erikoolituse l\u00e4binud spetsialistid. Augustamisinstrument on System II (Estelle, Suurbritannia). K\u00f5rvade augustamise protseduur Meie kliinikus tehakse ainult k\u00f5rvanibu augustamist. Kui k\u00f5rva anatoomia v\u00f5imaldab, v\u00f5ib augustamist teha ka k\u00f5rvanibu kohal asuvatesse pehmetesse kudedesse. K\u00f5hrkoe augustamist ei tehta. Protseduuri aeg 30 minutit sisaldab kliendi teadva\u2026","og_url":"https:\/\/medicest.eu\/et\/korva-augustamine-piercing\/","og_site_name":"Ilukliinik Medic-Esthetic","article_modified_time":"2026-01-30T13:20:36+00:00","og_image":[{"url":"http:\/\/medicest.eu\/wp-content\/uploads\/2022\/07\/rsz_sii-pos-005-815x1024.jpg","type":"","width":"","height":""}],"twitter_card":"summary_large_image","twitter_misc":{"Est. reading time":"3 minutit"},"schema":{"@context":"https:\/\/schema.org","@graph":[{"@type":"WebPage","@id":"https:\/\/medicest.eu\/et\/korva-augustamine-piercing\/","url":"https:\/\/medicest.eu\/et\/korva-augustamine-piercing\/","name":"K\u00f5rva augustamine (piercing) - Ilukliinik Medic-Esthetic","isPartOf":{"@id":"https:\/\/medicest.eu\/#website"},"primaryImageOfPage":{"@id":"https:\/\/medicest.eu\/et\/korva-augustamine-piercing\/#primaryimage"},"image":{"@id":"https:\/\/medicest.eu\/et\/korva-augustamine-piercing\/#primaryimage"},"thumbnailUrl":"http:\/\/medicest.eu\/wp-content\/uploads\/2022\/07\/rsz_sii-pos-005-815x1024.jpg","datePublished":"2022-07-25T10:22:12+00:00","dateModified":"2026-01-30T13:20:36+00:00","breadcrumb":{"@id":"https:\/\/medicest.eu\/et\/korva-augustamine-piercing\/#breadcrumb"},"inLanguage":"et","potentialAction":[{"@type":"ReadAction","target":["https:\/\/medicest.eu\/et\/korva-augustamine-piercing\/"]}]},{"@type":"ImageObject","inLanguage":"et","@id":"https:\/\/medicest.eu\/et\/korva-augustamine-piercing\/#primaryimage","url":"http:\/\/medicest.eu\/wp-content\/uploads\/2022\/07\/rsz_sii-pos-005-815x1024.jpg","contentUrl":"http:\/\/medicest.eu\/wp-content\/uploads\/2022\/07\/rsz_sii-pos-005-815x1024.jpg"},{"@type":"BreadcrumbList","@id":"https:\/\/medicest.eu\/et\/korva-augustamine-piercing\/#breadcrumb","itemListElement":[{"@type":"ListItem","position":1,"name":"Home","item":"https:\/\/medicest.eu\/"},{"@type":"ListItem","position":2,"name":"K\u00f5rva augustamine (piercing)"}]},{"@type":"WebSite","@id":"https:\/\/medicest.eu\/#website","url":"https:\/\/medicest.eu\/","name":"Ilukliinik Medic-Esthetic","description":"Beauty &amp; Prestige","potentialAction":[{"@type":"SearchAction","target":{"@type":"EntryPoint","urlTemplate":"https:\/\/medicest.eu\/?s={search_term_string}"},"query-input":{"@type":"PropertyValueSpecification","valueRequired":true,"valueName":"search_term_string"}}],"inLanguage":"et"}]}},"_links":{"self":[{"href":"https:\/\/medicest.eu\/et\/wp-json\/wp\/v2\/pages\/9416","targetHints":{"allow":["GET"]}}],"collection":[{"href":"https:\/\/medicest.eu\/et\/wp-json\/wp\/v2\/pages"}],"about":[{"href":"https:\/\/medicest.eu\/et\/wp-json\/wp\/v2\/types\/page"}],"author":[{"embeddable":true,"href":"https:\/\/medicest.eu\/et\/wp-json\/wp\/v2\/users\/1"}],"replies":[{"embeddable":true,"href":"https:\/\/medicest.eu\/et\/wp-json\/wp\/v2\/comments?post=9416"}],"version-history":[{"count":13,"href":"https:\/\/medicest.eu\/et\/wp-json\/wp\/v2\/pages\/9416\/revisions"}],"predecessor-version":[{"id":18572,"href":"https:\/\/medicest.eu\/et\/wp-json\/wp\/v2\/pages\/9416\/revisions\/18572"}],"wp:attachment":[{"href":"https:\/\/medicest.eu\/et\/wp-json\/wp\/v2\/media?parent=9416"}],"curies":[{"name":"wp","href":"https:\/\/api.w.org\/{rel}","templated":true}]}}