{"id":9333,"date":"2022-07-11T11:14:53","date_gmt":"2022-07-11T11:14:53","guid":{"rendered":"https:\/\/medicest.eu\/naha-noorendamine-endymed-3deep\/skin-intensive\/"},"modified":"2026-01-23T13:46:44","modified_gmt":"2026-01-23T13:46:44","slug":"skin-intensive","status":"publish","type":"page","link":"https:\/\/medicest.eu\/et\/skin-intensive\/","title":{"rendered":"RFlifting + ICoone Skin Intensive"},"content":{"rendered":"\t\t<div data-elementor-type=\"wp-page\" data-elementor-id=\"9333\" class=\"elementor elementor-9333 elementor-9024\">\n\t\t\t\t\t\t<section class=\"elementor-section elementor-top-section elementor-element elementor-element-4642d2d6 elementor-section-boxed elementor-section-height-default elementor-section-height-default\" data-id=\"4642d2d6\" data-element_type=\"section\" data-e-type=\"section\">\n\t\t\t\t\t\t<div class=\"elementor-container elementor-column-gap-default\">\n\t\t\t\t\t<div class=\"elementor-column elementor-col-100 elementor-top-column elementor-element elementor-element-12750b94\" data-id=\"12750b94\" data-element_type=\"column\" data-e-type=\"column\">\n\t\t\t<div class=\"elementor-widget-wrap elementor-element-populated\">\n\t\t\t\t\t\t<div class=\"elementor-element elementor-element-65c6f007 elementor-widget elementor-widget-heading\" data-id=\"65c6f007\" data-element_type=\"widget\" data-e-type=\"widget\" data-widget_type=\"heading.default\">\n\t\t\t\t<div class=\"elementor-widget-container\">\n\t\t\t\t\t<h2 class=\"elementor-heading-title elementor-size-default\">Skin Intensive \n\n<\/h2>\t\t\t\t<\/div>\n\t\t\t\t<\/div>\n\t\t\t\t<div class=\"elementor-element elementor-element-74365470 elementor-widget elementor-widget-heading\" data-id=\"74365470\" data-element_type=\"widget\" data-e-type=\"widget\" data-widget_type=\"heading.default\">\n\t\t\t\t<div class=\"elementor-widget-container\">\n\t\t\t\t\t<h3 class=\"elementor-heading-title elementor-size-default\">Intensiivne aparaatne kehahooldus\n<\/h3>\t\t\t\t<\/div>\n\t\t\t\t<\/div>\n\t\t\t\t<div class=\"elementor-element elementor-element-8a552b0 elementor-widget elementor-widget-text-editor\" data-id=\"8a552b0\" data-element_type=\"widget\" data-e-type=\"widget\" data-widget_type=\"text-editor.default\">\n\t\t\t\t<div class=\"elementor-widget-container\">\n\t\t\t\t\t\t\t\t\t<p>2 protseduuri \u00fches seansis: keha RF-lifting ja iCoone LaserMed massaa\u017e<\/p>\t\t\t\t\t\t\t\t<\/div>\n\t\t\t\t<\/div>\n\t\t\t\t\t<\/div>\n\t\t<\/div>\n\t\t\t\t\t<\/div>\n\t\t<\/section>\n\t\t\t\t<section class=\"elementor-section elementor-top-section elementor-element elementor-element-f7e20e0 elementor-section-boxed elementor-section-height-default elementor-section-height-default\" data-id=\"f7e20e0\" data-element_type=\"section\" data-e-type=\"section\">\n\t\t\t\t\t\t<div class=\"elementor-container elementor-column-gap-default\">\n\t\t\t\t\t<div class=\"elementor-column elementor-col-50 elementor-top-column elementor-element elementor-element-bbaebdd\" data-id=\"bbaebdd\" data-element_type=\"column\" data-e-type=\"column\">\n\t\t\t<div class=\"elementor-widget-wrap elementor-element-populated\">\n\t\t\t\t\t\t<div class=\"elementor-element elementor-element-3111ce9 elementor-widget elementor-widget-image\" data-id=\"3111ce9\" data-element_type=\"widget\" data-e-type=\"widget\" data-widget_type=\"image.default\">\n\t\t\t\t<div class=\"elementor-widget-container\">\n\t\t\t\t\t\t\t\t\t\t\t\t\t\t\t<img fetchpriority=\"high\" decoding=\"async\" width=\"740\" height=\"493\" src=\"https:\/\/medicest.eu\/wp-content\/uploads\/2022\/07\/body-rf-lifting.jpg\" class=\"attachment-large size-large wp-image-8991\" alt=\"\" srcset=\"https:\/\/medicest.eu\/wp-content\/uploads\/2022\/07\/body-rf-lifting.jpg 740w, https:\/\/medicest.eu\/wp-content\/uploads\/2022\/07\/body-rf-lifting-300x200.jpg 300w, https:\/\/medicest.eu\/wp-content\/uploads\/2022\/07\/body-rf-lifting-150x100.jpg 150w\" sizes=\"(max-width: 740px) 100vw, 740px\" \/>\t\t\t\t\t\t\t\t\t\t\t\t\t\t\t<\/div>\n\t\t\t\t<\/div>\n\t\t\t\t\t<\/div>\n\t\t<\/div>\n\t\t\t\t<div class=\"elementor-column elementor-col-50 elementor-top-column elementor-element elementor-element-c48bde9\" data-id=\"c48bde9\" data-element_type=\"column\" data-e-type=\"column\">\n\t\t\t<div class=\"elementor-widget-wrap elementor-element-populated\">\n\t\t\t\t\t\t<div class=\"elementor-element elementor-element-11e48d8 elementor-widget elementor-widget-text-editor\" data-id=\"11e48d8\" data-element_type=\"widget\" data-e-type=\"widget\" data-widget_type=\"text-editor.default\">\n\t\t\t\t<div class=\"elementor-widget-container\">\n\t\t\t\t\t\t\t\t\t<p>Medic-Esthetic kliiniku spetsialistid on v\u00e4lja t\u00f6\u00f6tanud ainulaadse <strong>kosmpleksprotseduuri Skin Intensiv<\/strong>e, mis on suunatud naha seisundi intensiivsele parandamisele, defektide ning kehal esinevate vananemism\u00e4rkide v\u00e4hendamisele.<\/p><p><strong>Skin Intensive aparaatsete protseduuride kompleks<\/strong> sobib j\u00e4rgmistele kehapiirkondadele: k\u00f5ht, k\u00fcljed, reied, tuharad, selg, \u00f5lavarred (triitsepsi piirkond), p\u00f5lved.<\/p>\t\t\t\t\t\t\t\t<\/div>\n\t\t\t\t<\/div>\n\t\t\t\t\t<\/div>\n\t\t<\/div>\n\t\t\t\t\t<\/div>\n\t\t<\/section>\n\t\t\t\t<section class=\"elementor-section elementor-top-section elementor-element elementor-element-bf52912 elementor-section-boxed elementor-section-height-default elementor-section-height-default\" data-id=\"bf52912\" data-element_type=\"section\" data-e-type=\"section\">\n\t\t\t\t\t\t<div class=\"elementor-container elementor-column-gap-default\">\n\t\t\t\t\t<div class=\"elementor-column elementor-col-50 elementor-top-column elementor-element elementor-element-39863f9\" data-id=\"39863f9\" data-element_type=\"column\" data-e-type=\"column\">\n\t\t\t<div class=\"elementor-widget-wrap elementor-element-populated\">\n\t\t\t\t\t\t<div class=\"elementor-element elementor-element-2f33d44 elementor-widget elementor-widget-text-editor\" data-id=\"2f33d44\" data-element_type=\"widget\" data-e-type=\"widget\" data-widget_type=\"text-editor.default\">\n\t\t\t\t<div class=\"elementor-widget-container\">\n\t\t\t\t\t\t\t\t\t<p><strong>Skin Intensive protseduuri<\/strong> esimene k\u00fclastus h\u00f5lmab p\u00f5hjalikku konsultatsiooni, mille k\u00e4igus spetsialist kogub ja s\u00fcstematiseerib teavet kliendi ning tema terviseseisundi kohta, vaatab \u00fcle probleemsed piirkonnad ja hindab nende parandamise v\u00f5imalusi selle kompleksprotseduuri abil.<\/p><p>L\u00e4htudes koostatud prognoosist ja spetsialisti soovitustest saab klient valida endale sobiva<strong> Skin Intensive paketi<\/strong>, mis koosneb viiest kompleksprotseduurist ning h\u00f5lmab \u00fche v\u00f5i kahe lokaalse kehapiirkonna t\u00f6\u00f6tlemist.<\/p>\t\t\t\t\t\t\t\t<\/div>\n\t\t\t\t<\/div>\n\t\t\t\t\t<\/div>\n\t\t<\/div>\n\t\t\t\t<div class=\"elementor-column elementor-col-50 elementor-top-column elementor-element elementor-element-53ba97f\" data-id=\"53ba97f\" data-element_type=\"column\" data-e-type=\"column\">\n\t\t\t<div class=\"elementor-widget-wrap elementor-element-populated\">\n\t\t\t\t\t\t<div class=\"elementor-element elementor-element-53f4e30 elementor-widget elementor-widget-image\" data-id=\"53f4e30\" data-element_type=\"widget\" data-e-type=\"widget\" data-widget_type=\"image.default\">\n\t\t\t\t<div class=\"elementor-widget-container\">\n\t\t\t\t\t\t\t\t\t\t\t\t\t\t\t<img decoding=\"async\" width=\"1024\" height=\"680\" src=\"https:\/\/medicest.eu\/wp-content\/uploads\/2022\/07\/icoone-laser-tallinn.jpg\" class=\"attachment-large size-large wp-image-9037\" alt=\"\" srcset=\"https:\/\/medicest.eu\/wp-content\/uploads\/2022\/07\/icoone-laser-tallinn.jpg 1024w, https:\/\/medicest.eu\/wp-content\/uploads\/2022\/07\/icoone-laser-tallinn-300x199.jpg 300w, https:\/\/medicest.eu\/wp-content\/uploads\/2022\/07\/icoone-laser-tallinn-768x510.jpg 768w, https:\/\/medicest.eu\/wp-content\/uploads\/2022\/07\/icoone-laser-tallinn-150x100.jpg 150w\" sizes=\"(max-width: 1024px) 100vw, 1024px\" \/>\t\t\t\t\t\t\t\t\t\t\t\t\t\t\t<\/div>\n\t\t\t\t<\/div>\n\t\t\t\t\t<\/div>\n\t\t<\/div>\n\t\t\t\t\t<\/div>\n\t\t<\/section>\n\t\t\t\t<section class=\"elementor-section elementor-top-section elementor-element elementor-element-5ee79ece elementor-section-boxed elementor-section-height-default elementor-section-height-default\" data-id=\"5ee79ece\" data-element_type=\"section\" data-e-type=\"section\">\n\t\t\t\t\t\t<div class=\"elementor-container elementor-column-gap-default\">\n\t\t\t\t\t<div class=\"elementor-column elementor-col-100 elementor-top-column elementor-element elementor-element-7e0a3e48\" data-id=\"7e0a3e48\" data-element_type=\"column\" data-e-type=\"column\">\n\t\t\t<div class=\"elementor-widget-wrap elementor-element-populated\">\n\t\t\t\t\t\t<div class=\"elementor-element elementor-element-7fa62aab elementor-widget elementor-widget-heading\" data-id=\"7fa62aab\" data-element_type=\"widget\" data-e-type=\"widget\" data-widget_type=\"heading.default\">\n\t\t\t\t<div class=\"elementor-widget-container\">\n\t\t\t\t\t<h2 class=\"elementor-heading-title elementor-size-default\">Hinnakiri<\/h2>\t\t\t\t<\/div>\n\t\t\t\t<\/div>\n\t\t\t\t<div class=\"elementor-element elementor-element-4966ed81 elementor-widget elementor-widget-text-editor\" data-id=\"4966ed81\" data-element_type=\"widget\" data-e-type=\"widget\" data-widget_type=\"text-editor.default\">\n\t\t\t\t<div class=\"elementor-widget-container\">\n\t\t\t\t\t\t\t\t\t<p>\n<table id=\"tablepress-142\" class=\"tablepress tablepress-id-142\">\n<thead>\n<tr class=\"row-1\">\n\t<th class=\"column-1\">Intensiivne seadmekompleks kehale Skin Intensive<\/th><th class=\"column-2\">Hind \u20ac<\/th>\n<\/tr>\n<\/thead>\n<tbody class=\"row-striping row-hover\">\n<tr class=\"row-2\">\n\t<td class=\"column-1\">Skin Intensive, 1 tund 30 min<\/td><td class=\"column-2\">130,00<\/td>\n<\/tr>\n<tr class=\"row-3\">\n\t<td class=\"column-1\">Skin Intensive (proovikord), 1 tund 30 min<\/td><td class=\"column-2\">90,00<\/td>\n<\/tr>\n<tr class=\"row-4\">\n\t<td class=\"column-1\">Skin Intensive (10 protseduuri kuur), 1 tund 30 min<\/td><td class=\"column-2\">120,00<\/td>\n<\/tr>\n<tr class=\"row-5\">\n\t<td class=\"column-1\">Juhul, kui paketi hind \u00fcletab 400 EUR, ostjal on v\u00f5imalik \u00e4ra tasuda paketi eest kahes osas.<br \/>\n<\/td><td class=\"column-2\"><\/td>\n<\/tr>\n<\/tbody>\n<\/table>\n<!-- #tablepress-142 from cache --><\/p>\t\t\t\t\t\t\t\t<\/div>\n\t\t\t\t<\/div>\n\t\t\t\t\t<\/div>\n\t\t<\/div>\n\t\t\t\t\t<\/div>\n\t\t<\/section>\n\t\t\t\t<section class=\"elementor-section elementor-top-section elementor-element elementor-element-32083fdd elementor-section-boxed elementor-section-height-default elementor-section-height-default\" data-id=\"32083fdd\" data-element_type=\"section\" data-e-type=\"section\">\n\t\t\t\t\t\t<div class=\"elementor-container elementor-column-gap-default\">\n\t\t\t\t\t<div class=\"elementor-column elementor-col-33 elementor-top-column elementor-element elementor-element-1246ad0\" data-id=\"1246ad0\" data-element_type=\"column\" data-e-type=\"column\">\n\t\t\t<div class=\"elementor-widget-wrap elementor-element-populated\">\n\t\t\t\t\t\t<div class=\"elementor-element elementor-element-5d7d12f1 elementor-widget elementor-widget-image\" data-id=\"5d7d12f1\" data-element_type=\"widget\" data-e-type=\"widget\" data-widget_type=\"image.default\">\n\t\t\t\t<div class=\"elementor-widget-container\">\n\t\t\t\t\t\t\t\t\t\t\t\t\t\t\t<img decoding=\"async\" width=\"400\" height=\"600\" src=\"https:\/\/medicest.eu\/wp-content\/uploads\/2022\/07\/cellumassager-400x600-1.jpg\" class=\"attachment-large size-large wp-image-9059\" alt=\"\" srcset=\"https:\/\/medicest.eu\/wp-content\/uploads\/2022\/07\/cellumassager-400x600-1.jpg 400w, https:\/\/medicest.eu\/wp-content\/uploads\/2022\/07\/cellumassager-400x600-1-200x300.jpg 200w, https:\/\/medicest.eu\/wp-content\/uploads\/2022\/07\/cellumassager-400x600-1-100x150.jpg 100w\" sizes=\"(max-width: 400px) 100vw, 400px\" \/>\t\t\t\t\t\t\t\t\t\t\t\t\t\t\t<\/div>\n\t\t\t\t<\/div>\n\t\t\t\t\t<\/div>\n\t\t<\/div>\n\t\t\t\t<div class=\"elementor-column elementor-col-33 elementor-top-column elementor-element elementor-element-8cdd3a0\" data-id=\"8cdd3a0\" data-element_type=\"column\" data-e-type=\"column\">\n\t\t\t<div class=\"elementor-widget-wrap elementor-element-populated\">\n\t\t\t\t\t\t<div class=\"elementor-element elementor-element-65c1f779 elementor-widget elementor-widget-text-editor\" data-id=\"65c1f779\" data-element_type=\"widget\" data-e-type=\"widget\" data-widget_type=\"text-editor.default\">\n\t\t\t\t<div class=\"elementor-widget-container\">\n\t\t\t\t\t\t\t\t\t<p>Tselluliidivastased p\u00fcksid (tootmine Poola)<br \/>Soovitame kanda protseduuride vahel, et v\u00e4hendada tselluliiti t\u00e4nu mikromassaa\u017eile, mida tagab spetsiaalne s\u00fcnteetilise niidi kudum.<\/p><p>P\u00fcksid sobivad ka korrigeeriva aluspesu kasutamiseks.<\/p><p>Kliiniku valikus on v\u00e4rvid: valge, must, bee\u017e. Suurused: M, L, XL.<\/p>\t\t\t\t\t\t\t\t<\/div>\n\t\t\t\t<\/div>\n\t\t\t\t\t<\/div>\n\t\t<\/div>\n\t\t\t\t<div class=\"elementor-column elementor-col-33 elementor-top-column elementor-element elementor-element-e1c5071\" data-id=\"e1c5071\" data-element_type=\"column\" data-e-type=\"column\">\n\t\t\t<div class=\"elementor-widget-wrap elementor-element-populated\">\n\t\t\t\t\t\t<div class=\"elementor-element elementor-element-5074756a elementor-widget elementor-widget-image\" data-id=\"5074756a\" data-element_type=\"widget\" data-e-type=\"widget\" data-widget_type=\"image.default\">\n\t\t\t\t<div class=\"elementor-widget-container\">\n\t\t\t\t\t\t\t\t\t\t\t\t\t\t\t<img loading=\"lazy\" decoding=\"async\" width=\"400\" height=\"505\" src=\"https:\/\/medicest.eu\/wp-content\/uploads\/2022\/07\/cellu_massager-400x505-1.jpg\" class=\"attachment-large size-large wp-image-9064\" alt=\"\" srcset=\"https:\/\/medicest.eu\/wp-content\/uploads\/2022\/07\/cellu_massager-400x505-1.jpg 400w, https:\/\/medicest.eu\/wp-content\/uploads\/2022\/07\/cellu_massager-400x505-1-238x300.jpg 238w, https:\/\/medicest.eu\/wp-content\/uploads\/2022\/07\/cellu_massager-400x505-1-119x150.jpg 119w\" sizes=\"(max-width: 400px) 100vw, 400px\" \/>\t\t\t\t\t\t\t\t\t\t\t\t\t\t\t<\/div>\n\t\t\t\t<\/div>\n\t\t\t\t<div class=\"elementor-element elementor-element-fce1789 elementor-widget elementor-widget-image\" data-id=\"fce1789\" data-element_type=\"widget\" data-e-type=\"widget\" data-widget_type=\"image.default\">\n\t\t\t\t<div class=\"elementor-widget-container\">\n\t\t\t\t\t\t\t\t\t\t\t\t\t\t\t<img loading=\"lazy\" decoding=\"async\" width=\"300\" height=\"193\" src=\"https:\/\/medicest.eu\/wp-content\/uploads\/2022\/07\/size.png\" class=\"attachment-large size-large wp-image-9062\" alt=\"\" srcset=\"https:\/\/medicest.eu\/wp-content\/uploads\/2022\/07\/size.png 300w, https:\/\/medicest.eu\/wp-content\/uploads\/2022\/07\/size-150x97.png 150w\" sizes=\"(max-width: 300px) 100vw, 300px\" \/>\t\t\t\t\t\t\t\t\t\t\t\t\t\t\t<\/div>\n\t\t\t\t<\/div>\n\t\t\t\t\t<\/div>\n\t\t<\/div>\n\t\t\t\t\t<\/div>\n\t\t<\/section>\n\t\t\t\t<\/div>\n\t\t","protected":false},"excerpt":{"rendered":"<p>Skin Intensive Intensiivne aparaatne kehahooldus 2 protseduuri \u00fches seansis: keha RF-lifting ja iCoone LaserMed massaa\u017e Medic-Esthetic kliiniku spetsialistid on v\u00e4lja t\u00f6\u00f6tanud ainulaadse kosmpleksprotseduuri Skin Intensive, mis on suunatud naha seisundi intensiivsele parandamisele, defektide ning kehal esinevate vananemism\u00e4rkide v\u00e4hendamisele. Skin Intensive aparaatsete protseduuride kompleks sobib j\u00e4rgmistele kehapiirkondadele: k\u00f5ht, k\u00fcljed, reied, tuharad,\u2026<\/p>\n<p class=\"continue-reading-button\"> <a class=\"continue-reading-link\" href=\"https:\/\/medicest.eu\/et\/skin-intensive\/\"><i class=\"crycon-right-dir\"><\/i><\/a><\/p>\n","protected":false},"author":1,"featured_media":0,"parent":0,"menu_order":0,"comment_status":"closed","ping_status":"closed","template":"","meta":{"footnotes":""},"class_list":["post-9333","page","type-page","status-publish","hentry"],"yoast_head":"<!-- This site is optimized with the Yoast SEO plugin v27.4 - https:\/\/yoast.com\/product\/yoast-seo-wordpress\/ -->\n<title>RFlifting + ICoone Skin Intensive - Ilukliinik Medic-Esthetic<\/title>\n<meta name=\"robots\" content=\"index, follow, max-snippet:-1, max-image-preview:large, max-video-preview:-1\" \/>\n<link rel=\"canonical\" href=\"https:\/\/medicest.eu\/skin-intensive\/\" \/>\n<meta property=\"og:locale\" content=\"et_EE\" \/>\n<meta property=\"og:type\" content=\"article\" \/>\n<meta property=\"og:title\" content=\"RFlifting + ICoone Skin Intensive - Ilukliinik Medic-Esthetic\" \/>\n<meta property=\"og:description\" content=\"Skin Intensive Intensiivne aparaatne kehahooldus 2 protseduuri \u00fches seansis: keha RF-lifting ja iCoone LaserMed massaa\u017e Medic-Esthetic kliiniku spetsialistid on v\u00e4lja t\u00f6\u00f6tanud ainulaadse kosmpleksprotseduuri Skin Intensive, mis on suunatud naha seisundi intensiivsele parandamisele, defektide ning kehal esinevate vananemism\u00e4rkide v\u00e4hendamisele. Skin Intensive aparaatsete protseduuride kompleks sobib j\u00e4rgmistele kehapiirkondadele: k\u00f5ht, k\u00fcljed, reied, tuharad,\u2026\" \/>\n<meta property=\"og:url\" content=\"https:\/\/medicest.eu\/skin-intensive\/\" \/>\n<meta property=\"og:site_name\" content=\"Ilukliinik Medic-Esthetic\" \/>\n<meta property=\"article:modified_time\" content=\"2026-01-23T13:46:44+00:00\" \/>\n<meta property=\"og:image\" content=\"http:\/\/medicest.eu\/wp-content\/uploads\/2022\/07\/body-rf-lifting.jpg\" \/>\n<meta name=\"twitter:card\" content=\"summary_large_image\" \/>\n<meta name=\"twitter:label1\" content=\"Est. reading time\" \/>\n\t<meta name=\"twitter:data1\" content=\"3 minutit\" \/>\n<script type=\"application\/ld+json\" class=\"yoast-schema-graph\">{\"@context\":\"https:\\\/\\\/schema.org\",\"@graph\":[{\"@type\":\"WebPage\",\"@id\":\"https:\\\/\\\/medicest.eu\\\/skin-intensive\\\/\",\"url\":\"https:\\\/\\\/medicest.eu\\\/skin-intensive\\\/\",\"name\":\"RFlifting + ICoone Skin Intensive - Ilukliinik Medic-Esthetic\",\"isPartOf\":{\"@id\":\"https:\\\/\\\/medicest.eu\\\/#website\"},\"primaryImageOfPage\":{\"@id\":\"https:\\\/\\\/medicest.eu\\\/skin-intensive\\\/#primaryimage\"},\"image\":{\"@id\":\"https:\\\/\\\/medicest.eu\\\/skin-intensive\\\/#primaryimage\"},\"thumbnailUrl\":\"http:\\\/\\\/medicest.eu\\\/wp-content\\\/uploads\\\/2022\\\/07\\\/body-rf-lifting.jpg\",\"datePublished\":\"2022-07-11T11:14:53+00:00\",\"dateModified\":\"2026-01-23T13:46:44+00:00\",\"breadcrumb\":{\"@id\":\"https:\\\/\\\/medicest.eu\\\/skin-intensive\\\/#breadcrumb\"},\"inLanguage\":\"et\",\"potentialAction\":[{\"@type\":\"ReadAction\",\"target\":[\"https:\\\/\\\/medicest.eu\\\/skin-intensive\\\/\"]}]},{\"@type\":\"ImageObject\",\"inLanguage\":\"et\",\"@id\":\"https:\\\/\\\/medicest.eu\\\/skin-intensive\\\/#primaryimage\",\"url\":\"http:\\\/\\\/medicest.eu\\\/wp-content\\\/uploads\\\/2022\\\/07\\\/body-rf-lifting.jpg\",\"contentUrl\":\"http:\\\/\\\/medicest.eu\\\/wp-content\\\/uploads\\\/2022\\\/07\\\/body-rf-lifting.jpg\"},{\"@type\":\"BreadcrumbList\",\"@id\":\"https:\\\/\\\/medicest.eu\\\/skin-intensive\\\/#breadcrumb\",\"itemListElement\":[{\"@type\":\"ListItem\",\"position\":1,\"name\":\"Home\",\"item\":\"https:\\\/\\\/medicest.eu\\\/\"},{\"@type\":\"ListItem\",\"position\":2,\"name\":\"RFlifting + ICoone Skin Intensive\"}]},{\"@type\":\"WebSite\",\"@id\":\"https:\\\/\\\/medicest.eu\\\/#website\",\"url\":\"https:\\\/\\\/medicest.eu\\\/\",\"name\":\"Ilukliinik Medic-Esthetic\",\"description\":\"Beauty &amp; Prestige\",\"potentialAction\":[{\"@type\":\"SearchAction\",\"target\":{\"@type\":\"EntryPoint\",\"urlTemplate\":\"https:\\\/\\\/medicest.eu\\\/?s={search_term_string}\"},\"query-input\":{\"@type\":\"PropertyValueSpecification\",\"valueRequired\":true,\"valueName\":\"search_term_string\"}}],\"inLanguage\":\"et\"}]}<\/script>\n<!-- \/ Yoast SEO plugin. -->","yoast_head_json":{"title":"RFlifting + ICoone Skin Intensive - Ilukliinik Medic-Esthetic","robots":{"index":"index","follow":"follow","max-snippet":"max-snippet:-1","max-image-preview":"max-image-preview:large","max-video-preview":"max-video-preview:-1"},"canonical":"https:\/\/medicest.eu\/skin-intensive\/","og_locale":"et_EE","og_type":"article","og_title":"RFlifting + ICoone Skin Intensive - Ilukliinik Medic-Esthetic","og_description":"Skin Intensive Intensiivne aparaatne kehahooldus 2 protseduuri \u00fches seansis: keha RF-lifting ja iCoone LaserMed massaa\u017e Medic-Esthetic kliiniku spetsialistid on v\u00e4lja t\u00f6\u00f6tanud ainulaadse kosmpleksprotseduuri Skin Intensive, mis on suunatud naha seisundi intensiivsele parandamisele, defektide ning kehal esinevate vananemism\u00e4rkide v\u00e4hendamisele. Skin Intensive aparaatsete protseduuride kompleks sobib j\u00e4rgmistele kehapiirkondadele: k\u00f5ht, k\u00fcljed, reied, tuharad,\u2026","og_url":"https:\/\/medicest.eu\/skin-intensive\/","og_site_name":"Ilukliinik Medic-Esthetic","article_modified_time":"2026-01-23T13:46:44+00:00","og_image":[{"url":"http:\/\/medicest.eu\/wp-content\/uploads\/2022\/07\/body-rf-lifting.jpg","type":"","width":"","height":""}],"twitter_card":"summary_large_image","twitter_misc":{"Est. reading time":"3 minutit"},"schema":{"@context":"https:\/\/schema.org","@graph":[{"@type":"WebPage","@id":"https:\/\/medicest.eu\/skin-intensive\/","url":"https:\/\/medicest.eu\/skin-intensive\/","name":"RFlifting + ICoone Skin Intensive - Ilukliinik Medic-Esthetic","isPartOf":{"@id":"https:\/\/medicest.eu\/#website"},"primaryImageOfPage":{"@id":"https:\/\/medicest.eu\/skin-intensive\/#primaryimage"},"image":{"@id":"https:\/\/medicest.eu\/skin-intensive\/#primaryimage"},"thumbnailUrl":"http:\/\/medicest.eu\/wp-content\/uploads\/2022\/07\/body-rf-lifting.jpg","datePublished":"2022-07-11T11:14:53+00:00","dateModified":"2026-01-23T13:46:44+00:00","breadcrumb":{"@id":"https:\/\/medicest.eu\/skin-intensive\/#breadcrumb"},"inLanguage":"et","potentialAction":[{"@type":"ReadAction","target":["https:\/\/medicest.eu\/skin-intensive\/"]}]},{"@type":"ImageObject","inLanguage":"et","@id":"https:\/\/medicest.eu\/skin-intensive\/#primaryimage","url":"http:\/\/medicest.eu\/wp-content\/uploads\/2022\/07\/body-rf-lifting.jpg","contentUrl":"http:\/\/medicest.eu\/wp-content\/uploads\/2022\/07\/body-rf-lifting.jpg"},{"@type":"BreadcrumbList","@id":"https:\/\/medicest.eu\/skin-intensive\/#breadcrumb","itemListElement":[{"@type":"ListItem","position":1,"name":"Home","item":"https:\/\/medicest.eu\/"},{"@type":"ListItem","position":2,"name":"RFlifting + ICoone Skin Intensive"}]},{"@type":"WebSite","@id":"https:\/\/medicest.eu\/#website","url":"https:\/\/medicest.eu\/","name":"Ilukliinik Medic-Esthetic","description":"Beauty &amp; Prestige","potentialAction":[{"@type":"SearchAction","target":{"@type":"EntryPoint","urlTemplate":"https:\/\/medicest.eu\/?s={search_term_string}"},"query-input":{"@type":"PropertyValueSpecification","valueRequired":true,"valueName":"search_term_string"}}],"inLanguage":"et"}]}},"_links":{"self":[{"href":"https:\/\/medicest.eu\/et\/wp-json\/wp\/v2\/pages\/9333","targetHints":{"allow":["GET"]}}],"collection":[{"href":"https:\/\/medicest.eu\/et\/wp-json\/wp\/v2\/pages"}],"about":[{"href":"https:\/\/medicest.eu\/et\/wp-json\/wp\/v2\/types\/page"}],"author":[{"embeddable":true,"href":"https:\/\/medicest.eu\/et\/wp-json\/wp\/v2\/users\/1"}],"replies":[{"embeddable":true,"href":"https:\/\/medicest.eu\/et\/wp-json\/wp\/v2\/comments?post=9333"}],"version-history":[{"count":35,"href":"https:\/\/medicest.eu\/et\/wp-json\/wp\/v2\/pages\/9333\/revisions"}],"predecessor-version":[{"id":18419,"href":"https:\/\/medicest.eu\/et\/wp-json\/wp\/v2\/pages\/9333\/revisions\/18419"}],"wp:attachment":[{"href":"https:\/\/medicest.eu\/et\/wp-json\/wp\/v2\/media?parent=9333"}],"curies":[{"name":"wp","href":"https:\/\/api.w.org\/{rel}","templated":true}]}}