{"id":7569,"date":"2022-03-29T11:40:09","date_gmt":"2022-03-29T11:40:09","guid":{"rendered":"https:\/\/medicest.eu\/fotoomolozhenie-overline\/"},"modified":"2023-01-02T12:28:33","modified_gmt":"2023-01-02T12:28:33","slug":"fotonoorendus-overline","status":"publish","type":"page","link":"https:\/\/medicest.eu\/et\/fotonoorendus-overline\/","title":{"rendered":"Fotonoorendus Overline"},"content":{"rendered":"\t\t<div data-elementor-type=\"wp-page\" data-elementor-id=\"7569\" class=\"elementor elementor-7569 elementor-7492\">\n\t\t\t\t\t\t<section class=\"elementor-section elementor-top-section elementor-element elementor-element-57aeee75 elementor-section-boxed elementor-section-height-default elementor-section-height-default\" data-id=\"57aeee75\" data-element_type=\"section\" data-e-type=\"section\">\n\t\t\t\t\t\t<div class=\"elementor-container elementor-column-gap-default\">\n\t\t\t\t\t<div class=\"elementor-column elementor-col-100 elementor-top-column elementor-element elementor-element-7b2f101\" data-id=\"7b2f101\" data-element_type=\"column\" data-e-type=\"column\">\n\t\t\t<div class=\"elementor-widget-wrap elementor-element-populated\">\n\t\t\t\t\t\t<div class=\"elementor-element elementor-element-11bea4ea elementor-widget elementor-widget-heading\" data-id=\"11bea4ea\" data-element_type=\"widget\" data-e-type=\"widget\" data-widget_type=\"heading.default\">\n\t\t\t\t<div class=\"elementor-widget-container\">\n\t\t\t\t\t<h2 class=\"elementor-heading-title elementor-size-default\">Fotonoorendus Overline\n\n<\/h2>\t\t\t\t<\/div>\n\t\t\t\t<\/div>\n\t\t\t\t<div class=\"elementor-element elementor-element-54dcd48e elementor-widget elementor-widget-heading\" data-id=\"54dcd48e\" data-element_type=\"widget\" data-e-type=\"widget\" data-widget_type=\"heading.default\">\n\t\t\t\t<div class=\"elementor-widget-container\">\n\t\t\t\t\t<h3 class=\"elementor-heading-title elementor-size-default\">Populaarne meetod naha kvaliteedi parandamiseks<\/h3>\t\t\t\t<\/div>\n\t\t\t\t<\/div>\n\t\t\t\t\t<\/div>\n\t\t<\/div>\n\t\t\t\t\t<\/div>\n\t\t<\/section>\n\t\t\t\t<section class=\"elementor-section elementor-top-section elementor-element elementor-element-a037ec2 elementor-section-boxed elementor-section-height-default elementor-section-height-default\" data-id=\"a037ec2\" data-element_type=\"section\" data-e-type=\"section\">\n\t\t\t\t\t\t<div class=\"elementor-container elementor-column-gap-default\">\n\t\t\t\t\t<div class=\"elementor-column elementor-col-50 elementor-top-column elementor-element elementor-element-a3a84ca\" data-id=\"a3a84ca\" data-element_type=\"column\" data-e-type=\"column\">\n\t\t\t<div class=\"elementor-widget-wrap elementor-element-populated\">\n\t\t\t\t\t\t<div class=\"elementor-element elementor-element-67b8026 elementor-widget elementor-widget-text-editor\" data-id=\"67b8026\" data-element_type=\"widget\" data-e-type=\"widget\" data-widget_type=\"text-editor.default\">\n\t\t\t\t<div class=\"elementor-widget-container\">\n\t\t\t\t\t\t\t\t\t<p>Protseduur p\u00f5hineb k\u00f5rge intensiivsusega valgusvoo kasutamisel, millel on nahka tervendav ja noorendav toime.<\/p><p>Valgusvoog aktiveerib loomuliku kollageenitootmise, kiirendab ainevahetust nahas, samuti v\u00f5imaldab pinguldada kudesid ilma operatsioonita, stimuleerib uute elastiini- ja kollageenikiudude s\u00fcnteesi.<\/p><p>Nahale m\u00f5juv valgusenergia tekitab veresoonte ahenemise ja melaniini h\u00e4vimise, mille t\u00f5ttu nahk omandab \u00fchtlase tooni.<\/p><p>\u00a0<\/p>\t\t\t\t\t\t\t\t<\/div>\n\t\t\t\t<\/div>\n\t\t\t\t\t<\/div>\n\t\t<\/div>\n\t\t\t\t<div class=\"elementor-column elementor-col-50 elementor-top-column elementor-element elementor-element-9362426\" data-id=\"9362426\" data-element_type=\"column\" data-e-type=\"column\">\n\t\t\t<div class=\"elementor-widget-wrap elementor-element-populated\">\n\t\t\t\t\t\t<div class=\"elementor-element elementor-element-db3e56c elementor-widget elementor-widget-image\" data-id=\"db3e56c\" data-element_type=\"widget\" data-e-type=\"widget\" data-widget_type=\"image.default\">\n\t\t\t\t<div class=\"elementor-widget-container\">\n\t\t\t\t\t\t\t\t\t\t\t\t\t\t\t<img fetchpriority=\"high\" decoding=\"async\" width=\"672\" height=\"378\" src=\"https:\/\/medicest.eu\/wp-content\/uploads\/2022\/03\/fotoomolozenije.jpg\" class=\"attachment-large size-large wp-image-7498\" alt=\"\" srcset=\"https:\/\/medicest.eu\/wp-content\/uploads\/2022\/03\/fotoomolozenije.jpg 672w, https:\/\/medicest.eu\/wp-content\/uploads\/2022\/03\/fotoomolozenije-300x169.jpg 300w, https:\/\/medicest.eu\/wp-content\/uploads\/2022\/03\/fotoomolozenije-150x84.jpg 150w\" sizes=\"(max-width: 672px) 100vw, 672px\" \/>\t\t\t\t\t\t\t\t\t\t\t\t\t\t\t<\/div>\n\t\t\t\t<\/div>\n\t\t\t\t\t<\/div>\n\t\t<\/div>\n\t\t\t\t\t<\/div>\n\t\t<\/section>\n\t\t\t\t<section class=\"elementor-section elementor-top-section elementor-element elementor-element-e85561f elementor-section-boxed elementor-section-height-default elementor-section-height-default\" data-id=\"e85561f\" data-element_type=\"section\" data-e-type=\"section\">\n\t\t\t\t\t\t<div class=\"elementor-container elementor-column-gap-default\">\n\t\t\t\t\t<div class=\"elementor-column elementor-col-50 elementor-top-column elementor-element elementor-element-056ea6c\" data-id=\"056ea6c\" data-element_type=\"column\" data-e-type=\"column\">\n\t\t\t<div class=\"elementor-widget-wrap elementor-element-populated\">\n\t\t\t\t\t\t<div class=\"elementor-element elementor-element-d21a25b elementor-widget elementor-widget-image\" data-id=\"d21a25b\" data-element_type=\"widget\" data-e-type=\"widget\" data-widget_type=\"image.default\">\n\t\t\t\t<div class=\"elementor-widget-container\">\n\t\t\t\t\t\t\t\t\t\t\t\t\t\t\t<img decoding=\"async\" width=\"485\" height=\"273\" src=\"https:\/\/medicest.eu\/wp-content\/uploads\/2022\/03\/bbl.jpg\" class=\"attachment-large size-large wp-image-7500\" alt=\"\" srcset=\"https:\/\/medicest.eu\/wp-content\/uploads\/2022\/03\/bbl.jpg 485w, https:\/\/medicest.eu\/wp-content\/uploads\/2022\/03\/bbl-300x169.jpg 300w, https:\/\/medicest.eu\/wp-content\/uploads\/2022\/03\/bbl-150x84.jpg 150w\" sizes=\"(max-width: 485px) 100vw, 485px\" \/>\t\t\t\t\t\t\t\t\t\t\t\t\t\t\t<\/div>\n\t\t\t\t<\/div>\n\t\t\t\t<div class=\"elementor-element elementor-element-c48af33 elementor-widget elementor-widget-image\" data-id=\"c48af33\" data-element_type=\"widget\" data-e-type=\"widget\" data-widget_type=\"image.default\">\n\t\t\t\t<div class=\"elementor-widget-container\">\n\t\t\t\t\t\t\t\t\t\t\t\t\t\t\t<img decoding=\"async\" width=\"284\" height=\"88\" src=\"https:\/\/medicest.eu\/wp-content\/uploads\/2022\/03\/logooverline.png\" class=\"attachment-large size-large wp-image-7503\" alt=\"\" srcset=\"https:\/\/medicest.eu\/wp-content\/uploads\/2022\/03\/logooverline.png 284w, https:\/\/medicest.eu\/wp-content\/uploads\/2022\/03\/logooverline-150x46.png 150w\" sizes=\"(max-width: 284px) 100vw, 284px\" \/>\t\t\t\t\t\t\t\t\t\t\t\t\t\t\t<\/div>\n\t\t\t\t<\/div>\n\t\t\t\t<div class=\"elementor-element elementor-element-9c5bb09 elementor-widget elementor-widget-text-editor\" data-id=\"9c5bb09\" data-element_type=\"widget\" data-e-type=\"widget\" data-widget_type=\"text-editor.default\">\n\t\t\t\t<div class=\"elementor-widget-container\">\n\t\t\t\t\t\t\t\t\t<blockquote><p>Protseduuri \u00fcheks peamiseks n\u00e4idustuseks on \u00e4mblikveenid n\u00e4ol ja kehal, samuti pigmentatsioon.<\/p><\/blockquote>\t\t\t\t\t\t\t\t<\/div>\n\t\t\t\t<\/div>\n\t\t\t\t\t<\/div>\n\t\t<\/div>\n\t\t\t\t<div class=\"elementor-column elementor-col-50 elementor-top-column elementor-element elementor-element-33dbafb\" data-id=\"33dbafb\" data-element_type=\"column\" data-e-type=\"column\">\n\t\t\t<div class=\"elementor-widget-wrap elementor-element-populated\">\n\t\t\t\t\t\t<div class=\"elementor-element elementor-element-5c0ec32 elementor-widget elementor-widget-text-editor\" data-id=\"5c0ec32\" data-element_type=\"widget\" data-e-type=\"widget\" data-widget_type=\"text-editor.default\">\n\t\t\t\t<div class=\"elementor-widget-container\">\n\t\t\t\t\t\t\t\t\t<h4><strong>Ise\u00e4rasused<\/strong><\/h4><ul><li>Suvel k\u00f5rge p\u00e4ikeseaktiivsuse perioodil fotonoorendusprotseduure ei tehta.<\/li><li>Talvel on protseduuri ajal vaja nahka p\u00e4ikesekiirte eest kaitsta SPF filtriga kosmeetika abil.<\/li><li>P\u00e4rast protseduuri ei tohi p\u00e4evitada ega k\u00fclastada solaariumi<\/li><li>Vahetult p\u00e4rast protseduuri v\u00f5ib nahal tekkida kerge punetus, mis kaob 3 tunni jooksul.<\/li><li>M\u00f5ju on m\u00e4rgatav umbes 2 n\u00e4dalat p\u00e4rast protseduuri.<\/li><li>Protseduuri ei tehta t\u00e4toveeringute ja mutidega kehapiirkondades<\/li><li>P\u00e4rast protseduuri v\u00f5ib tekkida turse v\u00f5i punetus, mis kaob m\u00f5ne tunni jooksul.<\/li><\/ul>\t\t\t\t\t\t\t\t<\/div>\n\t\t\t\t<\/div>\n\t\t\t\t<div class=\"elementor-element elementor-element-0007876 elementor-widget elementor-widget-text-editor\" data-id=\"0007876\" data-element_type=\"widget\" data-e-type=\"widget\" data-widget_type=\"text-editor.default\">\n\t\t\t\t<div class=\"elementor-widget-container\">\n\t\t\t\t\t\t\t\t\t<p>Soovitatav fotonoorenduskuur: 3-4 seanssi intervalliga 10-14 p\u00e4eva.<\/p><p><em>\u00a0<\/em><\/p>\t\t\t\t\t\t\t\t<\/div>\n\t\t\t\t<\/div>\n\t\t\t\t\t<\/div>\n\t\t<\/div>\n\t\t\t\t\t<\/div>\n\t\t<\/section>\n\t\t\t\t<section class=\"elementor-section elementor-top-section elementor-element elementor-element-d2098f0 elementor-section-boxed elementor-section-height-default elementor-section-height-default\" data-id=\"d2098f0\" data-element_type=\"section\" data-e-type=\"section\">\n\t\t\t\t\t\t<div class=\"elementor-container elementor-column-gap-default\">\n\t\t\t\t\t<div class=\"elementor-column elementor-col-50 elementor-top-column elementor-element elementor-element-5e897e8\" data-id=\"5e897e8\" data-element_type=\"column\" data-e-type=\"column\">\n\t\t\t<div class=\"elementor-widget-wrap elementor-element-populated\">\n\t\t\t\t\t\t<div class=\"elementor-element elementor-element-2d5aef5 elementor-widget elementor-widget-text-editor\" data-id=\"2d5aef5\" data-element_type=\"widget\" data-e-type=\"widget\" data-widget_type=\"text-editor.default\">\n\t\t\t\t<div class=\"elementor-widget-container\">\n\t\t\t\t\t\t\t\t\t<h4><strong>Eelised<\/strong><\/h4><ul><li>\u00dchtlustab nahatooni, k\u00f5rvaldab vanuselaike<\/li><li>K\u00f5rvaldab \u00e4mblikveenid ja kapillaarilaiendid<\/li><li>Aeglustab vananemisprotsessi, parandades naha seisundit rakutasandil<\/li><li>V\u00e4hendab aknet ja vinne<\/li><li>Ahendab laienenud poore<\/li><\/ul>\t\t\t\t\t\t\t\t<\/div>\n\t\t\t\t<\/div>\n\t\t\t\t\t<\/div>\n\t\t<\/div>\n\t\t\t\t<div class=\"elementor-column elementor-col-50 elementor-top-column elementor-element elementor-element-adddaa8\" data-id=\"adddaa8\" data-element_type=\"column\" data-e-type=\"column\">\n\t\t\t<div class=\"elementor-widget-wrap elementor-element-populated\">\n\t\t\t\t\t\t<div class=\"elementor-element elementor-element-1c9d51d elementor-widget elementor-widget-text-editor\" data-id=\"1c9d51d\" data-element_type=\"widget\" data-e-type=\"widget\" data-widget_type=\"text-editor.default\">\n\t\t\t\t<div class=\"elementor-widget-container\">\n\t\t\t\t\t\t\t\t\t<h4><strong>Vastun\u00e4idustused<\/strong><\/h4><ul><li>Rasedus ja imetamine<\/li><li>Naha- ja p\u00f5letikulised haigused<\/li><li>Onkoloogilised haigused<\/li><li>Naha kalduvus moodustada keloidseid arme<\/li><li>Kilpn\u00e4\u00e4rmehaigused<\/li><li>Hiljutine p\u00e4evitus<\/li><\/ul>\t\t\t\t\t\t\t\t<\/div>\n\t\t\t\t<\/div>\n\t\t\t\t\t<\/div>\n\t\t<\/div>\n\t\t\t\t\t<\/div>\n\t\t<\/section>\n\t\t\t\t<section class=\"elementor-section elementor-top-section elementor-element elementor-element-64daaada elementor-section-boxed elementor-section-height-default elementor-section-height-default\" data-id=\"64daaada\" data-element_type=\"section\" data-e-type=\"section\">\n\t\t\t\t\t\t<div class=\"elementor-container elementor-column-gap-default\">\n\t\t\t\t\t<div class=\"elementor-column elementor-col-100 elementor-top-column elementor-element elementor-element-397b1ee0\" data-id=\"397b1ee0\" data-element_type=\"column\" data-e-type=\"column\">\n\t\t\t<div class=\"elementor-widget-wrap elementor-element-populated\">\n\t\t\t\t\t\t<div class=\"elementor-element elementor-element-618405a2 elementor-widget elementor-widget-heading\" data-id=\"618405a2\" data-element_type=\"widget\" data-e-type=\"widget\" data-widget_type=\"heading.default\">\n\t\t\t\t<div class=\"elementor-widget-container\">\n\t\t\t\t\t<h2 class=\"elementor-heading-title elementor-size-default\">Hinnakiri<\/h2>\t\t\t\t<\/div>\n\t\t\t\t<\/div>\n\t\t\t\t<div class=\"elementor-element elementor-element-23eaeb8 elementor-widget elementor-widget-text-editor\" data-id=\"23eaeb8\" data-element_type=\"widget\" data-e-type=\"widget\" data-widget_type=\"text-editor.default\">\n\t\t\t\t<div class=\"elementor-widget-container\">\n\t\t\t\t\t\t\t\t\t<p>\n<table id=\"tablepress-116\" class=\"tablepress tablepress-id-116\">\n<thead>\n<tr class=\"row-1\">\n\t<th class=\"column-1\">Fotonoorendus \/ Fototeraapia Overline<\/th><th class=\"column-2\">Hind, \u20ac<\/th>\n<\/tr>\n<\/thead>\n<tbody class=\"row-striping row-hover\">\n<tr class=\"row-2\">\n\t<td class=\"column-1\">IPL, N\u00e4gu, 30 min<br \/>\n<\/td><td class=\"column-2\">80,00<\/td>\n<\/tr>\n<tr class=\"row-3\">\n\t<td class=\"column-1\">IPL, N\u00e4gu, Kael, 30 min <\/td><td class=\"column-2\">100,00<\/td>\n<\/tr>\n<tr class=\"row-4\">\n\t<td class=\"column-1\">N\u00e4gu + kael + dekoltee, 45 min<\/td><td class=\"column-2\">150,00<\/td>\n<\/tr>\n<tr class=\"row-5\">\n\t<td class=\"column-1\">Dekoltee, 30 min <br \/>\n<\/td><td class=\"column-2\">80,00<\/td>\n<\/tr>\n<\/tbody>\n<\/table>\n<!-- #tablepress-116 from cache --><\/p>\t\t\t\t\t\t\t\t<\/div>\n\t\t\t\t<\/div>\n\t\t\t\t<div class=\"elementor-element elementor-element-d23b828 pp-buttons-halign-center pp-buttons-stack-none elementor-widget elementor-widget-pp-buttons\" data-id=\"d23b828\" data-element_type=\"widget\" data-e-type=\"widget\" data-widget_type=\"pp-buttons.default\">\n\t\t\t\t<div class=\"elementor-widget-container\">\n\t\t\t\t\t\t\t<div class=\"pp-buttons-group\">\n\t\t\t\t\t\t\t\t\t\t\t<a href=\"https:\/\/shop.medicest.eu\/et\/product\/fotonoorendus-overline\/\" target=\"_blank\" class=\"pp-button elementor-button elementor-size-md elementor-repeater-item-c938c7f \">\n\t\t\t\t\t<div class=\"pp-button-content-wrapper\">\n\t\t\t\t\t\t<span class=\"pp-button-content-inner pp-icon-before\">\n\t\t\t\t\t\t\t\n\t\t\t\t\t\t\t\t<span class=\"pp-button-title\">\n\t\t\t\t\t\t\t\t\tOsta\t\t\t\t\t\t\t\t<\/span>\n\t\t\t\t\t\t\t\t\t\t\t\t\t<\/span>\n\t\t\t\t\t<\/div>\n\t\t\t\t<\/a>\n\t\t\t\t\t\t\t\t\t\t<\/div>\t\t\t\t<\/div>\n\t\t\t\t<\/div>\n\t\t\t\t\t<\/div>\n\t\t<\/div>\n\t\t\t\t\t<\/div>\n\t\t<\/section>\n\t\t\t\t<\/div>\n\t\t","protected":false},"excerpt":{"rendered":"<p>Fotonoorendus Overline Populaarne meetod naha kvaliteedi parandamiseks Protseduur p\u00f5hineb k\u00f5rge intensiivsusega valgusvoo kasutamisel, millel on nahka tervendav ja noorendav toime. Valgusvoog aktiveerib loomuliku kollageenitootmise, kiirendab ainevahetust nahas, samuti v\u00f5imaldab pinguldada kudesid ilma operatsioonita, stimuleerib uute elastiini- ja kollageenikiudude s\u00fcnteesi. Nahale m\u00f5juv valgusenergia tekitab veresoonte ahenemise ja melaniini h\u00e4vimise, mille t\u00f5ttu\u2026<\/p>\n<p class=\"continue-reading-button\"> <a class=\"continue-reading-link\" href=\"https:\/\/medicest.eu\/et\/fotonoorendus-overline\/\"><i class=\"crycon-right-dir\"><\/i><\/a><\/p>\n","protected":false},"author":1,"featured_media":0,"parent":0,"menu_order":0,"comment_status":"closed","ping_status":"closed","template":"","meta":{"footnotes":""},"class_list":["post-7569","page","type-page","status-publish","hentry"],"yoast_head":"<!-- This site is optimized with the Yoast SEO plugin v27.3 - https:\/\/yoast.com\/product\/yoast-seo-wordpress\/ -->\n<title>Fotonoorendus Overline - Ilukliinik Medic-Esthetic<\/title>\n<meta name=\"robots\" content=\"index, follow, max-snippet:-1, max-image-preview:large, max-video-preview:-1\" \/>\n<link rel=\"canonical\" href=\"https:\/\/medicest.eu\/et\/fotonoorendus-overline\/\" \/>\n<meta property=\"og:locale\" content=\"et_EE\" \/>\n<meta property=\"og:type\" content=\"article\" \/>\n<meta property=\"og:title\" content=\"Fotonoorendus Overline - Ilukliinik Medic-Esthetic\" \/>\n<meta property=\"og:description\" content=\"Fotonoorendus Overline Populaarne meetod naha kvaliteedi parandamiseks Protseduur p\u00f5hineb k\u00f5rge intensiivsusega valgusvoo kasutamisel, millel on nahka tervendav ja noorendav toime. Valgusvoog aktiveerib loomuliku kollageenitootmise, kiirendab ainevahetust nahas, samuti v\u00f5imaldab pinguldada kudesid ilma operatsioonita, stimuleerib uute elastiini- ja kollageenikiudude s\u00fcnteesi. Nahale m\u00f5juv valgusenergia tekitab veresoonte ahenemise ja melaniini h\u00e4vimise, mille t\u00f5ttu\u2026\" \/>\n<meta property=\"og:url\" content=\"https:\/\/medicest.eu\/et\/fotonoorendus-overline\/\" \/>\n<meta property=\"og:site_name\" content=\"Ilukliinik Medic-Esthetic\" \/>\n<meta property=\"article:modified_time\" content=\"2023-01-02T12:28:33+00:00\" \/>\n<meta property=\"og:image\" content=\"http:\/\/medicest.eu\/wp-content\/uploads\/2022\/03\/fotoomolozenije.jpg\" \/>\n<meta name=\"twitter:card\" content=\"summary_large_image\" \/>\n<meta name=\"twitter:label1\" content=\"Est. reading time\" \/>\n\t<meta name=\"twitter:data1\" content=\"2 minutit\" \/>\n<script type=\"application\/ld+json\" class=\"yoast-schema-graph\">{\"@context\":\"https:\\\/\\\/schema.org\",\"@graph\":[{\"@type\":\"WebPage\",\"@id\":\"https:\\\/\\\/medicest.eu\\\/et\\\/fotonoorendus-overline\\\/\",\"url\":\"https:\\\/\\\/medicest.eu\\\/et\\\/fotonoorendus-overline\\\/\",\"name\":\"Fotonoorendus Overline - Ilukliinik Medic-Esthetic\",\"isPartOf\":{\"@id\":\"https:\\\/\\\/medicest.eu\\\/#website\"},\"primaryImageOfPage\":{\"@id\":\"https:\\\/\\\/medicest.eu\\\/et\\\/fotonoorendus-overline\\\/#primaryimage\"},\"image\":{\"@id\":\"https:\\\/\\\/medicest.eu\\\/et\\\/fotonoorendus-overline\\\/#primaryimage\"},\"thumbnailUrl\":\"http:\\\/\\\/medicest.eu\\\/wp-content\\\/uploads\\\/2022\\\/03\\\/fotoomolozenije.jpg\",\"datePublished\":\"2022-03-29T11:40:09+00:00\",\"dateModified\":\"2023-01-02T12:28:33+00:00\",\"breadcrumb\":{\"@id\":\"https:\\\/\\\/medicest.eu\\\/et\\\/fotonoorendus-overline\\\/#breadcrumb\"},\"inLanguage\":\"et\",\"potentialAction\":[{\"@type\":\"ReadAction\",\"target\":[\"https:\\\/\\\/medicest.eu\\\/et\\\/fotonoorendus-overline\\\/\"]}]},{\"@type\":\"ImageObject\",\"inLanguage\":\"et\",\"@id\":\"https:\\\/\\\/medicest.eu\\\/et\\\/fotonoorendus-overline\\\/#primaryimage\",\"url\":\"http:\\\/\\\/medicest.eu\\\/wp-content\\\/uploads\\\/2022\\\/03\\\/fotoomolozenije.jpg\",\"contentUrl\":\"http:\\\/\\\/medicest.eu\\\/wp-content\\\/uploads\\\/2022\\\/03\\\/fotoomolozenije.jpg\"},{\"@type\":\"BreadcrumbList\",\"@id\":\"https:\\\/\\\/medicest.eu\\\/et\\\/fotonoorendus-overline\\\/#breadcrumb\",\"itemListElement\":[{\"@type\":\"ListItem\",\"position\":1,\"name\":\"Home\",\"item\":\"https:\\\/\\\/medicest.eu\\\/\"},{\"@type\":\"ListItem\",\"position\":2,\"name\":\"Fotonoorendus Overline\"}]},{\"@type\":\"WebSite\",\"@id\":\"https:\\\/\\\/medicest.eu\\\/#website\",\"url\":\"https:\\\/\\\/medicest.eu\\\/\",\"name\":\"Ilukliinik Medic-Esthetic\",\"description\":\"Beauty &amp; Prestige\",\"potentialAction\":[{\"@type\":\"SearchAction\",\"target\":{\"@type\":\"EntryPoint\",\"urlTemplate\":\"https:\\\/\\\/medicest.eu\\\/?s={search_term_string}\"},\"query-input\":{\"@type\":\"PropertyValueSpecification\",\"valueRequired\":true,\"valueName\":\"search_term_string\"}}],\"inLanguage\":\"et\"}]}<\/script>\n<!-- \/ Yoast SEO plugin. -->","yoast_head_json":{"title":"Fotonoorendus Overline - Ilukliinik Medic-Esthetic","robots":{"index":"index","follow":"follow","max-snippet":"max-snippet:-1","max-image-preview":"max-image-preview:large","max-video-preview":"max-video-preview:-1"},"canonical":"https:\/\/medicest.eu\/et\/fotonoorendus-overline\/","og_locale":"et_EE","og_type":"article","og_title":"Fotonoorendus Overline - Ilukliinik Medic-Esthetic","og_description":"Fotonoorendus Overline Populaarne meetod naha kvaliteedi parandamiseks Protseduur p\u00f5hineb k\u00f5rge intensiivsusega valgusvoo kasutamisel, millel on nahka tervendav ja noorendav toime. Valgusvoog aktiveerib loomuliku kollageenitootmise, kiirendab ainevahetust nahas, samuti v\u00f5imaldab pinguldada kudesid ilma operatsioonita, stimuleerib uute elastiini- ja kollageenikiudude s\u00fcnteesi. Nahale m\u00f5juv valgusenergia tekitab veresoonte ahenemise ja melaniini h\u00e4vimise, mille t\u00f5ttu\u2026","og_url":"https:\/\/medicest.eu\/et\/fotonoorendus-overline\/","og_site_name":"Ilukliinik Medic-Esthetic","article_modified_time":"2023-01-02T12:28:33+00:00","og_image":[{"url":"http:\/\/medicest.eu\/wp-content\/uploads\/2022\/03\/fotoomolozenije.jpg","type":"","width":"","height":""}],"twitter_card":"summary_large_image","twitter_misc":{"Est. reading time":"2 minutit"},"schema":{"@context":"https:\/\/schema.org","@graph":[{"@type":"WebPage","@id":"https:\/\/medicest.eu\/et\/fotonoorendus-overline\/","url":"https:\/\/medicest.eu\/et\/fotonoorendus-overline\/","name":"Fotonoorendus Overline - Ilukliinik Medic-Esthetic","isPartOf":{"@id":"https:\/\/medicest.eu\/#website"},"primaryImageOfPage":{"@id":"https:\/\/medicest.eu\/et\/fotonoorendus-overline\/#primaryimage"},"image":{"@id":"https:\/\/medicest.eu\/et\/fotonoorendus-overline\/#primaryimage"},"thumbnailUrl":"http:\/\/medicest.eu\/wp-content\/uploads\/2022\/03\/fotoomolozenije.jpg","datePublished":"2022-03-29T11:40:09+00:00","dateModified":"2023-01-02T12:28:33+00:00","breadcrumb":{"@id":"https:\/\/medicest.eu\/et\/fotonoorendus-overline\/#breadcrumb"},"inLanguage":"et","potentialAction":[{"@type":"ReadAction","target":["https:\/\/medicest.eu\/et\/fotonoorendus-overline\/"]}]},{"@type":"ImageObject","inLanguage":"et","@id":"https:\/\/medicest.eu\/et\/fotonoorendus-overline\/#primaryimage","url":"http:\/\/medicest.eu\/wp-content\/uploads\/2022\/03\/fotoomolozenije.jpg","contentUrl":"http:\/\/medicest.eu\/wp-content\/uploads\/2022\/03\/fotoomolozenije.jpg"},{"@type":"BreadcrumbList","@id":"https:\/\/medicest.eu\/et\/fotonoorendus-overline\/#breadcrumb","itemListElement":[{"@type":"ListItem","position":1,"name":"Home","item":"https:\/\/medicest.eu\/"},{"@type":"ListItem","position":2,"name":"Fotonoorendus Overline"}]},{"@type":"WebSite","@id":"https:\/\/medicest.eu\/#website","url":"https:\/\/medicest.eu\/","name":"Ilukliinik Medic-Esthetic","description":"Beauty &amp; Prestige","potentialAction":[{"@type":"SearchAction","target":{"@type":"EntryPoint","urlTemplate":"https:\/\/medicest.eu\/?s={search_term_string}"},"query-input":{"@type":"PropertyValueSpecification","valueRequired":true,"valueName":"search_term_string"}}],"inLanguage":"et"}]}},"_links":{"self":[{"href":"https:\/\/medicest.eu\/et\/wp-json\/wp\/v2\/pages\/7569","targetHints":{"allow":["GET"]}}],"collection":[{"href":"https:\/\/medicest.eu\/et\/wp-json\/wp\/v2\/pages"}],"about":[{"href":"https:\/\/medicest.eu\/et\/wp-json\/wp\/v2\/types\/page"}],"author":[{"embeddable":true,"href":"https:\/\/medicest.eu\/et\/wp-json\/wp\/v2\/users\/1"}],"replies":[{"embeddable":true,"href":"https:\/\/medicest.eu\/et\/wp-json\/wp\/v2\/comments?post=7569"}],"version-history":[{"count":16,"href":"https:\/\/medicest.eu\/et\/wp-json\/wp\/v2\/pages\/7569\/revisions"}],"predecessor-version":[{"id":10868,"href":"https:\/\/medicest.eu\/et\/wp-json\/wp\/v2\/pages\/7569\/revisions\/10868"}],"wp:attachment":[{"href":"https:\/\/medicest.eu\/et\/wp-json\/wp\/v2\/media?parent=7569"}],"curies":[{"name":"wp","href":"https:\/\/api.w.org\/{rel}","templated":true}]}}