{"id":6175,"date":"2021-12-09T12:20:11","date_gmt":"2021-12-09T12:20:11","guid":{"rendered":"https:\/\/medicest.eu\/gazozhidkostnyj-piling-jet-peel-dlya-muzhchin\/"},"modified":"2021-12-10T15:15:03","modified_gmt":"2021-12-10T15:15:03","slug":"aqua-peeling-jet-peel-meestele","status":"publish","type":"page","link":"https:\/\/medicest.eu\/et\/aqua-peeling-jet-peel-meestele\/","title":{"rendered":"Aqua-peeling Jet Peel meestele"},"content":{"rendered":"\t\t<div data-elementor-type=\"wp-page\" data-elementor-id=\"6175\" class=\"elementor elementor-6175 elementor-6079\">\n\t\t\t\t\t\t<section class=\"elementor-section elementor-top-section elementor-element elementor-element-5c59230d elementor-section-boxed elementor-section-height-default elementor-section-height-default\" data-id=\"5c59230d\" data-element_type=\"section\" data-e-type=\"section\">\n\t\t\t\t\t\t<div class=\"elementor-container elementor-column-gap-default\">\n\t\t\t\t\t<div class=\"elementor-column elementor-col-100 elementor-top-column elementor-element elementor-element-62bfd8ca\" data-id=\"62bfd8ca\" data-element_type=\"column\" data-e-type=\"column\">\n\t\t\t<div class=\"elementor-widget-wrap elementor-element-populated\">\n\t\t\t\t\t\t<div class=\"elementor-element elementor-element-cb23611 elementor-widget elementor-widget-heading\" data-id=\"cb23611\" data-element_type=\"widget\" data-e-type=\"widget\" data-widget_type=\"heading.default\">\n\t\t\t\t<div class=\"elementor-widget-container\">\n\t\t\t\t\t<h2 class=\"elementor-heading-title elementor-size-default\">Gaasi-vedelik koorimine Jet Peel<\/h2>\t\t\t\t<\/div>\n\t\t\t\t<\/div>\n\t\t\t\t<div class=\"elementor-element elementor-element-102df45a elementor-widget elementor-widget-heading\" data-id=\"102df45a\" data-element_type=\"widget\" data-e-type=\"widget\" data-widget_type=\"heading.default\">\n\t\t\t\t<div class=\"elementor-widget-container\">\n\t\t\t\t\t<h3 class=\"elementor-heading-title elementor-size-default\">Naha k\u00fcllastamine hapnikuga \u2013 revolutsiooniline naha <br>noorendamise ja koorimise meetod <\/h3>\t\t\t\t<\/div>\n\t\t\t\t<\/div>\n\t\t\t\t<div class=\"elementor-element elementor-element-dc3d15a elementor-widget elementor-widget-heading\" data-id=\"dc3d15a\" data-element_type=\"widget\" data-e-type=\"widget\" data-widget_type=\"heading.default\">\n\t\t\t\t<div class=\"elementor-widget-container\">\n\t\t\t\t\t<h3 class=\"elementor-heading-title elementor-size-default\">MEESTELE<\/h3>\t\t\t\t<\/div>\n\t\t\t\t<\/div>\n\t\t\t\t\t<\/div>\n\t\t<\/div>\n\t\t\t\t\t<\/div>\n\t\t<\/section>\n\t\t\t\t<section class=\"elementor-section elementor-top-section elementor-element elementor-element-e7444d9 elementor-section-boxed elementor-section-height-default elementor-section-height-default\" data-id=\"e7444d9\" data-element_type=\"section\" data-e-type=\"section\">\n\t\t\t\t\t\t<div class=\"elementor-container elementor-column-gap-default\">\n\t\t\t\t\t<div class=\"elementor-column elementor-col-50 elementor-top-column elementor-element elementor-element-5878535\" data-id=\"5878535\" data-element_type=\"column\" data-e-type=\"column\">\n\t\t\t<div class=\"elementor-widget-wrap elementor-element-populated\">\n\t\t\t\t\t\t<div class=\"elementor-element elementor-element-c1abe92 elementor-widget elementor-widget-image\" data-id=\"c1abe92\" data-element_type=\"widget\" data-e-type=\"widget\" data-widget_type=\"image.default\">\n\t\t\t\t<div class=\"elementor-widget-container\">\n\t\t\t\t\t\t\t\t\t\t\t\t\t\t\t<img fetchpriority=\"high\" decoding=\"async\" width=\"952\" height=\"889\" src=\"https:\/\/medicest.eu\/wp-content\/uploads\/2021\/12\/jetpeel-men.jpg\" class=\"attachment-large size-large wp-image-6084\" alt=\"\" srcset=\"https:\/\/medicest.eu\/wp-content\/uploads\/2021\/12\/jetpeel-men.jpg 952w, https:\/\/medicest.eu\/wp-content\/uploads\/2021\/12\/jetpeel-men-300x280.jpg 300w, https:\/\/medicest.eu\/wp-content\/uploads\/2021\/12\/jetpeel-men-768x717.jpg 768w, https:\/\/medicest.eu\/wp-content\/uploads\/2021\/12\/jetpeel-men-150x140.jpg 150w\" sizes=\"(max-width: 952px) 100vw, 952px\" \/>\t\t\t\t\t\t\t\t\t\t\t\t\t\t\t<\/div>\n\t\t\t\t<\/div>\n\t\t\t\t\t<\/div>\n\t\t<\/div>\n\t\t\t\t<div class=\"elementor-column elementor-col-50 elementor-top-column elementor-element elementor-element-33aad22\" data-id=\"33aad22\" data-element_type=\"column\" data-e-type=\"column\">\n\t\t\t<div class=\"elementor-widget-wrap elementor-element-populated\">\n\t\t\t\t\t\t<div class=\"elementor-element elementor-element-6f42f7f elementor-widget elementor-widget-text-editor\" data-id=\"6f42f7f\" data-element_type=\"widget\" data-e-type=\"widget\" data-widget_type=\"text-editor.default\">\n\t\t\t\t<div class=\"elementor-widget-container\">\n\t\t\t\t\t\t\t\t\t<p>Meeste n\u00e4onahk on tundlikum pideva raseerimise t\u00f5ttu, mis v\u00e4ljendub naha sagedase ketendusena.<\/p><p>Vanusega seotud gravitatsiooniline ptoos on meestel rohkem v\u00e4ljendunud, neil on m\u00e4rgatavamad ealised muutused n\u00e4o kontuurides.<\/p><p>S\u00fcgavate kortsude teke on sagedamini omane meeste nahale ja neid kortse on tavap\u00e4raste kosmetoloogiaprotseduuridega raskem eemaldada kui naistel.<\/p>\t\t\t\t\t\t\t\t<\/div>\n\t\t\t\t<\/div>\n\t\t\t\t<div class=\"elementor-element elementor-element-65defcd elementor-widget elementor-widget-text-editor\" data-id=\"65defcd\" data-element_type=\"widget\" data-e-type=\"widget\" data-widget_type=\"text-editor.default\">\n\t\t\t\t<div class=\"elementor-widget-container\">\n\t\t\t\t\t\t\t\t\t<blockquote><p>Protseduurid Jet Peel (gaasi-vedeliku p\u00f5hine koorimine ja s\u00fcstevaba mesoteraapia) on suunatud loomulikule, mitteinvasiivsele, valutule nahahooldusele.<\/p><\/blockquote>\t\t\t\t\t\t\t\t<\/div>\n\t\t\t\t<\/div>\n\t\t\t\t\t<\/div>\n\t\t<\/div>\n\t\t\t\t\t<\/div>\n\t\t<\/section>\n\t\t\t\t<section class=\"elementor-section elementor-top-section elementor-element elementor-element-ebc5368 elementor-section-boxed elementor-section-height-default elementor-section-height-default\" data-id=\"ebc5368\" data-element_type=\"section\" data-e-type=\"section\">\n\t\t\t\t\t\t<div class=\"elementor-container elementor-column-gap-default\">\n\t\t\t\t\t<div class=\"elementor-column elementor-col-50 elementor-top-column elementor-element elementor-element-087bc51\" data-id=\"087bc51\" data-element_type=\"column\" data-e-type=\"column\">\n\t\t\t<div class=\"elementor-widget-wrap elementor-element-populated\">\n\t\t\t\t\t\t<div class=\"elementor-element elementor-element-08cebb3 elementor-widget elementor-widget-text-editor\" data-id=\"08cebb3\" data-element_type=\"widget\" data-e-type=\"widget\" data-widget_type=\"text-editor.default\">\n\t\t\t\t<div class=\"elementor-widget-container\">\n\t\t\t\t\t\t\t\t\t<p>Vitamiinide, h\u00fcaluroonhappe ja peptiidide segu (olenevalt naha vajadustest) sisestatakse koos hapnikuga otse nahka jugatehnoloogia abil.<\/p><p>P\u00e4rast protseduuri muutub nahk koorituks, s\u00fcgavalt niisutatuks, siledaks, s\u00e4ravaks ja t\u00e4ielikult uuenenuks.<\/p><p>T\u00e4nu gaasi-vedeliku p\u00f5hisele koorimisele Jet Peel toimub mesoteraapia ilma s\u00fcstideta, t\u00f5husalt lahendatakse rasuse naha probleemid, samuti toimub akne ravi ja komedoonide eemaldamine.<\/p>\t\t\t\t\t\t\t\t<\/div>\n\t\t\t\t<\/div>\n\t\t\t\t\t<\/div>\n\t\t<\/div>\n\t\t\t\t<div class=\"elementor-column elementor-col-50 elementor-top-column elementor-element elementor-element-de035b3\" data-id=\"de035b3\" data-element_type=\"column\" data-e-type=\"column\">\n\t\t\t<div class=\"elementor-widget-wrap elementor-element-populated\">\n\t\t\t\t\t\t<div class=\"elementor-element elementor-element-0221609 elementor-widget elementor-widget-image\" data-id=\"0221609\" data-element_type=\"widget\" data-e-type=\"widget\" data-widget_type=\"image.default\">\n\t\t\t\t<div class=\"elementor-widget-container\">\n\t\t\t\t\t\t\t\t\t\t\t\t\t\t\t<img decoding=\"async\" width=\"300\" height=\"329\" src=\"https:\/\/medicest.eu\/wp-content\/uploads\/2016\/12\/pilingjetpeel-Medicest.jpg\" class=\"attachment-large size-large wp-image-7869\" alt=\"\" srcset=\"https:\/\/medicest.eu\/wp-content\/uploads\/2016\/12\/pilingjetpeel-Medicest.jpg 300w, https:\/\/medicest.eu\/wp-content\/uploads\/2016\/12\/pilingjetpeel-Medicest-274x300.jpg 274w, https:\/\/medicest.eu\/wp-content\/uploads\/2016\/12\/pilingjetpeel-Medicest-137x150.jpg 137w\" sizes=\"(max-width: 300px) 100vw, 300px\" \/>\t\t\t\t\t\t\t\t\t\t\t\t\t\t\t<\/div>\n\t\t\t\t<\/div>\n\t\t\t\t\t<\/div>\n\t\t<\/div>\n\t\t\t\t\t<\/div>\n\t\t<\/section>\n\t\t\t\t<section class=\"elementor-section elementor-top-section elementor-element elementor-element-1b1d526 elementor-section-boxed elementor-section-height-default elementor-section-height-default\" data-id=\"1b1d526\" data-element_type=\"section\" data-e-type=\"section\">\n\t\t\t\t\t\t<div class=\"elementor-container elementor-column-gap-default\">\n\t\t\t\t\t<div class=\"elementor-column elementor-col-100 elementor-top-column elementor-element elementor-element-55c9ccc\" data-id=\"55c9ccc\" data-element_type=\"column\" data-e-type=\"column\">\n\t\t\t<div class=\"elementor-widget-wrap elementor-element-populated\">\n\t\t\t\t\t\t<div class=\"elementor-element elementor-element-758150d elementor-widget elementor-widget-image\" data-id=\"758150d\" data-element_type=\"widget\" data-e-type=\"widget\" data-widget_type=\"image.default\">\n\t\t\t\t<div class=\"elementor-widget-container\">\n\t\t\t\t\t\t\t\t\t\t\t\t\t\t\t<img decoding=\"async\" width=\"829\" height=\"268\" src=\"https:\/\/medicest.eu\/wp-content\/uploads\/2021\/10\/jet-EST.jpg\" class=\"attachment-large size-large wp-image-4888\" alt=\"\" srcset=\"https:\/\/medicest.eu\/wp-content\/uploads\/2021\/10\/jet-EST.jpg 829w, https:\/\/medicest.eu\/wp-content\/uploads\/2021\/10\/jet-EST-300x97.jpg 300w, https:\/\/medicest.eu\/wp-content\/uploads\/2021\/10\/jet-EST-768x248.jpg 768w, https:\/\/medicest.eu\/wp-content\/uploads\/2021\/10\/jet-EST-150x48.jpg 150w\" sizes=\"(max-width: 829px) 100vw, 829px\" \/>\t\t\t\t\t\t\t\t\t\t\t\t\t\t\t<\/div>\n\t\t\t\t<\/div>\n\t\t\t\t\t<\/div>\n\t\t<\/div>\n\t\t\t\t\t<\/div>\n\t\t<\/section>\n\t\t\t\t<section class=\"elementor-section elementor-top-section elementor-element elementor-element-20eb4fb elementor-section-boxed elementor-section-height-default elementor-section-height-default\" data-id=\"20eb4fb\" data-element_type=\"section\" data-e-type=\"section\">\n\t\t\t\t\t\t<div class=\"elementor-container elementor-column-gap-default\">\n\t\t\t\t\t<div class=\"elementor-column elementor-col-50 elementor-top-column elementor-element elementor-element-18c6e4b\" data-id=\"18c6e4b\" data-element_type=\"column\" data-e-type=\"column\">\n\t\t\t<div class=\"elementor-widget-wrap elementor-element-populated\">\n\t\t\t\t\t\t<div class=\"elementor-element elementor-element-de1a669 elementor-widget elementor-widget-text-editor\" data-id=\"de1a669\" data-element_type=\"widget\" data-e-type=\"widget\" data-widget_type=\"text-editor.default\">\n\t\t\t\t<div class=\"elementor-widget-container\">\n\t\t\t\t\t\t\t\t\t<h4><strong>N\u00e4idustused<\/strong><\/h4><ul><li>L\u00f6\u00f6bed<\/li><li>Suurenenud poorid, armid<\/li><li>Naha jume muutumine<\/li><li>Arvukad vananemise m\u00e4rgid<\/li><li>Naha kuivus<\/li><li>Rosaatsea<\/li><li>\u00c4rritatud nahk p\u00e4rast p\u00e4ikest v\u00f5i suusatamist<\/li><li>Komedoonid<\/li><li>Rasune nahk<\/li><li>Ketendus ja \u00e4rritus, raseerimisest tingitud naha stress<\/li><\/ul>\t\t\t\t\t\t\t\t<\/div>\n\t\t\t\t<\/div>\n\t\t\t\t\t<\/div>\n\t\t<\/div>\n\t\t\t\t<div class=\"elementor-column elementor-col-50 elementor-top-column elementor-element elementor-element-d70976b\" data-id=\"d70976b\" data-element_type=\"column\" data-e-type=\"column\">\n\t\t\t<div class=\"elementor-widget-wrap elementor-element-populated\">\n\t\t\t\t\t\t<div class=\"elementor-element elementor-element-20fb1c3 elementor-widget elementor-widget-text-editor\" data-id=\"20fb1c3\" data-element_type=\"widget\" data-e-type=\"widget\" data-widget_type=\"text-editor.default\">\n\t\t\t\t<div class=\"elementor-widget-container\">\n\t\t\t\t\t\t\t\t\t<h4><strong>Eelised<\/strong><\/h4><ul><li>Sobib juhtudeks, kui on vaja kiiresti ja \u00fche seansiga n\u00e4gu korda saada<\/li><li>Puuduvad hooajalised piirangud, eriti kasulik suvel ja talvel, kui nahk vajab t\u00e4iendavat toitmist ja niisutust<\/li><li>Protseduur m\u00f5jutab k\u00f5iki naha kihte alates pindmisest kuni nahaaluse rasvkoeni, sealhulgas m\u00f5jutades naha rasu- ja higin\u00e4\u00e4rmeid, veresooni ja lihaseid.<\/li><li>Ohutu ja valutu, vigastusteta ja mugav.<\/li><\/ul><p>\u00a0<\/p>\t\t\t\t\t\t\t\t<\/div>\n\t\t\t\t<\/div>\n\t\t\t\t\t<\/div>\n\t\t<\/div>\n\t\t\t\t\t<\/div>\n\t\t<\/section>\n\t\t\t\t<section class=\"elementor-section elementor-top-section elementor-element elementor-element-24a0488 elementor-section-boxed elementor-section-height-default elementor-section-height-default\" data-id=\"24a0488\" data-element_type=\"section\" data-e-type=\"section\">\n\t\t\t\t\t\t<div class=\"elementor-container elementor-column-gap-default\">\n\t\t\t\t\t<div class=\"elementor-column elementor-col-50 elementor-top-column elementor-element elementor-element-babd504\" data-id=\"babd504\" data-element_type=\"column\" data-e-type=\"column\">\n\t\t\t<div class=\"elementor-widget-wrap elementor-element-populated\">\n\t\t\t\t\t\t<div class=\"elementor-element elementor-element-c17ea47 elementor-widget elementor-widget-video\" data-id=\"c17ea47\" data-element_type=\"widget\" data-e-type=\"widget\" data-settings=\"{&quot;youtube_url&quot;:&quot;https:\\\/\\\/www.youtube.com\\\/watch?v=690rb-pwPAw&quot;,&quot;video_type&quot;:&quot;youtube&quot;,&quot;controls&quot;:&quot;yes&quot;}\" data-widget_type=\"video.default\">\n\t\t\t\t<div class=\"elementor-widget-container\">\n\t\t\t\t\t\t\t<div class=\"elementor-wrapper elementor-open-inline\">\n\t\t\t<div class=\"elementor-video\"><\/div>\t\t<\/div>\n\t\t\t\t\t\t<\/div>\n\t\t\t\t<\/div>\n\t\t\t\t\t<\/div>\n\t\t<\/div>\n\t\t\t\t<div class=\"elementor-column elementor-col-50 elementor-top-column elementor-element elementor-element-def884e\" data-id=\"def884e\" data-element_type=\"column\" data-e-type=\"column\">\n\t\t\t<div class=\"elementor-widget-wrap elementor-element-populated\">\n\t\t\t\t\t\t<div class=\"elementor-element elementor-element-0a74b60 elementor-widget elementor-widget-video\" data-id=\"0a74b60\" data-element_type=\"widget\" data-e-type=\"widget\" data-settings=\"{&quot;youtube_url&quot;:&quot;https:\\\/\\\/www.youtube.com\\\/watch?v=DGod1eTlPw0&quot;,&quot;video_type&quot;:&quot;youtube&quot;,&quot;controls&quot;:&quot;yes&quot;}\" data-widget_type=\"video.default\">\n\t\t\t\t<div class=\"elementor-widget-container\">\n\t\t\t\t\t\t\t<div class=\"elementor-wrapper elementor-open-inline\">\n\t\t\t<div class=\"elementor-video\"><\/div>\t\t<\/div>\n\t\t\t\t\t\t<\/div>\n\t\t\t\t<\/div>\n\t\t\t\t\t<\/div>\n\t\t<\/div>\n\t\t\t\t\t<\/div>\n\t\t<\/section>\n\t\t\t\t<section class=\"elementor-section elementor-top-section elementor-element elementor-element-4031ad55 elementor-section-boxed elementor-section-height-default elementor-section-height-default\" data-id=\"4031ad55\" data-element_type=\"section\" data-e-type=\"section\">\n\t\t\t\t\t\t<div class=\"elementor-container elementor-column-gap-default\">\n\t\t\t\t\t<div class=\"elementor-column elementor-col-100 elementor-top-column elementor-element elementor-element-5501092f\" data-id=\"5501092f\" data-element_type=\"column\" data-e-type=\"column\">\n\t\t\t<div class=\"elementor-widget-wrap elementor-element-populated\">\n\t\t\t\t\t\t<div class=\"elementor-element elementor-element-2181260f elementor-widget elementor-widget-heading\" data-id=\"2181260f\" data-element_type=\"widget\" data-e-type=\"widget\" data-widget_type=\"heading.default\">\n\t\t\t\t<div class=\"elementor-widget-container\">\n\t\t\t\t\t<h2 class=\"elementor-heading-title elementor-size-default\">Hinnakiri<\/h2>\t\t\t\t<\/div>\n\t\t\t\t<\/div>\n\t\t\t\t<div class=\"elementor-element elementor-element-50c0095c elementor-widget elementor-widget-text-editor\" data-id=\"50c0095c\" data-element_type=\"widget\" data-e-type=\"widget\" data-widget_type=\"text-editor.default\">\n\t\t\t\t<div class=\"elementor-widget-container\">\n\t\t\t\t\t\t\t\t\t<p>\n<table id=\"tablepress-62\" class=\"tablepress tablepress-id-62\">\n<thead>\n<tr class=\"row-1\">\n\t<th class=\"column-1\">Aqua-peeling Jet Peel<\/th><th class=\"column-2\">Hind \u20ac<\/th>\n<\/tr>\n<\/thead>\n<tbody class=\"row-striping row-hover\">\n<tr class=\"row-2\">\n\t<td class=\"column-1\">Jet Peel peanahakoorimine + Seerum, 30 min<br \/>\n<\/td><td class=\"column-2\">71,00<\/td>\n<\/tr>\n<tr class=\"row-3\">\n\t<td class=\"column-1\">Jet Peel peanahapuhastus<\/td><td class=\"column-2\">60,00<\/td>\n<\/tr>\n<tr class=\"row-4\">\n\t<td class=\"column-1\">SPA hoolitsus k\u00e4tele (Jet Peel + Parafiin)<\/td><td class=\"column-2\">50,00<\/td>\n<\/tr>\n<tr class=\"row-5\">\n\t<td class=\"column-1\">Jet Peel AntiAge, 60 min<br \/>\n<\/td><td class=\"column-2\">82,00<\/td>\n<\/tr>\n<tr class=\"row-6\">\n\t<td class=\"column-1\">Jet Peel Express, 45 min<\/td><td class=\"column-2\">65,00<\/td>\n<\/tr>\n<tr class=\"row-7\">\n\t<td class=\"column-1\">Jet Peel Standart, 60 min<br \/>\n<\/td><td class=\"column-2\">72,00<\/td>\n<\/tr>\n<tr class=\"row-8\">\n\t<td class=\"column-1\">Jet Peel Lux, 60 min<\/td><td class=\"column-2\">110,00<\/td>\n<\/tr>\n<tr class=\"row-9\">\n\t<td class=\"column-1\">Jet Peel + Face Fitness<\/td><td class=\"column-2\">77,00<\/td>\n<\/tr>\n<\/tbody>\n<\/table>\n<!-- #tablepress-62 from cache --><\/p>\t\t\t\t\t\t\t\t<\/div>\n\t\t\t\t<\/div>\n\t\t\t\t<div class=\"elementor-element elementor-element-302c106a pp-buttons-halign-center pp-buttons-stack-none elementor-widget elementor-widget-pp-buttons\" data-id=\"302c106a\" data-element_type=\"widget\" data-e-type=\"widget\" data-widget_type=\"pp-buttons.default\">\n\t\t\t\t<div class=\"elementor-widget-container\">\n\t\t\t\t\t\t\t<div class=\"pp-buttons-group\">\n\t\t\t\t\t\t\t\t\t\t\t<a href=\"https:\/\/shop.medicest.eu\/et\/product\/aqua-peeling-jet-peel-meestele\/\" target=\"_blank\" class=\"pp-button elementor-button elementor-size-md elementor-repeater-item-c938c7f \">\n\t\t\t\t\t<div class=\"pp-button-content-wrapper\">\n\t\t\t\t\t\t<span class=\"pp-button-content-inner pp-icon-before\">\n\t\t\t\t\t\t\t\n\t\t\t\t\t\t\t\t<span class=\"pp-button-title\">\n\t\t\t\t\t\t\t\t\tOsta\t\t\t\t\t\t\t\t<\/span>\n\t\t\t\t\t\t\t\t\t\t\t\t\t<\/span>\n\t\t\t\t\t<\/div>\n\t\t\t\t<\/a>\n\t\t\t\t\t\t\t\t\t\t<\/div>\t\t\t\t<\/div>\n\t\t\t\t<\/div>\n\t\t\t\t\t<\/div>\n\t\t<\/div>\n\t\t\t\t\t<\/div>\n\t\t<\/section>\n\t\t\t\t<\/div>\n\t\t","protected":false},"excerpt":{"rendered":"<p>Gaasi-vedelik koorimine Jet Peel Naha k\u00fcllastamine hapnikuga \u2013 revolutsiooniline naha noorendamise ja koorimise meetod MEESTELE Meeste n\u00e4onahk on tundlikum pideva raseerimise t\u00f5ttu, mis v\u00e4ljendub naha sagedase ketendusena. Vanusega seotud gravitatsiooniline ptoos on meestel rohkem v\u00e4ljendunud, neil on m\u00e4rgatavamad ealised muutused n\u00e4o kontuurides. S\u00fcgavate kortsude teke on sagedamini omane meeste nahale\u2026<\/p>\n<p class=\"continue-reading-button\"> <a class=\"continue-reading-link\" href=\"https:\/\/medicest.eu\/et\/aqua-peeling-jet-peel-meestele\/\"><i class=\"crycon-right-dir\"><\/i><\/a><\/p>\n","protected":false},"author":1,"featured_media":0,"parent":0,"menu_order":0,"comment_status":"closed","ping_status":"closed","template":"","meta":{"footnotes":""},"class_list":["post-6175","page","type-page","status-publish","hentry"],"yoast_head":"<!-- This site is optimized with the Yoast SEO plugin v27.3 - https:\/\/yoast.com\/product\/yoast-seo-wordpress\/ -->\n<title>Aqua-peeling Jet Peel meestele - Ilukliinik Medic-Esthetic<\/title>\n<meta name=\"robots\" content=\"index, follow, max-snippet:-1, max-image-preview:large, max-video-preview:-1\" \/>\n<link rel=\"canonical\" href=\"https:\/\/medicest.eu\/et\/aqua-peeling-jet-peel-meestele\/\" \/>\n<meta property=\"og:locale\" content=\"et_EE\" \/>\n<meta property=\"og:type\" content=\"article\" \/>\n<meta property=\"og:title\" content=\"Aqua-peeling Jet Peel meestele - Ilukliinik Medic-Esthetic\" \/>\n<meta property=\"og:description\" content=\"Gaasi-vedelik koorimine Jet Peel Naha k\u00fcllastamine hapnikuga \u2013 revolutsiooniline naha noorendamise ja koorimise meetod MEESTELE Meeste n\u00e4onahk on tundlikum pideva raseerimise t\u00f5ttu, mis v\u00e4ljendub naha sagedase ketendusena. Vanusega seotud gravitatsiooniline ptoos on meestel rohkem v\u00e4ljendunud, neil on m\u00e4rgatavamad ealised muutused n\u00e4o kontuurides. S\u00fcgavate kortsude teke on sagedamini omane meeste nahale\u2026\" \/>\n<meta property=\"og:url\" content=\"https:\/\/medicest.eu\/et\/aqua-peeling-jet-peel-meestele\/\" \/>\n<meta property=\"og:site_name\" content=\"Ilukliinik Medic-Esthetic\" \/>\n<meta property=\"article:modified_time\" content=\"2021-12-10T15:15:03+00:00\" \/>\n<meta property=\"og:image\" content=\"http:\/\/medicest.eu\/wp-content\/uploads\/2021\/12\/jetpeel-men.jpg\" \/>\n<meta name=\"twitter:card\" content=\"summary_large_image\" \/>\n<meta name=\"twitter:label1\" content=\"Est. reading time\" \/>\n\t<meta name=\"twitter:data1\" content=\"2 minutit\" \/>\n<script type=\"application\/ld+json\" class=\"yoast-schema-graph\">{\"@context\":\"https:\\\/\\\/schema.org\",\"@graph\":[{\"@type\":\"WebPage\",\"@id\":\"https:\\\/\\\/medicest.eu\\\/et\\\/aqua-peeling-jet-peel-meestele\\\/\",\"url\":\"https:\\\/\\\/medicest.eu\\\/et\\\/aqua-peeling-jet-peel-meestele\\\/\",\"name\":\"Aqua-peeling Jet Peel meestele - Ilukliinik Medic-Esthetic\",\"isPartOf\":{\"@id\":\"https:\\\/\\\/medicest.eu\\\/#website\"},\"primaryImageOfPage\":{\"@id\":\"https:\\\/\\\/medicest.eu\\\/et\\\/aqua-peeling-jet-peel-meestele\\\/#primaryimage\"},\"image\":{\"@id\":\"https:\\\/\\\/medicest.eu\\\/et\\\/aqua-peeling-jet-peel-meestele\\\/#primaryimage\"},\"thumbnailUrl\":\"http:\\\/\\\/medicest.eu\\\/wp-content\\\/uploads\\\/2021\\\/12\\\/jetpeel-men.jpg\",\"datePublished\":\"2021-12-09T12:20:11+00:00\",\"dateModified\":\"2021-12-10T15:15:03+00:00\",\"breadcrumb\":{\"@id\":\"https:\\\/\\\/medicest.eu\\\/et\\\/aqua-peeling-jet-peel-meestele\\\/#breadcrumb\"},\"inLanguage\":\"et\",\"potentialAction\":[{\"@type\":\"ReadAction\",\"target\":[\"https:\\\/\\\/medicest.eu\\\/et\\\/aqua-peeling-jet-peel-meestele\\\/\"]}]},{\"@type\":\"ImageObject\",\"inLanguage\":\"et\",\"@id\":\"https:\\\/\\\/medicest.eu\\\/et\\\/aqua-peeling-jet-peel-meestele\\\/#primaryimage\",\"url\":\"http:\\\/\\\/medicest.eu\\\/wp-content\\\/uploads\\\/2021\\\/12\\\/jetpeel-men.jpg\",\"contentUrl\":\"http:\\\/\\\/medicest.eu\\\/wp-content\\\/uploads\\\/2021\\\/12\\\/jetpeel-men.jpg\"},{\"@type\":\"BreadcrumbList\",\"@id\":\"https:\\\/\\\/medicest.eu\\\/et\\\/aqua-peeling-jet-peel-meestele\\\/#breadcrumb\",\"itemListElement\":[{\"@type\":\"ListItem\",\"position\":1,\"name\":\"Home\",\"item\":\"https:\\\/\\\/medicest.eu\\\/\"},{\"@type\":\"ListItem\",\"position\":2,\"name\":\"Aqua-peeling Jet Peel meestele\"}]},{\"@type\":\"WebSite\",\"@id\":\"https:\\\/\\\/medicest.eu\\\/#website\",\"url\":\"https:\\\/\\\/medicest.eu\\\/\",\"name\":\"Ilukliinik Medic-Esthetic\",\"description\":\"Beauty &amp; Prestige\",\"potentialAction\":[{\"@type\":\"SearchAction\",\"target\":{\"@type\":\"EntryPoint\",\"urlTemplate\":\"https:\\\/\\\/medicest.eu\\\/?s={search_term_string}\"},\"query-input\":{\"@type\":\"PropertyValueSpecification\",\"valueRequired\":true,\"valueName\":\"search_term_string\"}}],\"inLanguage\":\"et\"}]}<\/script>\n<!-- \/ Yoast SEO plugin. -->","yoast_head_json":{"title":"Aqua-peeling Jet Peel meestele - Ilukliinik Medic-Esthetic","robots":{"index":"index","follow":"follow","max-snippet":"max-snippet:-1","max-image-preview":"max-image-preview:large","max-video-preview":"max-video-preview:-1"},"canonical":"https:\/\/medicest.eu\/et\/aqua-peeling-jet-peel-meestele\/","og_locale":"et_EE","og_type":"article","og_title":"Aqua-peeling Jet Peel meestele - Ilukliinik Medic-Esthetic","og_description":"Gaasi-vedelik koorimine Jet Peel Naha k\u00fcllastamine hapnikuga \u2013 revolutsiooniline naha noorendamise ja koorimise meetod MEESTELE Meeste n\u00e4onahk on tundlikum pideva raseerimise t\u00f5ttu, mis v\u00e4ljendub naha sagedase ketendusena. Vanusega seotud gravitatsiooniline ptoos on meestel rohkem v\u00e4ljendunud, neil on m\u00e4rgatavamad ealised muutused n\u00e4o kontuurides. S\u00fcgavate kortsude teke on sagedamini omane meeste nahale\u2026","og_url":"https:\/\/medicest.eu\/et\/aqua-peeling-jet-peel-meestele\/","og_site_name":"Ilukliinik Medic-Esthetic","article_modified_time":"2021-12-10T15:15:03+00:00","og_image":[{"url":"http:\/\/medicest.eu\/wp-content\/uploads\/2021\/12\/jetpeel-men.jpg","type":"","width":"","height":""}],"twitter_card":"summary_large_image","twitter_misc":{"Est. reading time":"2 minutit"},"schema":{"@context":"https:\/\/schema.org","@graph":[{"@type":"WebPage","@id":"https:\/\/medicest.eu\/et\/aqua-peeling-jet-peel-meestele\/","url":"https:\/\/medicest.eu\/et\/aqua-peeling-jet-peel-meestele\/","name":"Aqua-peeling Jet Peel meestele - Ilukliinik Medic-Esthetic","isPartOf":{"@id":"https:\/\/medicest.eu\/#website"},"primaryImageOfPage":{"@id":"https:\/\/medicest.eu\/et\/aqua-peeling-jet-peel-meestele\/#primaryimage"},"image":{"@id":"https:\/\/medicest.eu\/et\/aqua-peeling-jet-peel-meestele\/#primaryimage"},"thumbnailUrl":"http:\/\/medicest.eu\/wp-content\/uploads\/2021\/12\/jetpeel-men.jpg","datePublished":"2021-12-09T12:20:11+00:00","dateModified":"2021-12-10T15:15:03+00:00","breadcrumb":{"@id":"https:\/\/medicest.eu\/et\/aqua-peeling-jet-peel-meestele\/#breadcrumb"},"inLanguage":"et","potentialAction":[{"@type":"ReadAction","target":["https:\/\/medicest.eu\/et\/aqua-peeling-jet-peel-meestele\/"]}]},{"@type":"ImageObject","inLanguage":"et","@id":"https:\/\/medicest.eu\/et\/aqua-peeling-jet-peel-meestele\/#primaryimage","url":"http:\/\/medicest.eu\/wp-content\/uploads\/2021\/12\/jetpeel-men.jpg","contentUrl":"http:\/\/medicest.eu\/wp-content\/uploads\/2021\/12\/jetpeel-men.jpg"},{"@type":"BreadcrumbList","@id":"https:\/\/medicest.eu\/et\/aqua-peeling-jet-peel-meestele\/#breadcrumb","itemListElement":[{"@type":"ListItem","position":1,"name":"Home","item":"https:\/\/medicest.eu\/"},{"@type":"ListItem","position":2,"name":"Aqua-peeling Jet Peel meestele"}]},{"@type":"WebSite","@id":"https:\/\/medicest.eu\/#website","url":"https:\/\/medicest.eu\/","name":"Ilukliinik Medic-Esthetic","description":"Beauty &amp; Prestige","potentialAction":[{"@type":"SearchAction","target":{"@type":"EntryPoint","urlTemplate":"https:\/\/medicest.eu\/?s={search_term_string}"},"query-input":{"@type":"PropertyValueSpecification","valueRequired":true,"valueName":"search_term_string"}}],"inLanguage":"et"}]}},"_links":{"self":[{"href":"https:\/\/medicest.eu\/et\/wp-json\/wp\/v2\/pages\/6175","targetHints":{"allow":["GET"]}}],"collection":[{"href":"https:\/\/medicest.eu\/et\/wp-json\/wp\/v2\/pages"}],"about":[{"href":"https:\/\/medicest.eu\/et\/wp-json\/wp\/v2\/types\/page"}],"author":[{"embeddable":true,"href":"https:\/\/medicest.eu\/et\/wp-json\/wp\/v2\/users\/1"}],"replies":[{"embeddable":true,"href":"https:\/\/medicest.eu\/et\/wp-json\/wp\/v2\/comments?post=6175"}],"version-history":[{"count":7,"href":"https:\/\/medicest.eu\/et\/wp-json\/wp\/v2\/pages\/6175\/revisions"}],"predecessor-version":[{"id":6244,"href":"https:\/\/medicest.eu\/et\/wp-json\/wp\/v2\/pages\/6175\/revisions\/6244"}],"wp:attachment":[{"href":"https:\/\/medicest.eu\/et\/wp-json\/wp\/v2\/media?parent=6175"}],"curies":[{"name":"wp","href":"https:\/\/api.w.org\/{rel}","templated":true}]}}