{"id":5810,"date":"2021-11-12T12:01:52","date_gmt":"2021-11-12T12:01:52","guid":{"rendered":"https:\/\/medicest.eu\/naohooldused-christina\/uxod-dlya-lica-christina-illustrious\/"},"modified":"2021-11-16T13:21:31","modified_gmt":"2021-11-16T13:21:31","slug":"naohooldus-christina-illustrious","status":"publish","type":"page","link":"https:\/\/medicest.eu\/et\/naohooldused-christina\/naohooldus-christina-illustrious\/","title":{"rendered":"N\u00e4ohooldus Christina Illustrious"},"content":{"rendered":"\t\t<div data-elementor-type=\"wp-page\" data-elementor-id=\"5810\" class=\"elementor elementor-5810 elementor-5623\">\n\t\t\t\t\t\t<section class=\"elementor-section elementor-top-section elementor-element elementor-element-7cc22a4d elementor-section-boxed elementor-section-height-default elementor-section-height-default\" data-id=\"7cc22a4d\" data-element_type=\"section\" data-e-type=\"section\">\n\t\t\t\t\t\t<div class=\"elementor-container elementor-column-gap-default\">\n\t\t\t\t\t<div class=\"elementor-column elementor-col-100 elementor-top-column elementor-element elementor-element-1d4fe3ef\" data-id=\"1d4fe3ef\" data-element_type=\"column\" data-e-type=\"column\">\n\t\t\t<div class=\"elementor-widget-wrap elementor-element-populated\">\n\t\t\t\t\t\t<div class=\"elementor-element elementor-element-66688bbe elementor-widget elementor-widget-heading\" data-id=\"66688bbe\" data-element_type=\"widget\" data-e-type=\"widget\" data-widget_type=\"heading.default\">\n\t\t\t\t<div class=\"elementor-widget-container\">\n\t\t\t\t\t<h2 class=\"elementor-heading-title elementor-size-default\">N\u00e4ohooldus Christina Illustrious<\/h2>\t\t\t\t<\/div>\n\t\t\t\t<\/div>\n\t\t\t\t<div class=\"elementor-element elementor-element-3666d9a8 elementor-widget elementor-widget-heading\" data-id=\"3666d9a8\" data-element_type=\"widget\" data-e-type=\"widget\" data-widget_type=\"heading.default\">\n\t\t\t\t<div class=\"elementor-widget-container\">\n\t\t\t\t\t<h3 class=\"elementor-heading-title elementor-size-default\">Sari nahatooni valgendamiseks ja u\u0308htlustamiseks\n\n<\/h3>\t\t\t\t<\/div>\n\t\t\t\t<\/div>\n\t\t\t\t\t<\/div>\n\t\t<\/div>\n\t\t\t\t\t<\/div>\n\t\t<\/section>\n\t\t\t\t<section class=\"elementor-section elementor-top-section elementor-element elementor-element-475c76f elementor-section-boxed elementor-section-height-default elementor-section-height-default\" data-id=\"475c76f\" data-element_type=\"section\" data-e-type=\"section\">\n\t\t\t\t\t\t<div class=\"elementor-container elementor-column-gap-default\">\n\t\t\t\t\t<div class=\"elementor-column elementor-col-50 elementor-top-column elementor-element elementor-element-81c5f74\" data-id=\"81c5f74\" data-element_type=\"column\" data-e-type=\"column\">\n\t\t\t<div class=\"elementor-widget-wrap elementor-element-populated\">\n\t\t\t\t\t\t<div class=\"elementor-element elementor-element-e2f6541 elementor-widget elementor-widget-image\" data-id=\"e2f6541\" data-element_type=\"widget\" data-e-type=\"widget\" data-widget_type=\"image.default\">\n\t\t\t\t<div class=\"elementor-widget-container\">\n\t\t\t\t\t\t\t\t\t\t\t\t\t\t\t<img fetchpriority=\"high\" decoding=\"async\" width=\"808\" height=\"708\" src=\"https:\/\/medicest.eu\/wp-content\/uploads\/2021\/11\/ILLUSTRIOUS.jpg\" class=\"attachment-large size-large wp-image-5627\" alt=\"\" srcset=\"https:\/\/medicest.eu\/wp-content\/uploads\/2021\/11\/ILLUSTRIOUS.jpg 808w, https:\/\/medicest.eu\/wp-content\/uploads\/2021\/11\/ILLUSTRIOUS-300x263.jpg 300w, https:\/\/medicest.eu\/wp-content\/uploads\/2021\/11\/ILLUSTRIOUS-768x673.jpg 768w, https:\/\/medicest.eu\/wp-content\/uploads\/2021\/11\/ILLUSTRIOUS-150x131.jpg 150w\" sizes=\"(max-width: 808px) 100vw, 808px\" \/>\t\t\t\t\t\t\t\t\t\t\t\t\t\t\t<\/div>\n\t\t\t\t<\/div>\n\t\t\t\t\t<\/div>\n\t\t<\/div>\n\t\t\t\t<div class=\"elementor-column elementor-col-50 elementor-top-column elementor-element elementor-element-bc6134c\" data-id=\"bc6134c\" data-element_type=\"column\" data-e-type=\"column\">\n\t\t\t<div class=\"elementor-widget-wrap elementor-element-populated\">\n\t\t\t\t\t\t<div class=\"elementor-element elementor-element-957c3d7 elementor-widget elementor-widget-text-editor\" data-id=\"957c3d7\" data-element_type=\"widget\" data-e-type=\"widget\" data-widget_type=\"text-editor.default\">\n\t\t\t\t<div class=\"elementor-widget-container\">\n\t\t\t\t\t\t\t\t\t<p>Toimides melaniini v\u00e4ljat\u00f6\u00f6tamise k\u00f5ikide faaside ja ilmingute vastu, neid kontrollides ja maha surudes, ravib Illustrious naha v\u00e4rvimuutusi ja pigmentatsiooni, mille on tekitanud hormonaalsed muutused, aknel\u00f6\u00f6ve, u\u0308mbritsev keskkond, UV-kiirgus v\u00f5i loomulik vananemisprotsess.<\/p><p>ILLUSTRIOUS tagab silmn\u00e4htava valgenemise esimese kasutuskorraga, tuues v\u00e4lja s\u00e4rava, pringima, siledama ja kosutatud naha, mis t\u00e4nu hoolikalt v\u00e4ljat\u00f6\u00f6tatud kodusele hooldusre\u017eiimile pu\u0308sib sellisena pikema aja jooksul.<\/p><p>Selle sarja puhul on erilise t\u00e4helepanu all individuaalsete lahenduste pakkumine paljudele ebasoovitavatele ilmingutele nahal.<\/p>\t\t\t\t\t\t\t\t<\/div>\n\t\t\t\t<\/div>\n\t\t\t\t\t<\/div>\n\t\t<\/div>\n\t\t\t\t\t<\/div>\n\t\t<\/section>\n\t\t\t\t<section class=\"elementor-section elementor-top-section elementor-element elementor-element-a0de89f elementor-section-boxed elementor-section-height-default elementor-section-height-default\" data-id=\"a0de89f\" data-element_type=\"section\" data-e-type=\"section\">\n\t\t\t\t\t\t<div class=\"elementor-container elementor-column-gap-default\">\n\t\t\t\t\t<div class=\"elementor-column elementor-col-50 elementor-top-column elementor-element elementor-element-5438322\" data-id=\"5438322\" data-element_type=\"column\" data-e-type=\"column\">\n\t\t\t<div class=\"elementor-widget-wrap elementor-element-populated\">\n\t\t\t\t\t\t<div class=\"elementor-element elementor-element-b7b60cf elementor-widget elementor-widget-text-editor\" data-id=\"b7b60cf\" data-element_type=\"widget\" data-e-type=\"widget\" data-widget_type=\"text-editor.default\">\n\t\t\t\t<div class=\"elementor-widget-container\">\n\t\t\t\t\t\t\t\t\t<blockquote><p>V\u00e4ga efektiivne pigmentatsioonivastane valgendav l\u00e4henemine, mis toob tagasi noorusliku naha s\u00e4deluse ning annab talle l\u00e4bikumava s\u00e4ra.<\/p><\/blockquote>\t\t\t\t\t\t\t\t<\/div>\n\t\t\t\t<\/div>\n\t\t\t\t\t<\/div>\n\t\t<\/div>\n\t\t\t\t<div class=\"elementor-column elementor-col-50 elementor-top-column elementor-element elementor-element-bdb4659\" data-id=\"bdb4659\" data-element_type=\"column\" data-e-type=\"column\">\n\t\t\t<div class=\"elementor-widget-wrap elementor-element-populated\">\n\t\t\t\t\t\t<div class=\"elementor-element elementor-element-33d5c23 elementor-widget elementor-widget-text-editor\" data-id=\"33d5c23\" data-element_type=\"widget\" data-e-type=\"widget\" data-widget_type=\"text-editor.default\">\n\t\t\t\t<div class=\"elementor-widget-container\">\n\t\t\t\t\t\t\t\t\t<h4><strong>Eelised:<\/strong><\/h4><ul><li>Sobib k\u00f5ikide nahatoonide ja -tu\u0308u\u0308pide puhul<\/li><li>Ainulaadne kerge koostis<\/li><li>Laia spektriga SPF-kaitse<\/li><li>ei sisalda parabeene<\/li><li>ei sisalda petrolaatumit<\/li><li>ei sisalda propu\u0308leenglu\u0308kooli<\/li><li>SLS-vaba<\/li><li>ei sisalda silikoone (v\u00e4lja arvatud Absolute Bright)<\/li><\/ul>\t\t\t\t\t\t\t\t<\/div>\n\t\t\t\t<\/div>\n\t\t\t\t\t<\/div>\n\t\t<\/div>\n\t\t\t\t\t<\/div>\n\t\t<\/section>\n\t\t\t\t<section class=\"elementor-section elementor-top-section elementor-element elementor-element-6b5a9923 elementor-section-boxed elementor-section-height-default elementor-section-height-default\" data-id=\"6b5a9923\" data-element_type=\"section\" data-e-type=\"section\">\n\t\t\t\t\t\t<div class=\"elementor-container elementor-column-gap-default\">\n\t\t\t\t\t<div class=\"elementor-column elementor-col-100 elementor-top-column elementor-element elementor-element-a259191\" data-id=\"a259191\" data-element_type=\"column\" data-e-type=\"column\">\n\t\t\t<div class=\"elementor-widget-wrap elementor-element-populated\">\n\t\t\t\t\t\t<div class=\"elementor-element elementor-element-35ec97f0 elementor-widget elementor-widget-heading\" data-id=\"35ec97f0\" data-element_type=\"widget\" data-e-type=\"widget\" data-widget_type=\"heading.default\">\n\t\t\t\t<div class=\"elementor-widget-container\">\n\t\t\t\t\t<h2 class=\"elementor-heading-title elementor-size-default\">Hinnakiri<\/h2>\t\t\t\t<\/div>\n\t\t\t\t<\/div>\n\t\t\t\t<div class=\"elementor-element elementor-element-55d6f32d elementor-widget elementor-widget-text-editor\" data-id=\"55d6f32d\" data-element_type=\"widget\" data-e-type=\"widget\" data-widget_type=\"text-editor.default\">\n\t\t\t\t<div class=\"elementor-widget-container\">\n\t\t\t\t\t\t\t\t\t<p>\n<table id=\"tablepress-8\" class=\"tablepress tablepress-id-8\">\n<thead>\n<tr class=\"row-1\">\n\t<th class=\"column-1\">N\u00e4ohooldused Christina<\/th><th class=\"column-2\">Hind \u20ac<\/th>\n<\/tr>\n<\/thead>\n<tbody class=\"row-striping row-hover\">\n<tr class=\"row-2\">\n\t<td class=\"column-1\">N\u00e4ohooldus Christina Silk + massaa\u017e 90 min<\/td><td class=\"column-2\">75,00<\/td>\n<\/tr>\n<\/tbody>\n<\/table>\n<!-- #tablepress-8 from cache --><\/p>\t\t\t\t\t\t\t\t<\/div>\n\t\t\t\t<\/div>\n\t\t\t\t<div class=\"elementor-element elementor-element-49af8620 pp-buttons-halign-center pp-buttons-stack-none elementor-widget elementor-widget-pp-buttons\" data-id=\"49af8620\" data-element_type=\"widget\" data-e-type=\"widget\" data-widget_type=\"pp-buttons.default\">\n\t\t\t\t<div class=\"elementor-widget-container\">\n\t\t\t\t\t\t\t<div class=\"pp-buttons-group\">\n\t\t\t\t\t\t\t\t\t\t\t<a href=\"https:\/\/medicest.eu\/et\/kontakt\/\" target=\"_blank\" class=\"pp-button elementor-button elementor-size-md elementor-repeater-item-c938c7f \">\n\t\t\t\t\t<div class=\"pp-button-content-wrapper\">\n\t\t\t\t\t\t<span class=\"pp-button-content-inner pp-icon-before\">\n\t\t\t\t\t\t\t\n\t\t\t\t\t\t\t\t<span class=\"pp-button-title\">\n\t\t\t\t\t\t\t\t\tBroneeri\t\t\t\t\t\t\t\t<\/span>\n\t\t\t\t\t\t\t\t\t\t\t\t\t<\/span>\n\t\t\t\t\t<\/div>\n\t\t\t\t<\/a>\n\t\t\t\t\t\t\t\t\t\t<\/div>\t\t\t\t<\/div>\n\t\t\t\t<\/div>\n\t\t\t\t\t<\/div>\n\t\t<\/div>\n\t\t\t\t\t<\/div>\n\t\t<\/section>\n\t\t\t\t<\/div>\n\t\t","protected":false},"excerpt":{"rendered":"<p>N\u00e4ohooldus Christina Illustrious Sari nahatooni valgendamiseks ja u\u0308htlustamiseks Toimides melaniini v\u00e4ljat\u00f6\u00f6tamise k\u00f5ikide faaside ja ilmingute vastu, neid kontrollides ja maha surudes, ravib Illustrious naha v\u00e4rvimuutusi ja pigmentatsiooni, mille on tekitanud hormonaalsed muutused, aknel\u00f6\u00f6ve, u\u0308mbritsev keskkond, UV-kiirgus v\u00f5i loomulik vananemisprotsess. ILLUSTRIOUS tagab silmn\u00e4htava valgenemise esimese kasutuskorraga, tuues v\u00e4lja s\u00e4rava, pringima, siledama\u2026<\/p>\n<p class=\"continue-reading-button\"> <a class=\"continue-reading-link\" href=\"https:\/\/medicest.eu\/et\/naohooldused-christina\/naohooldus-christina-illustrious\/\"><i class=\"crycon-right-dir\"><\/i><\/a><\/p>\n","protected":false},"author":1,"featured_media":0,"parent":5763,"menu_order":0,"comment_status":"closed","ping_status":"closed","template":"","meta":{"footnotes":""},"class_list":["post-5810","page","type-page","status-publish","hentry"],"yoast_head":"<!-- This site is optimized with the Yoast SEO plugin v27.4 - https:\/\/yoast.com\/product\/yoast-seo-wordpress\/ -->\n<title>N\u00e4ohooldus Christina Illustrious - Ilukliinik Medic-Esthetic<\/title>\n<meta name=\"robots\" content=\"index, follow, max-snippet:-1, max-image-preview:large, max-video-preview:-1\" \/>\n<link rel=\"canonical\" href=\"https:\/\/medicest.eu\/et\/naohooldused-christina\/naohooldus-christina-illustrious\/\" \/>\n<meta property=\"og:locale\" content=\"et_EE\" \/>\n<meta property=\"og:type\" content=\"article\" \/>\n<meta property=\"og:title\" content=\"N\u00e4ohooldus Christina Illustrious - Ilukliinik Medic-Esthetic\" \/>\n<meta property=\"og:description\" content=\"N\u00e4ohooldus Christina Illustrious Sari nahatooni valgendamiseks ja u\u0308htlustamiseks Toimides melaniini v\u00e4ljat\u00f6\u00f6tamise k\u00f5ikide faaside ja ilmingute vastu, neid kontrollides ja maha surudes, ravib Illustrious naha v\u00e4rvimuutusi ja pigmentatsiooni, mille on tekitanud hormonaalsed muutused, aknel\u00f6\u00f6ve, u\u0308mbritsev keskkond, UV-kiirgus v\u00f5i loomulik vananemisprotsess. ILLUSTRIOUS tagab silmn\u00e4htava valgenemise esimese kasutuskorraga, tuues v\u00e4lja s\u00e4rava, pringima, siledama\u2026\" \/>\n<meta property=\"og:url\" content=\"https:\/\/medicest.eu\/et\/naohooldused-christina\/naohooldus-christina-illustrious\/\" \/>\n<meta property=\"og:site_name\" content=\"Ilukliinik Medic-Esthetic\" \/>\n<meta property=\"article:modified_time\" content=\"2021-11-16T13:21:31+00:00\" \/>\n<meta property=\"og:image\" content=\"http:\/\/medicest.eu\/wp-content\/uploads\/2021\/11\/ILLUSTRIOUS.jpg\" \/>\n<meta name=\"twitter:card\" content=\"summary_large_image\" \/>\n<meta name=\"twitter:label1\" content=\"Est. reading time\" \/>\n\t<meta name=\"twitter:data1\" content=\"1 minut\" \/>\n<script type=\"application\/ld+json\" class=\"yoast-schema-graph\">{\"@context\":\"https:\\\/\\\/schema.org\",\"@graph\":[{\"@type\":\"WebPage\",\"@id\":\"https:\\\/\\\/medicest.eu\\\/et\\\/naohooldused-christina\\\/naohooldus-christina-illustrious\\\/\",\"url\":\"https:\\\/\\\/medicest.eu\\\/et\\\/naohooldused-christina\\\/naohooldus-christina-illustrious\\\/\",\"name\":\"N\u00e4ohooldus Christina Illustrious - Ilukliinik Medic-Esthetic\",\"isPartOf\":{\"@id\":\"https:\\\/\\\/medicest.eu\\\/#website\"},\"primaryImageOfPage\":{\"@id\":\"https:\\\/\\\/medicest.eu\\\/et\\\/naohooldused-christina\\\/naohooldus-christina-illustrious\\\/#primaryimage\"},\"image\":{\"@id\":\"https:\\\/\\\/medicest.eu\\\/et\\\/naohooldused-christina\\\/naohooldus-christina-illustrious\\\/#primaryimage\"},\"thumbnailUrl\":\"http:\\\/\\\/medicest.eu\\\/wp-content\\\/uploads\\\/2021\\\/11\\\/ILLUSTRIOUS.jpg\",\"datePublished\":\"2021-11-12T12:01:52+00:00\",\"dateModified\":\"2021-11-16T13:21:31+00:00\",\"breadcrumb\":{\"@id\":\"https:\\\/\\\/medicest.eu\\\/et\\\/naohooldused-christina\\\/naohooldus-christina-illustrious\\\/#breadcrumb\"},\"inLanguage\":\"et\",\"potentialAction\":[{\"@type\":\"ReadAction\",\"target\":[\"https:\\\/\\\/medicest.eu\\\/et\\\/naohooldused-christina\\\/naohooldus-christina-illustrious\\\/\"]}]},{\"@type\":\"ImageObject\",\"inLanguage\":\"et\",\"@id\":\"https:\\\/\\\/medicest.eu\\\/et\\\/naohooldused-christina\\\/naohooldus-christina-illustrious\\\/#primaryimage\",\"url\":\"http:\\\/\\\/medicest.eu\\\/wp-content\\\/uploads\\\/2021\\\/11\\\/ILLUSTRIOUS.jpg\",\"contentUrl\":\"http:\\\/\\\/medicest.eu\\\/wp-content\\\/uploads\\\/2021\\\/11\\\/ILLUSTRIOUS.jpg\"},{\"@type\":\"BreadcrumbList\",\"@id\":\"https:\\\/\\\/medicest.eu\\\/et\\\/naohooldused-christina\\\/naohooldus-christina-illustrious\\\/#breadcrumb\",\"itemListElement\":[{\"@type\":\"ListItem\",\"position\":1,\"name\":\"Home\",\"item\":\"https:\\\/\\\/medicest.eu\\\/\"},{\"@type\":\"ListItem\",\"position\":2,\"name\":\"N\u00e4ohooldused Christina\",\"item\":\"https:\\\/\\\/medicest.eu\\\/et\\\/naohooldused-christina\\\/\"},{\"@type\":\"ListItem\",\"position\":3,\"name\":\"N\u00e4ohooldus Christina Illustrious\"}]},{\"@type\":\"WebSite\",\"@id\":\"https:\\\/\\\/medicest.eu\\\/#website\",\"url\":\"https:\\\/\\\/medicest.eu\\\/\",\"name\":\"Ilukliinik Medic-Esthetic\",\"description\":\"Beauty &amp; Prestige\",\"potentialAction\":[{\"@type\":\"SearchAction\",\"target\":{\"@type\":\"EntryPoint\",\"urlTemplate\":\"https:\\\/\\\/medicest.eu\\\/?s={search_term_string}\"},\"query-input\":{\"@type\":\"PropertyValueSpecification\",\"valueRequired\":true,\"valueName\":\"search_term_string\"}}],\"inLanguage\":\"et\"}]}<\/script>\n<!-- \/ Yoast SEO plugin. -->","yoast_head_json":{"title":"N\u00e4ohooldus Christina Illustrious - Ilukliinik Medic-Esthetic","robots":{"index":"index","follow":"follow","max-snippet":"max-snippet:-1","max-image-preview":"max-image-preview:large","max-video-preview":"max-video-preview:-1"},"canonical":"https:\/\/medicest.eu\/et\/naohooldused-christina\/naohooldus-christina-illustrious\/","og_locale":"et_EE","og_type":"article","og_title":"N\u00e4ohooldus Christina Illustrious - Ilukliinik Medic-Esthetic","og_description":"N\u00e4ohooldus Christina Illustrious Sari nahatooni valgendamiseks ja u\u0308htlustamiseks Toimides melaniini v\u00e4ljat\u00f6\u00f6tamise k\u00f5ikide faaside ja ilmingute vastu, neid kontrollides ja maha surudes, ravib Illustrious naha v\u00e4rvimuutusi ja pigmentatsiooni, mille on tekitanud hormonaalsed muutused, aknel\u00f6\u00f6ve, u\u0308mbritsev keskkond, UV-kiirgus v\u00f5i loomulik vananemisprotsess. ILLUSTRIOUS tagab silmn\u00e4htava valgenemise esimese kasutuskorraga, tuues v\u00e4lja s\u00e4rava, pringima, siledama\u2026","og_url":"https:\/\/medicest.eu\/et\/naohooldused-christina\/naohooldus-christina-illustrious\/","og_site_name":"Ilukliinik Medic-Esthetic","article_modified_time":"2021-11-16T13:21:31+00:00","og_image":[{"url":"http:\/\/medicest.eu\/wp-content\/uploads\/2021\/11\/ILLUSTRIOUS.jpg","type":"","width":"","height":""}],"twitter_card":"summary_large_image","twitter_misc":{"Est. reading time":"1 minut"},"schema":{"@context":"https:\/\/schema.org","@graph":[{"@type":"WebPage","@id":"https:\/\/medicest.eu\/et\/naohooldused-christina\/naohooldus-christina-illustrious\/","url":"https:\/\/medicest.eu\/et\/naohooldused-christina\/naohooldus-christina-illustrious\/","name":"N\u00e4ohooldus Christina Illustrious - Ilukliinik Medic-Esthetic","isPartOf":{"@id":"https:\/\/medicest.eu\/#website"},"primaryImageOfPage":{"@id":"https:\/\/medicest.eu\/et\/naohooldused-christina\/naohooldus-christina-illustrious\/#primaryimage"},"image":{"@id":"https:\/\/medicest.eu\/et\/naohooldused-christina\/naohooldus-christina-illustrious\/#primaryimage"},"thumbnailUrl":"http:\/\/medicest.eu\/wp-content\/uploads\/2021\/11\/ILLUSTRIOUS.jpg","datePublished":"2021-11-12T12:01:52+00:00","dateModified":"2021-11-16T13:21:31+00:00","breadcrumb":{"@id":"https:\/\/medicest.eu\/et\/naohooldused-christina\/naohooldus-christina-illustrious\/#breadcrumb"},"inLanguage":"et","potentialAction":[{"@type":"ReadAction","target":["https:\/\/medicest.eu\/et\/naohooldused-christina\/naohooldus-christina-illustrious\/"]}]},{"@type":"ImageObject","inLanguage":"et","@id":"https:\/\/medicest.eu\/et\/naohooldused-christina\/naohooldus-christina-illustrious\/#primaryimage","url":"http:\/\/medicest.eu\/wp-content\/uploads\/2021\/11\/ILLUSTRIOUS.jpg","contentUrl":"http:\/\/medicest.eu\/wp-content\/uploads\/2021\/11\/ILLUSTRIOUS.jpg"},{"@type":"BreadcrumbList","@id":"https:\/\/medicest.eu\/et\/naohooldused-christina\/naohooldus-christina-illustrious\/#breadcrumb","itemListElement":[{"@type":"ListItem","position":1,"name":"Home","item":"https:\/\/medicest.eu\/"},{"@type":"ListItem","position":2,"name":"N\u00e4ohooldused Christina","item":"https:\/\/medicest.eu\/et\/naohooldused-christina\/"},{"@type":"ListItem","position":3,"name":"N\u00e4ohooldus Christina Illustrious"}]},{"@type":"WebSite","@id":"https:\/\/medicest.eu\/#website","url":"https:\/\/medicest.eu\/","name":"Ilukliinik Medic-Esthetic","description":"Beauty &amp; Prestige","potentialAction":[{"@type":"SearchAction","target":{"@type":"EntryPoint","urlTemplate":"https:\/\/medicest.eu\/?s={search_term_string}"},"query-input":{"@type":"PropertyValueSpecification","valueRequired":true,"valueName":"search_term_string"}}],"inLanguage":"et"}]}},"_links":{"self":[{"href":"https:\/\/medicest.eu\/et\/wp-json\/wp\/v2\/pages\/5810","targetHints":{"allow":["GET"]}}],"collection":[{"href":"https:\/\/medicest.eu\/et\/wp-json\/wp\/v2\/pages"}],"about":[{"href":"https:\/\/medicest.eu\/et\/wp-json\/wp\/v2\/types\/page"}],"author":[{"embeddable":true,"href":"https:\/\/medicest.eu\/et\/wp-json\/wp\/v2\/users\/1"}],"replies":[{"embeddable":true,"href":"https:\/\/medicest.eu\/et\/wp-json\/wp\/v2\/comments?post=5810"}],"version-history":[{"count":13,"href":"https:\/\/medicest.eu\/et\/wp-json\/wp\/v2\/pages\/5810\/revisions"}],"predecessor-version":[{"id":5823,"href":"https:\/\/medicest.eu\/et\/wp-json\/wp\/v2\/pages\/5810\/revisions\/5823"}],"up":[{"embeddable":true,"href":"https:\/\/medicest.eu\/et\/wp-json\/wp\/v2\/pages\/5763"}],"wp:attachment":[{"href":"https:\/\/medicest.eu\/et\/wp-json\/wp\/v2\/media?parent=5810"}],"curies":[{"name":"wp","href":"https:\/\/api.w.org\/{rel}","templated":true}]}}