{"id":5757,"date":"2021-11-08T10:33:45","date_gmt":"2021-11-08T10:33:45","guid":{"rendered":"https:\/\/medicest.eu\/konsultaciya-kosmetologa\/"},"modified":"2026-01-19T12:49:51","modified_gmt":"2026-01-19T12:49:51","slug":"kosmetoloogi-konsultatsioon","status":"publish","type":"page","link":"https:\/\/medicest.eu\/et\/kosmetoloogi-konsultatsioon\/","title":{"rendered":"Kosmetoloogi konsultatsioon"},"content":{"rendered":"\t\t<div data-elementor-type=\"wp-page\" data-elementor-id=\"5757\" class=\"elementor elementor-5757 elementor-5416\">\n\t\t\t\t\t\t<section class=\"elementor-section elementor-top-section elementor-element elementor-element-5cfd2a6e elementor-section-boxed elementor-section-height-default elementor-section-height-default\" data-id=\"5cfd2a6e\" data-element_type=\"section\" data-e-type=\"section\">\n\t\t\t\t\t\t<div class=\"elementor-container elementor-column-gap-default\">\n\t\t\t\t\t<div class=\"elementor-column elementor-col-100 elementor-top-column elementor-element elementor-element-26cb28dd\" data-id=\"26cb28dd\" data-element_type=\"column\" data-e-type=\"column\">\n\t\t\t<div class=\"elementor-widget-wrap elementor-element-populated\">\n\t\t\t\t\t\t<div class=\"elementor-element elementor-element-7795dbbe elementor-widget elementor-widget-heading\" data-id=\"7795dbbe\" data-element_type=\"widget\" data-e-type=\"widget\" data-widget_type=\"heading.default\">\n\t\t\t\t<div class=\"elementor-widget-container\">\n\t\t\t\t\t<h2 class=\"elementor-heading-title elementor-size-default\">Kosmetoloogi konsultatsioon<\/h2>\t\t\t\t<\/div>\n\t\t\t\t<\/div>\n\t\t\t\t<div class=\"elementor-element elementor-element-298f77b elementor-widget elementor-widget-text-editor\" data-id=\"298f77b\" data-element_type=\"widget\" data-e-type=\"widget\" data-widget_type=\"text-editor.default\">\n\t\t\t\t<div class=\"elementor-widget-container\">\n\t\t\t\t\t\t\t\t\t<p>V\u00f5imalus saada igak\u00fclgset teavet naha tervise kohta, soovitusi vanusega seotud muutuste korrigeerimiseks, nooruse ja ilu s\u00e4ilitamiseks.<\/p>\t\t\t\t\t\t\t\t<\/div>\n\t\t\t\t<\/div>\n\t\t\t\t\t<\/div>\n\t\t<\/div>\n\t\t\t\t\t<\/div>\n\t\t<\/section>\n\t\t\t\t<section class=\"elementor-section elementor-top-section elementor-element elementor-element-d629c82 elementor-section-boxed elementor-section-height-default elementor-section-height-default\" data-id=\"d629c82\" data-element_type=\"section\" data-e-type=\"section\">\n\t\t\t\t\t\t<div class=\"elementor-container elementor-column-gap-default\">\n\t\t\t\t\t<div class=\"elementor-column elementor-col-50 elementor-top-column elementor-element elementor-element-0782761\" data-id=\"0782761\" data-element_type=\"column\" data-e-type=\"column\">\n\t\t\t<div class=\"elementor-widget-wrap elementor-element-populated\">\n\t\t\t\t\t\t<div class=\"elementor-element elementor-element-aa5bd6e elementor-widget elementor-widget-image\" data-id=\"aa5bd6e\" data-element_type=\"widget\" data-e-type=\"widget\" data-widget_type=\"image.default\">\n\t\t\t\t<div class=\"elementor-widget-container\">\n\t\t\t\t\t\t\t\t\t\t\t\t\t\t\t<img fetchpriority=\"high\" decoding=\"async\" width=\"600\" height=\"600\" src=\"https:\/\/medicest.eu\/wp-content\/uploads\/2021\/11\/konsultatsiya_vracha_kosmetologa.jpg\" class=\"attachment-large size-large wp-image-5419\" alt=\"\" srcset=\"https:\/\/medicest.eu\/wp-content\/uploads\/2021\/11\/konsultatsiya_vracha_kosmetologa.jpg 600w, https:\/\/medicest.eu\/wp-content\/uploads\/2021\/11\/konsultatsiya_vracha_kosmetologa-300x300.jpg 300w, https:\/\/medicest.eu\/wp-content\/uploads\/2021\/11\/konsultatsiya_vracha_kosmetologa-150x150.jpg 150w\" sizes=\"(max-width: 600px) 100vw, 600px\" \/>\t\t\t\t\t\t\t\t\t\t\t\t\t\t\t<\/div>\n\t\t\t\t<\/div>\n\t\t\t\t<div class=\"elementor-element elementor-element-fa3ca05 elementor-widget elementor-widget-image\" data-id=\"fa3ca05\" data-element_type=\"widget\" data-e-type=\"widget\" data-widget_type=\"image.default\">\n\t\t\t\t<div class=\"elementor-widget-container\">\n\t\t\t\t\t\t\t\t\t\t\t\t\t\t\t<img decoding=\"async\" width=\"800\" height=\"600\" src=\"https:\/\/medicest.eu\/wp-content\/uploads\/2021\/11\/02744a1367a07540282a52b5a7d703dc_800x600.jpg\" class=\"attachment-large size-large wp-image-5421\" alt=\"\" srcset=\"https:\/\/medicest.eu\/wp-content\/uploads\/2021\/11\/02744a1367a07540282a52b5a7d703dc_800x600.jpg 800w, https:\/\/medicest.eu\/wp-content\/uploads\/2021\/11\/02744a1367a07540282a52b5a7d703dc_800x600-300x225.jpg 300w, https:\/\/medicest.eu\/wp-content\/uploads\/2021\/11\/02744a1367a07540282a52b5a7d703dc_800x600-200x150.jpg 200w, https:\/\/medicest.eu\/wp-content\/uploads\/2021\/11\/02744a1367a07540282a52b5a7d703dc_800x600-768x576.jpg 768w, https:\/\/medicest.eu\/wp-content\/uploads\/2021\/11\/02744a1367a07540282a52b5a7d703dc_800x600-150x113.jpg 150w\" sizes=\"(max-width: 800px) 100vw, 800px\" \/>\t\t\t\t\t\t\t\t\t\t\t\t\t\t\t<\/div>\n\t\t\t\t<\/div>\n\t\t\t\t\t<\/div>\n\t\t<\/div>\n\t\t\t\t<div class=\"elementor-column elementor-col-50 elementor-top-column elementor-element elementor-element-ac4f38e\" data-id=\"ac4f38e\" data-element_type=\"column\" data-e-type=\"column\">\n\t\t\t<div class=\"elementor-widget-wrap elementor-element-populated\">\n\t\t\t\t\t\t<div class=\"elementor-element elementor-element-f9eedb6 elementor-widget elementor-widget-text-editor\" data-id=\"f9eedb6\" data-element_type=\"widget\" data-e-type=\"widget\" data-widget_type=\"text-editor.default\">\n\t\t\t\t<div class=\"elementor-widget-container\">\n\t\t\t\t\t\t\t\t\t<h4><strong>Kosmetoloogi konsultatsioon sisaldab j\u00e4rgmist:<\/strong><\/h4><ul><li>Teie nahaseisundi m\u00e4\u00e4ramine<\/li><li>Nahatu\u0308u\u0308bi kindlakstegemine<\/li><li>Vananemistu\u0308u\u0308bi kindlakstegemine<\/li><li>Olemasolevate probleemide p\u00f5hjuste v\u00e4ljaselgitamine<\/li><li>Soovitused protseduuride vallas, mis on kasulikud just teile<\/li><li>Individuaalse n\u00e4o- ja kehahooldusprogrammi koostamine, l\u00e4htudes teie vanusest, nahatu\u0308u\u0308bist ja peamistest iluprobleemidest.<\/li><\/ul>\t\t\t\t\t\t\t\t<\/div>\n\t\t\t\t<\/div>\n\t\t\t\t<div class=\"elementor-element elementor-element-7ca3c5a elementor-widget elementor-widget-text-editor\" data-id=\"7ca3c5a\" data-element_type=\"widget\" data-e-type=\"widget\" data-widget_type=\"text-editor.default\">\n\t\t\t\t<div class=\"elementor-widget-container\">\n\t\t\t\t\t\t\t\t\t<h4><strong>Millised probleemid saab l\u00e4bi arutada?<\/strong><\/h4><ul><li>Vananemisvastane hooldus (kortsud, naha toonuse v\u00e4henemine, tuhm jume jne)<\/li><li>Injektsiooniliste protseduuride l\u00e4biviimise v\u00f5imalus (t\u00e4itesu\u0308stid, Botox)<\/li><li>Probleemse naha hooldus (pooride ummistumine, pigmentatsioonih\u00e4ired, akne)<\/li><li>Figuuri korrigeerimise ja kehanaha seisundi parandamise v\u00f5imalused, kasutades aparaatseid protseduure (vananemisilmingute, liigsete rasvaladestuste ja tselluliidi kaotamine, naha puhastamine ja noorendamine)<\/li><\/ul>\t\t\t\t\t\t\t\t<\/div>\n\t\t\t\t<\/div>\n\t\t\t\t\t<\/div>\n\t\t<\/div>\n\t\t\t\t\t<\/div>\n\t\t<\/section>\n\t\t\t\t<section class=\"elementor-section elementor-top-section elementor-element elementor-element-cc9bbd9 elementor-section-boxed elementor-section-height-default elementor-section-height-default\" data-id=\"cc9bbd9\" data-element_type=\"section\" data-e-type=\"section\">\n\t\t\t\t\t\t<div class=\"elementor-container elementor-column-gap-default\">\n\t\t\t\t\t<div class=\"elementor-column elementor-col-100 elementor-top-column elementor-element elementor-element-16ab02e8\" data-id=\"16ab02e8\" data-element_type=\"column\" data-e-type=\"column\">\n\t\t\t<div class=\"elementor-widget-wrap elementor-element-populated\">\n\t\t\t\t\t\t<div class=\"elementor-element elementor-element-117a2c6e elementor-widget elementor-widget-heading\" data-id=\"117a2c6e\" data-element_type=\"widget\" data-e-type=\"widget\" data-widget_type=\"heading.default\">\n\t\t\t\t<div class=\"elementor-widget-container\">\n\t\t\t\t\t<h2 class=\"elementor-heading-title elementor-size-default\">Hinnakiri<\/h2>\t\t\t\t<\/div>\n\t\t\t\t<\/div>\n\t\t\t\t<div class=\"elementor-element elementor-element-256b98d8 elementor-widget elementor-widget-text-editor\" data-id=\"256b98d8\" data-element_type=\"widget\" data-e-type=\"widget\" data-widget_type=\"text-editor.default\">\n\t\t\t\t<div class=\"elementor-widget-container\">\n\t\t\t\t\t\t\t\t\t<p>\n<table id=\"tablepress-87\" class=\"tablepress tablepress-id-87\">\n<thead>\n<tr class=\"row-1\">\n\t<th class=\"column-1\">Spetsialisti konsultatsioon<\/th><th class=\"column-2\">Hind \u20ac<\/th>\n<\/tr>\n<\/thead>\n<tbody class=\"row-striping row-hover\">\n<tr class=\"row-2\">\n\t<td class=\"column-1\">Konsultatsioon kuni 30 min<\/td><td class=\"column-2\">Tasuta<\/td>\n<\/tr>\n<tr class=\"row-3\">\n\t<td class=\"column-1\">P\u00f5hjalik kosmeetiku konsultatsioon alates 30 min kuni 60 min<\/td><td class=\"column-2\">50,00<\/td>\n<\/tr>\n<\/tbody>\n<\/table>\n<!-- #tablepress-87 from cache --><\/p>\t\t\t\t\t\t\t\t<\/div>\n\t\t\t\t<\/div>\n\t\t\t\t<div class=\"elementor-element elementor-element-64030910 pp-buttons-halign-center pp-buttons-stack-none elementor-widget elementor-widget-pp-buttons\" data-id=\"64030910\" data-element_type=\"widget\" data-e-type=\"widget\" data-widget_type=\"pp-buttons.default\">\n\t\t\t\t<div class=\"elementor-widget-container\">\n\t\t\t\t\t\t\t<div class=\"pp-buttons-group\">\n\t\t\t\t\t\t\t\t\t\t\t<a href=\"https:\/\/medicest.eu\/kontakt\/\" target=\"_blank\" class=\"pp-button elementor-button elementor-size-md elementor-repeater-item-c938c7f \">\n\t\t\t\t\t<div class=\"pp-button-content-wrapper\">\n\t\t\t\t\t\t<span class=\"pp-button-content-inner pp-icon-before\">\n\t\t\t\t\t\t\t\n\t\t\t\t\t\t\t\t<span class=\"pp-button-title\">\n\t\t\t\t\t\t\t\t\tBroneeri\t\t\t\t\t\t\t\t<\/span>\n\t\t\t\t\t\t\t\t\t\t\t\t\t<\/span>\n\t\t\t\t\t<\/div>\n\t\t\t\t<\/a>\n\t\t\t\t\t\t\t\t\t\t<\/div>\t\t\t\t<\/div>\n\t\t\t\t<\/div>\n\t\t\t\t\t<\/div>\n\t\t<\/div>\n\t\t\t\t\t<\/div>\n\t\t<\/section>\n\t\t\t\t<\/div>\n\t\t","protected":false},"excerpt":{"rendered":"<p>Kosmetoloogi konsultatsioon V\u00f5imalus saada igak\u00fclgset teavet naha tervise kohta, soovitusi vanusega seotud muutuste korrigeerimiseks, nooruse ja ilu s\u00e4ilitamiseks. Kosmetoloogi konsultatsioon sisaldab j\u00e4rgmist: Teie nahaseisundi m\u00e4\u00e4ramine Nahatu\u0308u\u0308bi kindlakstegemine Vananemistu\u0308u\u0308bi kindlakstegemine Olemasolevate probleemide p\u00f5hjuste v\u00e4ljaselgitamine Soovitused protseduuride vallas, mis on kasulikud just teile Individuaalse n\u00e4o- ja kehahooldusprogrammi koostamine, l\u00e4htudes teie vanusest, nahatu\u0308u\u0308bist\u2026<\/p>\n<p class=\"continue-reading-button\"> <a class=\"continue-reading-link\" href=\"https:\/\/medicest.eu\/et\/kosmetoloogi-konsultatsioon\/\"><i class=\"crycon-right-dir\"><\/i><\/a><\/p>\n","protected":false},"author":1,"featured_media":0,"parent":0,"menu_order":0,"comment_status":"closed","ping_status":"closed","template":"","meta":{"footnotes":""},"class_list":["post-5757","page","type-page","status-publish","hentry"],"yoast_head":"<!-- This site is optimized with the Yoast SEO plugin v27.3 - https:\/\/yoast.com\/product\/yoast-seo-wordpress\/ -->\n<title>Kosmetoloogi konsultatsioon - Ilukliinik Medic-Esthetic<\/title>\n<meta name=\"robots\" content=\"index, follow, max-snippet:-1, max-image-preview:large, max-video-preview:-1\" \/>\n<link rel=\"canonical\" href=\"https:\/\/medicest.eu\/et\/kosmetoloogi-konsultatsioon\/\" \/>\n<meta property=\"og:locale\" content=\"et_EE\" \/>\n<meta property=\"og:type\" content=\"article\" \/>\n<meta property=\"og:title\" content=\"Kosmetoloogi konsultatsioon - Ilukliinik Medic-Esthetic\" \/>\n<meta property=\"og:description\" content=\"Kosmetoloogi konsultatsioon V\u00f5imalus saada igak\u00fclgset teavet naha tervise kohta, soovitusi vanusega seotud muutuste korrigeerimiseks, nooruse ja ilu s\u00e4ilitamiseks. Kosmetoloogi konsultatsioon sisaldab j\u00e4rgmist: Teie nahaseisundi m\u00e4\u00e4ramine Nahatu\u0308u\u0308bi kindlakstegemine Vananemistu\u0308u\u0308bi kindlakstegemine Olemasolevate probleemide p\u00f5hjuste v\u00e4ljaselgitamine Soovitused protseduuride vallas, mis on kasulikud just teile Individuaalse n\u00e4o- ja kehahooldusprogrammi koostamine, l\u00e4htudes teie vanusest, nahatu\u0308u\u0308bist\u2026\" \/>\n<meta property=\"og:url\" content=\"https:\/\/medicest.eu\/et\/kosmetoloogi-konsultatsioon\/\" \/>\n<meta property=\"og:site_name\" content=\"Ilukliinik Medic-Esthetic\" \/>\n<meta property=\"article:modified_time\" content=\"2026-01-19T12:49:51+00:00\" \/>\n<meta property=\"og:image\" content=\"https:\/\/medicest.eu\/wp-content\/uploads\/2021\/11\/konsultatsiya_vracha_kosmetologa.jpg\" \/>\n\t<meta property=\"og:image:width\" content=\"600\" \/>\n\t<meta property=\"og:image:height\" content=\"600\" \/>\n\t<meta property=\"og:image:type\" content=\"image\/jpeg\" \/>\n<meta name=\"twitter:card\" content=\"summary_large_image\" \/>\n<meta name=\"twitter:label1\" content=\"Est. reading time\" \/>\n\t<meta name=\"twitter:data1\" content=\"2 minutit\" \/>\n<script type=\"application\/ld+json\" class=\"yoast-schema-graph\">{\"@context\":\"https:\\\/\\\/schema.org\",\"@graph\":[{\"@type\":\"WebPage\",\"@id\":\"https:\\\/\\\/medicest.eu\\\/et\\\/kosmetoloogi-konsultatsioon\\\/\",\"url\":\"https:\\\/\\\/medicest.eu\\\/et\\\/kosmetoloogi-konsultatsioon\\\/\",\"name\":\"Kosmetoloogi konsultatsioon - Ilukliinik Medic-Esthetic\",\"isPartOf\":{\"@id\":\"https:\\\/\\\/medicest.eu\\\/#website\"},\"primaryImageOfPage\":{\"@id\":\"https:\\\/\\\/medicest.eu\\\/et\\\/kosmetoloogi-konsultatsioon\\\/#primaryimage\"},\"image\":{\"@id\":\"https:\\\/\\\/medicest.eu\\\/et\\\/kosmetoloogi-konsultatsioon\\\/#primaryimage\"},\"thumbnailUrl\":\"http:\\\/\\\/medicest.eu\\\/wp-content\\\/uploads\\\/2021\\\/11\\\/konsultatsiya_vracha_kosmetologa.jpg\",\"datePublished\":\"2021-11-08T10:33:45+00:00\",\"dateModified\":\"2026-01-19T12:49:51+00:00\",\"breadcrumb\":{\"@id\":\"https:\\\/\\\/medicest.eu\\\/et\\\/kosmetoloogi-konsultatsioon\\\/#breadcrumb\"},\"inLanguage\":\"et\",\"potentialAction\":[{\"@type\":\"ReadAction\",\"target\":[\"https:\\\/\\\/medicest.eu\\\/et\\\/kosmetoloogi-konsultatsioon\\\/\"]}]},{\"@type\":\"ImageObject\",\"inLanguage\":\"et\",\"@id\":\"https:\\\/\\\/medicest.eu\\\/et\\\/kosmetoloogi-konsultatsioon\\\/#primaryimage\",\"url\":\"http:\\\/\\\/medicest.eu\\\/wp-content\\\/uploads\\\/2021\\\/11\\\/konsultatsiya_vracha_kosmetologa.jpg\",\"contentUrl\":\"http:\\\/\\\/medicest.eu\\\/wp-content\\\/uploads\\\/2021\\\/11\\\/konsultatsiya_vracha_kosmetologa.jpg\"},{\"@type\":\"BreadcrumbList\",\"@id\":\"https:\\\/\\\/medicest.eu\\\/et\\\/kosmetoloogi-konsultatsioon\\\/#breadcrumb\",\"itemListElement\":[{\"@type\":\"ListItem\",\"position\":1,\"name\":\"Home\",\"item\":\"https:\\\/\\\/medicest.eu\\\/\"},{\"@type\":\"ListItem\",\"position\":2,\"name\":\"Kosmetoloogi konsultatsioon\"}]},{\"@type\":\"WebSite\",\"@id\":\"https:\\\/\\\/medicest.eu\\\/#website\",\"url\":\"https:\\\/\\\/medicest.eu\\\/\",\"name\":\"Ilukliinik Medic-Esthetic\",\"description\":\"Beauty &amp; Prestige\",\"potentialAction\":[{\"@type\":\"SearchAction\",\"target\":{\"@type\":\"EntryPoint\",\"urlTemplate\":\"https:\\\/\\\/medicest.eu\\\/?s={search_term_string}\"},\"query-input\":{\"@type\":\"PropertyValueSpecification\",\"valueRequired\":true,\"valueName\":\"search_term_string\"}}],\"inLanguage\":\"et\"}]}<\/script>\n<!-- \/ Yoast SEO plugin. -->","yoast_head_json":{"title":"Kosmetoloogi konsultatsioon - Ilukliinik Medic-Esthetic","robots":{"index":"index","follow":"follow","max-snippet":"max-snippet:-1","max-image-preview":"max-image-preview:large","max-video-preview":"max-video-preview:-1"},"canonical":"https:\/\/medicest.eu\/et\/kosmetoloogi-konsultatsioon\/","og_locale":"et_EE","og_type":"article","og_title":"Kosmetoloogi konsultatsioon - Ilukliinik Medic-Esthetic","og_description":"Kosmetoloogi konsultatsioon V\u00f5imalus saada igak\u00fclgset teavet naha tervise kohta, soovitusi vanusega seotud muutuste korrigeerimiseks, nooruse ja ilu s\u00e4ilitamiseks. Kosmetoloogi konsultatsioon sisaldab j\u00e4rgmist: Teie nahaseisundi m\u00e4\u00e4ramine Nahatu\u0308u\u0308bi kindlakstegemine Vananemistu\u0308u\u0308bi kindlakstegemine Olemasolevate probleemide p\u00f5hjuste v\u00e4ljaselgitamine Soovitused protseduuride vallas, mis on kasulikud just teile Individuaalse n\u00e4o- ja kehahooldusprogrammi koostamine, l\u00e4htudes teie vanusest, nahatu\u0308u\u0308bist\u2026","og_url":"https:\/\/medicest.eu\/et\/kosmetoloogi-konsultatsioon\/","og_site_name":"Ilukliinik Medic-Esthetic","article_modified_time":"2026-01-19T12:49:51+00:00","og_image":[{"width":600,"height":600,"url":"https:\/\/medicest.eu\/wp-content\/uploads\/2021\/11\/konsultatsiya_vracha_kosmetologa.jpg","type":"image\/jpeg"}],"twitter_card":"summary_large_image","twitter_misc":{"Est. reading time":"2 minutit"},"schema":{"@context":"https:\/\/schema.org","@graph":[{"@type":"WebPage","@id":"https:\/\/medicest.eu\/et\/kosmetoloogi-konsultatsioon\/","url":"https:\/\/medicest.eu\/et\/kosmetoloogi-konsultatsioon\/","name":"Kosmetoloogi konsultatsioon - Ilukliinik Medic-Esthetic","isPartOf":{"@id":"https:\/\/medicest.eu\/#website"},"primaryImageOfPage":{"@id":"https:\/\/medicest.eu\/et\/kosmetoloogi-konsultatsioon\/#primaryimage"},"image":{"@id":"https:\/\/medicest.eu\/et\/kosmetoloogi-konsultatsioon\/#primaryimage"},"thumbnailUrl":"http:\/\/medicest.eu\/wp-content\/uploads\/2021\/11\/konsultatsiya_vracha_kosmetologa.jpg","datePublished":"2021-11-08T10:33:45+00:00","dateModified":"2026-01-19T12:49:51+00:00","breadcrumb":{"@id":"https:\/\/medicest.eu\/et\/kosmetoloogi-konsultatsioon\/#breadcrumb"},"inLanguage":"et","potentialAction":[{"@type":"ReadAction","target":["https:\/\/medicest.eu\/et\/kosmetoloogi-konsultatsioon\/"]}]},{"@type":"ImageObject","inLanguage":"et","@id":"https:\/\/medicest.eu\/et\/kosmetoloogi-konsultatsioon\/#primaryimage","url":"http:\/\/medicest.eu\/wp-content\/uploads\/2021\/11\/konsultatsiya_vracha_kosmetologa.jpg","contentUrl":"http:\/\/medicest.eu\/wp-content\/uploads\/2021\/11\/konsultatsiya_vracha_kosmetologa.jpg"},{"@type":"BreadcrumbList","@id":"https:\/\/medicest.eu\/et\/kosmetoloogi-konsultatsioon\/#breadcrumb","itemListElement":[{"@type":"ListItem","position":1,"name":"Home","item":"https:\/\/medicest.eu\/"},{"@type":"ListItem","position":2,"name":"Kosmetoloogi konsultatsioon"}]},{"@type":"WebSite","@id":"https:\/\/medicest.eu\/#website","url":"https:\/\/medicest.eu\/","name":"Ilukliinik Medic-Esthetic","description":"Beauty &amp; Prestige","potentialAction":[{"@type":"SearchAction","target":{"@type":"EntryPoint","urlTemplate":"https:\/\/medicest.eu\/?s={search_term_string}"},"query-input":{"@type":"PropertyValueSpecification","valueRequired":true,"valueName":"search_term_string"}}],"inLanguage":"et"}]}},"_links":{"self":[{"href":"https:\/\/medicest.eu\/et\/wp-json\/wp\/v2\/pages\/5757","targetHints":{"allow":["GET"]}}],"collection":[{"href":"https:\/\/medicest.eu\/et\/wp-json\/wp\/v2\/pages"}],"about":[{"href":"https:\/\/medicest.eu\/et\/wp-json\/wp\/v2\/types\/page"}],"author":[{"embeddable":true,"href":"https:\/\/medicest.eu\/et\/wp-json\/wp\/v2\/users\/1"}],"replies":[{"embeddable":true,"href":"https:\/\/medicest.eu\/et\/wp-json\/wp\/v2\/comments?post=5757"}],"version-history":[{"count":10,"href":"https:\/\/medicest.eu\/et\/wp-json\/wp\/v2\/pages\/5757\/revisions"}],"predecessor-version":[{"id":18362,"href":"https:\/\/medicest.eu\/et\/wp-json\/wp\/v2\/pages\/5757\/revisions\/18362"}],"wp:attachment":[{"href":"https:\/\/medicest.eu\/et\/wp-json\/wp\/v2\/media?parent=5757"}],"curies":[{"name":"wp","href":"https:\/\/api.w.org\/{rel}","templated":true}]}}