{"id":5737,"date":"2021-11-12T15:11:42","date_gmt":"2021-11-12T15:11:42","guid":{"rendered":"https:\/\/medicest.eu\/mikrodermabraziya-overline\/"},"modified":"2023-10-17T14:22:43","modified_gmt":"2023-10-17T14:22:43","slug":"teemant-dermaabrasioon-overline","status":"publish","type":"page","link":"https:\/\/medicest.eu\/et\/teemant-dermaabrasioon-overline\/","title":{"rendered":"Teemant-dermaabrasioon Overline"},"content":{"rendered":"\t\t<div data-elementor-type=\"wp-page\" data-elementor-id=\"5737\" class=\"elementor elementor-5737 elementor-5699\">\n\t\t\t\t\t\t<section class=\"elementor-section elementor-top-section elementor-element elementor-element-51f632a4 elementor-section-boxed elementor-section-height-default elementor-section-height-default\" data-id=\"51f632a4\" data-element_type=\"section\" data-e-type=\"section\">\n\t\t\t\t\t\t<div class=\"elementor-container elementor-column-gap-default\">\n\t\t\t\t\t<div class=\"elementor-column elementor-col-100 elementor-top-column elementor-element elementor-element-7b9b9d1a\" data-id=\"7b9b9d1a\" data-element_type=\"column\" data-e-type=\"column\">\n\t\t\t<div class=\"elementor-widget-wrap elementor-element-populated\">\n\t\t\t\t\t\t<div class=\"elementor-element elementor-element-18348344 elementor-widget elementor-widget-heading\" data-id=\"18348344\" data-element_type=\"widget\" data-e-type=\"widget\" data-widget_type=\"heading.default\">\n\t\t\t\t<div class=\"elementor-widget-container\">\n\t\t\t\t\t<h2 class=\"elementor-heading-title elementor-size-default\">Overline<\/h2>\t\t\t\t<\/div>\n\t\t\t\t<\/div>\n\t\t\t\t<div class=\"elementor-element elementor-element-2ddf8fbb elementor-widget elementor-widget-heading\" data-id=\"2ddf8fbb\" data-element_type=\"widget\" data-e-type=\"widget\" data-widget_type=\"heading.default\">\n\t\t\t\t<div class=\"elementor-widget-container\">\n\t\t\t\t\t<h3 class=\"elementor-heading-title elementor-size-default\">Teemant-dermaabrasioon <\/h3>\t\t\t\t<\/div>\n\t\t\t\t<\/div>\n\t\t\t\t\t<\/div>\n\t\t<\/div>\n\t\t\t\t\t<\/div>\n\t\t<\/section>\n\t\t\t\t<section class=\"elementor-section elementor-top-section elementor-element elementor-element-5ac8b6f elementor-section-boxed elementor-section-height-default elementor-section-height-default\" data-id=\"5ac8b6f\" data-element_type=\"section\" data-e-type=\"section\">\n\t\t\t\t\t\t<div class=\"elementor-container elementor-column-gap-default\">\n\t\t\t\t\t<div class=\"elementor-column elementor-col-100 elementor-top-column elementor-element elementor-element-f34616c\" data-id=\"f34616c\" data-element_type=\"column\" data-e-type=\"column\">\n\t\t\t<div class=\"elementor-widget-wrap elementor-element-populated\">\n\t\t\t\t\t\t<div class=\"elementor-element elementor-element-17c15cb elementor-widget elementor-widget-image\" data-id=\"17c15cb\" data-element_type=\"widget\" data-e-type=\"widget\" data-widget_type=\"image.default\">\n\t\t\t\t<div class=\"elementor-widget-container\">\n\t\t\t\t\t\t\t\t\t\t\t\t\t\t\t<img fetchpriority=\"high\" decoding=\"async\" width=\"1024\" height=\"480\" src=\"https:\/\/medicest.eu\/wp-content\/uploads\/2021\/11\/mikrodermabraziya-tallinn-1024x480.jpg\" class=\"attachment-large size-large wp-image-5703\" alt=\"\" srcset=\"https:\/\/medicest.eu\/wp-content\/uploads\/2021\/11\/mikrodermabraziya-tallinn-1024x480.jpg 1024w, https:\/\/medicest.eu\/wp-content\/uploads\/2021\/11\/mikrodermabraziya-tallinn-300x141.jpg 300w, https:\/\/medicest.eu\/wp-content\/uploads\/2021\/11\/mikrodermabraziya-tallinn-768x360.jpg 768w, https:\/\/medicest.eu\/wp-content\/uploads\/2021\/11\/mikrodermabraziya-tallinn-150x70.jpg 150w, https:\/\/medicest.eu\/wp-content\/uploads\/2021\/11\/mikrodermabraziya-tallinn.jpg 1280w\" sizes=\"(max-width: 1024px) 100vw, 1024px\" \/>\t\t\t\t\t\t\t\t\t\t\t\t\t\t\t<\/div>\n\t\t\t\t<\/div>\n\t\t\t\t\t<\/div>\n\t\t<\/div>\n\t\t\t\t\t<\/div>\n\t\t<\/section>\n\t\t\t\t<section class=\"elementor-section elementor-top-section elementor-element elementor-element-56ea2ed elementor-section-boxed elementor-section-height-default elementor-section-height-default\" data-id=\"56ea2ed\" data-element_type=\"section\" data-e-type=\"section\">\n\t\t\t\t\t\t<div class=\"elementor-container elementor-column-gap-default\">\n\t\t\t\t\t<div class=\"elementor-column elementor-col-50 elementor-top-column elementor-element elementor-element-1acbbd0\" data-id=\"1acbbd0\" data-element_type=\"column\" data-e-type=\"column\">\n\t\t\t<div class=\"elementor-widget-wrap elementor-element-populated\">\n\t\t\t\t\t\t<div class=\"elementor-element elementor-element-6602584 elementor-widget elementor-widget-text-editor\" data-id=\"6602584\" data-element_type=\"widget\" data-e-type=\"widget\" data-widget_type=\"text-editor.default\">\n\t\t\t\t<div class=\"elementor-widget-container\">\n\t\t\t\t\t\t\t\t\t<p>Overline&#8217;i teemant-dermaabrasioon on tehnoloogia, milles kombineeritakse laserlihvitud teemandikristallidega koorimist vaakumi puhastava toimega.<\/p><p>Laserlihvimise k\u00e4igus saadud imepeened teemandikristallid eemaldavad surnud rakud naha pinnalt \u00f5rnalt ja pehmelt, vaakum<br \/>aga puhastab efektiivselt poorid.<\/p><p>See t\u00e4hendab, et teemantlihvimine suudab v\u00f5idelda selliste delikaatsete probleemidega nagu huulekortsud ja kanavarbad, traditsiooniliste meetodite puhul neid piirkondi enamasti v\u00e4lditakse, et juhuslikud kristallid ei satuks suhu ega silma.<\/p>\t\t\t\t\t\t\t\t<\/div>\n\t\t\t\t<\/div>\n\t\t\t\t<div class=\"elementor-element elementor-element-aaa584e elementor-widget elementor-widget-text-editor\" data-id=\"aaa584e\" data-element_type=\"widget\" data-e-type=\"widget\" data-widget_type=\"text-editor.default\">\n\t\t\t\t<div class=\"elementor-widget-container\">\n\t\t\t\t\t\t\t\t\t<blockquote><p>Aparaat Overline v\u00f5imaldab lihvimisastet ja vaakumt\u00f5mbe tugevust reguleerida. Seaded<br \/>kontrollivad protsessi ning v\u00f5imaldavad kohanduda iga nahatu\u0308u\u0308bi j\u00e4rgi.<\/p><\/blockquote>\t\t\t\t\t\t\t\t<\/div>\n\t\t\t\t<\/div>\n\t\t\t\t<div class=\"elementor-element elementor-element-3a77b4e elementor-widget elementor-widget-text-editor\" data-id=\"3a77b4e\" data-element_type=\"widget\" data-e-type=\"widget\" data-widget_type=\"text-editor.default\">\n\t\t\t\t<div class=\"elementor-widget-container\">\n\t\t\t\t\t\t\t\t\t<p>Vaakummassaa\u017ei ja koorimise u\u0308heaegne m\u00f5ju annab silmn\u00e4htava noorendava efekti.<\/p><p>Protseduur on valutu ja ei vaja taastusperioodi.<\/p><p>Teemantlihvimist kombineeritakse n\u00e4o hooldusprogrammidega (seerum, mask, kreem) vastavalt nahatu\u0308u\u0308bile.<\/p><p>Seesugune naha puhastamine soodustab hooldustoodetes olevate toimeainete su\u0308gavamale tungimist.<\/p><p>\u00a0<\/p>\t\t\t\t\t\t\t\t<\/div>\n\t\t\t\t<\/div>\n\t\t\t\t\t<\/div>\n\t\t<\/div>\n\t\t\t\t<div class=\"elementor-column elementor-col-50 elementor-top-column elementor-element elementor-element-1802566\" data-id=\"1802566\" data-element_type=\"column\" data-e-type=\"column\">\n\t\t\t<div class=\"elementor-widget-wrap elementor-element-populated\">\n\t\t\t\t\t\t<div class=\"elementor-element elementor-element-ead7ce6 elementor-widget elementor-widget-text-editor\" data-id=\"ead7ce6\" data-element_type=\"widget\" data-e-type=\"widget\" data-widget_type=\"text-editor.default\">\n\t\t\t\t<div class=\"elementor-widget-container\">\n\t\t\t\t\t\t\t\t\t<p><strong>N\u00e4idustused:<\/strong><\/p><ul><li>Ebau\u0308htlane jume<\/li><li>Naha toonuse v\u00e4henemine<\/li><li>Miimika- ja vanaduskortsud<\/li><li>Naha liigsarvestumine ja follikulaarne hu\u0308perkeratoos<\/li><li>Pigmendilaigud, tedret\u00e4hnid ja ebau\u0308htlane p\u00e4evitus<\/li><li>Kuni 2 mm su\u0308gavused armid nahal<\/li><li>Postakne<\/li><li>Venitusarmid (striiad)<\/li><\/ul>\t\t\t\t\t\t\t\t<\/div>\n\t\t\t\t<\/div>\n\t\t\t\t<div class=\"elementor-element elementor-element-73516d9 elementor-widget elementor-widget-text-editor\" data-id=\"73516d9\" data-element_type=\"widget\" data-e-type=\"widget\" data-widget_type=\"text-editor.default\">\n\t\t\t\t<div class=\"elementor-widget-container\">\n\t\t\t\t\t\t\t\t\t<p><strong>Tulemused:<\/strong><\/p><ul><li>Surnud rakud eralduvad naha pinnalt ja tuhm jume muutub heledamaks<\/li><li>Peened jooned ja kortsud v\u00e4henevad<\/li><li>Naha toon ja tekstuur u\u0308htlustuvad<\/li><li>Rakkude uuenemine ning kollageeni ja elastiini tootmine intensiivistuvad<\/li><li>Pigmendi- ja vanaduslaigud v\u00e4henevad<\/li><li>Kaovad armid ja vistrikud<\/li><li>Paraneb verevarustus ning nahahooldustoodete nahka tungimine ja imendumine<\/li><\/ul>\t\t\t\t\t\t\t\t<\/div>\n\t\t\t\t<\/div>\n\t\t\t\t<div class=\"elementor-element elementor-element-b287838 elementor-widget elementor-widget-text-editor\" data-id=\"b287838\" data-element_type=\"widget\" data-e-type=\"widget\" data-widget_type=\"text-editor.default\">\n\t\t\t\t<div class=\"elementor-widget-container\">\n\t\t\t\t\t\t\t\t\t<p><strong>Vastun\u00e4idustused:<\/strong><\/p><ul><li>Igasugused nahahaigused<\/li><li>Nii vanad kui v\u00e4rsked 2. astme p\u00f5letused<\/li><li>V\u00e4ga palju su\u0308nnim\u00e4rke, piirkonnad soolatu\u0308u\u0308gaste v\u00f5i soont\u00e4hekestega<\/li><li>Hemangioomid<\/li><li>Igasugused nakkushaigused, palavik, mu\u0308rgistus<\/li><\/ul>\t\t\t\t\t\t\t\t<\/div>\n\t\t\t\t<\/div>\n\t\t\t\t\t<\/div>\n\t\t<\/div>\n\t\t\t\t\t<\/div>\n\t\t<\/section>\n\t\t\t\t<section class=\"elementor-section elementor-top-section elementor-element elementor-element-33fa9c07 elementor-section-boxed elementor-section-height-default elementor-section-height-default\" data-id=\"33fa9c07\" data-element_type=\"section\" data-e-type=\"section\">\n\t\t\t\t\t\t<div class=\"elementor-container elementor-column-gap-default\">\n\t\t\t\t\t<div class=\"elementor-column elementor-col-100 elementor-top-column elementor-element elementor-element-2ce05ee2\" data-id=\"2ce05ee2\" data-element_type=\"column\" data-e-type=\"column\">\n\t\t\t<div class=\"elementor-widget-wrap elementor-element-populated\">\n\t\t\t\t\t\t<div class=\"elementor-element elementor-element-6ec13af elementor-widget elementor-widget-heading\" data-id=\"6ec13af\" data-element_type=\"widget\" data-e-type=\"widget\" data-widget_type=\"heading.default\">\n\t\t\t\t<div class=\"elementor-widget-container\">\n\t\t\t\t\t<h2 class=\"elementor-heading-title elementor-size-default\">Hinnakiri<\/h2>\t\t\t\t<\/div>\n\t\t\t\t<\/div>\n\t\t\t\t<div class=\"elementor-element elementor-element-6d7fed2d elementor-widget elementor-widget-text-editor\" data-id=\"6d7fed2d\" data-element_type=\"widget\" data-e-type=\"widget\" data-widget_type=\"text-editor.default\">\n\t\t\t\t<div class=\"elementor-widget-container\">\n\t\t\t\t\t\t\t\t\t<p>\n<table id=\"tablepress-90\" class=\"tablepress tablepress-id-90\">\n<thead>\n<tr class=\"row-1\">\n\t<th class=\"column-1\">Teemant-dermaabrasioon Overline<\/th><th class=\"column-2\">Hind \u20ac<\/th>\n<\/tr>\n<\/thead>\n<tbody class=\"row-striping row-hover\">\n<tr class=\"row-2\">\n\t<td class=\"column-1\">Teemant-dermaabrasioon Overline, 60 min<\/td><td class=\"column-2\">71,00<\/td>\n<\/tr>\n<\/tbody>\n<\/table>\n<!-- #tablepress-90 from cache --><\/p>\t\t\t\t\t\t\t\t<\/div>\n\t\t\t\t<\/div>\n\t\t\t\t<div class=\"elementor-element elementor-element-4b7b23f8 pp-buttons-halign-center pp-buttons-stack-none elementor-widget elementor-widget-pp-buttons\" data-id=\"4b7b23f8\" data-element_type=\"widget\" data-e-type=\"widget\" data-widget_type=\"pp-buttons.default\">\n\t\t\t\t<div class=\"elementor-widget-container\">\n\t\t\t\t\t\t\t<div class=\"pp-buttons-group\">\n\t\t\t\t\t\t\t\t\t\t\t<a href=\"https:\/\/shop.medicest.eu\/et\/product\/teemant-dermaabrasioon-overline\/\" target=\"_blank\" class=\"pp-button elementor-button elementor-size-md elementor-repeater-item-c938c7f \">\n\t\t\t\t\t<div class=\"pp-button-content-wrapper\">\n\t\t\t\t\t\t<span class=\"pp-button-content-inner pp-icon-before\">\n\t\t\t\t\t\t\t\n\t\t\t\t\t\t\t\t<span class=\"pp-button-title\">\n\t\t\t\t\t\t\t\t\tOsta e-poest\t\t\t\t\t\t\t\t<\/span>\n\t\t\t\t\t\t\t\t\t\t\t\t\t<\/span>\n\t\t\t\t\t<\/div>\n\t\t\t\t<\/a>\n\t\t\t\t\t\t\t\t\t\t<\/div>\t\t\t\t<\/div>\n\t\t\t\t<\/div>\n\t\t\t\t\t<\/div>\n\t\t<\/div>\n\t\t\t\t\t<\/div>\n\t\t<\/section>\n\t\t\t\t<\/div>\n\t\t","protected":false},"excerpt":{"rendered":"<p>Overline Teemant-dermaabrasioon Overline&#8217;i teemant-dermaabrasioon on tehnoloogia, milles kombineeritakse laserlihvitud teemandikristallidega koorimist vaakumi puhastava toimega. Laserlihvimise k\u00e4igus saadud imepeened teemandikristallid eemaldavad surnud rakud naha pinnalt \u00f5rnalt ja pehmelt, vaakumaga puhastab efektiivselt poorid. See t\u00e4hendab, et teemantlihvimine suudab v\u00f5idelda selliste delikaatsete probleemidega nagu huulekortsud ja kanavarbad, traditsiooniliste meetodite puhul neid piirkondi enamasti\u2026<\/p>\n<p class=\"continue-reading-button\"> <a class=\"continue-reading-link\" href=\"https:\/\/medicest.eu\/et\/teemant-dermaabrasioon-overline\/\"><i class=\"crycon-right-dir\"><\/i><\/a><\/p>\n","protected":false},"author":1,"featured_media":0,"parent":0,"menu_order":0,"comment_status":"closed","ping_status":"closed","template":"","meta":{"footnotes":""},"class_list":["post-5737","page","type-page","status-publish","hentry"],"yoast_head":"<!-- This site is optimized with the Yoast SEO plugin v27.3 - https:\/\/yoast.com\/product\/yoast-seo-wordpress\/ -->\n<title>Teemant-dermaabrasioon Overline - Ilukliinik Medic-Esthetic<\/title>\n<meta name=\"robots\" content=\"index, follow, max-snippet:-1, max-image-preview:large, max-video-preview:-1\" \/>\n<link rel=\"canonical\" href=\"https:\/\/medicest.eu\/mikrodermabraziya-overline\/\" \/>\n<meta property=\"og:locale\" content=\"et_EE\" \/>\n<meta property=\"og:type\" content=\"article\" \/>\n<meta property=\"og:title\" content=\"Teemant-dermaabrasioon Overline - Ilukliinik Medic-Esthetic\" \/>\n<meta property=\"og:description\" content=\"Overline Teemant-dermaabrasioon Overline&#8217;i teemant-dermaabrasioon on tehnoloogia, milles kombineeritakse laserlihvitud teemandikristallidega koorimist vaakumi puhastava toimega. Laserlihvimise k\u00e4igus saadud imepeened teemandikristallid eemaldavad surnud rakud naha pinnalt \u00f5rnalt ja pehmelt, vaakumaga puhastab efektiivselt poorid. See t\u00e4hendab, et teemantlihvimine suudab v\u00f5idelda selliste delikaatsete probleemidega nagu huulekortsud ja kanavarbad, traditsiooniliste meetodite puhul neid piirkondi enamasti\u2026\" \/>\n<meta property=\"og:url\" content=\"https:\/\/medicest.eu\/mikrodermabraziya-overline\/\" \/>\n<meta property=\"og:site_name\" content=\"Ilukliinik Medic-Esthetic\" \/>\n<meta property=\"article:modified_time\" content=\"2023-10-17T14:22:43+00:00\" \/>\n<meta property=\"og:image\" content=\"http:\/\/medicest.eu\/wp-content\/uploads\/2021\/11\/mikrodermabraziya-tallinn-1024x480.jpg\" \/>\n<meta name=\"twitter:card\" content=\"summary_large_image\" \/>\n<meta name=\"twitter:label1\" content=\"Est. reading time\" \/>\n\t<meta name=\"twitter:data1\" content=\"2 minutit\" \/>\n<script type=\"application\/ld+json\" class=\"yoast-schema-graph\">{\"@context\":\"https:\\\/\\\/schema.org\",\"@graph\":[{\"@type\":\"WebPage\",\"@id\":\"https:\\\/\\\/medicest.eu\\\/mikrodermabraziya-overline\\\/\",\"url\":\"https:\\\/\\\/medicest.eu\\\/mikrodermabraziya-overline\\\/\",\"name\":\"Teemant-dermaabrasioon Overline - Ilukliinik Medic-Esthetic\",\"isPartOf\":{\"@id\":\"https:\\\/\\\/medicest.eu\\\/#website\"},\"primaryImageOfPage\":{\"@id\":\"https:\\\/\\\/medicest.eu\\\/mikrodermabraziya-overline\\\/#primaryimage\"},\"image\":{\"@id\":\"https:\\\/\\\/medicest.eu\\\/mikrodermabraziya-overline\\\/#primaryimage\"},\"thumbnailUrl\":\"http:\\\/\\\/medicest.eu\\\/wp-content\\\/uploads\\\/2021\\\/11\\\/mikrodermabraziya-tallinn-1024x480.jpg\",\"datePublished\":\"2021-11-12T15:11:42+00:00\",\"dateModified\":\"2023-10-17T14:22:43+00:00\",\"breadcrumb\":{\"@id\":\"https:\\\/\\\/medicest.eu\\\/mikrodermabraziya-overline\\\/#breadcrumb\"},\"inLanguage\":\"et\",\"potentialAction\":[{\"@type\":\"ReadAction\",\"target\":[\"https:\\\/\\\/medicest.eu\\\/mikrodermabraziya-overline\\\/\"]}]},{\"@type\":\"ImageObject\",\"inLanguage\":\"et\",\"@id\":\"https:\\\/\\\/medicest.eu\\\/mikrodermabraziya-overline\\\/#primaryimage\",\"url\":\"http:\\\/\\\/medicest.eu\\\/wp-content\\\/uploads\\\/2021\\\/11\\\/mikrodermabraziya-tallinn-1024x480.jpg\",\"contentUrl\":\"http:\\\/\\\/medicest.eu\\\/wp-content\\\/uploads\\\/2021\\\/11\\\/mikrodermabraziya-tallinn-1024x480.jpg\"},{\"@type\":\"BreadcrumbList\",\"@id\":\"https:\\\/\\\/medicest.eu\\\/mikrodermabraziya-overline\\\/#breadcrumb\",\"itemListElement\":[{\"@type\":\"ListItem\",\"position\":1,\"name\":\"Home\",\"item\":\"https:\\\/\\\/medicest.eu\\\/\"},{\"@type\":\"ListItem\",\"position\":2,\"name\":\"Teemant-dermaabrasioon Overline\"}]},{\"@type\":\"WebSite\",\"@id\":\"https:\\\/\\\/medicest.eu\\\/#website\",\"url\":\"https:\\\/\\\/medicest.eu\\\/\",\"name\":\"Ilukliinik Medic-Esthetic\",\"description\":\"Beauty &amp; Prestige\",\"potentialAction\":[{\"@type\":\"SearchAction\",\"target\":{\"@type\":\"EntryPoint\",\"urlTemplate\":\"https:\\\/\\\/medicest.eu\\\/?s={search_term_string}\"},\"query-input\":{\"@type\":\"PropertyValueSpecification\",\"valueRequired\":true,\"valueName\":\"search_term_string\"}}],\"inLanguage\":\"et\"}]}<\/script>\n<!-- \/ Yoast SEO plugin. -->","yoast_head_json":{"title":"Teemant-dermaabrasioon Overline - Ilukliinik Medic-Esthetic","robots":{"index":"index","follow":"follow","max-snippet":"max-snippet:-1","max-image-preview":"max-image-preview:large","max-video-preview":"max-video-preview:-1"},"canonical":"https:\/\/medicest.eu\/mikrodermabraziya-overline\/","og_locale":"et_EE","og_type":"article","og_title":"Teemant-dermaabrasioon Overline - Ilukliinik Medic-Esthetic","og_description":"Overline Teemant-dermaabrasioon Overline&#8217;i teemant-dermaabrasioon on tehnoloogia, milles kombineeritakse laserlihvitud teemandikristallidega koorimist vaakumi puhastava toimega. Laserlihvimise k\u00e4igus saadud imepeened teemandikristallid eemaldavad surnud rakud naha pinnalt \u00f5rnalt ja pehmelt, vaakumaga puhastab efektiivselt poorid. See t\u00e4hendab, et teemantlihvimine suudab v\u00f5idelda selliste delikaatsete probleemidega nagu huulekortsud ja kanavarbad, traditsiooniliste meetodite puhul neid piirkondi enamasti\u2026","og_url":"https:\/\/medicest.eu\/mikrodermabraziya-overline\/","og_site_name":"Ilukliinik Medic-Esthetic","article_modified_time":"2023-10-17T14:22:43+00:00","og_image":[{"url":"http:\/\/medicest.eu\/wp-content\/uploads\/2021\/11\/mikrodermabraziya-tallinn-1024x480.jpg","type":"","width":"","height":""}],"twitter_card":"summary_large_image","twitter_misc":{"Est. reading time":"2 minutit"},"schema":{"@context":"https:\/\/schema.org","@graph":[{"@type":"WebPage","@id":"https:\/\/medicest.eu\/mikrodermabraziya-overline\/","url":"https:\/\/medicest.eu\/mikrodermabraziya-overline\/","name":"Teemant-dermaabrasioon Overline - Ilukliinik Medic-Esthetic","isPartOf":{"@id":"https:\/\/medicest.eu\/#website"},"primaryImageOfPage":{"@id":"https:\/\/medicest.eu\/mikrodermabraziya-overline\/#primaryimage"},"image":{"@id":"https:\/\/medicest.eu\/mikrodermabraziya-overline\/#primaryimage"},"thumbnailUrl":"http:\/\/medicest.eu\/wp-content\/uploads\/2021\/11\/mikrodermabraziya-tallinn-1024x480.jpg","datePublished":"2021-11-12T15:11:42+00:00","dateModified":"2023-10-17T14:22:43+00:00","breadcrumb":{"@id":"https:\/\/medicest.eu\/mikrodermabraziya-overline\/#breadcrumb"},"inLanguage":"et","potentialAction":[{"@type":"ReadAction","target":["https:\/\/medicest.eu\/mikrodermabraziya-overline\/"]}]},{"@type":"ImageObject","inLanguage":"et","@id":"https:\/\/medicest.eu\/mikrodermabraziya-overline\/#primaryimage","url":"http:\/\/medicest.eu\/wp-content\/uploads\/2021\/11\/mikrodermabraziya-tallinn-1024x480.jpg","contentUrl":"http:\/\/medicest.eu\/wp-content\/uploads\/2021\/11\/mikrodermabraziya-tallinn-1024x480.jpg"},{"@type":"BreadcrumbList","@id":"https:\/\/medicest.eu\/mikrodermabraziya-overline\/#breadcrumb","itemListElement":[{"@type":"ListItem","position":1,"name":"Home","item":"https:\/\/medicest.eu\/"},{"@type":"ListItem","position":2,"name":"Teemant-dermaabrasioon Overline"}]},{"@type":"WebSite","@id":"https:\/\/medicest.eu\/#website","url":"https:\/\/medicest.eu\/","name":"Ilukliinik Medic-Esthetic","description":"Beauty &amp; Prestige","potentialAction":[{"@type":"SearchAction","target":{"@type":"EntryPoint","urlTemplate":"https:\/\/medicest.eu\/?s={search_term_string}"},"query-input":{"@type":"PropertyValueSpecification","valueRequired":true,"valueName":"search_term_string"}}],"inLanguage":"et"}]}},"_links":{"self":[{"href":"https:\/\/medicest.eu\/et\/wp-json\/wp\/v2\/pages\/5737","targetHints":{"allow":["GET"]}}],"collection":[{"href":"https:\/\/medicest.eu\/et\/wp-json\/wp\/v2\/pages"}],"about":[{"href":"https:\/\/medicest.eu\/et\/wp-json\/wp\/v2\/types\/page"}],"author":[{"embeddable":true,"href":"https:\/\/medicest.eu\/et\/wp-json\/wp\/v2\/users\/1"}],"replies":[{"embeddable":true,"href":"https:\/\/medicest.eu\/et\/wp-json\/wp\/v2\/comments?post=5737"}],"version-history":[{"count":22,"href":"https:\/\/medicest.eu\/et\/wp-json\/wp\/v2\/pages\/5737\/revisions"}],"predecessor-version":[{"id":14624,"href":"https:\/\/medicest.eu\/et\/wp-json\/wp\/v2\/pages\/5737\/revisions\/14624"}],"wp:attachment":[{"href":"https:\/\/medicest.eu\/et\/wp-json\/wp\/v2\/media?parent=5737"}],"curies":[{"name":"wp","href":"https:\/\/api.w.org\/{rel}","templated":true}]}}