{"id":5355,"date":"2021-10-27T11:39:28","date_gmt":"2021-10-27T11:39:28","guid":{"rendered":"https:\/\/medicest.eu\/mezoterapiya-innoaesthetics-dna-pept-ha\/"},"modified":"2021-11-05T14:06:38","modified_gmt":"2021-11-05T14:06:38","slug":"mesoteraapia-dna-pept-ha","status":"publish","type":"page","link":"https:\/\/medicest.eu\/et\/mesoteraapia-dna-pept-ha\/","title":{"rendered":"Mesoteraapia DNA PEPT-HA"},"content":{"rendered":"\t\t<div data-elementor-type=\"wp-page\" data-elementor-id=\"5355\" class=\"elementor elementor-5355 elementor-4672\">\n\t\t\t\t\t\t<section class=\"elementor-section elementor-top-section elementor-element elementor-element-7dd8e236 elementor-section-boxed elementor-section-height-default elementor-section-height-default\" data-id=\"7dd8e236\" data-element_type=\"section\" data-e-type=\"section\">\n\t\t\t\t\t\t<div class=\"elementor-container elementor-column-gap-default\">\n\t\t\t\t\t<div class=\"elementor-column elementor-col-100 elementor-top-column elementor-element elementor-element-574c67ee\" data-id=\"574c67ee\" data-element_type=\"column\" data-e-type=\"column\">\n\t\t\t<div class=\"elementor-widget-wrap elementor-element-populated\">\n\t\t\t\t\t\t<div class=\"elementor-element elementor-element-2f4aa5eb elementor-widget elementor-widget-heading\" data-id=\"2f4aa5eb\" data-element_type=\"widget\" data-e-type=\"widget\" data-widget_type=\"heading.default\">\n\t\t\t\t<div class=\"elementor-widget-container\">\n\t\t\t\t\t<h2 class=\"elementor-heading-title elementor-size-default\">Innoaesthetics DNA PEPT-HA<\/h2>\t\t\t\t<\/div>\n\t\t\t\t<\/div>\n\t\t\t\t<div class=\"elementor-element elementor-element-455804e0 elementor-widget elementor-widget-heading\" data-id=\"455804e0\" data-element_type=\"widget\" data-e-type=\"widget\" data-widget_type=\"heading.default\">\n\t\t\t\t<div class=\"elementor-widget-container\">\n\t\t\t\t\t<h3 class=\"elementor-heading-title elementor-size-default\">V\u00f5imas vananemisvastane vahend, parandab naha elastsust ja v\u00e4hendab miimilisi kortse<\/h3>\t\t\t\t<\/div>\n\t\t\t\t<\/div>\n\t\t\t\t\t<\/div>\n\t\t<\/div>\n\t\t\t\t\t<\/div>\n\t\t<\/section>\n\t\t\t\t<section class=\"elementor-section elementor-top-section elementor-element elementor-element-799e079 elementor-section-boxed elementor-section-height-default elementor-section-height-default\" data-id=\"799e079\" data-element_type=\"section\" data-e-type=\"section\">\n\t\t\t\t\t\t<div class=\"elementor-container elementor-column-gap-default\">\n\t\t\t\t\t<div class=\"elementor-column elementor-col-50 elementor-top-column elementor-element elementor-element-3a3f3e4\" data-id=\"3a3f3e4\" data-element_type=\"column\" data-e-type=\"column\">\n\t\t\t<div class=\"elementor-widget-wrap elementor-element-populated\">\n\t\t\t\t\t\t<div class=\"elementor-element elementor-element-6676b31 elementor-widget elementor-widget-text-editor\" data-id=\"6676b31\" data-element_type=\"widget\" data-e-type=\"widget\" data-widget_type=\"text-editor.default\">\n\t\t\t\t<div class=\"elementor-widget-container\">\n\t\t\t\t\t\t\t\t\t<p>Toimeainete s\u00fcnergistlik toime imiteerib III t\u00fc\u00fcbi kollageeni ainevahetust, mis aitab nahal paremini taastuda ja paraneda, taastades naha tasakaalu.\u00a0<\/p><p>Lisaks k\u00e4ivitab peptiidikompleks rakkude uuenemisprotsesse, mis suurendavad fibroblastide tootmist ning v\u00e4hendavad naha \u00fclitundlikkust ja punetust.<\/p><p>Toode sisaldab glutatiooni, mis kaitseb rakke toksiliste vabade radikaalide eest.\u00a0<\/p><p>Innoaesthetics DNA Pept-HA-l on tugevad vananemisvastased omadused ja see tugevdab t\u00f5husalt dermist, taastades n\u00e4o- ja kaelapiirkonna kahjustatud kudesid.\u00a0<\/p>\t\t\t\t\t\t\t\t<\/div>\n\t\t\t\t<\/div>\n\t\t\t\t\t<\/div>\n\t\t<\/div>\n\t\t\t\t<div class=\"elementor-column elementor-col-50 elementor-top-column elementor-element elementor-element-82f350c\" data-id=\"82f350c\" data-element_type=\"column\" data-e-type=\"column\">\n\t\t\t<div class=\"elementor-widget-wrap elementor-element-populated\">\n\t\t\t\t\t\t<div class=\"elementor-element elementor-element-ebb3960 elementor-widget elementor-widget-image\" data-id=\"ebb3960\" data-element_type=\"widget\" data-e-type=\"widget\" data-widget_type=\"image.default\">\n\t\t\t\t<div class=\"elementor-widget-container\">\n\t\t\t\t\t\t\t\t\t\t\t\t\t\t\t<img fetchpriority=\"high\" decoding=\"async\" width=\"1000\" height=\"1000\" src=\"https:\/\/medicest.eu\/wp-content\/uploads\/2021\/10\/pept-ha-collagen-synthesis.jpg\" class=\"attachment-large size-large wp-image-4682\" alt=\"\" srcset=\"https:\/\/medicest.eu\/wp-content\/uploads\/2021\/10\/pept-ha-collagen-synthesis.jpg 1000w, https:\/\/medicest.eu\/wp-content\/uploads\/2021\/10\/pept-ha-collagen-synthesis-300x300.jpg 300w, https:\/\/medicest.eu\/wp-content\/uploads\/2021\/10\/pept-ha-collagen-synthesis-768x768.jpg 768w, https:\/\/medicest.eu\/wp-content\/uploads\/2021\/10\/pept-ha-collagen-synthesis-150x150.jpg 150w\" sizes=\"(max-width: 1000px) 100vw, 1000px\" \/>\t\t\t\t\t\t\t\t\t\t\t\t\t\t\t<\/div>\n\t\t\t\t<\/div>\n\t\t\t\t\t<\/div>\n\t\t<\/div>\n\t\t\t\t\t<\/div>\n\t\t<\/section>\n\t\t\t\t<section class=\"elementor-section elementor-top-section elementor-element elementor-element-b32c6f6 elementor-section-boxed elementor-section-height-default elementor-section-height-default\" data-id=\"b32c6f6\" data-element_type=\"section\" data-e-type=\"section\">\n\t\t\t\t\t\t<div class=\"elementor-container elementor-column-gap-default\">\n\t\t\t\t\t<div class=\"elementor-column elementor-col-50 elementor-top-column elementor-element elementor-element-6f902ed\" data-id=\"6f902ed\" data-element_type=\"column\" data-e-type=\"column\">\n\t\t\t<div class=\"elementor-widget-wrap elementor-element-populated\">\n\t\t\t\t\t\t<div class=\"elementor-element elementor-element-e905b28 elementor-widget elementor-widget-text-editor\" data-id=\"e905b28\" data-element_type=\"widget\" data-e-type=\"widget\" data-widget_type=\"text-editor.default\">\n\t\t\t\t<div class=\"elementor-widget-container\">\n\t\t\t\t\t\t\t\t\t<p><b>Preparaadi toime:\u00a0<\/b><\/p><ul><li>\u00a0Parandab naha elastsust ja v\u00e4hendab kortse<\/li><li>\u00a0Edendab\u00a0 kollageeni s\u00fcnteesi<\/li><li>\u00a0Taastab kahjustatud naha ja parandab paranemisprotsesse<\/li><li>\u00a0Taastab rakulise DNA<\/li><li>\u00a0Suurendab naha vastupanuv\u00f5imet<\/li><li>\u00a0Rasuerituse kontroll<\/li><li>\u00a0P\u00f5letiku v\u00e4hendamine<\/li><li>\u00a0Kaitsebarj\u00e4\u00e4ri tugevdamine<\/li><li>Effektiivne naha struktuuri\u00a0 taastamine<\/li><\/ul>\t\t\t\t\t\t\t\t<\/div>\n\t\t\t\t<\/div>\n\t\t\t\t\t<\/div>\n\t\t<\/div>\n\t\t\t\t<div class=\"elementor-column elementor-col-50 elementor-top-column elementor-element elementor-element-e914035\" data-id=\"e914035\" data-element_type=\"column\" data-e-type=\"column\">\n\t\t\t<div class=\"elementor-widget-wrap elementor-element-populated\">\n\t\t\t\t\t\t<div class=\"elementor-element elementor-element-325ce9d elementor-widget elementor-widget-text-editor\" data-id=\"325ce9d\" data-element_type=\"widget\" data-e-type=\"widget\" data-widget_type=\"text-editor.default\">\n\t\t\t\t<div class=\"elementor-widget-container\">\n\t\t\t\t\t\t\t\t\t<p><b>N\u00e4idustused:\u00a0<\/b><\/p><ul><li>Vistrikele kalduv nahk<\/li><li>Naha rasu reguleerimine<\/li><li>Rasune nahk<\/li><li>Naha revitaliseerimine<\/li><li>Kortsude ja vananemise ennetamine<\/li><li>Tugev naha niisutus<\/li><li>Naha kvaliteedi parandamine<\/li><li>Nahavigade k\u00f5rvaldamine<\/li><li>Jume parandamine<\/li><li>Naha tugev toitmine ja niisutamine<\/li><li>Vananemisilmingute eemaldamine<\/li><\/ul>\t\t\t\t\t\t\t\t<\/div>\n\t\t\t\t<\/div>\n\t\t\t\t\t<\/div>\n\t\t<\/div>\n\t\t\t\t\t<\/div>\n\t\t<\/section>\n\t\t\t\t<section class=\"elementor-section elementor-top-section elementor-element elementor-element-305edef elementor-section-boxed elementor-section-height-default elementor-section-height-default\" data-id=\"305edef\" data-element_type=\"section\" data-e-type=\"section\">\n\t\t\t\t\t\t<div class=\"elementor-container elementor-column-gap-default\">\n\t\t\t\t\t<div class=\"elementor-column elementor-col-100 elementor-top-column elementor-element elementor-element-54675ab\" data-id=\"54675ab\" data-element_type=\"column\" data-e-type=\"column\">\n\t\t\t<div class=\"elementor-widget-wrap elementor-element-populated\">\n\t\t\t\t\t\t<div class=\"elementor-element elementor-element-45c6166 elementor-widget-divider--view-line elementor-widget elementor-widget-divider\" data-id=\"45c6166\" data-element_type=\"widget\" data-e-type=\"widget\" data-widget_type=\"divider.default\">\n\t\t\t\t<div class=\"elementor-widget-container\">\n\t\t\t\t\t\t\t<div class=\"elementor-divider\">\n\t\t\t<span class=\"elementor-divider-separator\">\n\t\t\t\t\t\t<\/span>\n\t\t<\/div>\n\t\t\t\t\t\t<\/div>\n\t\t\t\t<\/div>\n\t\t\t\t\t<\/div>\n\t\t<\/div>\n\t\t\t\t\t<\/div>\n\t\t<\/section>\n\t\t\t\t<section class=\"elementor-section elementor-top-section elementor-element elementor-element-756d46f elementor-section-boxed elementor-section-height-default elementor-section-height-default\" data-id=\"756d46f\" data-element_type=\"section\" data-e-type=\"section\">\n\t\t\t\t\t\t<div class=\"elementor-container elementor-column-gap-default\">\n\t\t\t\t\t<div class=\"elementor-column elementor-col-100 elementor-top-column elementor-element elementor-element-68755bb\" data-id=\"68755bb\" data-element_type=\"column\" data-e-type=\"column\">\n\t\t\t<div class=\"elementor-widget-wrap elementor-element-populated\">\n\t\t\t\t\t\t<div class=\"elementor-element elementor-element-e8e64e2 elementor-widget elementor-widget-text-editor\" data-id=\"e8e64e2\" data-element_type=\"widget\" data-e-type=\"widget\" data-widget_type=\"text-editor.default\">\n\t\t\t\t<div class=\"elementor-widget-container\">\n\t\t\t\t\t\t\t\t\t<p><b>Soovituslik kuur<\/b>: 4 protseduuri intervalliga 7 kuni 14 p\u00e4eva\u00a0<\/p><p>Protseduur viiakse l\u00e4bi elektroonilise mesoteraapiap\u00fcstoliga, mis v\u00e4hendab ebamugavustunnet.<\/p>\t\t\t\t\t\t\t\t<\/div>\n\t\t\t\t<\/div>\n\t\t\t\t\t<\/div>\n\t\t<\/div>\n\t\t\t\t\t<\/div>\n\t\t<\/section>\n\t\t\t\t<section class=\"elementor-section elementor-top-section elementor-element elementor-element-e07da46 elementor-section-boxed elementor-section-height-default elementor-section-height-default\" data-id=\"e07da46\" data-element_type=\"section\" data-e-type=\"section\">\n\t\t\t\t\t\t<div class=\"elementor-container elementor-column-gap-default\">\n\t\t\t\t\t<div class=\"elementor-column elementor-col-100 elementor-top-column elementor-element elementor-element-5c5d534\" data-id=\"5c5d534\" data-element_type=\"column\" data-e-type=\"column\">\n\t\t\t<div class=\"elementor-widget-wrap elementor-element-populated\">\n\t\t\t\t\t\t<div class=\"elementor-element elementor-element-808dcf3 elementor-widget-divider--view-line elementor-widget elementor-widget-divider\" data-id=\"808dcf3\" data-element_type=\"widget\" data-e-type=\"widget\" data-widget_type=\"divider.default\">\n\t\t\t\t<div class=\"elementor-widget-container\">\n\t\t\t\t\t\t\t<div class=\"elementor-divider\">\n\t\t\t<span class=\"elementor-divider-separator\">\n\t\t\t\t\t\t<\/span>\n\t\t<\/div>\n\t\t\t\t\t\t<\/div>\n\t\t\t\t<\/div>\n\t\t\t\t\t<\/div>\n\t\t<\/div>\n\t\t\t\t\t<\/div>\n\t\t<\/section>\n\t\t\t\t<section class=\"elementor-section elementor-top-section elementor-element elementor-element-464d8796 elementor-section-boxed elementor-section-height-default elementor-section-height-default\" data-id=\"464d8796\" data-element_type=\"section\" data-e-type=\"section\">\n\t\t\t\t\t\t<div class=\"elementor-container elementor-column-gap-default\">\n\t\t\t\t\t<div class=\"elementor-column elementor-col-100 elementor-top-column elementor-element elementor-element-4cb4701e\" data-id=\"4cb4701e\" data-element_type=\"column\" data-e-type=\"column\">\n\t\t\t<div class=\"elementor-widget-wrap elementor-element-populated\">\n\t\t\t\t\t\t<div class=\"elementor-element elementor-element-7f61c110 elementor-widget elementor-widget-heading\" data-id=\"7f61c110\" data-element_type=\"widget\" data-e-type=\"widget\" data-widget_type=\"heading.default\">\n\t\t\t\t<div class=\"elementor-widget-container\">\n\t\t\t\t\t<h2 class=\"elementor-heading-title elementor-size-default\">Hinnakiri<\/h2>\t\t\t\t<\/div>\n\t\t\t\t<\/div>\n\t\t\t\t<div class=\"elementor-element elementor-element-3fe239c3 elementor-widget elementor-widget-text-editor\" data-id=\"3fe239c3\" data-element_type=\"widget\" data-e-type=\"widget\" data-widget_type=\"text-editor.default\">\n\t\t\t\t<div class=\"elementor-widget-container\">\n\t\t\t\t\t\t\t\t\t<p>\n<table id=\"tablepress-82\" class=\"tablepress tablepress-id-82\">\n<thead>\n<tr class=\"row-1\">\n\t<th class=\"column-1\">Mesoteraapia Innoaesthetics DNA PEPT-HA<\/th><th class=\"column-2\">Hind \u20ac<\/th>\n<\/tr>\n<\/thead>\n<tbody class=\"row-striping row-hover\">\n<tr class=\"row-2\">\n\t<td class=\"column-1\">N\u00e4gu<\/td><td class=\"column-2\">75,00<\/td>\n<\/tr>\n<tr class=\"row-3\">\n\t<td class=\"column-1\">N\u00e4gu + Kael<\/td><td class=\"column-2\">100,00<\/td>\n<\/tr>\n<tr class=\"row-4\">\n\t<td class=\"column-1\">N\u00e4gu + Kael + Dekoltee<\/td><td class=\"column-2\">150,00<\/td>\n<\/tr>\n<\/tbody>\n<\/table>\n<!-- #tablepress-82 from cache --><\/p>\t\t\t\t\t\t\t\t<\/div>\n\t\t\t\t<\/div>\n\t\t\t\t\t<\/div>\n\t\t<\/div>\n\t\t\t\t\t<\/div>\n\t\t<\/section>\n\t\t\t\t<\/div>\n\t\t","protected":false},"excerpt":{"rendered":"<p>Innoaesthetics DNA PEPT-HA V\u00f5imas vananemisvastane vahend, parandab naha elastsust ja v\u00e4hendab miimilisi kortse Toimeainete s\u00fcnergistlik toime imiteerib III t\u00fc\u00fcbi kollageeni ainevahetust, mis aitab nahal paremini taastuda ja paraneda, taastades naha tasakaalu.\u00a0 Lisaks k\u00e4ivitab peptiidikompleks rakkude uuenemisprotsesse, mis suurendavad fibroblastide tootmist ning v\u00e4hendavad naha \u00fclitundlikkust ja punetust. Toode sisaldab glutatiooni, mis\u2026<\/p>\n<p class=\"continue-reading-button\"> <a class=\"continue-reading-link\" href=\"https:\/\/medicest.eu\/et\/mesoteraapia-dna-pept-ha\/\"><i class=\"crycon-right-dir\"><\/i><\/a><\/p>\n","protected":false},"author":1,"featured_media":0,"parent":0,"menu_order":0,"comment_status":"closed","ping_status":"closed","template":"","meta":{"footnotes":""},"class_list":["post-5355","page","type-page","status-publish","hentry"],"yoast_head":"<!-- This site is optimized with the Yoast SEO plugin v27.4 - https:\/\/yoast.com\/product\/yoast-seo-wordpress\/ -->\n<title>Mesoteraapia DNA PEPT-HA - Ilukliinik Medic-Esthetic<\/title>\n<meta name=\"robots\" content=\"index, follow, max-snippet:-1, max-image-preview:large, max-video-preview:-1\" \/>\n<link rel=\"canonical\" href=\"https:\/\/medicest.eu\/et\/mesoteraapia-dna-pept-ha\/\" \/>\n<meta property=\"og:locale\" content=\"et_EE\" \/>\n<meta property=\"og:type\" content=\"article\" \/>\n<meta property=\"og:title\" content=\"Mesoteraapia DNA PEPT-HA - Ilukliinik Medic-Esthetic\" \/>\n<meta property=\"og:description\" content=\"Innoaesthetics DNA PEPT-HA V\u00f5imas vananemisvastane vahend, parandab naha elastsust ja v\u00e4hendab miimilisi kortse Toimeainete s\u00fcnergistlik toime imiteerib III t\u00fc\u00fcbi kollageeni ainevahetust, mis aitab nahal paremini taastuda ja paraneda, taastades naha tasakaalu.\u00a0 Lisaks k\u00e4ivitab peptiidikompleks rakkude uuenemisprotsesse, mis suurendavad fibroblastide tootmist ning v\u00e4hendavad naha \u00fclitundlikkust ja punetust. Toode sisaldab glutatiooni, mis\u2026\" \/>\n<meta property=\"og:url\" content=\"https:\/\/medicest.eu\/et\/mesoteraapia-dna-pept-ha\/\" \/>\n<meta property=\"og:site_name\" content=\"Ilukliinik Medic-Esthetic\" \/>\n<meta property=\"article:modified_time\" content=\"2021-11-05T14:06:38+00:00\" \/>\n<meta property=\"og:image\" content=\"http:\/\/medicest.eu\/wp-content\/uploads\/2021\/10\/pept-ha-collagen-synthesis.jpg\" \/>\n<meta name=\"twitter:card\" content=\"summary_large_image\" \/>\n<meta name=\"twitter:label1\" content=\"Est. reading time\" \/>\n\t<meta name=\"twitter:data1\" content=\"1 minut\" \/>\n<script type=\"application\/ld+json\" class=\"yoast-schema-graph\">{\"@context\":\"https:\\\/\\\/schema.org\",\"@graph\":[{\"@type\":\"WebPage\",\"@id\":\"https:\\\/\\\/medicest.eu\\\/et\\\/mesoteraapia-dna-pept-ha\\\/\",\"url\":\"https:\\\/\\\/medicest.eu\\\/et\\\/mesoteraapia-dna-pept-ha\\\/\",\"name\":\"Mesoteraapia DNA PEPT-HA - Ilukliinik Medic-Esthetic\",\"isPartOf\":{\"@id\":\"https:\\\/\\\/medicest.eu\\\/#website\"},\"primaryImageOfPage\":{\"@id\":\"https:\\\/\\\/medicest.eu\\\/et\\\/mesoteraapia-dna-pept-ha\\\/#primaryimage\"},\"image\":{\"@id\":\"https:\\\/\\\/medicest.eu\\\/et\\\/mesoteraapia-dna-pept-ha\\\/#primaryimage\"},\"thumbnailUrl\":\"http:\\\/\\\/medicest.eu\\\/wp-content\\\/uploads\\\/2021\\\/10\\\/pept-ha-collagen-synthesis.jpg\",\"datePublished\":\"2021-10-27T11:39:28+00:00\",\"dateModified\":\"2021-11-05T14:06:38+00:00\",\"breadcrumb\":{\"@id\":\"https:\\\/\\\/medicest.eu\\\/et\\\/mesoteraapia-dna-pept-ha\\\/#breadcrumb\"},\"inLanguage\":\"et\",\"potentialAction\":[{\"@type\":\"ReadAction\",\"target\":[\"https:\\\/\\\/medicest.eu\\\/et\\\/mesoteraapia-dna-pept-ha\\\/\"]}]},{\"@type\":\"ImageObject\",\"inLanguage\":\"et\",\"@id\":\"https:\\\/\\\/medicest.eu\\\/et\\\/mesoteraapia-dna-pept-ha\\\/#primaryimage\",\"url\":\"http:\\\/\\\/medicest.eu\\\/wp-content\\\/uploads\\\/2021\\\/10\\\/pept-ha-collagen-synthesis.jpg\",\"contentUrl\":\"http:\\\/\\\/medicest.eu\\\/wp-content\\\/uploads\\\/2021\\\/10\\\/pept-ha-collagen-synthesis.jpg\"},{\"@type\":\"BreadcrumbList\",\"@id\":\"https:\\\/\\\/medicest.eu\\\/et\\\/mesoteraapia-dna-pept-ha\\\/#breadcrumb\",\"itemListElement\":[{\"@type\":\"ListItem\",\"position\":1,\"name\":\"Home\",\"item\":\"https:\\\/\\\/medicest.eu\\\/\"},{\"@type\":\"ListItem\",\"position\":2,\"name\":\"Mesoteraapia DNA PEPT-HA\"}]},{\"@type\":\"WebSite\",\"@id\":\"https:\\\/\\\/medicest.eu\\\/#website\",\"url\":\"https:\\\/\\\/medicest.eu\\\/\",\"name\":\"Ilukliinik Medic-Esthetic\",\"description\":\"Beauty &amp; Prestige\",\"potentialAction\":[{\"@type\":\"SearchAction\",\"target\":{\"@type\":\"EntryPoint\",\"urlTemplate\":\"https:\\\/\\\/medicest.eu\\\/?s={search_term_string}\"},\"query-input\":{\"@type\":\"PropertyValueSpecification\",\"valueRequired\":true,\"valueName\":\"search_term_string\"}}],\"inLanguage\":\"et\"}]}<\/script>\n<!-- \/ Yoast SEO plugin. -->","yoast_head_json":{"title":"Mesoteraapia DNA PEPT-HA - Ilukliinik Medic-Esthetic","robots":{"index":"index","follow":"follow","max-snippet":"max-snippet:-1","max-image-preview":"max-image-preview:large","max-video-preview":"max-video-preview:-1"},"canonical":"https:\/\/medicest.eu\/et\/mesoteraapia-dna-pept-ha\/","og_locale":"et_EE","og_type":"article","og_title":"Mesoteraapia DNA PEPT-HA - Ilukliinik Medic-Esthetic","og_description":"Innoaesthetics DNA PEPT-HA V\u00f5imas vananemisvastane vahend, parandab naha elastsust ja v\u00e4hendab miimilisi kortse Toimeainete s\u00fcnergistlik toime imiteerib III t\u00fc\u00fcbi kollageeni ainevahetust, mis aitab nahal paremini taastuda ja paraneda, taastades naha tasakaalu.\u00a0 Lisaks k\u00e4ivitab peptiidikompleks rakkude uuenemisprotsesse, mis suurendavad fibroblastide tootmist ning v\u00e4hendavad naha \u00fclitundlikkust ja punetust. Toode sisaldab glutatiooni, mis\u2026","og_url":"https:\/\/medicest.eu\/et\/mesoteraapia-dna-pept-ha\/","og_site_name":"Ilukliinik Medic-Esthetic","article_modified_time":"2021-11-05T14:06:38+00:00","og_image":[{"url":"http:\/\/medicest.eu\/wp-content\/uploads\/2021\/10\/pept-ha-collagen-synthesis.jpg","type":"","width":"","height":""}],"twitter_card":"summary_large_image","twitter_misc":{"Est. reading time":"1 minut"},"schema":{"@context":"https:\/\/schema.org","@graph":[{"@type":"WebPage","@id":"https:\/\/medicest.eu\/et\/mesoteraapia-dna-pept-ha\/","url":"https:\/\/medicest.eu\/et\/mesoteraapia-dna-pept-ha\/","name":"Mesoteraapia DNA PEPT-HA - Ilukliinik Medic-Esthetic","isPartOf":{"@id":"https:\/\/medicest.eu\/#website"},"primaryImageOfPage":{"@id":"https:\/\/medicest.eu\/et\/mesoteraapia-dna-pept-ha\/#primaryimage"},"image":{"@id":"https:\/\/medicest.eu\/et\/mesoteraapia-dna-pept-ha\/#primaryimage"},"thumbnailUrl":"http:\/\/medicest.eu\/wp-content\/uploads\/2021\/10\/pept-ha-collagen-synthesis.jpg","datePublished":"2021-10-27T11:39:28+00:00","dateModified":"2021-11-05T14:06:38+00:00","breadcrumb":{"@id":"https:\/\/medicest.eu\/et\/mesoteraapia-dna-pept-ha\/#breadcrumb"},"inLanguage":"et","potentialAction":[{"@type":"ReadAction","target":["https:\/\/medicest.eu\/et\/mesoteraapia-dna-pept-ha\/"]}]},{"@type":"ImageObject","inLanguage":"et","@id":"https:\/\/medicest.eu\/et\/mesoteraapia-dna-pept-ha\/#primaryimage","url":"http:\/\/medicest.eu\/wp-content\/uploads\/2021\/10\/pept-ha-collagen-synthesis.jpg","contentUrl":"http:\/\/medicest.eu\/wp-content\/uploads\/2021\/10\/pept-ha-collagen-synthesis.jpg"},{"@type":"BreadcrumbList","@id":"https:\/\/medicest.eu\/et\/mesoteraapia-dna-pept-ha\/#breadcrumb","itemListElement":[{"@type":"ListItem","position":1,"name":"Home","item":"https:\/\/medicest.eu\/"},{"@type":"ListItem","position":2,"name":"Mesoteraapia DNA PEPT-HA"}]},{"@type":"WebSite","@id":"https:\/\/medicest.eu\/#website","url":"https:\/\/medicest.eu\/","name":"Ilukliinik Medic-Esthetic","description":"Beauty &amp; Prestige","potentialAction":[{"@type":"SearchAction","target":{"@type":"EntryPoint","urlTemplate":"https:\/\/medicest.eu\/?s={search_term_string}"},"query-input":{"@type":"PropertyValueSpecification","valueRequired":true,"valueName":"search_term_string"}}],"inLanguage":"et"}]}},"_links":{"self":[{"href":"https:\/\/medicest.eu\/et\/wp-json\/wp\/v2\/pages\/5355","targetHints":{"allow":["GET"]}}],"collection":[{"href":"https:\/\/medicest.eu\/et\/wp-json\/wp\/v2\/pages"}],"about":[{"href":"https:\/\/medicest.eu\/et\/wp-json\/wp\/v2\/types\/page"}],"author":[{"embeddable":true,"href":"https:\/\/medicest.eu\/et\/wp-json\/wp\/v2\/users\/1"}],"replies":[{"embeddable":true,"href":"https:\/\/medicest.eu\/et\/wp-json\/wp\/v2\/comments?post=5355"}],"version-history":[{"count":4,"href":"https:\/\/medicest.eu\/et\/wp-json\/wp\/v2\/pages\/5355\/revisions"}],"predecessor-version":[{"id":5362,"href":"https:\/\/medicest.eu\/et\/wp-json\/wp\/v2\/pages\/5355\/revisions\/5362"}],"wp:attachment":[{"href":"https:\/\/medicest.eu\/et\/wp-json\/wp\/v2\/media?parent=5355"}],"curies":[{"name":"wp","href":"https:\/\/api.w.org\/{rel}","templated":true}]}}