{"id":5323,"date":"2021-08-06T12:46:53","date_gmt":"2021-08-06T12:46:53","guid":{"rendered":"https:\/\/medicest.eu\/mezoterapiya-s-mezoinzhektorom-u225\/"},"modified":"2021-11-04T11:56:11","modified_gmt":"2021-11-04T11:56:11","slug":"mesoteraapia-mesoinjektoriga-u225","status":"publish","type":"page","link":"https:\/\/medicest.eu\/et\/mesoteraapia-mesoinjektoriga-u225\/","title":{"rendered":"Mesoteraapia mesoinjektoriga U225"},"content":{"rendered":"\t\t<div data-elementor-type=\"wp-page\" data-elementor-id=\"5323\" class=\"elementor elementor-5323 elementor-3408\">\n\t\t\t\t\t\t<section class=\"elementor-section elementor-top-section elementor-element elementor-element-684d5964 elementor-section-boxed elementor-section-height-default elementor-section-height-default\" data-id=\"684d5964\" data-element_type=\"section\" data-e-type=\"section\">\n\t\t\t\t\t\t<div class=\"elementor-container elementor-column-gap-default\">\n\t\t\t\t\t<div class=\"elementor-column elementor-col-100 elementor-top-column elementor-element elementor-element-72fed4ff\" data-id=\"72fed4ff\" data-element_type=\"column\" data-e-type=\"column\">\n\t\t\t<div class=\"elementor-widget-wrap elementor-element-populated\">\n\t\t\t\t\t\t<div class=\"elementor-element elementor-element-53df3e8f elementor-widget elementor-widget-heading\" data-id=\"53df3e8f\" data-element_type=\"widget\" data-e-type=\"widget\" data-widget_type=\"heading.default\">\n\t\t\t\t<div class=\"elementor-widget-container\">\n\t\t\t\t\t<h2 class=\"elementor-heading-title elementor-size-default\">Mesoteraapia<\/h2>\t\t\t\t<\/div>\n\t\t\t\t<\/div>\n\t\t\t\t<div class=\"elementor-element elementor-element-368731cf elementor-widget elementor-widget-heading\" data-id=\"368731cf\" data-element_type=\"widget\" data-e-type=\"widget\" data-widget_type=\"heading.default\">\n\t\t\t\t<div class=\"elementor-widget-container\">\n\t\t\t\t\t<h3 class=\"elementor-heading-title elementor-size-default\">mesoinjektoriga U225<\/h3>\t\t\t\t<\/div>\n\t\t\t\t<\/div>\n\t\t\t\t\t<\/div>\n\t\t<\/div>\n\t\t\t\t\t<\/div>\n\t\t<\/section>\n\t\t\t\t<section class=\"elementor-section elementor-top-section elementor-element elementor-element-346d57f elementor-section-boxed elementor-section-height-default elementor-section-height-default\" data-id=\"346d57f\" data-element_type=\"section\" data-e-type=\"section\">\n\t\t\t\t\t\t<div class=\"elementor-container elementor-column-gap-default\">\n\t\t\t\t\t<div class=\"elementor-column elementor-col-33 elementor-top-column elementor-element elementor-element-5398990\" data-id=\"5398990\" data-element_type=\"column\" data-e-type=\"column\">\n\t\t\t<div class=\"elementor-widget-wrap elementor-element-populated\">\n\t\t\t\t\t\t<div class=\"elementor-element elementor-element-33afd7a elementor-widget elementor-widget-image\" data-id=\"33afd7a\" data-element_type=\"widget\" data-e-type=\"widget\" data-widget_type=\"image.default\">\n\t\t\t\t<div class=\"elementor-widget-container\">\n\t\t\t\t\t\t\t\t\t\t\t\t\t\t\t<img fetchpriority=\"high\" decoding=\"async\" width=\"495\" height=\"350\" src=\"https:\/\/medicest.eu\/wp-content\/uploads\/2021\/08\/mezoterapija.jpg\" class=\"attachment-large size-large wp-image-3412\" alt=\"\" srcset=\"https:\/\/medicest.eu\/wp-content\/uploads\/2021\/08\/mezoterapija.jpg 495w, https:\/\/medicest.eu\/wp-content\/uploads\/2021\/08\/mezoterapija-300x212.jpg 300w, https:\/\/medicest.eu\/wp-content\/uploads\/2021\/08\/mezoterapija-150x106.jpg 150w\" sizes=\"(max-width: 495px) 100vw, 495px\" \/>\t\t\t\t\t\t\t\t\t\t\t\t\t\t\t<\/div>\n\t\t\t\t<\/div>\n\t\t\t\t<div class=\"elementor-element elementor-element-a46bded elementor-widget elementor-widget-image\" data-id=\"a46bded\" data-element_type=\"widget\" data-e-type=\"widget\" data-widget_type=\"image.default\">\n\t\t\t\t<div class=\"elementor-widget-container\">\n\t\t\t\t\t\t\t\t\t\t\t\t\t\t\t<img decoding=\"async\" width=\"1024\" height=\"480\" src=\"https:\/\/medicest.eu\/wp-content\/uploads\/2021\/08\/2maxresdefault-1024x480.jpg\" class=\"attachment-large size-large wp-image-3416\" alt=\"\" srcset=\"https:\/\/medicest.eu\/wp-content\/uploads\/2021\/08\/2maxresdefault-1024x480.jpg 1024w, https:\/\/medicest.eu\/wp-content\/uploads\/2021\/08\/2maxresdefault-300x141.jpg 300w, https:\/\/medicest.eu\/wp-content\/uploads\/2021\/08\/2maxresdefault-768x360.jpg 768w, https:\/\/medicest.eu\/wp-content\/uploads\/2021\/08\/2maxresdefault-150x70.jpg 150w, https:\/\/medicest.eu\/wp-content\/uploads\/2021\/08\/2maxresdefault.jpg 1280w\" sizes=\"(max-width: 1024px) 100vw, 1024px\" \/>\t\t\t\t\t\t\t\t\t\t\t\t\t\t\t<\/div>\n\t\t\t\t<\/div>\n\t\t\t\t<div class=\"elementor-element elementor-element-b906955 elementor-widget elementor-widget-image\" data-id=\"b906955\" data-element_type=\"widget\" data-e-type=\"widget\" data-widget_type=\"image.default\">\n\t\t\t\t<div class=\"elementor-widget-container\">\n\t\t\t\t\t\t\t\t\t\t\t\t\t\t\t<img decoding=\"async\" width=\"512\" height=\"341\" src=\"https:\/\/medicest.eu\/wp-content\/uploads\/2021\/08\/u225.jpg\" class=\"attachment-large size-large wp-image-3426\" alt=\"\" srcset=\"https:\/\/medicest.eu\/wp-content\/uploads\/2021\/08\/u225.jpg 512w, https:\/\/medicest.eu\/wp-content\/uploads\/2021\/08\/u225-300x200.jpg 300w, https:\/\/medicest.eu\/wp-content\/uploads\/2021\/08\/u225-150x100.jpg 150w\" sizes=\"(max-width: 512px) 100vw, 512px\" \/>\t\t\t\t\t\t\t\t\t\t\t\t\t\t\t<\/div>\n\t\t\t\t<\/div>\n\t\t\t\t\t<\/div>\n\t\t<\/div>\n\t\t\t\t<div class=\"elementor-column elementor-col-66 elementor-top-column elementor-element elementor-element-b327c5a\" data-id=\"b327c5a\" data-element_type=\"column\" data-e-type=\"column\">\n\t\t\t<div class=\"elementor-widget-wrap elementor-element-populated\">\n\t\t\t\t\t\t<div class=\"elementor-element elementor-element-b0ed161 elementor-widget elementor-widget-text-editor\" data-id=\"b0ed161\" data-element_type=\"widget\" data-e-type=\"widget\" data-widget_type=\"text-editor.default\">\n\t\t\t\t<div class=\"elementor-widget-container\">\n\t\t\t\t\t\t\t\t\t<p>Mesoinjektor \u201eU-225\u201c on uus k\u00f5rgsagedusliku mesoteraapia instrument.<\/p><p>See t\u00f6\u00f6tab pneumaatilise energia abil, v\u00f5imaldades h\u00f5lpsalt kontrollida s\u00fcgavust, sagedust ning samuti s\u00fcstitava preparaadi kogust. Erinevalt varasematest mesoinjektoritest, ei kaota \u201eU-225\u201c t\u00e4nu painduvale kan\u00fc\u00fclile preparaati ja libiseb kergelt m\u00f6\u00f6da nahka, tehes kuni 7 s\u00fcsti sekundis \u2013 naha retseptorid ei j\u00f5ua reageerida ja patsient ei tunne \u00fcldse valu.<\/p><p>\u201eU 225\u201c on v\u00e4ga mugav ja efektiivne kudede stimuleerimiseks, kollageeni s\u00fcnteesiks ja rakkude regenereerimiseks mistahes keha osal.<\/p><p>MESOLINE on kasutusvalmis mesoteraapiatoodete sari, mis sisaldab looduslikke happeid (askorbiin-, fool-, h\u00fcaluroonhape jne), vitamiine, taimeekstrakte, koens\u00fc\u00fcmi Q10 ja muid toimeaineid.<\/p><p>Mesoline toodete sari stimuleerib naha kollageeni tootmist, kiirendab kahjustatud nahapiirkondade taastumist, k\u00f5rvaldab venitusarmid ja kortsud ning annab pinguldava ja noorendava efekti.<\/p><p>See on k\u00f5ige efektiivsem meetod, mida esteetiline meditsiin pakub alopeetsia (kiilasp\u00e4isuse) raviks \u2013 see kiirendab juuste kasvu, parandab struktuuri ja peatab nende v\u00e4ljalangemise.\u00a0<\/p>\t\t\t\t\t\t\t\t<\/div>\n\t\t\t\t<\/div>\n\t\t\t\t\t<\/div>\n\t\t<\/div>\n\t\t\t\t\t<\/div>\n\t\t<\/section>\n\t\t\t\t<section class=\"elementor-section elementor-top-section elementor-element elementor-element-772ed45 elementor-section-boxed elementor-section-height-default elementor-section-height-default\" data-id=\"772ed45\" data-element_type=\"section\" data-e-type=\"section\">\n\t\t\t\t\t\t<div class=\"elementor-container elementor-column-gap-default\">\n\t\t\t\t\t<div class=\"elementor-column elementor-col-100 elementor-top-column elementor-element elementor-element-27da299\" data-id=\"27da299\" data-element_type=\"column\" data-e-type=\"column\">\n\t\t\t<div class=\"elementor-widget-wrap elementor-element-populated\">\n\t\t\t\t\t\t<div class=\"elementor-element elementor-element-c0af672 elementor-widget elementor-widget-video\" data-id=\"c0af672\" data-element_type=\"widget\" data-e-type=\"widget\" data-settings=\"{&quot;youtube_url&quot;:&quot;https:\\\/\\\/youtu.be\\\/Cu-o5NvONdQ&quot;,&quot;video_type&quot;:&quot;youtube&quot;,&quot;controls&quot;:&quot;yes&quot;}\" data-widget_type=\"video.default\">\n\t\t\t\t<div class=\"elementor-widget-container\">\n\t\t\t\t\t\t\t<div class=\"elementor-wrapper elementor-open-inline\">\n\t\t\t<div class=\"elementor-video\"><\/div>\t\t<\/div>\n\t\t\t\t\t\t<\/div>\n\t\t\t\t<\/div>\n\t\t\t\t\t<\/div>\n\t\t<\/div>\n\t\t\t\t\t<\/div>\n\t\t<\/section>\n\t\t\t\t<section class=\"elementor-section elementor-top-section elementor-element elementor-element-640ddb1 elementor-section-boxed elementor-section-height-default elementor-section-height-default\" data-id=\"640ddb1\" data-element_type=\"section\" data-e-type=\"section\">\n\t\t\t\t\t\t<div class=\"elementor-container elementor-column-gap-default\">\n\t\t\t\t\t<div class=\"elementor-column elementor-col-100 elementor-top-column elementor-element elementor-element-7f79de0e\" data-id=\"7f79de0e\" data-element_type=\"column\" data-e-type=\"column\">\n\t\t\t<div class=\"elementor-widget-wrap elementor-element-populated\">\n\t\t\t\t\t\t<div class=\"elementor-element elementor-element-1fb5a42a elementor-widget elementor-widget-heading\" data-id=\"1fb5a42a\" data-element_type=\"widget\" data-e-type=\"widget\" data-widget_type=\"heading.default\">\n\t\t\t\t<div class=\"elementor-widget-container\">\n\t\t\t\t\t<h2 class=\"elementor-heading-title elementor-size-default\">Hinnakiri<\/h2>\t\t\t\t<\/div>\n\t\t\t\t<\/div>\n\t\t\t\t<div class=\"elementor-element elementor-element-2830958e elementor-widget elementor-widget-text-editor\" data-id=\"2830958e\" data-element_type=\"widget\" data-e-type=\"widget\" data-widget_type=\"text-editor.default\">\n\t\t\t\t<div class=\"elementor-widget-container\">\n\t\t\t\t\t\t\t\t\t<p>\n<table id=\"tablepress-5\" class=\"tablepress tablepress-id-5\">\n<thead>\n<tr class=\"row-1\">\n\t<th class=\"column-1\">Mesoteraapia<\/th><th class=\"column-2\">Hind \u20ac<\/th>\n<\/tr>\n<\/thead>\n<tbody class=\"row-striping row-hover\">\n<tr class=\"row-2\">\n\t<td class=\"column-1\">Mesoteraapia U225 (n\u00e4gu)<\/td><td class=\"column-2\">75,00<\/td>\n<\/tr>\n<tr class=\"row-3\">\n\t<td class=\"column-1\">Mesoteraapia U225 (n\u00e4gu+kael)<\/td><td class=\"column-2\">90,00<\/td>\n<\/tr>\n<tr class=\"row-4\">\n\t<td class=\"column-1\">Mesoteraapia AMINO-JAL (strong)<\/td><td class=\"column-2\">75,00<\/td>\n<\/tr>\n<tr class=\"row-5\">\n\t<td class=\"column-1\">Mesoteraapia AMINO-JAL <\/td><td class=\"column-2\">65,00<\/td>\n<\/tr>\n<tr class=\"row-6\">\n\t<td class=\"column-1\">Mesolifting + Piiling <\/td><td class=\"column-2\">75,00<\/td>\n<\/tr>\n<\/tbody>\n<\/table>\n<!-- #tablepress-5 from cache --><\/p>\t\t\t\t\t\t\t\t<\/div>\n\t\t\t\t<\/div>\n\t\t\t\t\t<\/div>\n\t\t<\/div>\n\t\t\t\t\t<\/div>\n\t\t<\/section>\n\t\t\t\t<\/div>\n\t\t","protected":false},"excerpt":{"rendered":"<p>Mesoteraapia mesoinjektoriga U225 Mesoinjektor \u201eU-225\u201c on uus k\u00f5rgsagedusliku mesoteraapia instrument. See t\u00f6\u00f6tab pneumaatilise energia abil, v\u00f5imaldades h\u00f5lpsalt kontrollida s\u00fcgavust, sagedust ning samuti s\u00fcstitava preparaadi kogust. Erinevalt varasematest mesoinjektoritest, ei kaota \u201eU-225\u201c t\u00e4nu painduvale kan\u00fc\u00fclile preparaati ja libiseb kergelt m\u00f6\u00f6da nahka, tehes kuni 7 s\u00fcsti sekundis \u2013 naha retseptorid ei j\u00f5ua\u2026<\/p>\n<p class=\"continue-reading-button\"> <a class=\"continue-reading-link\" href=\"https:\/\/medicest.eu\/et\/mesoteraapia-mesoinjektoriga-u225\/\"><i class=\"crycon-right-dir\"><\/i><\/a><\/p>\n","protected":false},"author":1,"featured_media":0,"parent":0,"menu_order":0,"comment_status":"closed","ping_status":"closed","template":"","meta":{"footnotes":""},"class_list":["post-5323","page","type-page","status-publish","hentry"],"yoast_head":"<!-- This site is optimized with the Yoast SEO plugin v27.4 - https:\/\/yoast.com\/product\/yoast-seo-wordpress\/ -->\n<title>Mesoteraapia mesoinjektoriga U225 - Ilukliinik Medic-Esthetic<\/title>\n<meta name=\"robots\" content=\"index, follow, max-snippet:-1, max-image-preview:large, max-video-preview:-1\" \/>\n<link rel=\"canonical\" href=\"https:\/\/medicest.eu\/et\/mesoteraapia-mesoinjektoriga-u225\/\" \/>\n<meta property=\"og:locale\" content=\"et_EE\" \/>\n<meta property=\"og:type\" content=\"article\" \/>\n<meta property=\"og:title\" content=\"Mesoteraapia mesoinjektoriga U225 - Ilukliinik Medic-Esthetic\" \/>\n<meta property=\"og:description\" content=\"Mesoteraapia mesoinjektoriga U225 Mesoinjektor \u201eU-225\u201c on uus k\u00f5rgsagedusliku mesoteraapia instrument. See t\u00f6\u00f6tab pneumaatilise energia abil, v\u00f5imaldades h\u00f5lpsalt kontrollida s\u00fcgavust, sagedust ning samuti s\u00fcstitava preparaadi kogust. Erinevalt varasematest mesoinjektoritest, ei kaota \u201eU-225\u201c t\u00e4nu painduvale kan\u00fc\u00fclile preparaati ja libiseb kergelt m\u00f6\u00f6da nahka, tehes kuni 7 s\u00fcsti sekundis \u2013 naha retseptorid ei j\u00f5ua\u2026\" \/>\n<meta property=\"og:url\" content=\"https:\/\/medicest.eu\/et\/mesoteraapia-mesoinjektoriga-u225\/\" \/>\n<meta property=\"og:site_name\" content=\"Ilukliinik Medic-Esthetic\" \/>\n<meta property=\"article:modified_time\" content=\"2021-11-04T11:56:11+00:00\" \/>\n<meta property=\"og:image\" content=\"http:\/\/medicest.eu\/wp-content\/uploads\/2021\/08\/mezoterapija.jpg\" \/>\n<meta name=\"twitter:card\" content=\"summary_large_image\" \/>\n<meta name=\"twitter:label1\" content=\"Est. reading time\" \/>\n\t<meta name=\"twitter:data1\" content=\"2 minutit\" \/>\n<script type=\"application\/ld+json\" class=\"yoast-schema-graph\">{\"@context\":\"https:\\\/\\\/schema.org\",\"@graph\":[{\"@type\":\"WebPage\",\"@id\":\"https:\\\/\\\/medicest.eu\\\/et\\\/mesoteraapia-mesoinjektoriga-u225\\\/\",\"url\":\"https:\\\/\\\/medicest.eu\\\/et\\\/mesoteraapia-mesoinjektoriga-u225\\\/\",\"name\":\"Mesoteraapia mesoinjektoriga U225 - Ilukliinik Medic-Esthetic\",\"isPartOf\":{\"@id\":\"https:\\\/\\\/medicest.eu\\\/#website\"},\"primaryImageOfPage\":{\"@id\":\"https:\\\/\\\/medicest.eu\\\/et\\\/mesoteraapia-mesoinjektoriga-u225\\\/#primaryimage\"},\"image\":{\"@id\":\"https:\\\/\\\/medicest.eu\\\/et\\\/mesoteraapia-mesoinjektoriga-u225\\\/#primaryimage\"},\"thumbnailUrl\":\"http:\\\/\\\/medicest.eu\\\/wp-content\\\/uploads\\\/2021\\\/08\\\/mezoterapija.jpg\",\"datePublished\":\"2021-08-06T12:46:53+00:00\",\"dateModified\":\"2021-11-04T11:56:11+00:00\",\"breadcrumb\":{\"@id\":\"https:\\\/\\\/medicest.eu\\\/et\\\/mesoteraapia-mesoinjektoriga-u225\\\/#breadcrumb\"},\"inLanguage\":\"et\",\"potentialAction\":[{\"@type\":\"ReadAction\",\"target\":[\"https:\\\/\\\/medicest.eu\\\/et\\\/mesoteraapia-mesoinjektoriga-u225\\\/\"]}]},{\"@type\":\"ImageObject\",\"inLanguage\":\"et\",\"@id\":\"https:\\\/\\\/medicest.eu\\\/et\\\/mesoteraapia-mesoinjektoriga-u225\\\/#primaryimage\",\"url\":\"http:\\\/\\\/medicest.eu\\\/wp-content\\\/uploads\\\/2021\\\/08\\\/mezoterapija.jpg\",\"contentUrl\":\"http:\\\/\\\/medicest.eu\\\/wp-content\\\/uploads\\\/2021\\\/08\\\/mezoterapija.jpg\"},{\"@type\":\"BreadcrumbList\",\"@id\":\"https:\\\/\\\/medicest.eu\\\/et\\\/mesoteraapia-mesoinjektoriga-u225\\\/#breadcrumb\",\"itemListElement\":[{\"@type\":\"ListItem\",\"position\":1,\"name\":\"Home\",\"item\":\"https:\\\/\\\/medicest.eu\\\/\"},{\"@type\":\"ListItem\",\"position\":2,\"name\":\"Mesoteraapia mesoinjektoriga U225\"}]},{\"@type\":\"WebSite\",\"@id\":\"https:\\\/\\\/medicest.eu\\\/#website\",\"url\":\"https:\\\/\\\/medicest.eu\\\/\",\"name\":\"Ilukliinik Medic-Esthetic\",\"description\":\"Beauty &amp; Prestige\",\"potentialAction\":[{\"@type\":\"SearchAction\",\"target\":{\"@type\":\"EntryPoint\",\"urlTemplate\":\"https:\\\/\\\/medicest.eu\\\/?s={search_term_string}\"},\"query-input\":{\"@type\":\"PropertyValueSpecification\",\"valueRequired\":true,\"valueName\":\"search_term_string\"}}],\"inLanguage\":\"et\"}]}<\/script>\n<!-- \/ Yoast SEO plugin. -->","yoast_head_json":{"title":"Mesoteraapia mesoinjektoriga U225 - Ilukliinik Medic-Esthetic","robots":{"index":"index","follow":"follow","max-snippet":"max-snippet:-1","max-image-preview":"max-image-preview:large","max-video-preview":"max-video-preview:-1"},"canonical":"https:\/\/medicest.eu\/et\/mesoteraapia-mesoinjektoriga-u225\/","og_locale":"et_EE","og_type":"article","og_title":"Mesoteraapia mesoinjektoriga U225 - Ilukliinik Medic-Esthetic","og_description":"Mesoteraapia mesoinjektoriga U225 Mesoinjektor \u201eU-225\u201c on uus k\u00f5rgsagedusliku mesoteraapia instrument. See t\u00f6\u00f6tab pneumaatilise energia abil, v\u00f5imaldades h\u00f5lpsalt kontrollida s\u00fcgavust, sagedust ning samuti s\u00fcstitava preparaadi kogust. Erinevalt varasematest mesoinjektoritest, ei kaota \u201eU-225\u201c t\u00e4nu painduvale kan\u00fc\u00fclile preparaati ja libiseb kergelt m\u00f6\u00f6da nahka, tehes kuni 7 s\u00fcsti sekundis \u2013 naha retseptorid ei j\u00f5ua\u2026","og_url":"https:\/\/medicest.eu\/et\/mesoteraapia-mesoinjektoriga-u225\/","og_site_name":"Ilukliinik Medic-Esthetic","article_modified_time":"2021-11-04T11:56:11+00:00","og_image":[{"url":"http:\/\/medicest.eu\/wp-content\/uploads\/2021\/08\/mezoterapija.jpg","type":"","width":"","height":""}],"twitter_card":"summary_large_image","twitter_misc":{"Est. reading time":"2 minutit"},"schema":{"@context":"https:\/\/schema.org","@graph":[{"@type":"WebPage","@id":"https:\/\/medicest.eu\/et\/mesoteraapia-mesoinjektoriga-u225\/","url":"https:\/\/medicest.eu\/et\/mesoteraapia-mesoinjektoriga-u225\/","name":"Mesoteraapia mesoinjektoriga U225 - Ilukliinik Medic-Esthetic","isPartOf":{"@id":"https:\/\/medicest.eu\/#website"},"primaryImageOfPage":{"@id":"https:\/\/medicest.eu\/et\/mesoteraapia-mesoinjektoriga-u225\/#primaryimage"},"image":{"@id":"https:\/\/medicest.eu\/et\/mesoteraapia-mesoinjektoriga-u225\/#primaryimage"},"thumbnailUrl":"http:\/\/medicest.eu\/wp-content\/uploads\/2021\/08\/mezoterapija.jpg","datePublished":"2021-08-06T12:46:53+00:00","dateModified":"2021-11-04T11:56:11+00:00","breadcrumb":{"@id":"https:\/\/medicest.eu\/et\/mesoteraapia-mesoinjektoriga-u225\/#breadcrumb"},"inLanguage":"et","potentialAction":[{"@type":"ReadAction","target":["https:\/\/medicest.eu\/et\/mesoteraapia-mesoinjektoriga-u225\/"]}]},{"@type":"ImageObject","inLanguage":"et","@id":"https:\/\/medicest.eu\/et\/mesoteraapia-mesoinjektoriga-u225\/#primaryimage","url":"http:\/\/medicest.eu\/wp-content\/uploads\/2021\/08\/mezoterapija.jpg","contentUrl":"http:\/\/medicest.eu\/wp-content\/uploads\/2021\/08\/mezoterapija.jpg"},{"@type":"BreadcrumbList","@id":"https:\/\/medicest.eu\/et\/mesoteraapia-mesoinjektoriga-u225\/#breadcrumb","itemListElement":[{"@type":"ListItem","position":1,"name":"Home","item":"https:\/\/medicest.eu\/"},{"@type":"ListItem","position":2,"name":"Mesoteraapia mesoinjektoriga U225"}]},{"@type":"WebSite","@id":"https:\/\/medicest.eu\/#website","url":"https:\/\/medicest.eu\/","name":"Ilukliinik Medic-Esthetic","description":"Beauty &amp; Prestige","potentialAction":[{"@type":"SearchAction","target":{"@type":"EntryPoint","urlTemplate":"https:\/\/medicest.eu\/?s={search_term_string}"},"query-input":{"@type":"PropertyValueSpecification","valueRequired":true,"valueName":"search_term_string"}}],"inLanguage":"et"}]}},"_links":{"self":[{"href":"https:\/\/medicest.eu\/et\/wp-json\/wp\/v2\/pages\/5323","targetHints":{"allow":["GET"]}}],"collection":[{"href":"https:\/\/medicest.eu\/et\/wp-json\/wp\/v2\/pages"}],"about":[{"href":"https:\/\/medicest.eu\/et\/wp-json\/wp\/v2\/types\/page"}],"author":[{"embeddable":true,"href":"https:\/\/medicest.eu\/et\/wp-json\/wp\/v2\/users\/1"}],"replies":[{"embeddable":true,"href":"https:\/\/medicest.eu\/et\/wp-json\/wp\/v2\/comments?post=5323"}],"version-history":[{"count":7,"href":"https:\/\/medicest.eu\/et\/wp-json\/wp\/v2\/pages\/5323\/revisions"}],"predecessor-version":[{"id":5330,"href":"https:\/\/medicest.eu\/et\/wp-json\/wp\/v2\/pages\/5323\/revisions\/5330"}],"wp:attachment":[{"href":"https:\/\/medicest.eu\/et\/wp-json\/wp\/v2\/media?parent=5323"}],"curies":[{"name":"wp","href":"https:\/\/api.w.org\/{rel}","templated":true}]}}