{"id":5213,"date":"2021-10-25T14:08:03","date_gmt":"2021-10-25T14:08:03","guid":{"rendered":"https:\/\/medicest.eu\/inekcionnyj-filler-stylage\/"},"modified":"2026-05-11T13:12:44","modified_gmt":"2026-05-11T13:12:44","slug":"huulte-modelleerimine","status":"publish","type":"page","link":"https:\/\/medicest.eu\/et\/huulte-modelleerimine\/","title":{"rendered":"Huulte modelleerimine"},"content":{"rendered":"\t\t<div data-elementor-type=\"wp-page\" data-elementor-id=\"5213\" class=\"elementor elementor-5213 elementor-4544\">\n\t\t\t\t\t\t<section class=\"elementor-section elementor-top-section elementor-element elementor-element-6fd0049a elementor-section-boxed elementor-section-height-default elementor-section-height-default\" data-id=\"6fd0049a\" data-element_type=\"section\" data-e-type=\"section\">\n\t\t\t\t\t\t<div class=\"elementor-container elementor-column-gap-default\">\n\t\t\t\t\t<div class=\"elementor-column elementor-col-100 elementor-top-column elementor-element elementor-element-2be386cf\" data-id=\"2be386cf\" data-element_type=\"column\" data-e-type=\"column\">\n\t\t\t<div class=\"elementor-widget-wrap elementor-element-populated\">\n\t\t\t\t\t\t<div class=\"elementor-element elementor-element-1aea53a5 elementor-widget elementor-widget-heading\" data-id=\"1aea53a5\" data-element_type=\"widget\" data-e-type=\"widget\" data-widget_type=\"heading.default\">\n\t\t\t\t<div class=\"elementor-widget-container\">\n\t\t\t\t\t<h2 class=\"elementor-heading-title elementor-size-default\">Huulte modelleerimine\n\n<\/h2>\t\t\t\t<\/div>\n\t\t\t\t<\/div>\n\t\t\t\t\t<\/div>\n\t\t<\/div>\n\t\t\t\t\t<\/div>\n\t\t<\/section>\n\t\t\t\t<section class=\"elementor-section elementor-top-section elementor-element elementor-element-6a7bb47 elementor-section-boxed elementor-section-height-default elementor-section-height-default\" data-id=\"6a7bb47\" data-element_type=\"section\" data-e-type=\"section\">\n\t\t\t\t\t\t<div class=\"elementor-container elementor-column-gap-default\">\n\t\t\t\t\t<div class=\"elementor-column elementor-col-50 elementor-top-column elementor-element elementor-element-f7fe50b\" data-id=\"f7fe50b\" data-element_type=\"column\" data-e-type=\"column\">\n\t\t\t<div class=\"elementor-widget-wrap elementor-element-populated\">\n\t\t\t\t\t\t<div class=\"elementor-element elementor-element-4517213 elementor-widget elementor-widget-text-editor\" data-id=\"4517213\" data-element_type=\"widget\" data-e-type=\"widget\" data-widget_type=\"text-editor.default\">\n\t\t\t\t<div class=\"elementor-widget-container\">\n\t\t\t\t\t\t\t\t\t<p><span style=\"font-weight: 400;\"><strong>Huulte modelleerimine<\/strong> on meditsiiniline protseduur, mille eesm\u00e4rk on korrigeerida huulte kuju ja mahtu, kasutades h\u00fcaluroonhappel p\u00f5hinevaid dermalseid t\u00e4ites\u00fcste.<\/span><\/p><p><span style=\"font-weight: 400;\"><strong>H\u00fcaluroonhape<\/strong> on aine, mis esineb loomulikult inimese organismis ning aitab s\u00e4ilitada naha niiskust ja elastsust. Kasutatavad preparaadid on k\u00f5rge puhastusastmega ja bioloogiliselt \u00fchilduvad.<\/span><\/p><p><strong>Protseduur v\u00f5imaldab:<\/strong><\/p><ul><li style=\"font-weight: 400;\" aria-level=\"1\"><span style=\"font-weight: 400;\">korrigeerida huulte kuju<\/span><\/li><li style=\"font-weight: 400;\" aria-level=\"1\"><span style=\"font-weight: 400;\">lisada m\u00f5\u00f5dukat vol\u00fc\u00fcmi<\/span><\/li><li style=\"font-weight: 400;\" aria-level=\"1\"><span style=\"font-weight: 400;\">parandada kontuuri ja s\u00fcmmeetriat<\/span><\/li><li style=\"font-weight: 400;\" aria-level=\"1\"><span style=\"font-weight: 400;\">niisutada huulekudesid<\/span><\/li><\/ul><p><span style=\"font-weight: 400;\">Tulemus n\u00e4eb loomulik v\u00e4lja, arvestades iga patsiendi individuaalseid anatoomilisi erip\u00e4rasid.<\/span><\/p>\t\t\t\t\t\t\t\t<\/div>\n\t\t\t\t<\/div>\n\t\t\t\t\t<\/div>\n\t\t<\/div>\n\t\t\t\t<div class=\"elementor-column elementor-col-50 elementor-top-column elementor-element elementor-element-5d04600\" data-id=\"5d04600\" data-element_type=\"column\" data-e-type=\"column\">\n\t\t\t<div class=\"elementor-widget-wrap elementor-element-populated\">\n\t\t\t\t\t\t<div class=\"elementor-element elementor-element-6c782f8 elementor-widget elementor-widget-image\" data-id=\"6c782f8\" data-element_type=\"widget\" data-e-type=\"widget\" data-widget_type=\"image.default\">\n\t\t\t\t<div class=\"elementor-widget-container\">\n\t\t\t\t\t\t\t\t\t\t\t\t\t\t\t<img fetchpriority=\"high\" decoding=\"async\" width=\"768\" height=\"512\" src=\"https:\/\/medicest.eu\/wp-content\/uploads\/2026\/05\/huuled-1.jpg\" class=\"attachment-large size-large wp-image-19093\" alt=\"\" srcset=\"https:\/\/medicest.eu\/wp-content\/uploads\/2026\/05\/huuled-1.jpg 768w, https:\/\/medicest.eu\/wp-content\/uploads\/2026\/05\/huuled-1-300x200.jpg 300w, https:\/\/medicest.eu\/wp-content\/uploads\/2026\/05\/huuled-1-150x100.jpg 150w\" sizes=\"(max-width: 768px) 100vw, 768px\" \/>\t\t\t\t\t\t\t\t\t\t\t\t\t\t\t<\/div>\n\t\t\t\t<\/div>\n\t\t\t\t\t<\/div>\n\t\t<\/div>\n\t\t\t\t\t<\/div>\n\t\t<\/section>\n\t\t\t\t<section class=\"elementor-section elementor-top-section elementor-element elementor-element-afe9988 elementor-section-boxed elementor-section-height-default elementor-section-height-default\" data-id=\"afe9988\" data-element_type=\"section\" data-e-type=\"section\">\n\t\t\t\t\t\t<div class=\"elementor-container elementor-column-gap-default\">\n\t\t\t\t\t<div class=\"elementor-column elementor-col-50 elementor-top-column elementor-element elementor-element-1dbde1b\" data-id=\"1dbde1b\" data-element_type=\"column\" data-e-type=\"column\">\n\t\t\t<div class=\"elementor-widget-wrap elementor-element-populated\">\n\t\t\t\t\t\t<div class=\"elementor-element elementor-element-b7dffad elementor-widget elementor-widget-image\" data-id=\"b7dffad\" data-element_type=\"widget\" data-e-type=\"widget\" data-widget_type=\"image.default\">\n\t\t\t\t<div class=\"elementor-widget-container\">\n\t\t\t\t\t\t\t\t\t\t\t\t\t\t\t<img decoding=\"async\" width=\"1024\" height=\"1024\" src=\"https:\/\/medicest.eu\/wp-content\/uploads\/2021\/10\/14.02-scaled-1-1024x1024.jpg\" class=\"attachment-large size-large wp-image-4556\" alt=\"\" srcset=\"https:\/\/medicest.eu\/wp-content\/uploads\/2021\/10\/14.02-scaled-1-1024x1024.jpg 1024w, https:\/\/medicest.eu\/wp-content\/uploads\/2021\/10\/14.02-scaled-1-300x300.jpg 300w, https:\/\/medicest.eu\/wp-content\/uploads\/2021\/10\/14.02-scaled-1-768x768.jpg 768w, https:\/\/medicest.eu\/wp-content\/uploads\/2021\/10\/14.02-scaled-1-1536x1536.jpg 1536w, https:\/\/medicest.eu\/wp-content\/uploads\/2021\/10\/14.02-scaled-1-2048x2048.jpg 2048w, https:\/\/medicest.eu\/wp-content\/uploads\/2021\/10\/14.02-scaled-1-150x150.jpg 150w\" sizes=\"(max-width: 1024px) 100vw, 1024px\" \/>\t\t\t\t\t\t\t\t\t\t\t\t\t\t\t<\/div>\n\t\t\t\t<\/div>\n\t\t\t\t<div class=\"elementor-element elementor-element-4133dd9 elementor-widget elementor-widget-image\" data-id=\"4133dd9\" data-element_type=\"widget\" data-e-type=\"widget\" data-widget_type=\"image.default\">\n\t\t\t\t<div class=\"elementor-widget-container\">\n\t\t\t\t\t\t\t\t\t\t\t\t\t\t\t<img decoding=\"async\" width=\"1024\" height=\"576\" src=\"https:\/\/medicest.eu\/wp-content\/uploads\/2026\/05\/juvederm-variety.jpg-1024x576.png\" class=\"attachment-large size-large wp-image-19095\" alt=\"\" srcset=\"https:\/\/medicest.eu\/wp-content\/uploads\/2026\/05\/juvederm-variety.jpg-1024x576.png 1024w, https:\/\/medicest.eu\/wp-content\/uploads\/2026\/05\/juvederm-variety.jpg-300x169.png 300w, https:\/\/medicest.eu\/wp-content\/uploads\/2026\/05\/juvederm-variety.jpg-768x432.png 768w, https:\/\/medicest.eu\/wp-content\/uploads\/2026\/05\/juvederm-variety.jpg-1536x864.png 1536w, https:\/\/medicest.eu\/wp-content\/uploads\/2026\/05\/juvederm-variety.jpg-150x84.png 150w, https:\/\/medicest.eu\/wp-content\/uploads\/2026\/05\/juvederm-variety.jpg.png 1920w\" sizes=\"(max-width: 1024px) 100vw, 1024px\" \/>\t\t\t\t\t\t\t\t\t\t\t\t\t\t\t<\/div>\n\t\t\t\t<\/div>\n\t\t\t\t\t<\/div>\n\t\t<\/div>\n\t\t\t\t<div class=\"elementor-column elementor-col-50 elementor-top-column elementor-element elementor-element-717653f\" data-id=\"717653f\" data-element_type=\"column\" data-e-type=\"column\">\n\t\t\t<div class=\"elementor-widget-wrap elementor-element-populated\">\n\t\t\t\t\t\t<div class=\"elementor-element elementor-element-5e50a30 elementor-widget elementor-widget-text-editor\" data-id=\"5e50a30\" data-element_type=\"widget\" data-e-type=\"widget\" data-widget_type=\"text-editor.default\">\n\t\t\t\t<div class=\"elementor-widget-container\">\n\t\t\t\t\t\t\t\t\t<h3><b>Kuidas protseduur toimub<\/b><\/h3><p><span style=\"font-weight: 400;\">Enne protseduuri toimub konsultatsioon spetsialistiga, mille k\u00e4igus hinnatakse n\u00e4idustusi, v\u00e4listatakse vastun\u00e4idustused ning valitakse sobiv preparaadi kogus.<\/span><\/p><p><span style=\"font-weight: 400;\">T\u00e4ites\u00fcsti tehakse peene n\u00f5elaga. Ebamugavuse v\u00e4hendamiseks kasutatakse lokaalanesteesiat.<\/span><\/p><p><span style=\"font-weight: 400;\">Protseduuri kestus on 30\u201360 minutit.<\/span><\/p><h3><b>P\u00e4rast protseduuri<\/b><\/h3><p><span style=\"font-weight: 400;\">V\u00f5ivad esineda ajutised reaktsioonid:<\/span><\/p><ul><li style=\"font-weight: 400;\" aria-level=\"1\"><span style=\"font-weight: 400;\">m\u00f5\u00f5dukas turse<\/span><\/li><li style=\"font-weight: 400;\" aria-level=\"1\"><span style=\"font-weight: 400;\">punetus<\/span><\/li><li style=\"font-weight: 400;\" aria-level=\"1\"><span style=\"font-weight: 400;\">hematoom<\/span><\/li><li style=\"font-weight: 400;\" aria-level=\"1\"><span style=\"font-weight: 400;\">tundlikkus s\u00fcstekohtades<\/span><\/li><\/ul><p><span style=\"font-weight: 400;\">Need n\u00e4hud on tavap\u00e4rased ning m\u00f6\u00f6duvad tavaliselt m\u00f5ne p\u00e4eva jooksul.<\/span><\/p><p><span style=\"font-weight: 400;\">L\u00f5plik tulemus on hinnatav 14\u201321 p\u00e4eva p\u00e4rast protseduuri, kui preparaat on kudedesse t\u00e4ielikult integreerunud.<\/span><\/p><h3><b>Kasutatavad preparaadid<\/b><\/h3><p><span style=\"font-weight: 400;\">T\u00f6\u00f6s kasutatakse sertifitseeritud h\u00fcaluroonhappel p\u00f5hinevaid t\u00e4ites\u00fcste juhtivatelt tootjatelt, sealhulgas Juvederm ja Stylage.<\/span><br style=\"font-weight: 400;\" \/><br style=\"font-weight: 400;\" \/><br \/><\/p>\t\t\t\t\t\t\t\t<\/div>\n\t\t\t\t<\/div>\n\t\t\t\t\t<\/div>\n\t\t<\/div>\n\t\t\t\t\t<\/div>\n\t\t<\/section>\n\t\t\t\t<section class=\"elementor-section elementor-top-section elementor-element elementor-element-49de18d elementor-section-boxed elementor-section-height-default elementor-section-height-default\" data-id=\"49de18d\" data-element_type=\"section\" data-e-type=\"section\">\n\t\t\t\t\t\t<div class=\"elementor-container elementor-column-gap-default\">\n\t\t\t\t\t<div class=\"elementor-column elementor-col-50 elementor-top-column elementor-element elementor-element-d720317\" data-id=\"d720317\" data-element_type=\"column\" data-e-type=\"column\">\n\t\t\t<div class=\"elementor-widget-wrap elementor-element-populated\">\n\t\t\t\t\t\t<div class=\"elementor-element elementor-element-8c5ba11 elementor-widget elementor-widget-text-editor\" data-id=\"8c5ba11\" data-element_type=\"widget\" data-e-type=\"widget\" data-widget_type=\"text-editor.default\">\n\t\t\t\t<div class=\"elementor-widget-container\">\n\t\t\t\t\t\t\t\t\t<h3><b>Vastun\u00e4idustused<\/b><\/h3><p><b>Absoluutsed vastun\u00e4idustused:<\/b><\/p><ul><li style=\"font-weight: 400;\" aria-level=\"1\"><span style=\"font-weight: 400;\">rasedus ja imetamine<\/span><\/li><li style=\"font-weight: 400;\" aria-level=\"1\"><span style=\"font-weight: 400;\">individuaalne talumatus preparaadi komponentide suhtes<\/span><\/li><li style=\"font-weight: 400;\" aria-level=\"1\"><span style=\"font-weight: 400;\">autoimmuunhaigused aktiivses faasis<\/span><\/li><li style=\"font-weight: 400;\" aria-level=\"1\"><span style=\"font-weight: 400;\">vere h\u00fc\u00fcbimish\u00e4ired<\/span><\/li><li style=\"font-weight: 400;\" aria-level=\"1\"><span style=\"font-weight: 400;\">onkoloogilised haigused (aktiivses staadiumis)<\/span><\/li><li style=\"font-weight: 400;\" aria-level=\"1\"><span style=\"font-weight: 400;\">\u00e4gedad nakkushaigused<\/span><\/li><\/ul><p><b>Ajutised (suhtelised) vastun\u00e4idustused:<\/b><\/p><ul><li style=\"font-weight: 400;\" aria-level=\"1\"><span style=\"font-weight: 400;\">p\u00f5letikulised protsessid huulte piirkonnas (herpes, dermatiit, l\u00f6\u00f6ve)<\/span><\/li><li style=\"font-weight: 400;\" aria-level=\"1\"><span style=\"font-weight: 400;\">krooniliste haiguste \u00e4genemine<\/span><\/li><li style=\"font-weight: 400;\" aria-level=\"1\"><span style=\"font-weight: 400;\">palavik<\/span><\/li><li style=\"font-weight: 400;\" aria-level=\"1\"><span style=\"font-weight: 400;\">antikoagulantide ja m\u00f5nede teiste ravimite kasutamine<\/span><\/li><li style=\"font-weight: 400;\" aria-level=\"1\"><span style=\"font-weight: 400;\">hiljuti tehtud agressiivsed kosmeetilised protseduurid huulte piirkonnas<\/span><\/li><\/ul>\t\t\t\t\t\t\t\t<\/div>\n\t\t\t\t<\/div>\n\t\t\t\t\t<\/div>\n\t\t<\/div>\n\t\t\t\t<div class=\"elementor-column elementor-col-50 elementor-top-column elementor-element elementor-element-06442d7\" data-id=\"06442d7\" data-element_type=\"column\" data-e-type=\"column\">\n\t\t\t<div class=\"elementor-widget-wrap elementor-element-populated\">\n\t\t\t\t\t\t<div class=\"elementor-element elementor-element-0d00565 elementor-widget elementor-widget-text-editor\" data-id=\"0d00565\" data-element_type=\"widget\" data-e-type=\"widget\" data-widget_type=\"text-editor.default\">\n\t\t\t\t<div class=\"elementor-widget-container\">\n\t\t\t\t\t\t\t\t\t<h3><b>Juhised p\u00e4rast protseduuri<\/b><\/h3><ul><li style=\"font-weight: 400;\" aria-level=\"1\"><span style=\"font-weight: 400;\">Meiki ei soovitata kanda 48 tunni jooksul<\/span><\/li><li style=\"font-weight: 400;\" aria-level=\"1\"><span style=\"font-weight: 400;\">\u00c4rge masseerige s\u00fcstitud piirkonda<\/span><\/li><li style=\"font-weight: 400;\" aria-level=\"1\"><span style=\"font-weight: 400;\">V\u00e4ltige sauna ja solaariumi 14 p\u00e4eva jooksul<\/span><\/li><li style=\"font-weight: 400;\" aria-level=\"1\"><span style=\"font-weight: 400;\">V\u00e4ltige intensiivset f\u00fc\u00fcsilist koormust 5 p\u00e4eva jooksul<\/span><\/li><li style=\"font-weight: 400;\" aria-level=\"1\"><span style=\"font-weight: 400;\">\u00c4rge tarbige kuumi jooke ega toitu ning v\u00e4ltige v\u00fcrtsikat toitu 3 p\u00e4eva<\/span><\/li><li style=\"font-weight: 400;\" aria-level=\"1\"><span style=\"font-weight: 400;\">Alkoholi tarbimisest tuleks hoiduda 7 p\u00e4eva<\/span><\/li><li style=\"font-weight: 400;\" aria-level=\"1\"><span style=\"font-weight: 400;\">Turse ja hematoomide v\u00e4hendamiseks v\u00f5ib kasutada Traumeel tablette (1 tablett 3 korda p\u00e4evas) v\u00f5i m\u00e4\u00e4rida lokaalselt Traumeel v\u00f5i Bepanthen Plus salvi<\/span><\/li><li style=\"font-weight: 400;\" aria-level=\"1\"><span style=\"font-weight: 400;\">V\u00e4ltida suudlemist ja oraalseksi esimese 7 p\u00e4eva jooksul<\/span><\/li><\/ul>\t\t\t\t\t\t\t\t<\/div>\n\t\t\t\t<\/div>\n\t\t\t\t\t<\/div>\n\t\t<\/div>\n\t\t\t\t\t<\/div>\n\t\t<\/section>\n\t\t\t\t<section class=\"elementor-section elementor-top-section elementor-element elementor-element-5f83f054 elementor-section-boxed elementor-section-height-default elementor-section-height-default\" data-id=\"5f83f054\" data-element_type=\"section\" data-e-type=\"section\">\n\t\t\t\t\t\t<div class=\"elementor-container elementor-column-gap-default\">\n\t\t\t\t\t<div class=\"elementor-column elementor-col-100 elementor-top-column elementor-element elementor-element-38e3db8e\" data-id=\"38e3db8e\" data-element_type=\"column\" data-e-type=\"column\">\n\t\t\t<div class=\"elementor-widget-wrap elementor-element-populated\">\n\t\t\t\t\t\t<div class=\"elementor-element elementor-element-240c281c elementor-widget elementor-widget-heading\" data-id=\"240c281c\" data-element_type=\"widget\" data-e-type=\"widget\" data-widget_type=\"heading.default\">\n\t\t\t\t<div class=\"elementor-widget-container\">\n\t\t\t\t\t<h2 class=\"elementor-heading-title elementor-size-default\">Hinnakiri<\/h2>\t\t\t\t<\/div>\n\t\t\t\t<\/div>\n\t\t\t\t<div class=\"elementor-element elementor-element-3562c65b elementor-widget elementor-widget-text-editor\" data-id=\"3562c65b\" data-element_type=\"widget\" data-e-type=\"widget\" data-widget_type=\"text-editor.default\">\n\t\t\t\t<div class=\"elementor-widget-container\">\n\t\t\t\t\t\t\t\t\t<p>\n<table id=\"tablepress-76\" class=\"tablepress tablepress-id-76\">\n<thead>\n<tr class=\"row-1\">\n\t<th class=\"column-1\">Huulte modelleerimine<\/th><th class=\"column-2\">Hind \u20ac<\/th>\n<\/tr>\n<\/thead>\n<tbody class=\"row-striping row-hover\">\n<tr class=\"row-2\">\n\t<td class=\"column-1\">Stylage S 0,8ml<\/td><td class=\"column-2\">220,00<\/td>\n<\/tr>\n<tr class=\"row-3\">\n\t<td class=\"column-1\">Stylage M 1,0ml<br \/>\n<\/td><td class=\"column-2\">250,00<\/td>\n<\/tr>\n<tr class=\"row-4\">\n\t<td class=\"column-1\">Stylage L 1,0ml<\/td><td class=\"column-2\">250,00<\/td>\n<\/tr>\n<tr class=\"row-5\">\n\t<td class=\"column-1\">UltraSmile, 0,55ml<\/td><td class=\"column-2\">200,00<\/td>\n<\/tr>\n<tr class=\"row-6\">\n\t<td class=\"column-1\">Stylage Special Lips,  1,0ml<\/td><td class=\"column-2\">250,00<\/td>\n<\/tr>\n<\/tbody>\n<\/table>\n<!-- #tablepress-76 from cache --><\/p>\t\t\t\t\t\t\t\t<\/div>\n\t\t\t\t<\/div>\n\t\t\t\t\t<\/div>\n\t\t<\/div>\n\t\t\t\t\t<\/div>\n\t\t<\/section>\n\t\t\t\t<\/div>\n\t\t","protected":false},"excerpt":{"rendered":"<p>Huulte modelleerimine Huulte modelleerimine on meditsiiniline protseduur, mille eesm\u00e4rk on korrigeerida huulte kuju ja mahtu, kasutades h\u00fcaluroonhappel p\u00f5hinevaid dermalseid t\u00e4ites\u00fcste. H\u00fcaluroonhape on aine, mis esineb loomulikult inimese organismis ning aitab s\u00e4ilitada naha niiskust ja elastsust. Kasutatavad preparaadid on k\u00f5rge puhastusastmega ja bioloogiliselt \u00fchilduvad. Protseduur v\u00f5imaldab: korrigeerida huulte kuju lisada m\u00f5\u00f5dukat\u2026<\/p>\n<p class=\"continue-reading-button\"> <a class=\"continue-reading-link\" href=\"https:\/\/medicest.eu\/et\/huulte-modelleerimine\/\"><i class=\"crycon-right-dir\"><\/i><\/a><\/p>\n","protected":false},"author":1,"featured_media":0,"parent":0,"menu_order":0,"comment_status":"closed","ping_status":"closed","template":"","meta":{"footnotes":""},"class_list":["post-5213","page","type-page","status-publish","hentry"],"yoast_head":"<!-- This site is optimized with the Yoast SEO plugin v27.6 - https:\/\/yoast.com\/product\/yoast-seo-wordpress\/ -->\n<title>Huulte modelleerimine - Ilukliinik Medic-Esthetic<\/title>\n<meta name=\"robots\" content=\"index, follow, max-snippet:-1, max-image-preview:large, max-video-preview:-1\" \/>\n<link rel=\"canonical\" href=\"https:\/\/medicest.eu\/et\/huulte-modelleerimine\/\" \/>\n<meta property=\"og:locale\" content=\"et_EE\" \/>\n<meta property=\"og:type\" content=\"article\" \/>\n<meta property=\"og:title\" content=\"Huulte modelleerimine - Ilukliinik Medic-Esthetic\" \/>\n<meta property=\"og:description\" content=\"Huulte modelleerimine Huulte modelleerimine on meditsiiniline protseduur, mille eesm\u00e4rk on korrigeerida huulte kuju ja mahtu, kasutades h\u00fcaluroonhappel p\u00f5hinevaid dermalseid t\u00e4ites\u00fcste. H\u00fcaluroonhape on aine, mis esineb loomulikult inimese organismis ning aitab s\u00e4ilitada naha niiskust ja elastsust. Kasutatavad preparaadid on k\u00f5rge puhastusastmega ja bioloogiliselt \u00fchilduvad. Protseduur v\u00f5imaldab: korrigeerida huulte kuju lisada m\u00f5\u00f5dukat\u2026\" \/>\n<meta property=\"og:url\" content=\"https:\/\/medicest.eu\/et\/huulte-modelleerimine\/\" \/>\n<meta property=\"og:site_name\" content=\"Ilukliinik Medic-Esthetic\" \/>\n<meta property=\"article:modified_time\" content=\"2026-05-11T13:12:44+00:00\" \/>\n<meta property=\"og:image\" content=\"http:\/\/medicest.eu\/wp-content\/uploads\/2026\/05\/huuled-1.jpg\" \/>\n<meta name=\"twitter:card\" content=\"summary_large_image\" \/>\n<meta name=\"twitter:label1\" content=\"Est. reading time\" \/>\n\t<meta name=\"twitter:data1\" content=\"2 minutit\" \/>\n<script type=\"application\/ld+json\" class=\"yoast-schema-graph\">{\"@context\":\"https:\\\/\\\/schema.org\",\"@graph\":[{\"@type\":\"WebPage\",\"@id\":\"https:\\\/\\\/medicest.eu\\\/et\\\/huulte-modelleerimine\\\/\",\"url\":\"https:\\\/\\\/medicest.eu\\\/et\\\/huulte-modelleerimine\\\/\",\"name\":\"Huulte modelleerimine - Ilukliinik Medic-Esthetic\",\"isPartOf\":{\"@id\":\"https:\\\/\\\/medicest.eu\\\/#website\"},\"primaryImageOfPage\":{\"@id\":\"https:\\\/\\\/medicest.eu\\\/et\\\/huulte-modelleerimine\\\/#primaryimage\"},\"image\":{\"@id\":\"https:\\\/\\\/medicest.eu\\\/et\\\/huulte-modelleerimine\\\/#primaryimage\"},\"thumbnailUrl\":\"http:\\\/\\\/medicest.eu\\\/wp-content\\\/uploads\\\/2026\\\/05\\\/huuled-1.jpg\",\"datePublished\":\"2021-10-25T14:08:03+00:00\",\"dateModified\":\"2026-05-11T13:12:44+00:00\",\"breadcrumb\":{\"@id\":\"https:\\\/\\\/medicest.eu\\\/et\\\/huulte-modelleerimine\\\/#breadcrumb\"},\"inLanguage\":\"et\",\"potentialAction\":[{\"@type\":\"ReadAction\",\"target\":[\"https:\\\/\\\/medicest.eu\\\/et\\\/huulte-modelleerimine\\\/\"]}]},{\"@type\":\"ImageObject\",\"inLanguage\":\"et\",\"@id\":\"https:\\\/\\\/medicest.eu\\\/et\\\/huulte-modelleerimine\\\/#primaryimage\",\"url\":\"http:\\\/\\\/medicest.eu\\\/wp-content\\\/uploads\\\/2026\\\/05\\\/huuled-1.jpg\",\"contentUrl\":\"http:\\\/\\\/medicest.eu\\\/wp-content\\\/uploads\\\/2026\\\/05\\\/huuled-1.jpg\"},{\"@type\":\"BreadcrumbList\",\"@id\":\"https:\\\/\\\/medicest.eu\\\/et\\\/huulte-modelleerimine\\\/#breadcrumb\",\"itemListElement\":[{\"@type\":\"ListItem\",\"position\":1,\"name\":\"Home\",\"item\":\"https:\\\/\\\/medicest.eu\\\/\"},{\"@type\":\"ListItem\",\"position\":2,\"name\":\"Huulte modelleerimine\"}]},{\"@type\":\"WebSite\",\"@id\":\"https:\\\/\\\/medicest.eu\\\/#website\",\"url\":\"https:\\\/\\\/medicest.eu\\\/\",\"name\":\"Ilukliinik Medic-Esthetic\",\"description\":\"Beauty &amp; Prestige\",\"potentialAction\":[{\"@type\":\"SearchAction\",\"target\":{\"@type\":\"EntryPoint\",\"urlTemplate\":\"https:\\\/\\\/medicest.eu\\\/?s={search_term_string}\"},\"query-input\":{\"@type\":\"PropertyValueSpecification\",\"valueRequired\":true,\"valueName\":\"search_term_string\"}}],\"inLanguage\":\"et\"}]}<\/script>\n<!-- \/ Yoast SEO plugin. -->","yoast_head_json":{"title":"Huulte modelleerimine - Ilukliinik Medic-Esthetic","robots":{"index":"index","follow":"follow","max-snippet":"max-snippet:-1","max-image-preview":"max-image-preview:large","max-video-preview":"max-video-preview:-1"},"canonical":"https:\/\/medicest.eu\/et\/huulte-modelleerimine\/","og_locale":"et_EE","og_type":"article","og_title":"Huulte modelleerimine - Ilukliinik Medic-Esthetic","og_description":"Huulte modelleerimine Huulte modelleerimine on meditsiiniline protseduur, mille eesm\u00e4rk on korrigeerida huulte kuju ja mahtu, kasutades h\u00fcaluroonhappel p\u00f5hinevaid dermalseid t\u00e4ites\u00fcste. H\u00fcaluroonhape on aine, mis esineb loomulikult inimese organismis ning aitab s\u00e4ilitada naha niiskust ja elastsust. Kasutatavad preparaadid on k\u00f5rge puhastusastmega ja bioloogiliselt \u00fchilduvad. Protseduur v\u00f5imaldab: korrigeerida huulte kuju lisada m\u00f5\u00f5dukat\u2026","og_url":"https:\/\/medicest.eu\/et\/huulte-modelleerimine\/","og_site_name":"Ilukliinik Medic-Esthetic","article_modified_time":"2026-05-11T13:12:44+00:00","og_image":[{"url":"http:\/\/medicest.eu\/wp-content\/uploads\/2026\/05\/huuled-1.jpg","type":"","width":"","height":""}],"twitter_card":"summary_large_image","twitter_misc":{"Est. reading time":"2 minutit"},"schema":{"@context":"https:\/\/schema.org","@graph":[{"@type":"WebPage","@id":"https:\/\/medicest.eu\/et\/huulte-modelleerimine\/","url":"https:\/\/medicest.eu\/et\/huulte-modelleerimine\/","name":"Huulte modelleerimine - Ilukliinik Medic-Esthetic","isPartOf":{"@id":"https:\/\/medicest.eu\/#website"},"primaryImageOfPage":{"@id":"https:\/\/medicest.eu\/et\/huulte-modelleerimine\/#primaryimage"},"image":{"@id":"https:\/\/medicest.eu\/et\/huulte-modelleerimine\/#primaryimage"},"thumbnailUrl":"http:\/\/medicest.eu\/wp-content\/uploads\/2026\/05\/huuled-1.jpg","datePublished":"2021-10-25T14:08:03+00:00","dateModified":"2026-05-11T13:12:44+00:00","breadcrumb":{"@id":"https:\/\/medicest.eu\/et\/huulte-modelleerimine\/#breadcrumb"},"inLanguage":"et","potentialAction":[{"@type":"ReadAction","target":["https:\/\/medicest.eu\/et\/huulte-modelleerimine\/"]}]},{"@type":"ImageObject","inLanguage":"et","@id":"https:\/\/medicest.eu\/et\/huulte-modelleerimine\/#primaryimage","url":"http:\/\/medicest.eu\/wp-content\/uploads\/2026\/05\/huuled-1.jpg","contentUrl":"http:\/\/medicest.eu\/wp-content\/uploads\/2026\/05\/huuled-1.jpg"},{"@type":"BreadcrumbList","@id":"https:\/\/medicest.eu\/et\/huulte-modelleerimine\/#breadcrumb","itemListElement":[{"@type":"ListItem","position":1,"name":"Home","item":"https:\/\/medicest.eu\/"},{"@type":"ListItem","position":2,"name":"Huulte modelleerimine"}]},{"@type":"WebSite","@id":"https:\/\/medicest.eu\/#website","url":"https:\/\/medicest.eu\/","name":"Ilukliinik Medic-Esthetic","description":"Beauty &amp; Prestige","potentialAction":[{"@type":"SearchAction","target":{"@type":"EntryPoint","urlTemplate":"https:\/\/medicest.eu\/?s={search_term_string}"},"query-input":{"@type":"PropertyValueSpecification","valueRequired":true,"valueName":"search_term_string"}}],"inLanguage":"et"}]}},"_links":{"self":[{"href":"https:\/\/medicest.eu\/et\/wp-json\/wp\/v2\/pages\/5213","targetHints":{"allow":["GET"]}}],"collection":[{"href":"https:\/\/medicest.eu\/et\/wp-json\/wp\/v2\/pages"}],"about":[{"href":"https:\/\/medicest.eu\/et\/wp-json\/wp\/v2\/types\/page"}],"author":[{"embeddable":true,"href":"https:\/\/medicest.eu\/et\/wp-json\/wp\/v2\/users\/1"}],"replies":[{"embeddable":true,"href":"https:\/\/medicest.eu\/et\/wp-json\/wp\/v2\/comments?post=5213"}],"version-history":[{"count":16,"href":"https:\/\/medicest.eu\/et\/wp-json\/wp\/v2\/pages\/5213\/revisions"}],"predecessor-version":[{"id":19123,"href":"https:\/\/medicest.eu\/et\/wp-json\/wp\/v2\/pages\/5213\/revisions\/19123"}],"wp:attachment":[{"href":"https:\/\/medicest.eu\/et\/wp-json\/wp\/v2\/media?parent=5213"}],"curies":[{"name":"wp","href":"https:\/\/api.w.org\/{rel}","templated":true}]}}