{"id":4941,"date":"2021-07-07T08:06:57","date_gmt":"2021-07-07T08:06:57","guid":{"rendered":"https:\/\/medicest.eu\/biomexanicheskaya-stimulyaciya-bms\/"},"modified":"2026-01-29T14:05:53","modified_gmt":"2026-01-29T14:05:53","slug":"biomehaaniline-stimulatsioon-bms","status":"publish","type":"page","link":"https:\/\/medicest.eu\/et\/biomehaaniline-stimulatsioon-bms\/","title":{"rendered":"Biomehaaniline stimulatsioon (BMS)"},"content":{"rendered":"\t\t<div data-elementor-type=\"wp-page\" data-elementor-id=\"4941\" class=\"elementor elementor-4941 elementor-2742\">\n\t\t\t\t\t\t<section class=\"elementor-section elementor-top-section elementor-element elementor-element-79018b36 elementor-section-boxed elementor-section-height-default elementor-section-height-default\" data-id=\"79018b36\" data-element_type=\"section\" data-e-type=\"section\">\n\t\t\t\t\t\t<div class=\"elementor-container elementor-column-gap-default\">\n\t\t\t\t\t<div class=\"elementor-column elementor-col-100 elementor-top-column elementor-element elementor-element-4d21cfab\" data-id=\"4d21cfab\" data-element_type=\"column\" data-e-type=\"column\">\n\t\t\t<div class=\"elementor-widget-wrap elementor-element-populated\">\n\t\t\t\t\t\t<div class=\"elementor-element elementor-element-4c3e678b elementor-widget elementor-widget-heading\" data-id=\"4c3e678b\" data-element_type=\"widget\" data-e-type=\"widget\" data-widget_type=\"heading.default\">\n\t\t\t\t<div class=\"elementor-widget-container\">\n\t\t\t\t\t<h2 class=\"elementor-heading-title elementor-size-default\">Biomehaaniline stimulatsioon (BMS)\n<\/h2>\t\t\t\t<\/div>\n\t\t\t\t<\/div>\n\t\t\t\t<div class=\"elementor-element elementor-element-33d063bd elementor-widget elementor-widget-heading\" data-id=\"33d063bd\" data-element_type=\"widget\" data-e-type=\"widget\" data-widget_type=\"heading.default\">\n\t\t\t\t<div class=\"elementor-widget-container\">\n\t\t\t\t\t<h3 class=\"elementor-heading-title elementor-size-default\">- n\u00e4o fitness<\/h3>\t\t\t\t<\/div>\n\t\t\t\t<\/div>\n\t\t\t\t\t<\/div>\n\t\t<\/div>\n\t\t\t\t\t<\/div>\n\t\t<\/section>\n\t\t\t\t<section class=\"elementor-section elementor-top-section elementor-element elementor-element-00fb600 elementor-section-boxed elementor-section-height-default elementor-section-height-default\" data-id=\"00fb600\" data-element_type=\"section\" data-e-type=\"section\">\n\t\t\t\t\t\t<div class=\"elementor-container elementor-column-gap-default\">\n\t\t\t\t\t<div class=\"elementor-column elementor-col-66 elementor-top-column elementor-element elementor-element-361b1c8\" data-id=\"361b1c8\" data-element_type=\"column\" data-e-type=\"column\">\n\t\t\t<div class=\"elementor-widget-wrap elementor-element-populated\">\n\t\t\t\t\t\t<div class=\"elementor-element elementor-element-67b8026 elementor-widget elementor-widget-text-editor\" data-id=\"67b8026\" data-element_type=\"widget\" data-e-type=\"widget\" data-widget_type=\"text-editor.default\">\n\t\t\t\t<div class=\"elementor-widget-container\">\n\t\t\t\t\t\t\t\t\t<p><strong>BIOMEHAANLINE STIMULATSIOON (BMS)<\/strong> on uus suund kosmetoloogias, mille puhul m\u00f5jutatakse inimese lihaseid vibratsiooniga.<\/p><p>Biomehaanilise stimulatsiooni puhul toimuva intensiivse lihastreeningu tulemusena saavutatakse efekt k\u00fcmneid kordi kiiremini kui tavamassaa\u017eiga.<\/p><p>M\u00f5ju avaldatakse piki lihaskiude, see t\u00e4hendab lihaste tavap\u00e4rase kokkut\u00f5mbumise suunas.<\/p><p>Selle tulemusena muutub nahk elastsemaks, v\u00e4henevad kortsud ja \u201ekanavarbad\u201c, paraneb nahav\u00e4rv ja taastub n\u00e4oovaal.\u00a0<\/p>\t\t\t\t\t\t\t\t<\/div>\n\t\t\t\t<\/div>\n\t\t\t\t\t<\/div>\n\t\t<\/div>\n\t\t\t\t<div class=\"elementor-column elementor-col-33 elementor-top-column elementor-element elementor-element-319f994\" data-id=\"319f994\" data-element_type=\"column\" data-e-type=\"column\">\n\t\t\t<div class=\"elementor-widget-wrap elementor-element-populated\">\n\t\t\t\t\t\t<div class=\"elementor-element elementor-element-bad4ba9 elementor-widget elementor-widget-image\" data-id=\"bad4ba9\" data-element_type=\"widget\" data-e-type=\"widget\" data-widget_type=\"image.default\">\n\t\t\t\t<div class=\"elementor-widget-container\">\n\t\t\t\t\t\t\t\t\t\t\t\t\t\t\t<img fetchpriority=\"high\" decoding=\"async\" width=\"1024\" height=\"748\" src=\"https:\/\/medicest.eu\/wp-content\/uploads\/2026\/01\/bms-1-1024x748.jpeg\" class=\"attachment-large size-large wp-image-18530\" alt=\"\" srcset=\"https:\/\/medicest.eu\/wp-content\/uploads\/2026\/01\/bms-1-1024x748.jpeg 1024w, https:\/\/medicest.eu\/wp-content\/uploads\/2026\/01\/bms-1-300x219.jpeg 300w, https:\/\/medicest.eu\/wp-content\/uploads\/2026\/01\/bms-1-768x561.jpeg 768w, https:\/\/medicest.eu\/wp-content\/uploads\/2026\/01\/bms-1-1536x1122.jpeg 1536w, https:\/\/medicest.eu\/wp-content\/uploads\/2026\/01\/bms-1-150x110.jpeg 150w, https:\/\/medicest.eu\/wp-content\/uploads\/2026\/01\/bms-1.jpeg 1600w\" sizes=\"(max-width: 1024px) 100vw, 1024px\" \/>\t\t\t\t\t\t\t\t\t\t\t\t\t\t\t<\/div>\n\t\t\t\t<\/div>\n\t\t\t\t\t<\/div>\n\t\t<\/div>\n\t\t\t\t\t<\/div>\n\t\t<\/section>\n\t\t\t\t<section class=\"elementor-section elementor-top-section elementor-element elementor-element-d2098f0 elementor-section-boxed elementor-section-height-default elementor-section-height-default\" data-id=\"d2098f0\" data-element_type=\"section\" data-e-type=\"section\">\n\t\t\t\t\t\t<div class=\"elementor-container elementor-column-gap-default\">\n\t\t\t\t\t<div class=\"elementor-column elementor-col-50 elementor-top-column elementor-element elementor-element-adddaa8\" data-id=\"adddaa8\" data-element_type=\"column\" data-e-type=\"column\">\n\t\t\t<div class=\"elementor-widget-wrap elementor-element-populated\">\n\t\t\t\t\t\t<div class=\"elementor-element elementor-element-6f61bfa elementor-widget elementor-widget-image\" data-id=\"6f61bfa\" data-element_type=\"widget\" data-e-type=\"widget\" data-widget_type=\"image.default\">\n\t\t\t\t<div class=\"elementor-widget-container\">\n\t\t\t\t\t\t\t\t\t\t\t\t\t\t\t<img decoding=\"async\" width=\"512\" height=\"512\" src=\"https:\/\/medicest.eu\/wp-content\/uploads\/2026\/01\/bms-2.jpeg\" class=\"attachment-large size-large wp-image-18533\" alt=\"\" srcset=\"https:\/\/medicest.eu\/wp-content\/uploads\/2026\/01\/bms-2.jpeg 512w, https:\/\/medicest.eu\/wp-content\/uploads\/2026\/01\/bms-2-300x300.jpeg 300w, https:\/\/medicest.eu\/wp-content\/uploads\/2026\/01\/bms-2-150x150.jpeg 150w\" sizes=\"(max-width: 512px) 100vw, 512px\" \/>\t\t\t\t\t\t\t\t\t\t\t\t\t\t\t<\/div>\n\t\t\t\t<\/div>\n\t\t\t\t\t<\/div>\n\t\t<\/div>\n\t\t\t\t<div class=\"elementor-column elementor-col-50 elementor-top-column elementor-element elementor-element-5e897e8\" data-id=\"5e897e8\" data-element_type=\"column\" data-e-type=\"column\">\n\t\t\t<div class=\"elementor-widget-wrap elementor-element-populated\">\n\t\t\t\t\t\t<div class=\"elementor-element elementor-element-2d5aef5 elementor-widget elementor-widget-text-editor\" data-id=\"2d5aef5\" data-element_type=\"widget\" data-e-type=\"widget\" data-widget_type=\"text-editor.default\">\n\t\t\t\t<div class=\"elementor-widget-container\">\n\t\t\t\t\t\t\t\t\t<h3><strong>Protseduur koosneb kolmest etapist\u00a0<\/strong><\/h3><p>\u00a0<\/p><p><b>ESIMENE ETAPP \u2013 n\u00e4opuhastus:\u00a0<\/b><\/p><ul><li>meigieemaldus\u00a0<\/li><li>koorimine (surnud naharakkude eemaldamine)\u00a0<\/li><li>naha toniseerimine ringjate liigutustega, mis parandab verevarustust ja valmistab n\u00e4o massaa\u017eiks ette\u00a0<\/li><\/ul><p><b>TEINE ETAPP \u2014 massaa\u017e:\u00a0<\/b><\/p><ul><li>massaa\u017e viiakse l\u00e4bi spetsiaalse 4 erineva otsikuga aparaadiga, mis m\u00f5jutavad peaaegu k\u00f5iki kaela, n\u00e4o ja pea lihaseid.<\/li><\/ul><p><b>KOLMAS ETAPP \u2014 <\/b><b>protseduuri l\u00f5petamine<\/b>:\u00a0<\/p><ul><li>maski ja kreemi pealekandmine<\/li><\/ul><p>Protseduur on efektiivne alates esimesest seansist ja sellel puuduvad vanusega seotud vastun\u00e4idustused.<\/p><p>Protseduuri ei tohi teha, kui samal p\u00e4eval on aktiivses faasis herpes v\u00f5i k\u00f5rge verer\u00f5hk.<\/p>\t\t\t\t\t\t\t\t<\/div>\n\t\t\t\t<\/div>\n\t\t\t\t\t<\/div>\n\t\t<\/div>\n\t\t\t\t\t<\/div>\n\t\t<\/section>\n\t\t\t\t<section class=\"elementor-section elementor-top-section elementor-element elementor-element-cacca94 elementor-section-boxed elementor-section-height-default elementor-section-height-default\" data-id=\"cacca94\" data-element_type=\"section\" data-e-type=\"section\">\n\t\t\t\t\t\t<div class=\"elementor-container elementor-column-gap-default\">\n\t\t\t\t\t<div class=\"elementor-column elementor-col-50 elementor-top-column elementor-element elementor-element-0d51a45\" data-id=\"0d51a45\" data-element_type=\"column\" data-e-type=\"column\">\n\t\t\t<div class=\"elementor-widget-wrap elementor-element-populated\">\n\t\t\t\t\t\t<div class=\"elementor-element elementor-element-9983498 elementor-widget elementor-widget-text-editor\" data-id=\"9983498\" data-element_type=\"widget\" data-e-type=\"widget\" data-widget_type=\"text-editor.default\">\n\t\t\t\t<div class=\"elementor-widget-container\">\n\t\t\t\t\t\t\t\t\t<p><strong>N\u00c4IDUSTUSED\u00a0<\/strong><\/p><ul><li>halb naha tekstuur\u00a0<\/li><li>v\u00e4ikesed kortsud<\/li><li>l\u00f5tvunud lihased ja n\u00e4oovaali allavaje<\/li><li>tuhm jume<\/li><li>kapillaaridega v\u00e4sinud nahk\u00a0<\/li><li>laienenud poorid<\/li><li>v\u00e4ikesed pigmendilaigud\u00a0<\/li><li>topeltl\u00f5ug\u00a0<\/li><li>operatsioonij\u00e4rgne taastumine\u00a0<\/li><li>n\u00e4gemise halvenemine\u00a0<\/li><li>peavalud<\/li><\/ul>\t\t\t\t\t\t\t\t<\/div>\n\t\t\t\t<\/div>\n\t\t\t\t\t<\/div>\n\t\t<\/div>\n\t\t\t\t<div class=\"elementor-column elementor-col-50 elementor-top-column elementor-element elementor-element-bb6c68c\" data-id=\"bb6c68c\" data-element_type=\"column\" data-e-type=\"column\">\n\t\t\t<div class=\"elementor-widget-wrap elementor-element-populated\">\n\t\t\t\t\t\t<div class=\"elementor-element elementor-element-6fc414d elementor-widget elementor-widget-text-editor\" data-id=\"6fc414d\" data-element_type=\"widget\" data-e-type=\"widget\" data-widget_type=\"text-editor.default\">\n\t\t\t\t<div class=\"elementor-widget-container\">\n\t\t\t\t\t\t\t\t\t<p><strong>EELISED\u00a0<\/strong><\/p><ul><li aria-level=\"2\">rakkude ainevahetust parandav naha verevarustuse aktiveerimine<\/li><li aria-level=\"2\">kudedes paranevad ainevahetusprotsessid\u00a0<\/li><li aria-level=\"2\">kosmeetiline ja tervist parandav toime\u00a0<\/li><li aria-level=\"2\">stimuleeritakse keha enda kollageeni tootmist, mis muudab naha elastseks<\/li><li aria-level=\"2\">nahka noorendav t\u00f5husam vabade radikaalide kaitse<\/li><li aria-level=\"2\">stimuleeritakse n\u00e4olihaste t\u00f6\u00f6d, mille tulemusena ilmneb t\u00f5stev efekt<\/li><li aria-level=\"2\">leevendab n\u00e4rvipinget\u00a0<\/li><li aria-level=\"2\">silub kortse<\/li><li aria-level=\"2\">f\u00fcsioterapeutiline toime \u2014 n\u00e4gemise paranemine\u00a0<\/li><li aria-level=\"2\">peavalude ennetamine<\/li><\/ul>\t\t\t\t\t\t\t\t<\/div>\n\t\t\t\t<\/div>\n\t\t\t\t\t<\/div>\n\t\t<\/div>\n\t\t\t\t\t<\/div>\n\t\t<\/section>\n\t\t\t\t<section class=\"elementor-section elementor-top-section elementor-element elementor-element-64daaada elementor-section-boxed elementor-section-height-default elementor-section-height-default\" data-id=\"64daaada\" data-element_type=\"section\" data-e-type=\"section\">\n\t\t\t\t\t\t<div class=\"elementor-container elementor-column-gap-default\">\n\t\t\t\t\t<div class=\"elementor-column elementor-col-100 elementor-top-column elementor-element elementor-element-397b1ee0\" data-id=\"397b1ee0\" data-element_type=\"column\" data-e-type=\"column\">\n\t\t\t<div class=\"elementor-widget-wrap elementor-element-populated\">\n\t\t\t\t\t\t<div class=\"elementor-element elementor-element-618405a2 elementor-widget elementor-widget-heading\" data-id=\"618405a2\" data-element_type=\"widget\" data-e-type=\"widget\" data-widget_type=\"heading.default\">\n\t\t\t\t<div class=\"elementor-widget-container\">\n\t\t\t\t\t<h2 class=\"elementor-heading-title elementor-size-default\">Hinnakiri<\/h2>\t\t\t\t<\/div>\n\t\t\t\t<\/div>\n\t\t\t\t<div class=\"elementor-element elementor-element-23eaeb8 elementor-widget elementor-widget-text-editor\" data-id=\"23eaeb8\" data-element_type=\"widget\" data-e-type=\"widget\" data-widget_type=\"text-editor.default\">\n\t\t\t\t<div class=\"elementor-widget-container\">\n\t\t\t\t\t\t\t\t\t<p>\n<table id=\"tablepress-65\" class=\"tablepress tablepress-id-65\">\n<thead>\n<tr class=\"row-1\">\n\t<th class=\"column-1\">Protseduur<\/th><th class=\"column-2\">Hind \u20ac<\/th>\n<\/tr>\n<\/thead>\n<tbody class=\"row-striping row-hover\">\n<tr class=\"row-2\">\n\t<td class=\"column-1\">Biomehaaniline stimulatsioon (BMS)<\/td><td class=\"column-2\">71,00<\/td>\n<\/tr>\n<\/tbody>\n<\/table>\n<!-- #tablepress-65 from cache --><\/p>\t\t\t\t\t\t\t\t<\/div>\n\t\t\t\t<\/div>\n\t\t\t\t\t<\/div>\n\t\t<\/div>\n\t\t\t\t\t<\/div>\n\t\t<\/section>\n\t\t\t\t<section class=\"elementor-section elementor-top-section elementor-element elementor-element-3a9cdb2a elementor-section-boxed elementor-section-height-default elementor-section-height-default\" data-id=\"3a9cdb2a\" data-element_type=\"section\" data-e-type=\"section\">\n\t\t\t\t\t\t<div class=\"elementor-container elementor-column-gap-default\">\n\t\t\t\t\t<div class=\"elementor-column elementor-col-100 elementor-top-column elementor-element elementor-element-38bb34fa\" data-id=\"38bb34fa\" data-element_type=\"column\" data-e-type=\"column\">\n\t\t\t<div class=\"elementor-widget-wrap elementor-element-populated\">\n\t\t\t\t\t\t<div class=\"elementor-element elementor-element-4907ae94 pp-buttons-halign-center pp-buttons-stack-none elementor-widget elementor-widget-pp-buttons\" data-id=\"4907ae94\" data-element_type=\"widget\" data-e-type=\"widget\" data-widget_type=\"pp-buttons.default\">\n\t\t\t\t<div class=\"elementor-widget-container\">\n\t\t\t\t\t\t\t<div class=\"pp-buttons-group\">\n\t\t\t\t\t\t\t\t\t\t\t<a href=\"https:\/\/shop.medicest.eu\/et\/product\/biomehaaniline-stimulatsioon-bms\/\" target=\"_blank\" class=\"pp-button elementor-button elementor-size-md elementor-repeater-item-c938c7f \">\n\t\t\t\t\t<div class=\"pp-button-content-wrapper\">\n\t\t\t\t\t\t<span class=\"pp-button-content-inner pp-icon-before\">\n\t\t\t\t\t\t\t\n\t\t\t\t\t\t\t\t<span class=\"pp-button-title\">\n\t\t\t\t\t\t\t\t\tOsta\t\t\t\t\t\t\t\t<\/span>\n\t\t\t\t\t\t\t\t\t\t\t\t\t<\/span>\n\t\t\t\t\t<\/div>\n\t\t\t\t<\/a>\n\t\t\t\t\t\t\t\t\t\t<\/div>\t\t\t\t<\/div>\n\t\t\t\t<\/div>\n\t\t\t\t\t<\/div>\n\t\t<\/div>\n\t\t\t\t\t<\/div>\n\t\t<\/section>\n\t\t\t\t<\/div>\n\t\t","protected":false},"excerpt":{"rendered":"<p>Biomehaaniline stimulatsioon (BMS) &#8211; n\u00e4o fitness BIOMEHAANLINE STIMULATSIOON (BMS) on uus suund kosmetoloogias, mille puhul m\u00f5jutatakse inimese lihaseid vibratsiooniga. Biomehaanilise stimulatsiooni puhul toimuva intensiivse lihastreeningu tulemusena saavutatakse efekt k\u00fcmneid kordi kiiremini kui tavamassaa\u017eiga. M\u00f5ju avaldatakse piki lihaskiude, see t\u00e4hendab lihaste tavap\u00e4rase kokkut\u00f5mbumise suunas. Selle tulemusena muutub nahk elastsemaks, v\u00e4henevad kortsud\u2026<\/p>\n<p class=\"continue-reading-button\"> <a class=\"continue-reading-link\" href=\"https:\/\/medicest.eu\/et\/biomehaaniline-stimulatsioon-bms\/\"><i class=\"crycon-right-dir\"><\/i><\/a><\/p>\n","protected":false},"author":1,"featured_media":0,"parent":0,"menu_order":0,"comment_status":"closed","ping_status":"closed","template":"","meta":{"footnotes":""},"class_list":["post-4941","page","type-page","status-publish","hentry"],"yoast_head":"<!-- This site is optimized with the Yoast SEO plugin v27.3 - https:\/\/yoast.com\/product\/yoast-seo-wordpress\/ -->\n<title>Biomehaaniline stimulatsioon (BMS) - Ilukliinik Medic-Esthetic<\/title>\n<meta name=\"robots\" content=\"index, follow, max-snippet:-1, max-image-preview:large, max-video-preview:-1\" \/>\n<link rel=\"canonical\" href=\"https:\/\/medicest.eu\/biomexanicheskaya-stimulyaciya-bms\/\" \/>\n<meta property=\"og:locale\" content=\"et_EE\" \/>\n<meta property=\"og:type\" content=\"article\" \/>\n<meta property=\"og:title\" content=\"Biomehaaniline stimulatsioon (BMS) - Ilukliinik Medic-Esthetic\" \/>\n<meta property=\"og:description\" content=\"Biomehaaniline stimulatsioon (BMS) &#8211; n\u00e4o fitness BIOMEHAANLINE STIMULATSIOON (BMS) on uus suund kosmetoloogias, mille puhul m\u00f5jutatakse inimese lihaseid vibratsiooniga. Biomehaanilise stimulatsiooni puhul toimuva intensiivse lihastreeningu tulemusena saavutatakse efekt k\u00fcmneid kordi kiiremini kui tavamassaa\u017eiga. M\u00f5ju avaldatakse piki lihaskiude, see t\u00e4hendab lihaste tavap\u00e4rase kokkut\u00f5mbumise suunas. Selle tulemusena muutub nahk elastsemaks, v\u00e4henevad kortsud\u2026\" \/>\n<meta property=\"og:url\" content=\"https:\/\/medicest.eu\/biomexanicheskaya-stimulyaciya-bms\/\" \/>\n<meta property=\"og:site_name\" content=\"Ilukliinik Medic-Esthetic\" \/>\n<meta property=\"article:modified_time\" content=\"2026-01-29T14:05:53+00:00\" \/>\n<meta property=\"og:image\" content=\"http:\/\/medicest.eu\/wp-content\/uploads\/2026\/01\/bms-1-1024x748.jpeg\" \/>\n<meta name=\"twitter:card\" content=\"summary_large_image\" \/>\n<meta name=\"twitter:label1\" content=\"Est. reading time\" \/>\n\t<meta name=\"twitter:data1\" content=\"2 minutit\" \/>\n<script type=\"application\/ld+json\" class=\"yoast-schema-graph\">{\"@context\":\"https:\\\/\\\/schema.org\",\"@graph\":[{\"@type\":\"WebPage\",\"@id\":\"https:\\\/\\\/medicest.eu\\\/biomexanicheskaya-stimulyaciya-bms\\\/\",\"url\":\"https:\\\/\\\/medicest.eu\\\/biomexanicheskaya-stimulyaciya-bms\\\/\",\"name\":\"Biomehaaniline stimulatsioon (BMS) - Ilukliinik Medic-Esthetic\",\"isPartOf\":{\"@id\":\"https:\\\/\\\/medicest.eu\\\/#website\"},\"primaryImageOfPage\":{\"@id\":\"https:\\\/\\\/medicest.eu\\\/biomexanicheskaya-stimulyaciya-bms\\\/#primaryimage\"},\"image\":{\"@id\":\"https:\\\/\\\/medicest.eu\\\/biomexanicheskaya-stimulyaciya-bms\\\/#primaryimage\"},\"thumbnailUrl\":\"http:\\\/\\\/medicest.eu\\\/wp-content\\\/uploads\\\/2026\\\/01\\\/bms-1-1024x748.jpeg\",\"datePublished\":\"2021-07-07T08:06:57+00:00\",\"dateModified\":\"2026-01-29T14:05:53+00:00\",\"breadcrumb\":{\"@id\":\"https:\\\/\\\/medicest.eu\\\/biomexanicheskaya-stimulyaciya-bms\\\/#breadcrumb\"},\"inLanguage\":\"et\",\"potentialAction\":[{\"@type\":\"ReadAction\",\"target\":[\"https:\\\/\\\/medicest.eu\\\/biomexanicheskaya-stimulyaciya-bms\\\/\"]}]},{\"@type\":\"ImageObject\",\"inLanguage\":\"et\",\"@id\":\"https:\\\/\\\/medicest.eu\\\/biomexanicheskaya-stimulyaciya-bms\\\/#primaryimage\",\"url\":\"http:\\\/\\\/medicest.eu\\\/wp-content\\\/uploads\\\/2026\\\/01\\\/bms-1-1024x748.jpeg\",\"contentUrl\":\"http:\\\/\\\/medicest.eu\\\/wp-content\\\/uploads\\\/2026\\\/01\\\/bms-1-1024x748.jpeg\"},{\"@type\":\"BreadcrumbList\",\"@id\":\"https:\\\/\\\/medicest.eu\\\/biomexanicheskaya-stimulyaciya-bms\\\/#breadcrumb\",\"itemListElement\":[{\"@type\":\"ListItem\",\"position\":1,\"name\":\"Home\",\"item\":\"https:\\\/\\\/medicest.eu\\\/\"},{\"@type\":\"ListItem\",\"position\":2,\"name\":\"Biomehaaniline stimulatsioon (BMS)\"}]},{\"@type\":\"WebSite\",\"@id\":\"https:\\\/\\\/medicest.eu\\\/#website\",\"url\":\"https:\\\/\\\/medicest.eu\\\/\",\"name\":\"Ilukliinik Medic-Esthetic\",\"description\":\"Beauty &amp; Prestige\",\"potentialAction\":[{\"@type\":\"SearchAction\",\"target\":{\"@type\":\"EntryPoint\",\"urlTemplate\":\"https:\\\/\\\/medicest.eu\\\/?s={search_term_string}\"},\"query-input\":{\"@type\":\"PropertyValueSpecification\",\"valueRequired\":true,\"valueName\":\"search_term_string\"}}],\"inLanguage\":\"et\"}]}<\/script>\n<!-- \/ Yoast SEO plugin. -->","yoast_head_json":{"title":"Biomehaaniline stimulatsioon (BMS) - Ilukliinik Medic-Esthetic","robots":{"index":"index","follow":"follow","max-snippet":"max-snippet:-1","max-image-preview":"max-image-preview:large","max-video-preview":"max-video-preview:-1"},"canonical":"https:\/\/medicest.eu\/biomexanicheskaya-stimulyaciya-bms\/","og_locale":"et_EE","og_type":"article","og_title":"Biomehaaniline stimulatsioon (BMS) - Ilukliinik Medic-Esthetic","og_description":"Biomehaaniline stimulatsioon (BMS) &#8211; n\u00e4o fitness BIOMEHAANLINE STIMULATSIOON (BMS) on uus suund kosmetoloogias, mille puhul m\u00f5jutatakse inimese lihaseid vibratsiooniga. Biomehaanilise stimulatsiooni puhul toimuva intensiivse lihastreeningu tulemusena saavutatakse efekt k\u00fcmneid kordi kiiremini kui tavamassaa\u017eiga. M\u00f5ju avaldatakse piki lihaskiude, see t\u00e4hendab lihaste tavap\u00e4rase kokkut\u00f5mbumise suunas. Selle tulemusena muutub nahk elastsemaks, v\u00e4henevad kortsud\u2026","og_url":"https:\/\/medicest.eu\/biomexanicheskaya-stimulyaciya-bms\/","og_site_name":"Ilukliinik Medic-Esthetic","article_modified_time":"2026-01-29T14:05:53+00:00","og_image":[{"url":"http:\/\/medicest.eu\/wp-content\/uploads\/2026\/01\/bms-1-1024x748.jpeg","type":"","width":"","height":""}],"twitter_card":"summary_large_image","twitter_misc":{"Est. reading time":"2 minutit"},"schema":{"@context":"https:\/\/schema.org","@graph":[{"@type":"WebPage","@id":"https:\/\/medicest.eu\/biomexanicheskaya-stimulyaciya-bms\/","url":"https:\/\/medicest.eu\/biomexanicheskaya-stimulyaciya-bms\/","name":"Biomehaaniline stimulatsioon (BMS) - Ilukliinik Medic-Esthetic","isPartOf":{"@id":"https:\/\/medicest.eu\/#website"},"primaryImageOfPage":{"@id":"https:\/\/medicest.eu\/biomexanicheskaya-stimulyaciya-bms\/#primaryimage"},"image":{"@id":"https:\/\/medicest.eu\/biomexanicheskaya-stimulyaciya-bms\/#primaryimage"},"thumbnailUrl":"http:\/\/medicest.eu\/wp-content\/uploads\/2026\/01\/bms-1-1024x748.jpeg","datePublished":"2021-07-07T08:06:57+00:00","dateModified":"2026-01-29T14:05:53+00:00","breadcrumb":{"@id":"https:\/\/medicest.eu\/biomexanicheskaya-stimulyaciya-bms\/#breadcrumb"},"inLanguage":"et","potentialAction":[{"@type":"ReadAction","target":["https:\/\/medicest.eu\/biomexanicheskaya-stimulyaciya-bms\/"]}]},{"@type":"ImageObject","inLanguage":"et","@id":"https:\/\/medicest.eu\/biomexanicheskaya-stimulyaciya-bms\/#primaryimage","url":"http:\/\/medicest.eu\/wp-content\/uploads\/2026\/01\/bms-1-1024x748.jpeg","contentUrl":"http:\/\/medicest.eu\/wp-content\/uploads\/2026\/01\/bms-1-1024x748.jpeg"},{"@type":"BreadcrumbList","@id":"https:\/\/medicest.eu\/biomexanicheskaya-stimulyaciya-bms\/#breadcrumb","itemListElement":[{"@type":"ListItem","position":1,"name":"Home","item":"https:\/\/medicest.eu\/"},{"@type":"ListItem","position":2,"name":"Biomehaaniline stimulatsioon (BMS)"}]},{"@type":"WebSite","@id":"https:\/\/medicest.eu\/#website","url":"https:\/\/medicest.eu\/","name":"Ilukliinik Medic-Esthetic","description":"Beauty &amp; Prestige","potentialAction":[{"@type":"SearchAction","target":{"@type":"EntryPoint","urlTemplate":"https:\/\/medicest.eu\/?s={search_term_string}"},"query-input":{"@type":"PropertyValueSpecification","valueRequired":true,"valueName":"search_term_string"}}],"inLanguage":"et"}]}},"_links":{"self":[{"href":"https:\/\/medicest.eu\/et\/wp-json\/wp\/v2\/pages\/4941","targetHints":{"allow":["GET"]}}],"collection":[{"href":"https:\/\/medicest.eu\/et\/wp-json\/wp\/v2\/pages"}],"about":[{"href":"https:\/\/medicest.eu\/et\/wp-json\/wp\/v2\/types\/page"}],"author":[{"embeddable":true,"href":"https:\/\/medicest.eu\/et\/wp-json\/wp\/v2\/users\/1"}],"replies":[{"embeddable":true,"href":"https:\/\/medicest.eu\/et\/wp-json\/wp\/v2\/comments?post=4941"}],"version-history":[{"count":31,"href":"https:\/\/medicest.eu\/et\/wp-json\/wp\/v2\/pages\/4941\/revisions"}],"predecessor-version":[{"id":18554,"href":"https:\/\/medicest.eu\/et\/wp-json\/wp\/v2\/pages\/4941\/revisions\/18554"}],"wp:attachment":[{"href":"https:\/\/medicest.eu\/et\/wp-json\/wp\/v2\/media?parent=4941"}],"curies":[{"name":"wp","href":"https:\/\/api.w.org\/{rel}","templated":true}]}}