{"id":3134,"date":"2021-07-12T13:26:51","date_gmt":"2021-07-12T13:26:51","guid":{"rendered":"https:\/\/medicest.eu\/?page_id=3134"},"modified":"2022-10-18T10:44:54","modified_gmt":"2022-10-18T10:44:54","slug":"meist","status":"publish","type":"page","link":"https:\/\/medicest.eu\/et\/meist\/","title":{"rendered":"Inna Kislits\u00f5na"},"content":{"rendered":"<h3><strong><img fetchpriority=\"high\" decoding=\"async\" class=\"wp-image-7876 alignleft\" src=\"http:\/\/medicest.eu\/wp-content\/uploads\/2014\/01\/Inna-Kislitsina-foto-1.jpg\" width=\"300\" height=\"428\" srcset=\"https:\/\/medicest.eu\/wp-content\/uploads\/2014\/01\/Inna-Kislitsina-foto-1.jpg 1000w, https:\/\/medicest.eu\/wp-content\/uploads\/2014\/01\/Inna-Kislitsina-foto-1-211x300.jpg 211w, https:\/\/medicest.eu\/wp-content\/uploads\/2014\/01\/Inna-Kislitsina-foto-1-768x1094.jpg 768w, https:\/\/medicest.eu\/wp-content\/uploads\/2014\/01\/Inna-Kislitsina-foto-1-719x1024.jpg 719w, https:\/\/medicest.eu\/wp-content\/uploads\/2014\/01\/Inna-Kislitsina-foto-1-600x855.jpg 600w, https:\/\/medicest.eu\/wp-content\/uploads\/2014\/01\/Inna-Kislitsina-foto-1-105x150.jpg 105w\" sizes=\"(max-width: 300px) 100vw, 300px\" \/>Inna Kislits\u00f5na<\/strong><\/h3>\n<p>Iluspetsialist<br \/>\nKosmeetik Kosmed O\u00dc Aesthetic Medicine Tegevusluba L02154<\/p>\n<p><strong>Haridus:<\/strong><br \/>\n1989-1992 Meditsiinikool, velsker<\/p>\n<p><strong>T\u00f6\u00f6kogemus:<\/strong><br \/>\n1991-2004 L\u00e4\u00e4ne-Tallinna Keskhaigla \u2013 operatsiooni\u00f5de, operatsioonidel ilukirurgi doktor Juri Kullamaa assisteerimine<br \/>\n2004-2006 Tervisekeskus O\u00dc Meirok, kosmetoloogia kabinet, kosmetoloog, koost\u00f6\u00f6 dr Tatjana Presnovaga<br \/>\n2006-2012 Medco Partners O\u00dc \/ VITACLINIKA \u2013 vanem\u00f5de, kosmetoloogia spetsialist<\/p>\n<p>&nbsp;<\/p>\n<p><strong>T\u00e4iendav haridus:<\/strong><\/p>\n<p>2005 \u2013 Kosmeetiliste vahendite ja personaalse hoolduse konsultantide ettevalmistus<br \/>\n2006 \u2013 IAL SYSTEM ACP, Acido laluronico natural bionterattivo \u201cslow release\u201d, L`evoluzione nella prevenzione e rigenerazione tissutale contro l`invecchiamento del viso, Riga<br \/>\n2007 \u2013 Use of mesoActive<br \/>\n2007 \u2013 Kosmeetilise massaa\u017ei kursused, Tallinn<br \/>\n2009 \u2013 Konverents esteetilise meditsiini esindajatele ja kosmeetikutele, Tallinn<br \/>\n2009 \u2013 Muudatuste juhtimine tervishoius I, Tallinn<br \/>\n2009 \u2013 Promotalia Cosmetic Line, Tallinn<br \/>\n2010 \u2013 Princess preparation application course, Tallinn<br \/>\n2010 \u2013 XIII Rahvusvaheline Tarbeesteetika Kongress, Moskva<br \/>\n2011 \u2013 Preparation of Bioformula: New Approach to Esthetical Medicine\u201c in theory and practice, Tallinn<br \/>\n2011 \u2013 The role of Biorevitalization in Aestethic Medicine: an innovative therapy based on a special cluser of Amino Acids and Hyaluronic Acid, Italy, Milano<br \/>\n2011 \u2013 Hyaluronica filleri kasutamise teooria ja praktika kursused, Tallinn<br \/>\n2011 \u2013 Cosmetologist and esthetist conference, Tallinn<br \/>\n2011 \u2013 Application on new injection methods, Latvia, Riga<br \/>\n2011 \u2013 Sequential multi-level therapy of age related changes in skin: stimulation, replacement and filling. Fundamentals of dynamic wrinkle correction: from botulinum toxin to oligopeptides.<br \/>\n2011 \u2013 Aesthetic treatment with the volumising filler Radiesse, Tallinn<br \/>\nTraining for Resellers of FIBRO Personalized Skin Test<br \/>\n2011 &#8211; SIA Stirolcosmetic (Eesti) &#8211; HYALODERM t\u00e4ites\u00fcstide koolitus<br \/>\n2011 &#8211; SIA Stirolcosmetic (Eesti) &#8211; Master Class JALUPRO t\u00e4ites\u00fcstide<br \/>\nkoolitus<br \/>\n2011 &#8211; SIA Stirolcosmetic (Eesti) &#8211; Master Class- dr. Elena Rumyantseva<br \/>\nbotulinum toxin to oligopeptides<br \/>\n2012 \u2013 Application of Laser Technology in Aesthetic Medicine, Tallinn<br \/>\n2012 \u2013 Plasmalifting kosmetoloogias, Moskva<br \/>\n2012 \u2013 Plasmalifting trihholoogias, Moskva<br \/>\n2012 &#8211; Mezo Expert -Moskva (Eesti)- TEOSYAL t\u00e4ites\u00fcstide ja mesoteraapia<br \/>\nkoolitus<br \/>\n2013 &#8211; Forlled Stuudio &#8211; lnnovaatilised meetodid ja tehnoloogiad<br \/>\nkaasaegses esteetilises meditsiinis<br \/>\n2014 &#8211; Grozio Renesansas ir KO (L\u00e4ti) -Autologous Platletes-rich Plasma<br \/>\n(PRP) in aesthetic field- vereplasma sostid kosmeetilisel eesm\u00e4rgi<\/p>\n<p><strong>Keeleoskus:<\/strong><\/p>\n<p>Vene, Eesti<\/p>\n","protected":false},"excerpt":{"rendered":"<p>Inna Kislits\u00f5na Iluspetsialist Kosmeetik Kosmed O\u00dc Aesthetic Medicine Tegevusluba L02154 Haridus: 1989-1992 Meditsiinikool, velsker T\u00f6\u00f6kogemus: 1991-2004 L\u00e4\u00e4ne-Tallinna Keskhaigla \u2013 operatsiooni\u00f5de, operatsioonidel ilukirurgi doktor Juri Kullamaa assisteerimine 2004-2006 Tervisekeskus O\u00dc Meirok, kosmetoloogia kabinet, kosmetoloog, koost\u00f6\u00f6 dr Tatjana Presnovaga 2006-2012 Medco Partners O\u00dc \/ VITACLINIKA \u2013 vanem\u00f5de, kosmetoloogia spetsialist &nbsp; T\u00e4iendav haridus:\u2026<\/p>\n<p class=\"continue-reading-button\"> <a class=\"continue-reading-link\" href=\"https:\/\/medicest.eu\/et\/meist\/\"><i class=\"crycon-right-dir\"><\/i><\/a><\/p>\n","protected":false},"author":1,"featured_media":0,"parent":0,"menu_order":0,"comment_status":"closed","ping_status":"open","template":"","meta":{"footnotes":""},"class_list":["post-3134","page","type-page","status-publish","hentry"],"yoast_head":"<!-- This site is optimized with the Yoast SEO plugin v27.3 - https:\/\/yoast.com\/product\/yoast-seo-wordpress\/ -->\n<title>Inna Kislits\u00f5na - Ilukliinik Medic-Esthetic<\/title>\n<meta name=\"robots\" content=\"index, follow, max-snippet:-1, max-image-preview:large, max-video-preview:-1\" \/>\n<link rel=\"canonical\" href=\"https:\/\/medicest.eu\/et\/meist\/\" \/>\n<meta property=\"og:locale\" content=\"et_EE\" \/>\n<meta property=\"og:type\" content=\"article\" \/>\n<meta property=\"og:title\" content=\"Inna Kislits\u00f5na - Ilukliinik Medic-Esthetic\" \/>\n<meta property=\"og:description\" content=\"Inna Kislits\u00f5na Iluspetsialist Kosmeetik Kosmed O\u00dc Aesthetic Medicine Tegevusluba L02154 Haridus: 1989-1992 Meditsiinikool, velsker T\u00f6\u00f6kogemus: 1991-2004 L\u00e4\u00e4ne-Tallinna Keskhaigla \u2013 operatsiooni\u00f5de, operatsioonidel ilukirurgi doktor Juri Kullamaa assisteerimine 2004-2006 Tervisekeskus O\u00dc Meirok, kosmetoloogia kabinet, kosmetoloog, koost\u00f6\u00f6 dr Tatjana Presnovaga 2006-2012 Medco Partners O\u00dc \/ VITACLINIKA \u2013 vanem\u00f5de, kosmetoloogia spetsialist &nbsp; T\u00e4iendav haridus:\u2026\" \/>\n<meta property=\"og:url\" content=\"https:\/\/medicest.eu\/et\/meist\/\" \/>\n<meta property=\"og:site_name\" content=\"Ilukliinik Medic-Esthetic\" \/>\n<meta property=\"article:modified_time\" content=\"2022-10-18T10:44:54+00:00\" \/>\n<meta property=\"og:image\" content=\"http:\/\/medicest.eu\/wp-content\/uploads\/2014\/01\/Inna-Kislitsina-foto-1.jpg\" \/>\n<meta name=\"twitter:card\" content=\"summary_large_image\" \/>\n<meta name=\"twitter:label1\" content=\"Est. reading time\" \/>\n\t<meta name=\"twitter:data1\" content=\"2 minutit\" \/>\n<script type=\"application\/ld+json\" class=\"yoast-schema-graph\">{\"@context\":\"https:\\\/\\\/schema.org\",\"@graph\":[{\"@type\":\"WebPage\",\"@id\":\"https:\\\/\\\/medicest.eu\\\/et\\\/meist\\\/\",\"url\":\"https:\\\/\\\/medicest.eu\\\/et\\\/meist\\\/\",\"name\":\"Inna Kislits\u00f5na - Ilukliinik Medic-Esthetic\",\"isPartOf\":{\"@id\":\"https:\\\/\\\/medicest.eu\\\/#website\"},\"primaryImageOfPage\":{\"@id\":\"https:\\\/\\\/medicest.eu\\\/et\\\/meist\\\/#primaryimage\"},\"image\":{\"@id\":\"https:\\\/\\\/medicest.eu\\\/et\\\/meist\\\/#primaryimage\"},\"thumbnailUrl\":\"http:\\\/\\\/medicest.eu\\\/wp-content\\\/uploads\\\/2014\\\/01\\\/Inna-Kislitsina-foto-1.jpg\",\"datePublished\":\"2021-07-12T13:26:51+00:00\",\"dateModified\":\"2022-10-18T10:44:54+00:00\",\"breadcrumb\":{\"@id\":\"https:\\\/\\\/medicest.eu\\\/et\\\/meist\\\/#breadcrumb\"},\"inLanguage\":\"et\",\"potentialAction\":[{\"@type\":\"ReadAction\",\"target\":[\"https:\\\/\\\/medicest.eu\\\/et\\\/meist\\\/\"]}]},{\"@type\":\"ImageObject\",\"inLanguage\":\"et\",\"@id\":\"https:\\\/\\\/medicest.eu\\\/et\\\/meist\\\/#primaryimage\",\"url\":\"http:\\\/\\\/medicest.eu\\\/wp-content\\\/uploads\\\/2014\\\/01\\\/Inna-Kislitsina-foto-1.jpg\",\"contentUrl\":\"http:\\\/\\\/medicest.eu\\\/wp-content\\\/uploads\\\/2014\\\/01\\\/Inna-Kislitsina-foto-1.jpg\"},{\"@type\":\"BreadcrumbList\",\"@id\":\"https:\\\/\\\/medicest.eu\\\/et\\\/meist\\\/#breadcrumb\",\"itemListElement\":[{\"@type\":\"ListItem\",\"position\":1,\"name\":\"Home\",\"item\":\"https:\\\/\\\/medicest.eu\\\/\"},{\"@type\":\"ListItem\",\"position\":2,\"name\":\"Inna Kislits\u00f5na\"}]},{\"@type\":\"WebSite\",\"@id\":\"https:\\\/\\\/medicest.eu\\\/#website\",\"url\":\"https:\\\/\\\/medicest.eu\\\/\",\"name\":\"Ilukliinik Medic-Esthetic\",\"description\":\"Beauty &amp; Prestige\",\"potentialAction\":[{\"@type\":\"SearchAction\",\"target\":{\"@type\":\"EntryPoint\",\"urlTemplate\":\"https:\\\/\\\/medicest.eu\\\/?s={search_term_string}\"},\"query-input\":{\"@type\":\"PropertyValueSpecification\",\"valueRequired\":true,\"valueName\":\"search_term_string\"}}],\"inLanguage\":\"et\"}]}<\/script>\n<!-- \/ Yoast SEO plugin. -->","yoast_head_json":{"title":"Inna Kislits\u00f5na - Ilukliinik Medic-Esthetic","robots":{"index":"index","follow":"follow","max-snippet":"max-snippet:-1","max-image-preview":"max-image-preview:large","max-video-preview":"max-video-preview:-1"},"canonical":"https:\/\/medicest.eu\/et\/meist\/","og_locale":"et_EE","og_type":"article","og_title":"Inna Kislits\u00f5na - Ilukliinik Medic-Esthetic","og_description":"Inna Kislits\u00f5na Iluspetsialist Kosmeetik Kosmed O\u00dc Aesthetic Medicine Tegevusluba L02154 Haridus: 1989-1992 Meditsiinikool, velsker T\u00f6\u00f6kogemus: 1991-2004 L\u00e4\u00e4ne-Tallinna Keskhaigla \u2013 operatsiooni\u00f5de, operatsioonidel ilukirurgi doktor Juri Kullamaa assisteerimine 2004-2006 Tervisekeskus O\u00dc Meirok, kosmetoloogia kabinet, kosmetoloog, koost\u00f6\u00f6 dr Tatjana Presnovaga 2006-2012 Medco Partners O\u00dc \/ VITACLINIKA \u2013 vanem\u00f5de, kosmetoloogia spetsialist &nbsp; T\u00e4iendav haridus:\u2026","og_url":"https:\/\/medicest.eu\/et\/meist\/","og_site_name":"Ilukliinik Medic-Esthetic","article_modified_time":"2022-10-18T10:44:54+00:00","og_image":[{"url":"http:\/\/medicest.eu\/wp-content\/uploads\/2014\/01\/Inna-Kislitsina-foto-1.jpg","type":"","width":"","height":""}],"twitter_card":"summary_large_image","twitter_misc":{"Est. reading time":"2 minutit"},"schema":{"@context":"https:\/\/schema.org","@graph":[{"@type":"WebPage","@id":"https:\/\/medicest.eu\/et\/meist\/","url":"https:\/\/medicest.eu\/et\/meist\/","name":"Inna Kislits\u00f5na - Ilukliinik Medic-Esthetic","isPartOf":{"@id":"https:\/\/medicest.eu\/#website"},"primaryImageOfPage":{"@id":"https:\/\/medicest.eu\/et\/meist\/#primaryimage"},"image":{"@id":"https:\/\/medicest.eu\/et\/meist\/#primaryimage"},"thumbnailUrl":"http:\/\/medicest.eu\/wp-content\/uploads\/2014\/01\/Inna-Kislitsina-foto-1.jpg","datePublished":"2021-07-12T13:26:51+00:00","dateModified":"2022-10-18T10:44:54+00:00","breadcrumb":{"@id":"https:\/\/medicest.eu\/et\/meist\/#breadcrumb"},"inLanguage":"et","potentialAction":[{"@type":"ReadAction","target":["https:\/\/medicest.eu\/et\/meist\/"]}]},{"@type":"ImageObject","inLanguage":"et","@id":"https:\/\/medicest.eu\/et\/meist\/#primaryimage","url":"http:\/\/medicest.eu\/wp-content\/uploads\/2014\/01\/Inna-Kislitsina-foto-1.jpg","contentUrl":"http:\/\/medicest.eu\/wp-content\/uploads\/2014\/01\/Inna-Kislitsina-foto-1.jpg"},{"@type":"BreadcrumbList","@id":"https:\/\/medicest.eu\/et\/meist\/#breadcrumb","itemListElement":[{"@type":"ListItem","position":1,"name":"Home","item":"https:\/\/medicest.eu\/"},{"@type":"ListItem","position":2,"name":"Inna Kislits\u00f5na"}]},{"@type":"WebSite","@id":"https:\/\/medicest.eu\/#website","url":"https:\/\/medicest.eu\/","name":"Ilukliinik Medic-Esthetic","description":"Beauty &amp; Prestige","potentialAction":[{"@type":"SearchAction","target":{"@type":"EntryPoint","urlTemplate":"https:\/\/medicest.eu\/?s={search_term_string}"},"query-input":{"@type":"PropertyValueSpecification","valueRequired":true,"valueName":"search_term_string"}}],"inLanguage":"et"}]}},"_links":{"self":[{"href":"https:\/\/medicest.eu\/et\/wp-json\/wp\/v2\/pages\/3134","targetHints":{"allow":["GET"]}}],"collection":[{"href":"https:\/\/medicest.eu\/et\/wp-json\/wp\/v2\/pages"}],"about":[{"href":"https:\/\/medicest.eu\/et\/wp-json\/wp\/v2\/types\/page"}],"author":[{"embeddable":true,"href":"https:\/\/medicest.eu\/et\/wp-json\/wp\/v2\/users\/1"}],"replies":[{"embeddable":true,"href":"https:\/\/medicest.eu\/et\/wp-json\/wp\/v2\/comments?post=3134"}],"version-history":[{"count":7,"href":"https:\/\/medicest.eu\/et\/wp-json\/wp\/v2\/pages\/3134\/revisions"}],"predecessor-version":[{"id":10360,"href":"https:\/\/medicest.eu\/et\/wp-json\/wp\/v2\/pages\/3134\/revisions\/10360"}],"wp:attachment":[{"href":"https:\/\/medicest.eu\/et\/wp-json\/wp\/v2\/media?parent=3134"}],"curies":[{"name":"wp","href":"https:\/\/api.w.org\/{rel}","templated":true}]}}