{"id":19276,"date":"2026-05-14T11:54:09","date_gmt":"2026-05-14T11:54:09","guid":{"rendered":"https:\/\/medicest.eu\/mezoterapiya-dlya-volos-cellbooster-hair\/"},"modified":"2026-05-15T12:05:41","modified_gmt":"2026-05-15T12:05:41","slug":"juuste-mesoteraapia-cellbooster-hair","status":"publish","type":"page","link":"https:\/\/medicest.eu\/et\/juuste-mesoteraapia-cellbooster-hair\/","title":{"rendered":"Juuste mesoteraapia Cellbooster\u00ae Hair"},"content":{"rendered":"\t\t<div data-elementor-type=\"wp-page\" data-elementor-id=\"19276\" class=\"elementor elementor-19276 elementor-19232\">\n\t\t\t\t\t\t<section class=\"elementor-section elementor-top-section elementor-element elementor-element-5c59230d elementor-section-boxed elementor-section-height-default elementor-section-height-default\" data-id=\"5c59230d\" data-element_type=\"section\" data-e-type=\"section\">\n\t\t\t\t\t\t<div class=\"elementor-container elementor-column-gap-default\">\n\t\t\t\t\t<div class=\"elementor-column elementor-col-100 elementor-top-column elementor-element elementor-element-62bfd8ca\" data-id=\"62bfd8ca\" data-element_type=\"column\" data-e-type=\"column\">\n\t\t\t<div class=\"elementor-widget-wrap elementor-element-populated\">\n\t\t\t\t\t\t<div class=\"elementor-element elementor-element-cb23611 elementor-widget elementor-widget-heading\" data-id=\"cb23611\" data-element_type=\"widget\" data-e-type=\"widget\" data-widget_type=\"heading.default\">\n\t\t\t\t<div class=\"elementor-widget-container\">\n\t\t\t\t\t<h2 class=\"elementor-heading-title elementor-size-default\">Cellbooster\u00ae Hair - juuste mesoteraapia<\/h2>\t\t\t\t<\/div>\n\t\t\t\t<\/div>\n\t\t\t\t\t<\/div>\n\t\t<\/div>\n\t\t\t\t\t<\/div>\n\t\t<\/section>\n\t\t\t\t<section class=\"elementor-section elementor-top-section elementor-element elementor-element-cb91e79 elementor-section-boxed elementor-section-height-default elementor-section-height-default\" data-id=\"cb91e79\" data-element_type=\"section\" data-e-type=\"section\">\n\t\t\t\t\t\t<div class=\"elementor-container elementor-column-gap-default\">\n\t\t\t\t\t<div class=\"elementor-column elementor-col-50 elementor-top-column elementor-element elementor-element-096391f\" data-id=\"096391f\" data-element_type=\"column\" data-e-type=\"column\">\n\t\t\t<div class=\"elementor-widget-wrap elementor-element-populated\">\n\t\t\t\t\t\t<div class=\"elementor-element elementor-element-0221609 elementor-widget__width-initial elementor-widget elementor-widget-image\" data-id=\"0221609\" data-element_type=\"widget\" data-e-type=\"widget\" data-widget_type=\"image.default\">\n\t\t\t\t<div class=\"elementor-widget-container\">\n\t\t\t\t\t\t\t\t\t\t\t\t\t\t\t<img fetchpriority=\"high\" decoding=\"async\" width=\"455\" height=\"455\" src=\"https:\/\/medicest.eu\/wp-content\/uploads\/2026\/05\/suisselle-cellbooster-hair-6x3ml.jpg\" class=\"attachment-large size-large wp-image-19239\" alt=\"\" srcset=\"https:\/\/medicest.eu\/wp-content\/uploads\/2026\/05\/suisselle-cellbooster-hair-6x3ml.jpg 455w, https:\/\/medicest.eu\/wp-content\/uploads\/2026\/05\/suisselle-cellbooster-hair-6x3ml-300x300.jpg 300w, https:\/\/medicest.eu\/wp-content\/uploads\/2026\/05\/suisselle-cellbooster-hair-6x3ml-150x150.jpg 150w\" sizes=\"(max-width: 455px) 100vw, 455px\" \/>\t\t\t\t\t\t\t\t\t\t\t\t\t\t\t<\/div>\n\t\t\t\t<\/div>\n\t\t\t\t\t<\/div>\n\t\t<\/div>\n\t\t\t\t<div class=\"elementor-column elementor-col-50 elementor-top-column elementor-element elementor-element-6e4a03a\" data-id=\"6e4a03a\" data-element_type=\"column\" data-e-type=\"column\">\n\t\t\t<div class=\"elementor-widget-wrap elementor-element-populated\">\n\t\t\t\t\t\t<div class=\"elementor-element elementor-element-65defcd elementor-widget elementor-widget-text-editor\" data-id=\"65defcd\" data-element_type=\"widget\" data-e-type=\"widget\" data-widget_type=\"text-editor.default\">\n\t\t\t\t<div class=\"elementor-widget-container\">\n\t\t\t\t\t\t\t\t\t<p><strong>Cellbooster\u00ae Hair on s\u00fcstitav protseduur, mille eesm\u00e4rk on parandada juuste seisundit, tugevdada juuksefolliikuleid ning taastada peanaha tervist.<\/strong><\/p><p>Meetod p\u00f5hineb spetsiaalse kompleksi manustamisel, mis sisaldab h\u00fcaluroonhapet, aminohappeid, vitamiine ja mikroelemente. Need komponendid aitavad parandada juuksefolliikulite toitumist, niisutada peanahka ning luua optimaalsed tingimused juuste kasvuks.<\/p><h4><b>Kuidas protseduur toimib<\/b><\/h4><p><strong>Mesoteraapia m\u00f5jub peanahale ja juustele mitmek\u00fclgselt: <\/strong><\/p><ul><li><span style=\"font-weight: 400;\">parandab peanaha mikrotsirkulatsiooni<\/span><\/li><li><span style=\"font-weight: 400;\">stimuleerib juuste kasvu<\/span><\/li><li><span style=\"font-weight: 400;\">tugevdab juuksefolliikuleid<\/span><\/li><li><span style=\"font-weight: 400;\">v\u00e4hendab juuste v\u00e4ljalangemist<\/span><\/li><li><span style=\"font-weight: 400;\">suurendab juuste tihedust ja kvaliteeti<\/span><span style=\"font-weight: 400;\"><br \/><\/span><\/li><li><span style=\"font-weight: 400;\">parandab peanaha seisundit<\/span><\/li><li><span style=\"font-weight: 400;\">aitab kaasa kudede niisutamisele ja taastumisele<\/span><\/li><\/ul>\t\t\t\t\t\t\t\t<\/div>\n\t\t\t\t<\/div>\n\t\t\t\t\t<\/div>\n\t\t<\/div>\n\t\t\t\t\t<\/div>\n\t\t<\/section>\n\t\t\t\t<section class=\"elementor-section elementor-top-section elementor-element elementor-element-20eb4fb elementor-section-boxed elementor-section-height-default elementor-section-height-default\" data-id=\"20eb4fb\" data-element_type=\"section\" data-e-type=\"section\">\n\t\t\t\t\t\t<div class=\"elementor-container elementor-column-gap-default\">\n\t\t\t\t\t<div class=\"elementor-column elementor-col-50 elementor-top-column elementor-element elementor-element-18c6e4b\" data-id=\"18c6e4b\" data-element_type=\"column\" data-e-type=\"column\">\n\t\t\t<div class=\"elementor-widget-wrap elementor-element-populated\">\n\t\t\t\t\t\t<div class=\"elementor-element elementor-element-de1a669 elementor-widget elementor-widget-text-editor\" data-id=\"de1a669\" data-element_type=\"widget\" data-e-type=\"widget\" data-widget_type=\"text-editor.default\">\n\t\t\t\t<div class=\"elementor-widget-container\">\n\t\t\t\t\t\t\t\t\t<h4><b>N\u00e4idustused protseduuriks<\/b><\/h4><p><strong>Protseduuri v\u00f5ib soovitada j\u00e4rgmistel juhtudel:<\/strong><span style=\"font-weight: 400;\"><br \/><\/span><\/p><ul><li><span style=\"font-weight: 400;\">suurenenud juuste v\u00e4ljalangemine<\/span><\/li><li><span style=\"font-weight: 400;\">\u00f5henenud ja <\/span><span style=\"font-weight: 400;\">n\u00f5rgenenud juuksed<\/span><\/li><li><span style=\"font-weight: 400;\">aeglustunud juuksekasv<\/span><\/li><li><span style=\"font-weight: 400;\">peanaha seisundi halvenemine<\/span><\/li><li><span style=\"font-weight: 400;\">kuiv peanahk<\/span><\/li><li><span style=\"font-weight: 400;\">v\u00e4henenud juuste tihedus<\/span><\/li><li><span style=\"font-weight: 400;\">arsti soovitusel p\u00e4rast juuste siirdamist<\/span><\/li><\/ul><h4><b>Kuidas protseduur toimub<\/b><\/h4><p><strong>Protseduur kestab umbes 30\u201345 minutit ja sisaldab:<\/strong><span style=\"font-weight: 400;\"><br \/><\/span><\/p><ul><li><span style=\"font-weight: 400;\">peanaha puhastamist<\/span><\/li><li><span style=\"font-weight: 400;\">preparaadi manustamist mikroinjektsioonide abil<\/span><span style=\"font-weight: 400;\"><br \/><\/span><\/li><li><span style=\"font-weight: 400;\">hooldussoovitusi<\/span><\/li><\/ul><p><span style=\"font-weight: 400;\">Protseduuri ajal v\u00f5ib esineda m\u00f5\u00f5dukas ebamugavustunne.<\/span><span style=\"font-weight: 400;\"><br \/><\/span><span style=\"font-weight: 400;\"> Optimaalse tulemuse saavutamiseks soovitatakse tavaliselt kuurina tehtavaid protseduure, mille sagedus m\u00e4\u00e4ratakse individuaalselt.<\/span><\/p><h4><b>Cellbooster\u00ae Hair eelised<\/b><\/h4><ul><li><span style=\"font-weight: 400;\">kompleksne m\u00f5ju juustele ja peanahale<\/span><span style=\"font-weight: 400;\"><br \/><\/span><span style=\"font-weight: 400;\">s\u00fcgav niisutus ja toitmine<\/span><\/li><li><span style=\"font-weight: 400;\">juuste kvaliteedi paranemine<\/span><\/li><li><span style=\"font-weight: 400;\">v\u00f5imalus kombineerida teiste ravimeetoditega<\/span><\/li><\/ul>\t\t\t\t\t\t\t\t<\/div>\n\t\t\t\t<\/div>\n\t\t\t\t\t<\/div>\n\t\t<\/div>\n\t\t\t\t<div class=\"elementor-column elementor-col-50 elementor-top-column elementor-element elementor-element-d70976b\" data-id=\"d70976b\" data-element_type=\"column\" data-e-type=\"column\">\n\t\t\t<div class=\"elementor-widget-wrap elementor-element-populated\">\n\t\t\t\t\t\t<div class=\"elementor-element elementor-element-451c8a8 elementor-widget elementor-widget-image\" data-id=\"451c8a8\" data-element_type=\"widget\" data-e-type=\"widget\" data-widget_type=\"image.default\">\n\t\t\t\t<div class=\"elementor-widget-container\">\n\t\t\t\t\t\t\t\t\t\t\t\t\t\t\t<img decoding=\"async\" width=\"768\" height=\"512\" src=\"https:\/\/medicest.eu\/wp-content\/uploads\/2026\/05\/rsz_1cellbooster1.jpg\" class=\"attachment-large size-large wp-image-19259\" alt=\"\" srcset=\"https:\/\/medicest.eu\/wp-content\/uploads\/2026\/05\/rsz_1cellbooster1.jpg 768w, https:\/\/medicest.eu\/wp-content\/uploads\/2026\/05\/rsz_1cellbooster1-300x200.jpg 300w, https:\/\/medicest.eu\/wp-content\/uploads\/2026\/05\/rsz_1cellbooster1-150x100.jpg 150w\" sizes=\"(max-width: 768px) 100vw, 768px\" \/>\t\t\t\t\t\t\t\t\t\t\t\t\t\t\t<\/div>\n\t\t\t\t<\/div>\n\t\t\t\t<div class=\"elementor-element elementor-element-3695c16 elementor-widget elementor-widget-image\" data-id=\"3695c16\" data-element_type=\"widget\" data-e-type=\"widget\" data-widget_type=\"image.default\">\n\t\t\t\t<div class=\"elementor-widget-container\">\n\t\t\t\t\t\t\t\t\t\t\t\t\t\t\t<img decoding=\"async\" width=\"768\" height=\"512\" src=\"https:\/\/medicest.eu\/wp-content\/uploads\/2026\/05\/rsz_cellbooster2.jpg\" class=\"attachment-large size-large wp-image-19257\" alt=\"\" srcset=\"https:\/\/medicest.eu\/wp-content\/uploads\/2026\/05\/rsz_cellbooster2.jpg 768w, https:\/\/medicest.eu\/wp-content\/uploads\/2026\/05\/rsz_cellbooster2-300x200.jpg 300w, https:\/\/medicest.eu\/wp-content\/uploads\/2026\/05\/rsz_cellbooster2-150x100.jpg 150w\" sizes=\"(max-width: 768px) 100vw, 768px\" \/>\t\t\t\t\t\t\t\t\t\t\t\t\t\t\t<\/div>\n\t\t\t\t<\/div>\n\t\t\t\t\t<\/div>\n\t\t<\/div>\n\t\t\t\t\t<\/div>\n\t\t<\/section>\n\t\t\t\t<section class=\"elementor-section elementor-top-section elementor-element elementor-element-71acf83 elementor-section-boxed elementor-section-height-default elementor-section-height-default\" data-id=\"71acf83\" data-element_type=\"section\" data-e-type=\"section\">\n\t\t\t\t\t\t<div class=\"elementor-container elementor-column-gap-default\">\n\t\t\t\t\t<div class=\"elementor-column elementor-col-50 elementor-top-column elementor-element elementor-element-8d945e3\" data-id=\"8d945e3\" data-element_type=\"column\" data-e-type=\"column\">\n\t\t\t<div class=\"elementor-widget-wrap elementor-element-populated\">\n\t\t\t\t\t\t<div class=\"elementor-element elementor-element-20fb1c3 elementor-widget elementor-widget-text-editor\" data-id=\"20fb1c3\" data-element_type=\"widget\" data-e-type=\"widget\" data-widget_type=\"text-editor.default\">\n\t\t\t\t<div class=\"elementor-widget-container\">\n\t\t\t\t\t\t\t\t\t<h4><b>Vastun\u00e4idustused<\/b><\/h4><p><strong>Protseduuri ei teostata j\u00e4rgmistel juhtudel:<\/strong><\/p><ul><li><span style=\"font-weight: 400;\">rasedus ja imetamine<\/span><span style=\"font-weight: 400;\"><br \/><\/span><\/li><li><span style=\"font-weight: 400;\">individuaalne \u00fclitundlikkus komponentide suhtes<\/span><span style=\"font-weight: 400;\"><br \/><\/span><\/li><li><span style=\"font-weight: 400;\">p\u00f5letikulised v\u00f5i nakkuslikud protsessid peanahal<\/span><span style=\"font-weight: 400;\"><br \/><\/span><\/li><li><span style=\"font-weight: 400;\">nahahaigused \u00e4genemise faasis<\/span><span style=\"font-weight: 400;\"><br \/><\/span><\/li><li><span style=\"font-weight: 400;\">onkoloogilised haigused<\/span><span style=\"font-weight: 400;\"><br \/><\/span><\/li><li><span style=\"font-weight: 400;\">vere h\u00fc\u00fcbimish\u00e4ired<\/span><\/li><\/ul><p><span style=\"font-weight: 400;\">Enne protseduuri on vajalik spetsialisti konsultatsioon.<\/span><\/p>\t\t\t\t\t\t\t\t<\/div>\n\t\t\t\t<\/div>\n\t\t\t\t\t<\/div>\n\t\t<\/div>\n\t\t\t\t<div class=\"elementor-column elementor-col-50 elementor-top-column elementor-element elementor-element-f550fbd\" data-id=\"f550fbd\" data-element_type=\"column\" data-e-type=\"column\">\n\t\t\t<div class=\"elementor-widget-wrap elementor-element-populated\">\n\t\t\t\t\t\t<div class=\"elementor-element elementor-element-57c0b60 elementor-widget elementor-widget-text-editor\" data-id=\"57c0b60\" data-element_type=\"widget\" data-e-type=\"widget\" data-widget_type=\"text-editor.default\">\n\t\t\t\t<div class=\"elementor-widget-container\">\n\t\t\t\t\t\t\t\t\t<h4><b>V\u00f5imalikud reaktsioonid<\/b><\/h4><p><strong>P\u00e4rast protseduuri v\u00f5ivad esineda:<\/strong><\/p><ul><li><span style=\"font-weight: 400;\">naha punetus<\/span><\/li><li><span style=\"font-weight: 400;\">tundlikkus s\u00fcstekohtades<\/span><\/li><li><span style=\"font-weight: 400;\">kerge turse<\/span><\/li><\/ul><p><span style=\"font-weight: 400;\">Reeglina m\u00f6\u00f6duvad need reaktsioonid iseenesest l\u00fchikese aja jooksul.<\/span><\/p><h3><br style=\"font-weight: 400;\" \/><br style=\"font-weight: 400;\" \/><br \/><\/h3>\t\t\t\t\t\t\t\t<\/div>\n\t\t\t\t<\/div>\n\t\t\t\t\t<\/div>\n\t\t<\/div>\n\t\t\t\t\t<\/div>\n\t\t<\/section>\n\t\t\t\t<section class=\"elementor-section elementor-top-section elementor-element elementor-element-4031ad55 elementor-section-boxed elementor-section-height-default elementor-section-height-default\" data-id=\"4031ad55\" data-element_type=\"section\" data-e-type=\"section\">\n\t\t\t\t\t\t<div class=\"elementor-container elementor-column-gap-default\">\n\t\t\t\t\t<div class=\"elementor-column elementor-col-100 elementor-top-column elementor-element elementor-element-5501092f\" data-id=\"5501092f\" data-element_type=\"column\" data-e-type=\"column\">\n\t\t\t<div class=\"elementor-widget-wrap elementor-element-populated\">\n\t\t\t\t\t\t<div class=\"elementor-element elementor-element-2181260f elementor-widget elementor-widget-heading\" data-id=\"2181260f\" data-element_type=\"widget\" data-e-type=\"widget\" data-widget_type=\"heading.default\">\n\t\t\t\t<div class=\"elementor-widget-container\">\n\t\t\t\t\t<h2 class=\"elementor-heading-title elementor-size-default\">Hinnakiri<\/h2>\t\t\t\t<\/div>\n\t\t\t\t<\/div>\n\t\t\t\t<div class=\"elementor-element elementor-element-50c0095c elementor-widget elementor-widget-text-editor\" data-id=\"50c0095c\" data-element_type=\"widget\" data-e-type=\"widget\" data-widget_type=\"text-editor.default\">\n\t\t\t\t<div class=\"elementor-widget-container\">\n\t\t\t\t\t\t\t\t\t<p>\n<table id=\"tablepress-238\" class=\"tablepress tablepress-id-238\">\n<thead>\n<tr class=\"row-1\">\n\t<th class=\"column-1\">Protseduurid<\/th><th class=\"column-2\">Hind \u20ac<\/th>\n<\/tr>\n<\/thead>\n<tbody class=\"row-striping row-hover\">\n<tr class=\"row-2\">\n\t<td class=\"column-1\">Celbooster Hair, juuste mesoteraapia peanahale<\/td><td class=\"column-2\">120,00<\/td>\n<\/tr>\n<\/tbody>\n<\/table>\n<!-- #tablepress-238 from cache --><\/p>\t\t\t\t\t\t\t\t<\/div>\n\t\t\t\t<\/div>\n\t\t\t\t\t<\/div>\n\t\t<\/div>\n\t\t\t\t\t<\/div>\n\t\t<\/section>\n\t\t\t\t<\/div>\n\t\t","protected":false},"excerpt":{"rendered":"<p>Cellbooster\u00ae Hair &#8211; juuste mesoteraapia Cellbooster\u00ae Hair on s\u00fcstitav protseduur, mille eesm\u00e4rk on parandada juuste seisundit, tugevdada juuksefolliikuleid ning taastada peanaha tervist. Meetod p\u00f5hineb spetsiaalse kompleksi manustamisel, mis sisaldab h\u00fcaluroonhapet, aminohappeid, vitamiine ja mikroelemente. Need komponendid aitavad parandada juuksefolliikulite toitumist, niisutada peanahka ning luua optimaalsed tingimused juuste kasvuks. Kuidas protseduur\u2026<\/p>\n<p class=\"continue-reading-button\"> <a class=\"continue-reading-link\" href=\"https:\/\/medicest.eu\/et\/juuste-mesoteraapia-cellbooster-hair\/\"><i class=\"crycon-right-dir\"><\/i><\/a><\/p>\n","protected":false},"author":1,"featured_media":0,"parent":0,"menu_order":0,"comment_status":"closed","ping_status":"closed","template":"","meta":{"footnotes":""},"class_list":["post-19276","page","type-page","status-publish","hentry"],"yoast_head":"<!-- This site is optimized with the Yoast SEO plugin v27.6 - https:\/\/yoast.com\/product\/yoast-seo-wordpress\/ -->\n<title>Juuste mesoteraapia Cellbooster\u00ae Hair - Ilukliinik Medic-Esthetic<\/title>\n<meta name=\"robots\" content=\"index, follow, max-snippet:-1, max-image-preview:large, max-video-preview:-1\" \/>\n<link rel=\"canonical\" href=\"https:\/\/medicest.eu\/et\/juuste-mesoteraapia-cellbooster-hair\/\" \/>\n<meta property=\"og:locale\" content=\"et_EE\" \/>\n<meta property=\"og:type\" content=\"article\" \/>\n<meta property=\"og:title\" content=\"Juuste mesoteraapia Cellbooster\u00ae Hair - Ilukliinik Medic-Esthetic\" \/>\n<meta property=\"og:description\" content=\"Cellbooster\u00ae Hair &#8211; juuste mesoteraapia Cellbooster\u00ae Hair on s\u00fcstitav protseduur, mille eesm\u00e4rk on parandada juuste seisundit, tugevdada juuksefolliikuleid ning taastada peanaha tervist. Meetod p\u00f5hineb spetsiaalse kompleksi manustamisel, mis sisaldab h\u00fcaluroonhapet, aminohappeid, vitamiine ja mikroelemente. Need komponendid aitavad parandada juuksefolliikulite toitumist, niisutada peanahka ning luua optimaalsed tingimused juuste kasvuks. Kuidas protseduur\u2026\" \/>\n<meta property=\"og:url\" content=\"https:\/\/medicest.eu\/et\/juuste-mesoteraapia-cellbooster-hair\/\" \/>\n<meta property=\"og:site_name\" content=\"Ilukliinik Medic-Esthetic\" \/>\n<meta property=\"article:modified_time\" content=\"2026-05-15T12:05:41+00:00\" \/>\n<meta property=\"og:image\" content=\"https:\/\/medicest.eu\/wp-content\/uploads\/2026\/05\/suisselle-cellbooster-hair-6x3ml.jpg\" \/>\n\t<meta property=\"og:image:width\" content=\"455\" \/>\n\t<meta property=\"og:image:height\" content=\"455\" \/>\n\t<meta property=\"og:image:type\" content=\"image\/jpeg\" \/>\n<meta name=\"twitter:card\" content=\"summary_large_image\" \/>\n<meta name=\"twitter:label1\" content=\"Est. reading time\" \/>\n\t<meta name=\"twitter:data1\" content=\"2 minutit\" \/>\n<script type=\"application\/ld+json\" class=\"yoast-schema-graph\">{\"@context\":\"https:\\\/\\\/schema.org\",\"@graph\":[{\"@type\":\"WebPage\",\"@id\":\"https:\\\/\\\/medicest.eu\\\/et\\\/juuste-mesoteraapia-cellbooster-hair\\\/\",\"url\":\"https:\\\/\\\/medicest.eu\\\/et\\\/juuste-mesoteraapia-cellbooster-hair\\\/\",\"name\":\"Juuste mesoteraapia Cellbooster\u00ae Hair - Ilukliinik Medic-Esthetic\",\"isPartOf\":{\"@id\":\"https:\\\/\\\/medicest.eu\\\/#website\"},\"primaryImageOfPage\":{\"@id\":\"https:\\\/\\\/medicest.eu\\\/et\\\/juuste-mesoteraapia-cellbooster-hair\\\/#primaryimage\"},\"image\":{\"@id\":\"https:\\\/\\\/medicest.eu\\\/et\\\/juuste-mesoteraapia-cellbooster-hair\\\/#primaryimage\"},\"thumbnailUrl\":\"http:\\\/\\\/medicest.eu\\\/wp-content\\\/uploads\\\/2026\\\/05\\\/suisselle-cellbooster-hair-6x3ml.jpg\",\"datePublished\":\"2026-05-14T11:54:09+00:00\",\"dateModified\":\"2026-05-15T12:05:41+00:00\",\"breadcrumb\":{\"@id\":\"https:\\\/\\\/medicest.eu\\\/et\\\/juuste-mesoteraapia-cellbooster-hair\\\/#breadcrumb\"},\"inLanguage\":\"et\",\"potentialAction\":[{\"@type\":\"ReadAction\",\"target\":[\"https:\\\/\\\/medicest.eu\\\/et\\\/juuste-mesoteraapia-cellbooster-hair\\\/\"]}]},{\"@type\":\"ImageObject\",\"inLanguage\":\"et\",\"@id\":\"https:\\\/\\\/medicest.eu\\\/et\\\/juuste-mesoteraapia-cellbooster-hair\\\/#primaryimage\",\"url\":\"http:\\\/\\\/medicest.eu\\\/wp-content\\\/uploads\\\/2026\\\/05\\\/suisselle-cellbooster-hair-6x3ml.jpg\",\"contentUrl\":\"http:\\\/\\\/medicest.eu\\\/wp-content\\\/uploads\\\/2026\\\/05\\\/suisselle-cellbooster-hair-6x3ml.jpg\"},{\"@type\":\"BreadcrumbList\",\"@id\":\"https:\\\/\\\/medicest.eu\\\/et\\\/juuste-mesoteraapia-cellbooster-hair\\\/#breadcrumb\",\"itemListElement\":[{\"@type\":\"ListItem\",\"position\":1,\"name\":\"Home\",\"item\":\"https:\\\/\\\/medicest.eu\\\/\"},{\"@type\":\"ListItem\",\"position\":2,\"name\":\"Juuste mesoteraapia Cellbooster\u00ae Hair\"}]},{\"@type\":\"WebSite\",\"@id\":\"https:\\\/\\\/medicest.eu\\\/#website\",\"url\":\"https:\\\/\\\/medicest.eu\\\/\",\"name\":\"Ilukliinik Medic-Esthetic\",\"description\":\"Beauty &amp; Prestige\",\"potentialAction\":[{\"@type\":\"SearchAction\",\"target\":{\"@type\":\"EntryPoint\",\"urlTemplate\":\"https:\\\/\\\/medicest.eu\\\/?s={search_term_string}\"},\"query-input\":{\"@type\":\"PropertyValueSpecification\",\"valueRequired\":true,\"valueName\":\"search_term_string\"}}],\"inLanguage\":\"et\"}]}<\/script>\n<!-- \/ Yoast SEO plugin. -->","yoast_head_json":{"title":"Juuste mesoteraapia Cellbooster\u00ae Hair - Ilukliinik Medic-Esthetic","robots":{"index":"index","follow":"follow","max-snippet":"max-snippet:-1","max-image-preview":"max-image-preview:large","max-video-preview":"max-video-preview:-1"},"canonical":"https:\/\/medicest.eu\/et\/juuste-mesoteraapia-cellbooster-hair\/","og_locale":"et_EE","og_type":"article","og_title":"Juuste mesoteraapia Cellbooster\u00ae Hair - Ilukliinik Medic-Esthetic","og_description":"Cellbooster\u00ae Hair &#8211; juuste mesoteraapia Cellbooster\u00ae Hair on s\u00fcstitav protseduur, mille eesm\u00e4rk on parandada juuste seisundit, tugevdada juuksefolliikuleid ning taastada peanaha tervist. Meetod p\u00f5hineb spetsiaalse kompleksi manustamisel, mis sisaldab h\u00fcaluroonhapet, aminohappeid, vitamiine ja mikroelemente. Need komponendid aitavad parandada juuksefolliikulite toitumist, niisutada peanahka ning luua optimaalsed tingimused juuste kasvuks. Kuidas protseduur\u2026","og_url":"https:\/\/medicest.eu\/et\/juuste-mesoteraapia-cellbooster-hair\/","og_site_name":"Ilukliinik Medic-Esthetic","article_modified_time":"2026-05-15T12:05:41+00:00","og_image":[{"width":455,"height":455,"url":"https:\/\/medicest.eu\/wp-content\/uploads\/2026\/05\/suisselle-cellbooster-hair-6x3ml.jpg","type":"image\/jpeg"}],"twitter_card":"summary_large_image","twitter_misc":{"Est. reading time":"2 minutit"},"schema":{"@context":"https:\/\/schema.org","@graph":[{"@type":"WebPage","@id":"https:\/\/medicest.eu\/et\/juuste-mesoteraapia-cellbooster-hair\/","url":"https:\/\/medicest.eu\/et\/juuste-mesoteraapia-cellbooster-hair\/","name":"Juuste mesoteraapia Cellbooster\u00ae Hair - Ilukliinik Medic-Esthetic","isPartOf":{"@id":"https:\/\/medicest.eu\/#website"},"primaryImageOfPage":{"@id":"https:\/\/medicest.eu\/et\/juuste-mesoteraapia-cellbooster-hair\/#primaryimage"},"image":{"@id":"https:\/\/medicest.eu\/et\/juuste-mesoteraapia-cellbooster-hair\/#primaryimage"},"thumbnailUrl":"http:\/\/medicest.eu\/wp-content\/uploads\/2026\/05\/suisselle-cellbooster-hair-6x3ml.jpg","datePublished":"2026-05-14T11:54:09+00:00","dateModified":"2026-05-15T12:05:41+00:00","breadcrumb":{"@id":"https:\/\/medicest.eu\/et\/juuste-mesoteraapia-cellbooster-hair\/#breadcrumb"},"inLanguage":"et","potentialAction":[{"@type":"ReadAction","target":["https:\/\/medicest.eu\/et\/juuste-mesoteraapia-cellbooster-hair\/"]}]},{"@type":"ImageObject","inLanguage":"et","@id":"https:\/\/medicest.eu\/et\/juuste-mesoteraapia-cellbooster-hair\/#primaryimage","url":"http:\/\/medicest.eu\/wp-content\/uploads\/2026\/05\/suisselle-cellbooster-hair-6x3ml.jpg","contentUrl":"http:\/\/medicest.eu\/wp-content\/uploads\/2026\/05\/suisselle-cellbooster-hair-6x3ml.jpg"},{"@type":"BreadcrumbList","@id":"https:\/\/medicest.eu\/et\/juuste-mesoteraapia-cellbooster-hair\/#breadcrumb","itemListElement":[{"@type":"ListItem","position":1,"name":"Home","item":"https:\/\/medicest.eu\/"},{"@type":"ListItem","position":2,"name":"Juuste mesoteraapia Cellbooster\u00ae Hair"}]},{"@type":"WebSite","@id":"https:\/\/medicest.eu\/#website","url":"https:\/\/medicest.eu\/","name":"Ilukliinik Medic-Esthetic","description":"Beauty &amp; Prestige","potentialAction":[{"@type":"SearchAction","target":{"@type":"EntryPoint","urlTemplate":"https:\/\/medicest.eu\/?s={search_term_string}"},"query-input":{"@type":"PropertyValueSpecification","valueRequired":true,"valueName":"search_term_string"}}],"inLanguage":"et"}]}},"_links":{"self":[{"href":"https:\/\/medicest.eu\/et\/wp-json\/wp\/v2\/pages\/19276","targetHints":{"allow":["GET"]}}],"collection":[{"href":"https:\/\/medicest.eu\/et\/wp-json\/wp\/v2\/pages"}],"about":[{"href":"https:\/\/medicest.eu\/et\/wp-json\/wp\/v2\/types\/page"}],"author":[{"embeddable":true,"href":"https:\/\/medicest.eu\/et\/wp-json\/wp\/v2\/users\/1"}],"replies":[{"embeddable":true,"href":"https:\/\/medicest.eu\/et\/wp-json\/wp\/v2\/comments?post=19276"}],"version-history":[{"count":30,"href":"https:\/\/medicest.eu\/et\/wp-json\/wp\/v2\/pages\/19276\/revisions"}],"predecessor-version":[{"id":19311,"href":"https:\/\/medicest.eu\/et\/wp-json\/wp\/v2\/pages\/19276\/revisions\/19311"}],"wp:attachment":[{"href":"https:\/\/medicest.eu\/et\/wp-json\/wp\/v2\/media?parent=19276"}],"curies":[{"name":"wp","href":"https:\/\/api.w.org\/{rel}","templated":true}]}}