{"id":18898,"date":"2026-03-30T12:10:57","date_gmt":"2026-03-30T12:10:57","guid":{"rendered":"https:\/\/medicest.eu\/skidochnye-predlozheniya-na-aprel-2026\/"},"modified":"2026-03-30T12:39:55","modified_gmt":"2026-03-30T12:39:55","slug":"sooduspakkumised-aprilliks-2026","status":"publish","type":"page","link":"https:\/\/medicest.eu\/et\/sooduspakkumised-aprilliks-2026\/","title":{"rendered":"Sooduspakkumised aprilliks 2026"},"content":{"rendered":"\t\t<div data-elementor-type=\"wp-page\" data-elementor-id=\"18898\" class=\"elementor elementor-18898 elementor-18875\">\n\t\t\t\t\t\t<section class=\"elementor-section elementor-top-section elementor-element elementor-element-5278a5b2 elementor-section-boxed elementor-section-height-default elementor-section-height-default\" data-id=\"5278a5b2\" data-element_type=\"section\" data-e-type=\"section\">\n\t\t\t\t\t\t<div class=\"elementor-container elementor-column-gap-default\">\n\t\t\t\t\t<div class=\"elementor-column elementor-col-100 elementor-top-column elementor-element elementor-element-f75b1d2\" data-id=\"f75b1d2\" data-element_type=\"column\" data-e-type=\"column\">\n\t\t\t<div class=\"elementor-widget-wrap elementor-element-populated\">\n\t\t\t\t\t\t<div class=\"elementor-element elementor-element-8419c57 elementor-widget elementor-widget-heading\" data-id=\"8419c57\" data-element_type=\"widget\" data-e-type=\"widget\" data-widget_type=\"heading.default\">\n\t\t\t\t<div class=\"elementor-widget-container\">\n\t\t\t\t\t<h2 class=\"elementor-heading-title elementor-size-default\">Sooduspakkuised<\/h2>\t\t\t\t<\/div>\n\t\t\t\t<\/div>\n\t\t\t\t<div class=\"elementor-element elementor-element-5c045ae3 elementor-widget elementor-widget-heading\" data-id=\"5c045ae3\" data-element_type=\"widget\" data-e-type=\"widget\" data-widget_type=\"heading.default\">\n\t\t\t\t<div class=\"elementor-widget-container\">\n\t\t\t\t\t<h3 class=\"elementor-heading-title elementor-size-default\">Aprill 2026<\/h3>\t\t\t\t<\/div>\n\t\t\t\t<\/div>\n\t\t\t\t\t<\/div>\n\t\t<\/div>\n\t\t\t\t\t<\/div>\n\t\t<\/section>\n\t\t\t\t<section class=\"elementor-section elementor-top-section elementor-element elementor-element-2b76788 elementor-section-boxed elementor-section-height-default elementor-section-height-default\" data-id=\"2b76788\" data-element_type=\"section\" data-e-type=\"section\">\n\t\t\t\t\t\t<div class=\"elementor-container elementor-column-gap-default\">\n\t\t\t\t\t<div class=\"elementor-column elementor-col-50 elementor-top-column elementor-element elementor-element-de22da0\" data-id=\"de22da0\" data-element_type=\"column\" data-e-type=\"column\">\n\t\t\t<div class=\"elementor-widget-wrap elementor-element-populated\">\n\t\t\t\t\t\t<div class=\"elementor-element elementor-element-7d415d9 elementor-widget__width-initial elementor-widget elementor-widget-text-editor\" data-id=\"7d415d9\" data-element_type=\"widget\" data-e-type=\"widget\" data-widget_type=\"text-editor.default\">\n\t\t\t\t<div class=\"elementor-widget-container\">\n\t\t\t\t\t\t\t\t\t<h2><strong>CFU Elite (HIFU) &#8211; kunst t\u00f6\u00f6tada n\u00e4okontuuridega<\/strong><\/h2><p><span style=\"font-weight: 400;\">CFU Elite (HIFU) on delikaatne protseduur, mis m\u00f5jutab naha s\u00fcgavamaid kihte fokuseeritud ultraheli abil.<\/span><span style=\"font-weight: 400;\"><br \/><\/span><span style=\"font-weight: 400;\">Protseduur on suunatud kudede tiheduse parandamisele, toonuse t\u00f5stmisele ning selgemate n\u00e4okontuuride kujunemisele.<\/span><\/p><h3><span style=\"color: #ff0000;\"><strong>N\u00e4gu, kael, dekoltee:\u00a0240\u20ac<br \/>N\u00e4gu, kael: 216\u20ac<br \/>Alumine kolmandik ja kael: 200\u20ac<br \/>Laup ja silma\u00fcmbrus: 176\u20ac<\/strong><\/span><\/h3><h4><strong>Peen tasakaal ja loomulik tulemus.<\/strong><\/h4>\t\t\t\t\t\t\t\t<\/div>\n\t\t\t\t<\/div>\n\t\t\t\t<section class=\"elementor-section elementor-inner-section elementor-element elementor-element-543c1b2 elementor-section-boxed elementor-section-height-default elementor-section-height-default\" data-id=\"543c1b2\" data-element_type=\"section\" data-e-type=\"section\">\n\t\t\t\t\t\t<div class=\"elementor-container elementor-column-gap-default\">\n\t\t\t\t\t<div class=\"elementor-column elementor-col-100 elementor-inner-column elementor-element elementor-element-fd96a78\" data-id=\"fd96a78\" data-element_type=\"column\" data-e-type=\"column\">\n\t\t\t<div class=\"elementor-widget-wrap elementor-element-populated\">\n\t\t\t\t\t\t<div class=\"elementor-element elementor-element-a0fa82d pp-buttons-halign-left pp-buttons-stack-none elementor-widget elementor-widget-pp-buttons\" data-id=\"a0fa82d\" data-element_type=\"widget\" data-e-type=\"widget\" data-widget_type=\"pp-buttons.default\">\n\t\t\t\t<div class=\"elementor-widget-container\">\n\t\t\t\t\t\t\t<div class=\"pp-buttons-group\">\n\t\t\t\t\t\t\t\t\t\t\t<a href=\"https:\/\/medicest.eu\/et\/ultraheli-cfu-elife-hifu\/\" target=\"_blank\" class=\"pp-button elementor-button elementor-size-md elementor-repeater-item-c938c7f \">\n\t\t\t\t\t<div class=\"pp-button-content-wrapper\">\n\t\t\t\t\t\t<span class=\"pp-button-content-inner pp-icon-before\">\n\t\t\t\t\t\t\t\n\t\t\t\t\t\t\t\t<span class=\"pp-button-title\">\n\t\t\t\t\t\t\t\t\tLisainfo\t\t\t\t\t\t\t\t<\/span>\n\t\t\t\t\t\t\t\t\t\t\t\t\t<\/span>\n\t\t\t\t\t<\/div>\n\t\t\t\t<\/a>\n\t\t\t\t\t\t\t\t\t\t<\/div>\t\t\t\t<\/div>\n\t\t\t\t<\/div>\n\t\t\t\t\t<\/div>\n\t\t<\/div>\n\t\t\t\t\t<\/div>\n\t\t<\/section>\n\t\t\t\t\t<\/div>\n\t\t<\/div>\n\t\t\t\t<div class=\"elementor-column elementor-col-50 elementor-top-column elementor-element elementor-element-8c511d4\" data-id=\"8c511d4\" data-element_type=\"column\" data-e-type=\"column\">\n\t\t\t<div class=\"elementor-widget-wrap elementor-element-populated\">\n\t\t\t\t\t\t<div class=\"elementor-element elementor-element-5db5f56 elementor-widget elementor-widget-image\" data-id=\"5db5f56\" data-element_type=\"widget\" data-e-type=\"widget\" data-widget_type=\"image.default\">\n\t\t\t\t<div class=\"elementor-widget-container\">\n\t\t\t\t\t\t\t\t\t\t\t\t\t\t\t<img fetchpriority=\"high\" decoding=\"async\" width=\"682\" height=\"1024\" src=\"https:\/\/medicest.eu\/wp-content\/uploads\/2026\/02\/HIFU-1-682x1024.jpeg\" class=\"attachment-large size-large wp-image-18630\" alt=\"\" srcset=\"https:\/\/medicest.eu\/wp-content\/uploads\/2026\/02\/HIFU-1-682x1024.jpeg 682w, https:\/\/medicest.eu\/wp-content\/uploads\/2026\/02\/HIFU-1-200x300.jpeg 200w, https:\/\/medicest.eu\/wp-content\/uploads\/2026\/02\/HIFU-1-768x1153.jpeg 768w, https:\/\/medicest.eu\/wp-content\/uploads\/2026\/02\/HIFU-1-1023x1536.jpeg 1023w, https:\/\/medicest.eu\/wp-content\/uploads\/2026\/02\/HIFU-1-100x150.jpeg 100w, https:\/\/medicest.eu\/wp-content\/uploads\/2026\/02\/HIFU-1.jpeg 1066w\" sizes=\"(max-width: 682px) 100vw, 682px\" \/>\t\t\t\t\t\t\t\t\t\t\t\t\t\t\t<\/div>\n\t\t\t\t<\/div>\n\t\t\t\t\t<\/div>\n\t\t<\/div>\n\t\t\t\t\t<\/div>\n\t\t<\/section>\n\t\t\t\t<section class=\"elementor-section elementor-top-section elementor-element elementor-element-47c6936 elementor-section-boxed elementor-section-height-default elementor-section-height-default\" data-id=\"47c6936\" data-element_type=\"section\" data-e-type=\"section\">\n\t\t\t\t\t\t<div class=\"elementor-container elementor-column-gap-default\">\n\t\t\t\t\t<div class=\"elementor-column elementor-col-100 elementor-top-column elementor-element elementor-element-8fb7982\" data-id=\"8fb7982\" data-element_type=\"column\" data-e-type=\"column\">\n\t\t\t<div class=\"elementor-widget-wrap elementor-element-populated\">\n\t\t\t\t\t\t<div class=\"elementor-element elementor-element-9caaa5d elementor-widget-divider--view-line elementor-widget elementor-widget-divider\" data-id=\"9caaa5d\" data-element_type=\"widget\" data-e-type=\"widget\" data-widget_type=\"divider.default\">\n\t\t\t\t<div class=\"elementor-widget-container\">\n\t\t\t\t\t\t\t<div class=\"elementor-divider\">\n\t\t\t<span class=\"elementor-divider-separator\">\n\t\t\t\t\t\t<\/span>\n\t\t<\/div>\n\t\t\t\t\t\t<\/div>\n\t\t\t\t<\/div>\n\t\t\t\t\t<\/div>\n\t\t<\/div>\n\t\t\t\t\t<\/div>\n\t\t<\/section>\n\t\t\t\t<section class=\"elementor-section elementor-top-section elementor-element elementor-element-c3dcf2f elementor-section-boxed elementor-section-height-default elementor-section-height-default\" data-id=\"c3dcf2f\" data-element_type=\"section\" data-e-type=\"section\">\n\t\t\t\t\t\t<div class=\"elementor-container elementor-column-gap-default\">\n\t\t\t\t\t<div class=\"elementor-column elementor-col-50 elementor-top-column elementor-element elementor-element-08f1774\" data-id=\"08f1774\" data-element_type=\"column\" data-e-type=\"column\">\n\t\t\t<div class=\"elementor-widget-wrap elementor-element-populated\">\n\t\t\t\t\t\t<div class=\"elementor-element elementor-element-c451343 elementor-widget__width-initial elementor-widget elementor-widget-text-editor\" data-id=\"c451343\" data-element_type=\"widget\" data-e-type=\"widget\" data-widget_type=\"text-editor.default\">\n\t\t\t\t<div class=\"elementor-widget-container\">\n\t\t\t\t\t\t\t\t\t<h2><strong>Aprill koos Guinot\u2019ga<\/strong><\/h2><h3><span style=\"font-weight: 400;\">Esmakordselt &#8211; s\u00fcndmus, mis v\u00e4ljub tavap\u00e4rase raamidest.<\/span><\/h3><h3><span style=\"color: #ff0000;\"><strong>Aprilli jooksul kehtib kogu Guinot\u2019 toodete valikule eripakkumine -40%.<\/strong><\/span><\/h3><p>\u00a0<\/p><p><span style=\"font-weight: 400;\">Guinot on k\u00f5rgekvaliteediline professionaalne n\u00e4o- ja kehahoolduskosmeetika Prantsusmaalt, mida usaldavad spetsialistid \u00fcle maailma.<\/span><span style=\"font-weight: 400;\"><br \/><\/span><span style=\"font-weight: 400;\">T\u00f5husad koostised, l\u00e4bim\u00f5eldud hooldus ja tulemus, mida on tunda.<\/span><span style=\"font-weight: 400;\"><br \/><\/span><span style=\"font-weight: 400;\">Haruldane hetk, mil professionaalne hooldus on l\u00e4hemal kui kunagi varem.<\/span><\/p><p><em><span style=\"font-weight: 400;\">Toodete kogus on piiratud.<\/span><\/em><\/p><p><span style=\"font-weight: 400;\">Tulge Medic-Esthetic ilukliinikusse oma ideaalse hoolduse j\u00e4rele.<\/span><\/p><h4>\u00a0<\/h4>\t\t\t\t\t\t\t\t<\/div>\n\t\t\t\t<\/div>\n\t\t\t\t<section class=\"elementor-section elementor-inner-section elementor-element elementor-element-c62ee8b elementor-section-boxed elementor-section-height-default elementor-section-height-default\" data-id=\"c62ee8b\" data-element_type=\"section\" data-e-type=\"section\">\n\t\t\t\t\t\t<div class=\"elementor-container elementor-column-gap-default\">\n\t\t\t\t\t<div class=\"elementor-column elementor-col-100 elementor-inner-column elementor-element elementor-element-7bbd8b2\" data-id=\"7bbd8b2\" data-element_type=\"column\" data-e-type=\"column\">\n\t\t\t<div class=\"elementor-widget-wrap\">\n\t\t\t\t\t\t\t<\/div>\n\t\t<\/div>\n\t\t\t\t\t<\/div>\n\t\t<\/section>\n\t\t\t\t\t<\/div>\n\t\t<\/div>\n\t\t\t\t<div class=\"elementor-column elementor-col-50 elementor-top-column elementor-element elementor-element-e728eb3\" data-id=\"e728eb3\" data-element_type=\"column\" data-e-type=\"column\">\n\t\t\t<div class=\"elementor-widget-wrap elementor-element-populated\">\n\t\t\t\t\t\t<div class=\"elementor-element elementor-element-f63f8f0 elementor-widget elementor-widget-image\" data-id=\"f63f8f0\" data-element_type=\"widget\" data-e-type=\"widget\" data-widget_type=\"image.default\">\n\t\t\t\t<div class=\"elementor-widget-container\">\n\t\t\t\t\t\t\t\t\t\t\t\t\t\t\t<img decoding=\"async\" width=\"680\" height=\"550\" src=\"https:\/\/medicest.eu\/wp-content\/uploads\/2026\/03\/w2.jpg\" class=\"attachment-large size-large wp-image-18888\" alt=\"\" srcset=\"https:\/\/medicest.eu\/wp-content\/uploads\/2026\/03\/w2.jpg 680w, https:\/\/medicest.eu\/wp-content\/uploads\/2026\/03\/w2-300x243.jpg 300w, https:\/\/medicest.eu\/wp-content\/uploads\/2026\/03\/w2-150x121.jpg 150w\" sizes=\"(max-width: 680px) 100vw, 680px\" \/>\t\t\t\t\t\t\t\t\t\t\t\t\t\t\t<\/div>\n\t\t\t\t<\/div>\n\t\t\t\t\t<\/div>\n\t\t<\/div>\n\t\t\t\t\t<\/div>\n\t\t<\/section>\n\t\t\t\t<\/div>\n\t\t","protected":false},"excerpt":{"rendered":"<p>Sooduspakkuised Aprill 2026 CFU Elite (HIFU) &#8211; kunst t\u00f6\u00f6tada n\u00e4okontuuridega CFU Elite (HIFU) on delikaatne protseduur, mis m\u00f5jutab naha s\u00fcgavamaid kihte fokuseeritud ultraheli abil.Protseduur on suunatud kudede tiheduse parandamisele, toonuse t\u00f5stmisele ning selgemate n\u00e4okontuuride kujunemisele. N\u00e4gu, kael, dekoltee:\u00a0240\u20acN\u00e4gu, kael: 216\u20acAlumine kolmandik ja kael: 200\u20acLaup ja silma\u00fcmbrus: 176\u20ac Peen tasakaal ja\u2026<\/p>\n<p class=\"continue-reading-button\"> <a class=\"continue-reading-link\" href=\"https:\/\/medicest.eu\/et\/sooduspakkumised-aprilliks-2026\/\"><i class=\"crycon-right-dir\"><\/i><\/a><\/p>\n","protected":false},"author":1,"featured_media":0,"parent":0,"menu_order":0,"comment_status":"closed","ping_status":"closed","template":"","meta":{"footnotes":""},"class_list":["post-18898","page","type-page","status-publish","hentry"],"yoast_head":"<!-- This site is optimized with the Yoast SEO plugin v27.3 - https:\/\/yoast.com\/product\/yoast-seo-wordpress\/ -->\n<title>Sooduspakkumised aprilliks 2026 - Ilukliinik Medic-Esthetic<\/title>\n<meta name=\"robots\" content=\"index, follow, max-snippet:-1, max-image-preview:large, max-video-preview:-1\" \/>\n<link rel=\"canonical\" href=\"https:\/\/medicest.eu\/et\/sooduspakkumised-aprilliks-2026\/\" \/>\n<meta property=\"og:locale\" content=\"et_EE\" \/>\n<meta property=\"og:type\" content=\"article\" \/>\n<meta property=\"og:title\" content=\"Sooduspakkumised aprilliks 2026 - Ilukliinik Medic-Esthetic\" \/>\n<meta property=\"og:description\" content=\"Sooduspakkuised Aprill 2026 CFU Elite (HIFU) &#8211; kunst t\u00f6\u00f6tada n\u00e4okontuuridega CFU Elite (HIFU) on delikaatne protseduur, mis m\u00f5jutab naha s\u00fcgavamaid kihte fokuseeritud ultraheli abil.Protseduur on suunatud kudede tiheduse parandamisele, toonuse t\u00f5stmisele ning selgemate n\u00e4okontuuride kujunemisele. N\u00e4gu, kael, dekoltee:\u00a0240\u20acN\u00e4gu, kael: 216\u20acAlumine kolmandik ja kael: 200\u20acLaup ja silma\u00fcmbrus: 176\u20ac Peen tasakaal ja\u2026\" \/>\n<meta property=\"og:url\" content=\"https:\/\/medicest.eu\/et\/sooduspakkumised-aprilliks-2026\/\" \/>\n<meta property=\"og:site_name\" content=\"Ilukliinik Medic-Esthetic\" \/>\n<meta property=\"article:modified_time\" content=\"2026-03-30T12:39:55+00:00\" \/>\n<meta property=\"og:image\" content=\"http:\/\/medicest.eu\/wp-content\/uploads\/2026\/02\/HIFU-1-682x1024.jpeg\" \/>\n<meta name=\"twitter:card\" content=\"summary_large_image\" \/>\n<meta name=\"twitter:label1\" content=\"Est. reading time\" \/>\n\t<meta name=\"twitter:data1\" content=\"2 minutit\" \/>\n<script type=\"application\/ld+json\" class=\"yoast-schema-graph\">{\"@context\":\"https:\\\/\\\/schema.org\",\"@graph\":[{\"@type\":\"WebPage\",\"@id\":\"https:\\\/\\\/medicest.eu\\\/et\\\/sooduspakkumised-aprilliks-2026\\\/\",\"url\":\"https:\\\/\\\/medicest.eu\\\/et\\\/sooduspakkumised-aprilliks-2026\\\/\",\"name\":\"Sooduspakkumised aprilliks 2026 - Ilukliinik Medic-Esthetic\",\"isPartOf\":{\"@id\":\"https:\\\/\\\/medicest.eu\\\/#website\"},\"primaryImageOfPage\":{\"@id\":\"https:\\\/\\\/medicest.eu\\\/et\\\/sooduspakkumised-aprilliks-2026\\\/#primaryimage\"},\"image\":{\"@id\":\"https:\\\/\\\/medicest.eu\\\/et\\\/sooduspakkumised-aprilliks-2026\\\/#primaryimage\"},\"thumbnailUrl\":\"http:\\\/\\\/medicest.eu\\\/wp-content\\\/uploads\\\/2026\\\/02\\\/HIFU-1-682x1024.jpeg\",\"datePublished\":\"2026-03-30T12:10:57+00:00\",\"dateModified\":\"2026-03-30T12:39:55+00:00\",\"breadcrumb\":{\"@id\":\"https:\\\/\\\/medicest.eu\\\/et\\\/sooduspakkumised-aprilliks-2026\\\/#breadcrumb\"},\"inLanguage\":\"et\",\"potentialAction\":[{\"@type\":\"ReadAction\",\"target\":[\"https:\\\/\\\/medicest.eu\\\/et\\\/sooduspakkumised-aprilliks-2026\\\/\"]}]},{\"@type\":\"ImageObject\",\"inLanguage\":\"et\",\"@id\":\"https:\\\/\\\/medicest.eu\\\/et\\\/sooduspakkumised-aprilliks-2026\\\/#primaryimage\",\"url\":\"http:\\\/\\\/medicest.eu\\\/wp-content\\\/uploads\\\/2026\\\/02\\\/HIFU-1-682x1024.jpeg\",\"contentUrl\":\"http:\\\/\\\/medicest.eu\\\/wp-content\\\/uploads\\\/2026\\\/02\\\/HIFU-1-682x1024.jpeg\"},{\"@type\":\"BreadcrumbList\",\"@id\":\"https:\\\/\\\/medicest.eu\\\/et\\\/sooduspakkumised-aprilliks-2026\\\/#breadcrumb\",\"itemListElement\":[{\"@type\":\"ListItem\",\"position\":1,\"name\":\"Home\",\"item\":\"https:\\\/\\\/medicest.eu\\\/\"},{\"@type\":\"ListItem\",\"position\":2,\"name\":\"Sooduspakkumised aprilliks 2026\"}]},{\"@type\":\"WebSite\",\"@id\":\"https:\\\/\\\/medicest.eu\\\/#website\",\"url\":\"https:\\\/\\\/medicest.eu\\\/\",\"name\":\"Ilukliinik Medic-Esthetic\",\"description\":\"Beauty &amp; Prestige\",\"potentialAction\":[{\"@type\":\"SearchAction\",\"target\":{\"@type\":\"EntryPoint\",\"urlTemplate\":\"https:\\\/\\\/medicest.eu\\\/?s={search_term_string}\"},\"query-input\":{\"@type\":\"PropertyValueSpecification\",\"valueRequired\":true,\"valueName\":\"search_term_string\"}}],\"inLanguage\":\"et\"}]}<\/script>\n<!-- \/ Yoast SEO plugin. -->","yoast_head_json":{"title":"Sooduspakkumised aprilliks 2026 - Ilukliinik Medic-Esthetic","robots":{"index":"index","follow":"follow","max-snippet":"max-snippet:-1","max-image-preview":"max-image-preview:large","max-video-preview":"max-video-preview:-1"},"canonical":"https:\/\/medicest.eu\/et\/sooduspakkumised-aprilliks-2026\/","og_locale":"et_EE","og_type":"article","og_title":"Sooduspakkumised aprilliks 2026 - Ilukliinik Medic-Esthetic","og_description":"Sooduspakkuised Aprill 2026 CFU Elite (HIFU) &#8211; kunst t\u00f6\u00f6tada n\u00e4okontuuridega CFU Elite (HIFU) on delikaatne protseduur, mis m\u00f5jutab naha s\u00fcgavamaid kihte fokuseeritud ultraheli abil.Protseduur on suunatud kudede tiheduse parandamisele, toonuse t\u00f5stmisele ning selgemate n\u00e4okontuuride kujunemisele. N\u00e4gu, kael, dekoltee:\u00a0240\u20acN\u00e4gu, kael: 216\u20acAlumine kolmandik ja kael: 200\u20acLaup ja silma\u00fcmbrus: 176\u20ac Peen tasakaal ja\u2026","og_url":"https:\/\/medicest.eu\/et\/sooduspakkumised-aprilliks-2026\/","og_site_name":"Ilukliinik Medic-Esthetic","article_modified_time":"2026-03-30T12:39:55+00:00","og_image":[{"url":"http:\/\/medicest.eu\/wp-content\/uploads\/2026\/02\/HIFU-1-682x1024.jpeg","type":"","width":"","height":""}],"twitter_card":"summary_large_image","twitter_misc":{"Est. reading time":"2 minutit"},"schema":{"@context":"https:\/\/schema.org","@graph":[{"@type":"WebPage","@id":"https:\/\/medicest.eu\/et\/sooduspakkumised-aprilliks-2026\/","url":"https:\/\/medicest.eu\/et\/sooduspakkumised-aprilliks-2026\/","name":"Sooduspakkumised aprilliks 2026 - Ilukliinik Medic-Esthetic","isPartOf":{"@id":"https:\/\/medicest.eu\/#website"},"primaryImageOfPage":{"@id":"https:\/\/medicest.eu\/et\/sooduspakkumised-aprilliks-2026\/#primaryimage"},"image":{"@id":"https:\/\/medicest.eu\/et\/sooduspakkumised-aprilliks-2026\/#primaryimage"},"thumbnailUrl":"http:\/\/medicest.eu\/wp-content\/uploads\/2026\/02\/HIFU-1-682x1024.jpeg","datePublished":"2026-03-30T12:10:57+00:00","dateModified":"2026-03-30T12:39:55+00:00","breadcrumb":{"@id":"https:\/\/medicest.eu\/et\/sooduspakkumised-aprilliks-2026\/#breadcrumb"},"inLanguage":"et","potentialAction":[{"@type":"ReadAction","target":["https:\/\/medicest.eu\/et\/sooduspakkumised-aprilliks-2026\/"]}]},{"@type":"ImageObject","inLanguage":"et","@id":"https:\/\/medicest.eu\/et\/sooduspakkumised-aprilliks-2026\/#primaryimage","url":"http:\/\/medicest.eu\/wp-content\/uploads\/2026\/02\/HIFU-1-682x1024.jpeg","contentUrl":"http:\/\/medicest.eu\/wp-content\/uploads\/2026\/02\/HIFU-1-682x1024.jpeg"},{"@type":"BreadcrumbList","@id":"https:\/\/medicest.eu\/et\/sooduspakkumised-aprilliks-2026\/#breadcrumb","itemListElement":[{"@type":"ListItem","position":1,"name":"Home","item":"https:\/\/medicest.eu\/"},{"@type":"ListItem","position":2,"name":"Sooduspakkumised aprilliks 2026"}]},{"@type":"WebSite","@id":"https:\/\/medicest.eu\/#website","url":"https:\/\/medicest.eu\/","name":"Ilukliinik Medic-Esthetic","description":"Beauty &amp; Prestige","potentialAction":[{"@type":"SearchAction","target":{"@type":"EntryPoint","urlTemplate":"https:\/\/medicest.eu\/?s={search_term_string}"},"query-input":{"@type":"PropertyValueSpecification","valueRequired":true,"valueName":"search_term_string"}}],"inLanguage":"et"}]}},"_links":{"self":[{"href":"https:\/\/medicest.eu\/et\/wp-json\/wp\/v2\/pages\/18898","targetHints":{"allow":["GET"]}}],"collection":[{"href":"https:\/\/medicest.eu\/et\/wp-json\/wp\/v2\/pages"}],"about":[{"href":"https:\/\/medicest.eu\/et\/wp-json\/wp\/v2\/types\/page"}],"author":[{"embeddable":true,"href":"https:\/\/medicest.eu\/et\/wp-json\/wp\/v2\/users\/1"}],"replies":[{"embeddable":true,"href":"https:\/\/medicest.eu\/et\/wp-json\/wp\/v2\/comments?post=18898"}],"version-history":[{"count":19,"href":"https:\/\/medicest.eu\/et\/wp-json\/wp\/v2\/pages\/18898\/revisions"}],"predecessor-version":[{"id":18930,"href":"https:\/\/medicest.eu\/et\/wp-json\/wp\/v2\/pages\/18898\/revisions\/18930"}],"wp:attachment":[{"href":"https:\/\/medicest.eu\/et\/wp-json\/wp\/v2\/media?parent=18898"}],"curies":[{"name":"wp","href":"https:\/\/api.w.org\/{rel}","templated":true}]}}