{"id":18188,"date":"2026-01-05T13:14:36","date_gmt":"2026-01-05T13:14:36","guid":{"rendered":"https:\/\/medicest.eu\/priyom-dermatologa-lechenie-akne\/"},"modified":"2026-01-05T14:21:30","modified_gmt":"2026-01-05T14:21:30","slug":"dermatoloogi-vastuvott-akne-ravi","status":"publish","type":"page","link":"https:\/\/medicest.eu\/et\/dermatoloogi-vastuvott-akne-ravi\/","title":{"rendered":"Dermatoloogi vastuv\u00f5tt (akne ravi)"},"content":{"rendered":"\t\t<div data-elementor-type=\"wp-page\" data-elementor-id=\"18188\" class=\"elementor elementor-18188 elementor-18164\">\n\t\t\t\t\t\t<section class=\"elementor-section elementor-top-section elementor-element elementor-element-5cfd2a6e elementor-section-boxed elementor-section-height-default elementor-section-height-default\" data-id=\"5cfd2a6e\" data-element_type=\"section\" data-e-type=\"section\">\n\t\t\t\t\t\t<div class=\"elementor-container elementor-column-gap-default\">\n\t\t\t\t\t<div class=\"elementor-column elementor-col-100 elementor-top-column elementor-element elementor-element-26cb28dd\" data-id=\"26cb28dd\" data-element_type=\"column\" data-e-type=\"column\">\n\t\t\t<div class=\"elementor-widget-wrap elementor-element-populated\">\n\t\t\t\t\t\t<div class=\"elementor-element elementor-element-7795dbbe elementor-widget elementor-widget-heading\" data-id=\"7795dbbe\" data-element_type=\"widget\" data-e-type=\"widget\" data-widget_type=\"heading.default\">\n\t\t\t\t<div class=\"elementor-widget-container\">\n\t\t\t\t\t<h2 class=\"elementor-heading-title elementor-size-default\">Dermatoloogi vastuv\u00f5tt (akne ravi)<\/h2>\t\t\t\t<\/div>\n\t\t\t\t<\/div>\n\t\t\t\t\t<\/div>\n\t\t<\/div>\n\t\t\t\t\t<\/div>\n\t\t<\/section>\n\t\t\t\t<section class=\"elementor-section elementor-top-section elementor-element elementor-element-d629c82 elementor-section-boxed elementor-section-height-default elementor-section-height-default\" data-id=\"d629c82\" data-element_type=\"section\" data-e-type=\"section\">\n\t\t\t\t\t\t<div class=\"elementor-container elementor-column-gap-default\">\n\t\t\t\t\t<div class=\"elementor-column elementor-col-50 elementor-top-column elementor-element elementor-element-0782761\" data-id=\"0782761\" data-element_type=\"column\" data-e-type=\"column\">\n\t\t\t<div class=\"elementor-widget-wrap elementor-element-populated\">\n\t\t\t\t\t\t<div class=\"elementor-element elementor-element-aa5bd6e elementor-widget elementor-widget-image\" data-id=\"aa5bd6e\" data-element_type=\"widget\" data-e-type=\"widget\" data-widget_type=\"image.default\">\n\t\t\t\t<div class=\"elementor-widget-container\">\n\t\t\t\t\t\t\t\t\t\t\t\t\t\t\t<img fetchpriority=\"high\" decoding=\"async\" width=\"819\" height=\"1024\" src=\"https:\/\/medicest.eu\/wp-content\/uploads\/2026\/01\/acne1-819x1024.jpg\" class=\"attachment-large size-large wp-image-18169\" alt=\"\" srcset=\"https:\/\/medicest.eu\/wp-content\/uploads\/2026\/01\/acne1-819x1024.jpg 819w, https:\/\/medicest.eu\/wp-content\/uploads\/2026\/01\/acne1-240x300.jpg 240w, https:\/\/medicest.eu\/wp-content\/uploads\/2026\/01\/acne1-768x960.jpg 768w, https:\/\/medicest.eu\/wp-content\/uploads\/2026\/01\/acne1-120x150.jpg 120w, https:\/\/medicest.eu\/wp-content\/uploads\/2026\/01\/acne1.jpg 1080w\" sizes=\"(max-width: 819px) 100vw, 819px\" \/>\t\t\t\t\t\t\t\t\t\t\t\t\t\t\t<\/div>\n\t\t\t\t<\/div>\n\t\t\t\t\t<\/div>\n\t\t<\/div>\n\t\t\t\t<div class=\"elementor-column elementor-col-50 elementor-top-column elementor-element elementor-element-ac4f38e\" data-id=\"ac4f38e\" data-element_type=\"column\" data-e-type=\"column\">\n\t\t\t<div class=\"elementor-widget-wrap elementor-element-populated\">\n\t\t\t\t\t\t<div class=\"elementor-element elementor-element-f9eedb6 elementor-widget elementor-widget-text-editor\" data-id=\"f9eedb6\" data-element_type=\"widget\" data-e-type=\"widget\" data-widget_type=\"text-editor.default\">\n\t\t\t\t<div class=\"elementor-widget-container\">\n\t\t\t\t\t\t\t\t\t<p><strong>Puhas ja terve nahk algab \u00f5igest diagnoosist. Meie ilukliinikus v\u00f5tab vastu kogenud dermatoveneroloog ehk nahaarst, kes aitab t\u00f5husalt nii puberteediea akne kui ka t\u00e4iskasvanute akne korral.<\/strong><\/p>\t\t\t\t\t\t\t\t<\/div>\n\t\t\t\t<\/div>\n\t\t\t\t<div class=\"elementor-element elementor-element-1ac233c elementor-widget elementor-widget-text-editor\" data-id=\"1ac233c\" data-element_type=\"widget\" data-e-type=\"widget\" data-widget_type=\"text-editor.default\">\n\t\t\t\t<div class=\"elementor-widget-container\">\n\t\t\t\t\t\t\t\t\t<p><span style=\"font-weight: 400;\">Vastuv\u00f5tu k\u00e4igus hindab arst p\u00f5hjalikult naha seisundit, selgitab akne tegelikke p\u00f5hjuseid ning koostab <\/span><b>personaalse raviplaani<\/b><span style=\"font-weight: 400;\">. Vajadusel soovitab arst sobivaid ravimeetodeid ja protseduuride kuuri ning suunab teid meie professionaalsete kosmeetikute juurde, et saavutada parim ja p\u00fcsiv tulemus.<\/span><\/p><p><span style=\"font-weight: 400;\">Dermatoloogi vastuv\u00f5tt on oluline samm, kui akne on p\u00fcsiv, \u00e4geneb v\u00f5i ei allu kodusele hooldusele. Varajane ja teadlik sekkumine aitab v\u00e4ltida arme, p\u00f5letikku ja ebakindlust oma naha suhtes.<\/span><\/p>\t\t\t\t\t\t\t\t<\/div>\n\t\t\t\t<\/div>\n\t\t\t\t\t<\/div>\n\t\t<\/div>\n\t\t\t\t\t<\/div>\n\t\t<\/section>\n\t\t\t\t<section class=\"elementor-section elementor-top-section elementor-element elementor-element-cc9bbd9 elementor-section-boxed elementor-section-height-default elementor-section-height-default\" data-id=\"cc9bbd9\" data-element_type=\"section\" data-e-type=\"section\">\n\t\t\t\t\t\t<div class=\"elementor-container elementor-column-gap-default\">\n\t\t\t\t\t<div class=\"elementor-column elementor-col-100 elementor-top-column elementor-element elementor-element-16ab02e8\" data-id=\"16ab02e8\" data-element_type=\"column\" data-e-type=\"column\">\n\t\t\t<div class=\"elementor-widget-wrap elementor-element-populated\">\n\t\t\t\t\t\t<div class=\"elementor-element elementor-element-117a2c6e elementor-widget elementor-widget-heading\" data-id=\"117a2c6e\" data-element_type=\"widget\" data-e-type=\"widget\" data-widget_type=\"heading.default\">\n\t\t\t\t<div class=\"elementor-widget-container\">\n\t\t\t\t\t<h2 class=\"elementor-heading-title elementor-size-default\">Hinnakiri<\/h2>\t\t\t\t<\/div>\n\t\t\t\t<\/div>\n\t\t\t\t<div class=\"elementor-element elementor-element-256b98d8 elementor-widget elementor-widget-text-editor\" data-id=\"256b98d8\" data-element_type=\"widget\" data-e-type=\"widget\" data-widget_type=\"text-editor.default\">\n\t\t\t\t<div class=\"elementor-widget-container\">\n\t\t\t\t\t\t\t\t\t<p>\n<table id=\"tablepress-225\" class=\"tablepress tablepress-id-225\">\n<thead>\n<tr class=\"row-1\">\n\t<th class=\"column-1\">Dermatoloogi vastuv\u00f5tt (akne ravi)<\/th><th class=\"column-2\">Hind \u20ac<\/th>\n<\/tr>\n<\/thead>\n<tbody class=\"row-striping row-hover\">\n<tr class=\"row-2\">\n\t<td class=\"column-1\">Konsultatsioon kuni 60 min (hinnale v\u00f5ib lisanduda anal\u00fc\u00fcside ja t\u00e4iendavate teenuste maksumus)<\/td><td class=\"column-2\">80,00<\/td>\n<\/tr>\n<tr class=\"row-3\">\n\t<td class=\"column-1\">Nahamoodustiste eemaldamine (hinnale lisandub eemaldamise hind 40 &#8211; 120\u20ac)<\/td><td class=\"column-2\">80,00<\/td>\n<\/tr>\n<\/tbody>\n<\/table>\n<!-- #tablepress-225 from cache --><\/p>\t\t\t\t\t\t\t\t<\/div>\n\t\t\t\t<\/div>\n\t\t\t\t<div class=\"elementor-element elementor-element-64030910 pp-buttons-halign-center pp-buttons-stack-none elementor-widget elementor-widget-pp-buttons\" data-id=\"64030910\" data-element_type=\"widget\" data-e-type=\"widget\" data-widget_type=\"pp-buttons.default\">\n\t\t\t\t<div class=\"elementor-widget-container\">\n\t\t\t\t\t\t\t<div class=\"pp-buttons-group\">\n\t\t\t\t\t\t\t\t\t\t\t<a href=\"https:\/\/online.saloninfra.ee\/medic-esthetic\" target=\"_blank\" class=\"pp-button elementor-button elementor-size-md elementor-repeater-item-c938c7f \">\n\t\t\t\t\t<div class=\"pp-button-content-wrapper\">\n\t\t\t\t\t\t<span class=\"pp-button-content-inner pp-icon-before\">\n\t\t\t\t\t\t\t\n\t\t\t\t\t\t\t\t<span class=\"pp-button-title\">\n\t\t\t\t\t\t\t\t\tBroneeri\t\t\t\t\t\t\t\t<\/span>\n\t\t\t\t\t\t\t\t\t\t\t\t\t<\/span>\n\t\t\t\t\t<\/div>\n\t\t\t\t<\/a>\n\t\t\t\t\t\t\t\t\t\t<\/div>\t\t\t\t<\/div>\n\t\t\t\t<\/div>\n\t\t\t\t\t<\/div>\n\t\t<\/div>\n\t\t\t\t\t<\/div>\n\t\t<\/section>\n\t\t\t\t<\/div>\n\t\t","protected":false},"excerpt":{"rendered":"<p>Dermatoloogi vastuv\u00f5tt (akne ravi) Puhas ja terve nahk algab \u00f5igest diagnoosist. Meie ilukliinikus v\u00f5tab vastu kogenud dermatoveneroloog ehk nahaarst, kes aitab t\u00f5husalt nii puberteediea akne kui ka t\u00e4iskasvanute akne korral. Vastuv\u00f5tu k\u00e4igus hindab arst p\u00f5hjalikult naha seisundit, selgitab akne tegelikke p\u00f5hjuseid ning koostab personaalse raviplaani. Vajadusel soovitab arst sobivaid ravimeetodeid\u2026<\/p>\n<p class=\"continue-reading-button\"> <a class=\"continue-reading-link\" href=\"https:\/\/medicest.eu\/et\/dermatoloogi-vastuvott-akne-ravi\/\"><i class=\"crycon-right-dir\"><\/i><\/a><\/p>\n","protected":false},"author":1,"featured_media":0,"parent":0,"menu_order":0,"comment_status":"closed","ping_status":"closed","template":"","meta":{"footnotes":""},"class_list":["post-18188","page","type-page","status-publish","hentry"],"yoast_head":"<!-- This site is optimized with the Yoast SEO plugin v27.4 - https:\/\/yoast.com\/product\/yoast-seo-wordpress\/ -->\n<title>Dermatoloogi vastuv\u00f5tt (akne ravi) - Ilukliinik Medic-Esthetic<\/title>\n<meta name=\"robots\" content=\"index, follow, max-snippet:-1, max-image-preview:large, max-video-preview:-1\" \/>\n<link rel=\"canonical\" href=\"https:\/\/medicest.eu\/et\/dermatoloogi-vastuvott-akne-ravi\/\" \/>\n<meta property=\"og:locale\" content=\"et_EE\" \/>\n<meta property=\"og:type\" content=\"article\" \/>\n<meta property=\"og:title\" content=\"Dermatoloogi vastuv\u00f5tt (akne ravi) - Ilukliinik Medic-Esthetic\" \/>\n<meta property=\"og:description\" content=\"Dermatoloogi vastuv\u00f5tt (akne ravi) Puhas ja terve nahk algab \u00f5igest diagnoosist. Meie ilukliinikus v\u00f5tab vastu kogenud dermatoveneroloog ehk nahaarst, kes aitab t\u00f5husalt nii puberteediea akne kui ka t\u00e4iskasvanute akne korral. Vastuv\u00f5tu k\u00e4igus hindab arst p\u00f5hjalikult naha seisundit, selgitab akne tegelikke p\u00f5hjuseid ning koostab personaalse raviplaani. Vajadusel soovitab arst sobivaid ravimeetodeid\u2026\" \/>\n<meta property=\"og:url\" content=\"https:\/\/medicest.eu\/et\/dermatoloogi-vastuvott-akne-ravi\/\" \/>\n<meta property=\"og:site_name\" content=\"Ilukliinik Medic-Esthetic\" \/>\n<meta property=\"article:modified_time\" content=\"2026-01-05T14:21:30+00:00\" \/>\n<meta property=\"og:image\" content=\"https:\/\/medicest.eu\/wp-content\/uploads\/2026\/01\/acne1.jpg\" \/>\n\t<meta property=\"og:image:width\" content=\"1080\" \/>\n\t<meta property=\"og:image:height\" content=\"1350\" \/>\n\t<meta property=\"og:image:type\" content=\"image\/jpeg\" \/>\n<meta name=\"twitter:card\" content=\"summary_large_image\" \/>\n<meta name=\"twitter:label1\" content=\"Est. reading time\" \/>\n\t<meta name=\"twitter:data1\" content=\"1 minut\" \/>\n<script type=\"application\/ld+json\" class=\"yoast-schema-graph\">{\"@context\":\"https:\\\/\\\/schema.org\",\"@graph\":[{\"@type\":\"WebPage\",\"@id\":\"https:\\\/\\\/medicest.eu\\\/et\\\/dermatoloogi-vastuvott-akne-ravi\\\/\",\"url\":\"https:\\\/\\\/medicest.eu\\\/et\\\/dermatoloogi-vastuvott-akne-ravi\\\/\",\"name\":\"Dermatoloogi vastuv\u00f5tt (akne ravi) - Ilukliinik Medic-Esthetic\",\"isPartOf\":{\"@id\":\"https:\\\/\\\/medicest.eu\\\/#website\"},\"primaryImageOfPage\":{\"@id\":\"https:\\\/\\\/medicest.eu\\\/et\\\/dermatoloogi-vastuvott-akne-ravi\\\/#primaryimage\"},\"image\":{\"@id\":\"https:\\\/\\\/medicest.eu\\\/et\\\/dermatoloogi-vastuvott-akne-ravi\\\/#primaryimage\"},\"thumbnailUrl\":\"http:\\\/\\\/medicest.eu\\\/wp-content\\\/uploads\\\/2026\\\/01\\\/acne1-819x1024.jpg\",\"datePublished\":\"2026-01-05T13:14:36+00:00\",\"dateModified\":\"2026-01-05T14:21:30+00:00\",\"breadcrumb\":{\"@id\":\"https:\\\/\\\/medicest.eu\\\/et\\\/dermatoloogi-vastuvott-akne-ravi\\\/#breadcrumb\"},\"inLanguage\":\"et\",\"potentialAction\":[{\"@type\":\"ReadAction\",\"target\":[\"https:\\\/\\\/medicest.eu\\\/et\\\/dermatoloogi-vastuvott-akne-ravi\\\/\"]}]},{\"@type\":\"ImageObject\",\"inLanguage\":\"et\",\"@id\":\"https:\\\/\\\/medicest.eu\\\/et\\\/dermatoloogi-vastuvott-akne-ravi\\\/#primaryimage\",\"url\":\"http:\\\/\\\/medicest.eu\\\/wp-content\\\/uploads\\\/2026\\\/01\\\/acne1-819x1024.jpg\",\"contentUrl\":\"http:\\\/\\\/medicest.eu\\\/wp-content\\\/uploads\\\/2026\\\/01\\\/acne1-819x1024.jpg\"},{\"@type\":\"BreadcrumbList\",\"@id\":\"https:\\\/\\\/medicest.eu\\\/et\\\/dermatoloogi-vastuvott-akne-ravi\\\/#breadcrumb\",\"itemListElement\":[{\"@type\":\"ListItem\",\"position\":1,\"name\":\"Home\",\"item\":\"https:\\\/\\\/medicest.eu\\\/\"},{\"@type\":\"ListItem\",\"position\":2,\"name\":\"Dermatoloogi vastuv\u00f5tt (akne ravi)\"}]},{\"@type\":\"WebSite\",\"@id\":\"https:\\\/\\\/medicest.eu\\\/#website\",\"url\":\"https:\\\/\\\/medicest.eu\\\/\",\"name\":\"Ilukliinik Medic-Esthetic\",\"description\":\"Beauty &amp; Prestige\",\"potentialAction\":[{\"@type\":\"SearchAction\",\"target\":{\"@type\":\"EntryPoint\",\"urlTemplate\":\"https:\\\/\\\/medicest.eu\\\/?s={search_term_string}\"},\"query-input\":{\"@type\":\"PropertyValueSpecification\",\"valueRequired\":true,\"valueName\":\"search_term_string\"}}],\"inLanguage\":\"et\"}]}<\/script>\n<!-- \/ Yoast SEO plugin. -->","yoast_head_json":{"title":"Dermatoloogi vastuv\u00f5tt (akne ravi) - Ilukliinik Medic-Esthetic","robots":{"index":"index","follow":"follow","max-snippet":"max-snippet:-1","max-image-preview":"max-image-preview:large","max-video-preview":"max-video-preview:-1"},"canonical":"https:\/\/medicest.eu\/et\/dermatoloogi-vastuvott-akne-ravi\/","og_locale":"et_EE","og_type":"article","og_title":"Dermatoloogi vastuv\u00f5tt (akne ravi) - Ilukliinik Medic-Esthetic","og_description":"Dermatoloogi vastuv\u00f5tt (akne ravi) Puhas ja terve nahk algab \u00f5igest diagnoosist. Meie ilukliinikus v\u00f5tab vastu kogenud dermatoveneroloog ehk nahaarst, kes aitab t\u00f5husalt nii puberteediea akne kui ka t\u00e4iskasvanute akne korral. Vastuv\u00f5tu k\u00e4igus hindab arst p\u00f5hjalikult naha seisundit, selgitab akne tegelikke p\u00f5hjuseid ning koostab personaalse raviplaani. Vajadusel soovitab arst sobivaid ravimeetodeid\u2026","og_url":"https:\/\/medicest.eu\/et\/dermatoloogi-vastuvott-akne-ravi\/","og_site_name":"Ilukliinik Medic-Esthetic","article_modified_time":"2026-01-05T14:21:30+00:00","og_image":[{"width":1080,"height":1350,"url":"https:\/\/medicest.eu\/wp-content\/uploads\/2026\/01\/acne1.jpg","type":"image\/jpeg"}],"twitter_card":"summary_large_image","twitter_misc":{"Est. reading time":"1 minut"},"schema":{"@context":"https:\/\/schema.org","@graph":[{"@type":"WebPage","@id":"https:\/\/medicest.eu\/et\/dermatoloogi-vastuvott-akne-ravi\/","url":"https:\/\/medicest.eu\/et\/dermatoloogi-vastuvott-akne-ravi\/","name":"Dermatoloogi vastuv\u00f5tt (akne ravi) - Ilukliinik Medic-Esthetic","isPartOf":{"@id":"https:\/\/medicest.eu\/#website"},"primaryImageOfPage":{"@id":"https:\/\/medicest.eu\/et\/dermatoloogi-vastuvott-akne-ravi\/#primaryimage"},"image":{"@id":"https:\/\/medicest.eu\/et\/dermatoloogi-vastuvott-akne-ravi\/#primaryimage"},"thumbnailUrl":"http:\/\/medicest.eu\/wp-content\/uploads\/2026\/01\/acne1-819x1024.jpg","datePublished":"2026-01-05T13:14:36+00:00","dateModified":"2026-01-05T14:21:30+00:00","breadcrumb":{"@id":"https:\/\/medicest.eu\/et\/dermatoloogi-vastuvott-akne-ravi\/#breadcrumb"},"inLanguage":"et","potentialAction":[{"@type":"ReadAction","target":["https:\/\/medicest.eu\/et\/dermatoloogi-vastuvott-akne-ravi\/"]}]},{"@type":"ImageObject","inLanguage":"et","@id":"https:\/\/medicest.eu\/et\/dermatoloogi-vastuvott-akne-ravi\/#primaryimage","url":"http:\/\/medicest.eu\/wp-content\/uploads\/2026\/01\/acne1-819x1024.jpg","contentUrl":"http:\/\/medicest.eu\/wp-content\/uploads\/2026\/01\/acne1-819x1024.jpg"},{"@type":"BreadcrumbList","@id":"https:\/\/medicest.eu\/et\/dermatoloogi-vastuvott-akne-ravi\/#breadcrumb","itemListElement":[{"@type":"ListItem","position":1,"name":"Home","item":"https:\/\/medicest.eu\/"},{"@type":"ListItem","position":2,"name":"Dermatoloogi vastuv\u00f5tt (akne ravi)"}]},{"@type":"WebSite","@id":"https:\/\/medicest.eu\/#website","url":"https:\/\/medicest.eu\/","name":"Ilukliinik Medic-Esthetic","description":"Beauty &amp; Prestige","potentialAction":[{"@type":"SearchAction","target":{"@type":"EntryPoint","urlTemplate":"https:\/\/medicest.eu\/?s={search_term_string}"},"query-input":{"@type":"PropertyValueSpecification","valueRequired":true,"valueName":"search_term_string"}}],"inLanguage":"et"}]}},"_links":{"self":[{"href":"https:\/\/medicest.eu\/et\/wp-json\/wp\/v2\/pages\/18188","targetHints":{"allow":["GET"]}}],"collection":[{"href":"https:\/\/medicest.eu\/et\/wp-json\/wp\/v2\/pages"}],"about":[{"href":"https:\/\/medicest.eu\/et\/wp-json\/wp\/v2\/types\/page"}],"author":[{"embeddable":true,"href":"https:\/\/medicest.eu\/et\/wp-json\/wp\/v2\/users\/1"}],"replies":[{"embeddable":true,"href":"https:\/\/medicest.eu\/et\/wp-json\/wp\/v2\/comments?post=18188"}],"version-history":[{"count":13,"href":"https:\/\/medicest.eu\/et\/wp-json\/wp\/v2\/pages\/18188\/revisions"}],"predecessor-version":[{"id":18206,"href":"https:\/\/medicest.eu\/et\/wp-json\/wp\/v2\/pages\/18188\/revisions\/18206"}],"wp:attachment":[{"href":"https:\/\/medicest.eu\/et\/wp-json\/wp\/v2\/media?parent=18188"}],"curies":[{"name":"wp","href":"https:\/\/api.w.org\/{rel}","templated":true}]}}