{"id":18099,"date":"2025-12-08T13:50:48","date_gmt":"2025-12-08T13:50:48","guid":{"rendered":"https:\/\/medicest.eu\/?page_id=18099"},"modified":"2025-12-08T13:50:48","modified_gmt":"2025-12-08T13:50:48","slug":"kindlustusaline-info","status":"publish","type":"page","link":"https:\/\/medicest.eu\/et\/kindlustusaline-info\/","title":{"rendered":"Kindlustusaline info"},"content":{"rendered":"<p><strong>Kindlustusandja:<\/strong> PZU Kindlustus (AB \u201eLietuvos draudimas\u201c Eesti filiaal)<\/p>\n<p><strong>Kindlustuskaitse periood:<\/strong> (kindlustusperioodi v\u00e4lja palume t\u00e4ita kindlustusv\u00f5tjal vastavalt lepingule)<\/p>\n<p><strong>Kindlustussumma:<\/strong><br \/>\n3 000 000 \u20ac kindlustusperioodi kohta<br \/>\n300 000 \u20ac kindlustusjuhtumi kohta<br \/>\n100 000 \u20ac \u00f5igustatud isiku kohta<\/p>\n<p><strong>Mittevaralise kahju kindlustussumma:<\/strong><br \/>\n100 000 \u20ac kindlustusjuhtumi kohta<br \/>\n30 000 \u20ac \u00f5igustatud isiku kohta<\/p>\n<p><strong>Kahjun\u00f5ude esitamine:<\/strong> tervishoiuteenuse enda kontakt v\u00f5i <a href=\"https:\/\/www.pzu.ee\/iseteenindus\/\">PZU Kindlustuse Iseteenindus<\/a><br \/>\nKahju esitamiseks palun t\u00e4itke <a href=\"https:\/\/www.pzu.ee\/iseteenindus\/\">PZU Kindlustuse Iseteeninduses<\/a> olev vorm ning kindlustusandja v\u00f5tab teiega \u00fchendust.<\/p>\n","protected":false},"excerpt":{"rendered":"<p>Kindlustusandja: PZU Kindlustus (AB \u201eLietuvos draudimas\u201c Eesti filiaal) Kindlustuskaitse periood: (kindlustusperioodi v\u00e4lja palume t\u00e4ita kindlustusv\u00f5tjal vastavalt lepingule) Kindlustussumma: 3 000 000 \u20ac kindlustusperioodi kohta 300 000 \u20ac kindlustusjuhtumi kohta 100 000 \u20ac \u00f5igustatud isiku kohta Mittevaralise kahju kindlustussumma: 100 000 \u20ac kindlustusjuhtumi kohta 30 000 \u20ac \u00f5igustatud isiku kohta Kahjun\u00f5ude\u2026<\/p>\n<p class=\"continue-reading-button\"> <a class=\"continue-reading-link\" href=\"https:\/\/medicest.eu\/et\/kindlustusaline-info\/\"><i class=\"crycon-right-dir\"><\/i><\/a><\/p>\n","protected":false},"author":1,"featured_media":0,"parent":0,"menu_order":0,"comment_status":"closed","ping_status":"closed","template":"","meta":{"footnotes":""},"class_list":["post-18099","page","type-page","status-publish","hentry"],"yoast_head":"<!-- This site is optimized with the Yoast SEO plugin v27.3 - https:\/\/yoast.com\/product\/yoast-seo-wordpress\/ -->\n<title>Kindlustusaline info - Ilukliinik Medic-Esthetic<\/title>\n<meta name=\"robots\" content=\"index, follow, max-snippet:-1, max-image-preview:large, max-video-preview:-1\" \/>\n<link rel=\"canonical\" href=\"https:\/\/medicest.eu\/et\/kindlustusaline-info\/\" \/>\n<meta property=\"og:locale\" content=\"et_EE\" \/>\n<meta property=\"og:type\" content=\"article\" \/>\n<meta property=\"og:title\" content=\"Kindlustusaline info - Ilukliinik Medic-Esthetic\" \/>\n<meta property=\"og:description\" content=\"Kindlustusandja: PZU Kindlustus (AB \u201eLietuvos draudimas\u201c Eesti filiaal) Kindlustuskaitse periood: (kindlustusperioodi v\u00e4lja palume t\u00e4ita kindlustusv\u00f5tjal vastavalt lepingule) Kindlustussumma: 3 000 000 \u20ac kindlustusperioodi kohta 300 000 \u20ac kindlustusjuhtumi kohta 100 000 \u20ac \u00f5igustatud isiku kohta Mittevaralise kahju kindlustussumma: 100 000 \u20ac kindlustusjuhtumi kohta 30 000 \u20ac \u00f5igustatud isiku kohta Kahjun\u00f5ude\u2026\" \/>\n<meta property=\"og:url\" content=\"https:\/\/medicest.eu\/et\/kindlustusaline-info\/\" \/>\n<meta property=\"og:site_name\" content=\"Ilukliinik Medic-Esthetic\" \/>\n<meta property=\"og:image\" content=\"https:\/\/medicest.eu\/wp-content\/uploads\/2021\/11\/facebook-medicest.jpg\" \/>\n\t<meta property=\"og:image:width\" content=\"1640\" \/>\n\t<meta property=\"og:image:height\" content=\"924\" \/>\n\t<meta property=\"og:image:type\" content=\"image\/jpeg\" \/>\n<meta name=\"twitter:card\" content=\"summary_large_image\" \/>\n<meta name=\"twitter:label1\" content=\"Est. reading time\" \/>\n\t<meta name=\"twitter:data1\" content=\"1 minut\" \/>\n<script type=\"application\/ld+json\" class=\"yoast-schema-graph\">{\"@context\":\"https:\\\/\\\/schema.org\",\"@graph\":[{\"@type\":\"WebPage\",\"@id\":\"https:\\\/\\\/medicest.eu\\\/et\\\/kindlustusaline-info\\\/\",\"url\":\"https:\\\/\\\/medicest.eu\\\/et\\\/kindlustusaline-info\\\/\",\"name\":\"Kindlustusaline info - Ilukliinik Medic-Esthetic\",\"isPartOf\":{\"@id\":\"https:\\\/\\\/medicest.eu\\\/#website\"},\"datePublished\":\"2025-12-08T13:50:48+00:00\",\"breadcrumb\":{\"@id\":\"https:\\\/\\\/medicest.eu\\\/et\\\/kindlustusaline-info\\\/#breadcrumb\"},\"inLanguage\":\"et\",\"potentialAction\":[{\"@type\":\"ReadAction\",\"target\":[\"https:\\\/\\\/medicest.eu\\\/et\\\/kindlustusaline-info\\\/\"]}]},{\"@type\":\"BreadcrumbList\",\"@id\":\"https:\\\/\\\/medicest.eu\\\/et\\\/kindlustusaline-info\\\/#breadcrumb\",\"itemListElement\":[{\"@type\":\"ListItem\",\"position\":1,\"name\":\"Home\",\"item\":\"https:\\\/\\\/medicest.eu\\\/\"},{\"@type\":\"ListItem\",\"position\":2,\"name\":\"Kindlustusaline info\"}]},{\"@type\":\"WebSite\",\"@id\":\"https:\\\/\\\/medicest.eu\\\/#website\",\"url\":\"https:\\\/\\\/medicest.eu\\\/\",\"name\":\"Ilukliinik Medic-Esthetic\",\"description\":\"Beauty &amp; Prestige\",\"potentialAction\":[{\"@type\":\"SearchAction\",\"target\":{\"@type\":\"EntryPoint\",\"urlTemplate\":\"https:\\\/\\\/medicest.eu\\\/?s={search_term_string}\"},\"query-input\":{\"@type\":\"PropertyValueSpecification\",\"valueRequired\":true,\"valueName\":\"search_term_string\"}}],\"inLanguage\":\"et\"}]}<\/script>\n<!-- \/ Yoast SEO plugin. -->","yoast_head_json":{"title":"Kindlustusaline info - Ilukliinik Medic-Esthetic","robots":{"index":"index","follow":"follow","max-snippet":"max-snippet:-1","max-image-preview":"max-image-preview:large","max-video-preview":"max-video-preview:-1"},"canonical":"https:\/\/medicest.eu\/et\/kindlustusaline-info\/","og_locale":"et_EE","og_type":"article","og_title":"Kindlustusaline info - Ilukliinik Medic-Esthetic","og_description":"Kindlustusandja: PZU Kindlustus (AB \u201eLietuvos draudimas\u201c Eesti filiaal) Kindlustuskaitse periood: (kindlustusperioodi v\u00e4lja palume t\u00e4ita kindlustusv\u00f5tjal vastavalt lepingule) Kindlustussumma: 3 000 000 \u20ac kindlustusperioodi kohta 300 000 \u20ac kindlustusjuhtumi kohta 100 000 \u20ac \u00f5igustatud isiku kohta Mittevaralise kahju kindlustussumma: 100 000 \u20ac kindlustusjuhtumi kohta 30 000 \u20ac \u00f5igustatud isiku kohta Kahjun\u00f5ude\u2026","og_url":"https:\/\/medicest.eu\/et\/kindlustusaline-info\/","og_site_name":"Ilukliinik Medic-Esthetic","og_image":[{"width":1640,"height":924,"url":"https:\/\/medicest.eu\/wp-content\/uploads\/2021\/11\/facebook-medicest.jpg","type":"image\/jpeg"}],"twitter_card":"summary_large_image","twitter_misc":{"Est. reading time":"1 minut"},"schema":{"@context":"https:\/\/schema.org","@graph":[{"@type":"WebPage","@id":"https:\/\/medicest.eu\/et\/kindlustusaline-info\/","url":"https:\/\/medicest.eu\/et\/kindlustusaline-info\/","name":"Kindlustusaline info - Ilukliinik Medic-Esthetic","isPartOf":{"@id":"https:\/\/medicest.eu\/#website"},"datePublished":"2025-12-08T13:50:48+00:00","breadcrumb":{"@id":"https:\/\/medicest.eu\/et\/kindlustusaline-info\/#breadcrumb"},"inLanguage":"et","potentialAction":[{"@type":"ReadAction","target":["https:\/\/medicest.eu\/et\/kindlustusaline-info\/"]}]},{"@type":"BreadcrumbList","@id":"https:\/\/medicest.eu\/et\/kindlustusaline-info\/#breadcrumb","itemListElement":[{"@type":"ListItem","position":1,"name":"Home","item":"https:\/\/medicest.eu\/"},{"@type":"ListItem","position":2,"name":"Kindlustusaline info"}]},{"@type":"WebSite","@id":"https:\/\/medicest.eu\/#website","url":"https:\/\/medicest.eu\/","name":"Ilukliinik Medic-Esthetic","description":"Beauty &amp; Prestige","potentialAction":[{"@type":"SearchAction","target":{"@type":"EntryPoint","urlTemplate":"https:\/\/medicest.eu\/?s={search_term_string}"},"query-input":{"@type":"PropertyValueSpecification","valueRequired":true,"valueName":"search_term_string"}}],"inLanguage":"et"}]}},"_links":{"self":[{"href":"https:\/\/medicest.eu\/et\/wp-json\/wp\/v2\/pages\/18099","targetHints":{"allow":["GET"]}}],"collection":[{"href":"https:\/\/medicest.eu\/et\/wp-json\/wp\/v2\/pages"}],"about":[{"href":"https:\/\/medicest.eu\/et\/wp-json\/wp\/v2\/types\/page"}],"author":[{"embeddable":true,"href":"https:\/\/medicest.eu\/et\/wp-json\/wp\/v2\/users\/1"}],"replies":[{"embeddable":true,"href":"https:\/\/medicest.eu\/et\/wp-json\/wp\/v2\/comments?post=18099"}],"version-history":[{"count":1,"href":"https:\/\/medicest.eu\/et\/wp-json\/wp\/v2\/pages\/18099\/revisions"}],"predecessor-version":[{"id":18100,"href":"https:\/\/medicest.eu\/et\/wp-json\/wp\/v2\/pages\/18099\/revisions\/18100"}],"wp:attachment":[{"href":"https:\/\/medicest.eu\/et\/wp-json\/wp\/v2\/media?parent=18099"}],"curies":[{"name":"wp","href":"https:\/\/api.w.org\/{rel}","templated":true}]}}