{"id":18016,"date":"2025-11-25T14:04:47","date_gmt":"2025-11-25T14:04:47","guid":{"rendered":"https:\/\/medicest.eu\/skidochnye-predlozheniya-na-dekabr-2025\/"},"modified":"2025-11-25T16:02:52","modified_gmt":"2025-11-25T16:02:52","slug":"sooduspakkumised-detsembriks-2025","status":"publish","type":"page","link":"https:\/\/medicest.eu\/et\/sooduspakkumised-detsembriks-2025\/","title":{"rendered":"Sooduspakkumised detsembriks 2025"},"content":{"rendered":"\t\t<div data-elementor-type=\"wp-page\" data-elementor-id=\"18016\" class=\"elementor elementor-18016 elementor-17988\">\n\t\t\t\t\t\t<section class=\"elementor-section elementor-top-section elementor-element elementor-element-5278a5b2 elementor-section-boxed elementor-section-height-default elementor-section-height-default\" data-id=\"5278a5b2\" data-element_type=\"section\" data-e-type=\"section\">\n\t\t\t\t\t\t<div class=\"elementor-container elementor-column-gap-default\">\n\t\t\t\t\t<div class=\"elementor-column elementor-col-100 elementor-top-column elementor-element elementor-element-f75b1d2\" data-id=\"f75b1d2\" data-element_type=\"column\" data-e-type=\"column\">\n\t\t\t<div class=\"elementor-widget-wrap elementor-element-populated\">\n\t\t\t\t\t\t<div class=\"elementor-element elementor-element-8419c57 elementor-widget elementor-widget-heading\" data-id=\"8419c57\" data-element_type=\"widget\" data-e-type=\"widget\" data-widget_type=\"heading.default\">\n\t\t\t\t<div class=\"elementor-widget-container\">\n\t\t\t\t\t<h2 class=\"elementor-heading-title elementor-size-default\">Sooduspakkumised<\/h2>\t\t\t\t<\/div>\n\t\t\t\t<\/div>\n\t\t\t\t<div class=\"elementor-element elementor-element-5c045ae3 elementor-widget elementor-widget-heading\" data-id=\"5c045ae3\" data-element_type=\"widget\" data-e-type=\"widget\" data-widget_type=\"heading.default\">\n\t\t\t\t<div class=\"elementor-widget-container\">\n\t\t\t\t\t<h3 class=\"elementor-heading-title elementor-size-default\">Detsember 2025<\/h3>\t\t\t\t<\/div>\n\t\t\t\t<\/div>\n\t\t\t\t\t<\/div>\n\t\t<\/div>\n\t\t\t\t\t<\/div>\n\t\t<\/section>\n\t\t\t\t<section class=\"elementor-section elementor-top-section elementor-element elementor-element-28b73ad elementor-section-boxed elementor-section-height-default elementor-section-height-default\" data-id=\"28b73ad\" data-element_type=\"section\" data-e-type=\"section\">\n\t\t\t\t\t\t<div class=\"elementor-container elementor-column-gap-default\">\n\t\t\t\t\t<div class=\"elementor-column elementor-col-100 elementor-top-column elementor-element elementor-element-2b1d9f2\" data-id=\"2b1d9f2\" data-element_type=\"column\" data-e-type=\"column\">\n\t\t\t<div class=\"elementor-widget-wrap elementor-element-populated\">\n\t\t\t\t\t\t<div class=\"elementor-element elementor-element-0d47483 elementor-widget-divider--view-line elementor-widget elementor-widget-divider\" data-id=\"0d47483\" data-element_type=\"widget\" data-e-type=\"widget\" data-widget_type=\"divider.default\">\n\t\t\t\t<div class=\"elementor-widget-container\">\n\t\t\t\t\t\t\t<div class=\"elementor-divider\">\n\t\t\t<span class=\"elementor-divider-separator\">\n\t\t\t\t\t\t<\/span>\n\t\t<\/div>\n\t\t\t\t\t\t<\/div>\n\t\t\t\t<\/div>\n\t\t\t\t\t<\/div>\n\t\t<\/div>\n\t\t\t\t\t<\/div>\n\t\t<\/section>\n\t\t\t\t<section class=\"elementor-section elementor-top-section elementor-element elementor-element-2b76788 elementor-section-boxed elementor-section-height-default elementor-section-height-default\" data-id=\"2b76788\" data-element_type=\"section\" data-e-type=\"section\">\n\t\t\t\t\t\t<div class=\"elementor-container elementor-column-gap-default\">\n\t\t\t\t\t<div class=\"elementor-column elementor-col-50 elementor-top-column elementor-element elementor-element-de22da0\" data-id=\"de22da0\" data-element_type=\"column\" data-e-type=\"column\">\n\t\t\t<div class=\"elementor-widget-wrap elementor-element-populated\">\n\t\t\t\t\t\t<div class=\"elementor-element elementor-element-7d415d9 elementor-widget__width-initial elementor-widget elementor-widget-text-editor\" data-id=\"7d415d9\" data-element_type=\"widget\" data-e-type=\"widget\" data-widget_type=\"text-editor.default\">\n\t\t\t\t<div class=\"elementor-widget-container\">\n\t\t\t\t\t\t\t\t\t<h2><b>Kompleksn\u00e4ohoolitsus GeneO+<\/b><\/h2><p><b>GeneO+ protseduur \u2013 ideaalne hooldus enne p\u00fchi!<\/b><\/p><p><span style=\"font-weight: 400;\">GeneO+ sobib igaks aastaajaks, igale vanusele ja nahat\u00fc\u00fcbile.<\/span><\/p><p><span style=\"font-weight: 400;\">Valmista oma nahk ette pidudeks: tee kursus alates detsembrist v\u00f5i vali \u00fcksik protseduur vahetult enne s\u00fcndmust. S\u00e4rav ja terve tulemus on garanteeritud!<\/span><\/p><p><strong>Geneo+ (N\u00e4gu, kael) 60 min<\/strong><\/p><h4><span style=\"color: #ff0000;\"><strong>Soodushind 80\u20ac<\/strong><\/span><\/h4><p><em><span style=\"font-weight: 400;\">Tavahind 100\u20ac<\/span><\/em><\/p><h4><strong>Geneo+ (N\u00e4gu, kael, dekoltee) 75 min<\/strong><\/h4><h4><span style=\"color: #ff0000;\"><strong>Soodushind 100\u20ac<\/strong><\/span><\/h4><p><em><span style=\"font-weight: 400;\">Tavahind 120\u20ac<\/span><\/em><\/p>\t\t\t\t\t\t\t\t<\/div>\n\t\t\t\t<\/div>\n\t\t\t\t<section class=\"elementor-section elementor-inner-section elementor-element elementor-element-543c1b2 elementor-section-boxed elementor-section-height-default elementor-section-height-default\" data-id=\"543c1b2\" data-element_type=\"section\" data-e-type=\"section\">\n\t\t\t\t\t\t<div class=\"elementor-container elementor-column-gap-default\">\n\t\t\t\t\t<div class=\"elementor-column elementor-col-50 elementor-inner-column elementor-element elementor-element-fd96a78\" data-id=\"fd96a78\" data-element_type=\"column\" data-e-type=\"column\">\n\t\t\t<div class=\"elementor-widget-wrap elementor-element-populated\">\n\t\t\t\t\t\t<div class=\"elementor-element elementor-element-394dc0f pp-buttons-halign-left pp-buttons-stack-none elementor-widget elementor-widget-pp-buttons\" data-id=\"394dc0f\" data-element_type=\"widget\" data-e-type=\"widget\" data-widget_type=\"pp-buttons.default\">\n\t\t\t\t<div class=\"elementor-widget-container\">\n\t\t\t\t\t\t\t<div class=\"pp-buttons-group\">\n\t\t\t\t\t\t\t\t\t\t\t<a href=\"https:\/\/medicest.eu\/et\/komplekshoolitsus-geneo\/\" target=\"_blank\" class=\"pp-button elementor-button elementor-size-md elementor-repeater-item-c938c7f \">\n\t\t\t\t\t<div class=\"pp-button-content-wrapper\">\n\t\t\t\t\t\t<span class=\"pp-button-content-inner pp-icon-before\">\n\t\t\t\t\t\t\t\n\t\t\t\t\t\t\t\t<span class=\"pp-button-title\">\n\t\t\t\t\t\t\t\t\tLisainfo\t\t\t\t\t\t\t\t<\/span>\n\t\t\t\t\t\t\t\t\t\t\t\t\t<\/span>\n\t\t\t\t\t<\/div>\n\t\t\t\t<\/a>\n\t\t\t\t\t\t\t\t\t\t<\/div>\t\t\t\t<\/div>\n\t\t\t\t<\/div>\n\t\t\t\t\t<\/div>\n\t\t<\/div>\n\t\t\t\t<div class=\"elementor-column elementor-col-50 elementor-inner-column elementor-element elementor-element-21d78ca\" data-id=\"21d78ca\" data-element_type=\"column\" data-e-type=\"column\">\n\t\t\t<div class=\"elementor-widget-wrap elementor-element-populated\">\n\t\t\t\t\t\t<div class=\"elementor-element elementor-element-6dfb5f3 pp-buttons-halign-left pp-buttons-stack-none elementor-widget elementor-widget-pp-buttons\" data-id=\"6dfb5f3\" data-element_type=\"widget\" data-e-type=\"widget\" data-widget_type=\"pp-buttons.default\">\n\t\t\t\t<div class=\"elementor-widget-container\">\n\t\t\t\t\t\t\t<div class=\"pp-buttons-group\">\n\t\t\t\t\t\t\t\t\t\t\t<a href=\"https:\/\/shop.medicest.eu\/et\/product\/komplekshoolitsus-geneo\/\" target=\"_blank\" class=\"pp-button elementor-button elementor-size-md elementor-repeater-item-c938c7f \">\n\t\t\t\t\t<div class=\"pp-button-content-wrapper\">\n\t\t\t\t\t\t<span class=\"pp-button-content-inner pp-icon-before\">\n\t\t\t\t\t\t\t\n\t\t\t\t\t\t\t\t<span class=\"pp-button-title\">\n\t\t\t\t\t\t\t\t\tOsta e-poest\t\t\t\t\t\t\t\t<\/span>\n\t\t\t\t\t\t\t\t\t\t\t\t\t<\/span>\n\t\t\t\t\t<\/div>\n\t\t\t\t<\/a>\n\t\t\t\t\t\t\t\t\t\t<\/div>\t\t\t\t<\/div>\n\t\t\t\t<\/div>\n\t\t\t\t\t<\/div>\n\t\t<\/div>\n\t\t\t\t\t<\/div>\n\t\t<\/section>\n\t\t\t\t\t<\/div>\n\t\t<\/div>\n\t\t\t\t<div class=\"elementor-column elementor-col-50 elementor-top-column elementor-element elementor-element-8c511d4\" data-id=\"8c511d4\" data-element_type=\"column\" data-e-type=\"column\">\n\t\t\t<div class=\"elementor-widget-wrap elementor-element-populated\">\n\t\t\t\t\t\t<div class=\"elementor-element elementor-element-5db5f56 elementor-widget elementor-widget-image\" data-id=\"5db5f56\" data-element_type=\"widget\" data-e-type=\"widget\" data-widget_type=\"image.default\">\n\t\t\t\t<div class=\"elementor-widget-container\">\n\t\t\t\t\t\t\t\t\t\t\t\t\t\t\t<img fetchpriority=\"high\" decoding=\"async\" width=\"1024\" height=\"1024\" src=\"https:\/\/medicest.eu\/wp-content\/uploads\/2023\/05\/geneo-5-1024x1024.jpg\" class=\"attachment-large size-large wp-image-12123\" alt=\"\" srcset=\"https:\/\/medicest.eu\/wp-content\/uploads\/2023\/05\/geneo-5-1024x1024.jpg 1024w, https:\/\/medicest.eu\/wp-content\/uploads\/2023\/05\/geneo-5-300x300.jpg 300w, https:\/\/medicest.eu\/wp-content\/uploads\/2023\/05\/geneo-5-768x768.jpg 768w, https:\/\/medicest.eu\/wp-content\/uploads\/2023\/05\/geneo-5-1536x1536.jpg 1536w, https:\/\/medicest.eu\/wp-content\/uploads\/2023\/05\/geneo-5-150x150.jpg 150w, https:\/\/medicest.eu\/wp-content\/uploads\/2023\/05\/geneo-5.jpg 1680w\" sizes=\"(max-width: 1024px) 100vw, 1024px\" \/>\t\t\t\t\t\t\t\t\t\t\t\t\t\t\t<\/div>\n\t\t\t\t<\/div>\n\t\t\t\t\t<\/div>\n\t\t<\/div>\n\t\t\t\t\t<\/div>\n\t\t<\/section>\n\t\t\t\t<section class=\"elementor-section elementor-top-section elementor-element elementor-element-f05658b elementor-section-boxed elementor-section-height-default elementor-section-height-default\" data-id=\"f05658b\" data-element_type=\"section\" data-e-type=\"section\">\n\t\t\t\t\t\t<div class=\"elementor-container elementor-column-gap-default\">\n\t\t\t\t\t<div class=\"elementor-column elementor-col-100 elementor-top-column elementor-element elementor-element-655f6b5\" data-id=\"655f6b5\" data-element_type=\"column\" data-e-type=\"column\">\n\t\t\t<div class=\"elementor-widget-wrap elementor-element-populated\">\n\t\t\t\t\t\t<div class=\"elementor-element elementor-element-111651b elementor-widget-divider--view-line elementor-widget elementor-widget-divider\" data-id=\"111651b\" data-element_type=\"widget\" data-e-type=\"widget\" data-widget_type=\"divider.default\">\n\t\t\t\t<div class=\"elementor-widget-container\">\n\t\t\t\t\t\t\t<div class=\"elementor-divider\">\n\t\t\t<span class=\"elementor-divider-separator\">\n\t\t\t\t\t\t<\/span>\n\t\t<\/div>\n\t\t\t\t\t\t<\/div>\n\t\t\t\t<\/div>\n\t\t\t\t\t<\/div>\n\t\t<\/div>\n\t\t\t\t\t<\/div>\n\t\t<\/section>\n\t\t\t\t<section class=\"elementor-section elementor-top-section elementor-element elementor-element-1143d2e elementor-section-boxed elementor-section-height-default elementor-section-height-default\" data-id=\"1143d2e\" data-element_type=\"section\" data-e-type=\"section\">\n\t\t\t\t\t\t<div class=\"elementor-container elementor-column-gap-default\">\n\t\t\t\t\t<div class=\"elementor-column elementor-col-50 elementor-top-column elementor-element elementor-element-d969ea0\" data-id=\"d969ea0\" data-element_type=\"column\" data-e-type=\"column\">\n\t\t\t<div class=\"elementor-widget-wrap elementor-element-populated\">\n\t\t\t\t\t\t<div class=\"elementor-element elementor-element-1c4de92 elementor-widget__width-initial elementor-widget elementor-widget-text-editor\" data-id=\"1c4de92\" data-element_type=\"widget\" data-e-type=\"widget\" data-widget_type=\"text-editor.default\">\n\t\t\t\t<div class=\"elementor-widget-container\">\n\t\t\t\t\t\t\t\t\t<h2><b>Skin Intensive keha kompleksprotseduur<\/b><\/h2><h4><b>Valmista end pidudeks ette!<\/b><\/h4><p><span style=\"font-weight: 400;\">Alusta kursust detsembris: keha toonusesse ja t\u00e4iuslik v\u00e4limus j\u00f5ulu- ja aastavahetuseks.<\/span><\/p><h4><b>Protseduur sisaldab:<\/b><\/h4><ul><li><span style=\"font-weight: 400;\">Kuni 30-minutiline konsultatsioon<\/span><span style=\"font-weight: 400;\"><br \/><\/span><\/li><li><span style=\"font-weight: 400;\">RF Lifting \u2013 \u00fche tsooni t\u00f6\u00f6tlemine, 30 minutit<\/span><span style=\"font-weight: 400;\"><br \/><\/span><\/li><li><span style=\"font-weight: 400;\">Icoone Laser Med \u2013 l\u00fcmfidrenaa\u017e ja \u00fche tsooni t\u00f6\u00f6tlemine, 40 minutit<\/span><\/li><\/ul><h4><span style=\"color: #ff0000;\"><strong>Soodushind 88\u20ac<\/strong><\/span><\/h4><p><em><span style=\"font-weight: 400;\">Tavahind 125\u20ac<\/span><\/em><\/p>\t\t\t\t\t\t\t\t<\/div>\n\t\t\t\t<\/div>\n\t\t\t\t<section class=\"elementor-section elementor-inner-section elementor-element elementor-element-ca1be59 elementor-section-boxed elementor-section-height-default elementor-section-height-default\" data-id=\"ca1be59\" data-element_type=\"section\" data-e-type=\"section\">\n\t\t\t\t\t\t<div class=\"elementor-container elementor-column-gap-default\">\n\t\t\t\t\t<div class=\"elementor-column elementor-col-50 elementor-inner-column elementor-element elementor-element-6fd5e73\" data-id=\"6fd5e73\" data-element_type=\"column\" data-e-type=\"column\">\n\t\t\t<div class=\"elementor-widget-wrap elementor-element-populated\">\n\t\t\t\t\t\t<div class=\"elementor-element elementor-element-bbebaa5 pp-buttons-halign-left pp-buttons-stack-none elementor-widget elementor-widget-pp-buttons\" data-id=\"bbebaa5\" data-element_type=\"widget\" data-e-type=\"widget\" data-widget_type=\"pp-buttons.default\">\n\t\t\t\t<div class=\"elementor-widget-container\">\n\t\t\t\t\t\t\t<div class=\"pp-buttons-group\">\n\t\t\t\t\t\t\t\t\t\t\t<a href=\"https:\/\/medicest.eu\/et\/skin-intensive\/\" target=\"_blank\" class=\"pp-button elementor-button elementor-size-md elementor-repeater-item-c938c7f \">\n\t\t\t\t\t<div class=\"pp-button-content-wrapper\">\n\t\t\t\t\t\t<span class=\"pp-button-content-inner pp-icon-before\">\n\t\t\t\t\t\t\t\n\t\t\t\t\t\t\t\t<span class=\"pp-button-title\">\n\t\t\t\t\t\t\t\t\tLisainfo\t\t\t\t\t\t\t\t<\/span>\n\t\t\t\t\t\t\t\t\t\t\t\t\t<\/span>\n\t\t\t\t\t<\/div>\n\t\t\t\t<\/a>\n\t\t\t\t\t\t\t\t\t\t<\/div>\t\t\t\t<\/div>\n\t\t\t\t<\/div>\n\t\t\t\t\t<\/div>\n\t\t<\/div>\n\t\t\t\t<div class=\"elementor-column elementor-col-50 elementor-inner-column elementor-element elementor-element-75627bd\" data-id=\"75627bd\" data-element_type=\"column\" data-e-type=\"column\">\n\t\t\t<div class=\"elementor-widget-wrap\">\n\t\t\t\t\t\t\t<\/div>\n\t\t<\/div>\n\t\t\t\t\t<\/div>\n\t\t<\/section>\n\t\t\t\t\t<\/div>\n\t\t<\/div>\n\t\t\t\t<div class=\"elementor-column elementor-col-50 elementor-top-column elementor-element elementor-element-5c804f6\" data-id=\"5c804f6\" data-element_type=\"column\" data-e-type=\"column\">\n\t\t\t<div class=\"elementor-widget-wrap elementor-element-populated\">\n\t\t\t\t\t\t<div class=\"elementor-element elementor-element-9b756e9 elementor-widget elementor-widget-image\" data-id=\"9b756e9\" data-element_type=\"widget\" data-e-type=\"widget\" data-widget_type=\"image.default\">\n\t\t\t\t<div class=\"elementor-widget-container\">\n\t\t\t\t\t\t\t\t\t\t\t\t\t\t\t<img decoding=\"async\" width=\"740\" height=\"493\" src=\"https:\/\/medicest.eu\/wp-content\/uploads\/2022\/07\/body-rf-lifting.jpg\" class=\"attachment-large size-large wp-image-8991\" alt=\"\" srcset=\"https:\/\/medicest.eu\/wp-content\/uploads\/2022\/07\/body-rf-lifting.jpg 740w, https:\/\/medicest.eu\/wp-content\/uploads\/2022\/07\/body-rf-lifting-300x200.jpg 300w, https:\/\/medicest.eu\/wp-content\/uploads\/2022\/07\/body-rf-lifting-150x100.jpg 150w\" sizes=\"(max-width: 740px) 100vw, 740px\" \/>\t\t\t\t\t\t\t\t\t\t\t\t\t\t\t<\/div>\n\t\t\t\t<\/div>\n\t\t\t\t<div class=\"elementor-element elementor-element-775e4ca elementor-widget elementor-widget-image\" data-id=\"775e4ca\" data-element_type=\"widget\" data-e-type=\"widget\" data-widget_type=\"image.default\">\n\t\t\t\t<div class=\"elementor-widget-container\">\n\t\t\t\t\t\t\t\t\t\t\t\t\t\t\t<img decoding=\"async\" width=\"1024\" height=\"680\" src=\"https:\/\/medicest.eu\/wp-content\/uploads\/2022\/07\/icoone-laser-tallinn.jpg\" class=\"attachment-large size-large wp-image-9037\" alt=\"\" srcset=\"https:\/\/medicest.eu\/wp-content\/uploads\/2022\/07\/icoone-laser-tallinn.jpg 1024w, https:\/\/medicest.eu\/wp-content\/uploads\/2022\/07\/icoone-laser-tallinn-300x199.jpg 300w, https:\/\/medicest.eu\/wp-content\/uploads\/2022\/07\/icoone-laser-tallinn-768x510.jpg 768w, https:\/\/medicest.eu\/wp-content\/uploads\/2022\/07\/icoone-laser-tallinn-150x100.jpg 150w\" sizes=\"(max-width: 1024px) 100vw, 1024px\" \/>\t\t\t\t\t\t\t\t\t\t\t\t\t\t\t<\/div>\n\t\t\t\t<\/div>\n\t\t\t\t\t<\/div>\n\t\t<\/div>\n\t\t\t\t\t<\/div>\n\t\t<\/section>\n\t\t\t\t<section class=\"elementor-section elementor-top-section elementor-element elementor-element-47c6936 elementor-section-boxed elementor-section-height-default elementor-section-height-default\" data-id=\"47c6936\" data-element_type=\"section\" data-e-type=\"section\">\n\t\t\t\t\t\t<div class=\"elementor-container elementor-column-gap-default\">\n\t\t\t\t\t<div class=\"elementor-column elementor-col-100 elementor-top-column elementor-element elementor-element-8fb7982\" data-id=\"8fb7982\" data-element_type=\"column\" data-e-type=\"column\">\n\t\t\t<div class=\"elementor-widget-wrap elementor-element-populated\">\n\t\t\t\t\t\t<div class=\"elementor-element elementor-element-9caaa5d elementor-widget-divider--view-line elementor-widget elementor-widget-divider\" data-id=\"9caaa5d\" data-element_type=\"widget\" data-e-type=\"widget\" data-widget_type=\"divider.default\">\n\t\t\t\t<div class=\"elementor-widget-container\">\n\t\t\t\t\t\t\t<div class=\"elementor-divider\">\n\t\t\t<span class=\"elementor-divider-separator\">\n\t\t\t\t\t\t<\/span>\n\t\t<\/div>\n\t\t\t\t\t\t<\/div>\n\t\t\t\t<\/div>\n\t\t\t\t\t<\/div>\n\t\t<\/div>\n\t\t\t\t\t<\/div>\n\t\t<\/section>\n\t\t\t\t<\/div>\n\t\t","protected":false},"excerpt":{"rendered":"<p>Sooduspakkumised Detsember 2025 Kompleksn\u00e4ohoolitsus GeneO+ GeneO+ protseduur \u2013 ideaalne hooldus enne p\u00fchi! GeneO+ sobib igaks aastaajaks, igale vanusele ja nahat\u00fc\u00fcbile. Valmista oma nahk ette pidudeks: tee kursus alates detsembrist v\u00f5i vali \u00fcksik protseduur vahetult enne s\u00fcndmust. S\u00e4rav ja terve tulemus on garanteeritud! Geneo+ (N\u00e4gu, kael) 60 min Soodushind 80\u20ac Tavahind\u2026<\/p>\n<p class=\"continue-reading-button\"> <a class=\"continue-reading-link\" href=\"https:\/\/medicest.eu\/et\/sooduspakkumised-detsembriks-2025\/\"><i class=\"crycon-right-dir\"><\/i><\/a><\/p>\n","protected":false},"author":1,"featured_media":0,"parent":0,"menu_order":0,"comment_status":"closed","ping_status":"closed","template":"","meta":{"footnotes":""},"class_list":["post-18016","page","type-page","status-publish","hentry"],"yoast_head":"<!-- This site is optimized with the Yoast SEO plugin v27.5 - https:\/\/yoast.com\/product\/yoast-seo-wordpress\/ -->\n<title>Sooduspakkumised detsembriks 2025 - Ilukliinik Medic-Esthetic<\/title>\n<meta name=\"robots\" content=\"index, follow, max-snippet:-1, max-image-preview:large, max-video-preview:-1\" \/>\n<link rel=\"canonical\" href=\"https:\/\/medicest.eu\/et\/sooduspakkumised-detsembriks-2025\/\" \/>\n<meta property=\"og:locale\" content=\"et_EE\" \/>\n<meta property=\"og:type\" content=\"article\" \/>\n<meta property=\"og:title\" content=\"Sooduspakkumised detsembriks 2025 - Ilukliinik Medic-Esthetic\" \/>\n<meta property=\"og:description\" content=\"Sooduspakkumised Detsember 2025 Kompleksn\u00e4ohoolitsus GeneO+ GeneO+ protseduur \u2013 ideaalne hooldus enne p\u00fchi! GeneO+ sobib igaks aastaajaks, igale vanusele ja nahat\u00fc\u00fcbile. Valmista oma nahk ette pidudeks: tee kursus alates detsembrist v\u00f5i vali \u00fcksik protseduur vahetult enne s\u00fcndmust. S\u00e4rav ja terve tulemus on garanteeritud! Geneo+ (N\u00e4gu, kael) 60 min Soodushind 80\u20ac Tavahind\u2026\" \/>\n<meta property=\"og:url\" content=\"https:\/\/medicest.eu\/et\/sooduspakkumised-detsembriks-2025\/\" \/>\n<meta property=\"og:site_name\" content=\"Ilukliinik Medic-Esthetic\" \/>\n<meta property=\"article:modified_time\" content=\"2025-11-25T16:02:52+00:00\" \/>\n<meta property=\"og:image\" content=\"https:\/\/medicest.eu\/wp-content\/uploads\/2023\/05\/geneo-5.jpg\" \/>\n\t<meta property=\"og:image:width\" content=\"1680\" \/>\n\t<meta property=\"og:image:height\" content=\"1680\" \/>\n\t<meta property=\"og:image:type\" content=\"image\/jpeg\" \/>\n<meta name=\"twitter:card\" content=\"summary_large_image\" \/>\n<meta name=\"twitter:label1\" content=\"Est. reading time\" \/>\n\t<meta name=\"twitter:data1\" content=\"2 minutit\" \/>\n<script type=\"application\/ld+json\" class=\"yoast-schema-graph\">{\"@context\":\"https:\\\/\\\/schema.org\",\"@graph\":[{\"@type\":\"WebPage\",\"@id\":\"https:\\\/\\\/medicest.eu\\\/et\\\/sooduspakkumised-detsembriks-2025\\\/\",\"url\":\"https:\\\/\\\/medicest.eu\\\/et\\\/sooduspakkumised-detsembriks-2025\\\/\",\"name\":\"Sooduspakkumised detsembriks 2025 - Ilukliinik Medic-Esthetic\",\"isPartOf\":{\"@id\":\"https:\\\/\\\/medicest.eu\\\/#website\"},\"primaryImageOfPage\":{\"@id\":\"https:\\\/\\\/medicest.eu\\\/et\\\/sooduspakkumised-detsembriks-2025\\\/#primaryimage\"},\"image\":{\"@id\":\"https:\\\/\\\/medicest.eu\\\/et\\\/sooduspakkumised-detsembriks-2025\\\/#primaryimage\"},\"thumbnailUrl\":\"http:\\\/\\\/medicest.eu\\\/wp-content\\\/uploads\\\/2023\\\/05\\\/geneo-5-1024x1024.jpg\",\"datePublished\":\"2025-11-25T14:04:47+00:00\",\"dateModified\":\"2025-11-25T16:02:52+00:00\",\"breadcrumb\":{\"@id\":\"https:\\\/\\\/medicest.eu\\\/et\\\/sooduspakkumised-detsembriks-2025\\\/#breadcrumb\"},\"inLanguage\":\"et\",\"potentialAction\":[{\"@type\":\"ReadAction\",\"target\":[\"https:\\\/\\\/medicest.eu\\\/et\\\/sooduspakkumised-detsembriks-2025\\\/\"]}]},{\"@type\":\"ImageObject\",\"inLanguage\":\"et\",\"@id\":\"https:\\\/\\\/medicest.eu\\\/et\\\/sooduspakkumised-detsembriks-2025\\\/#primaryimage\",\"url\":\"http:\\\/\\\/medicest.eu\\\/wp-content\\\/uploads\\\/2023\\\/05\\\/geneo-5-1024x1024.jpg\",\"contentUrl\":\"http:\\\/\\\/medicest.eu\\\/wp-content\\\/uploads\\\/2023\\\/05\\\/geneo-5-1024x1024.jpg\"},{\"@type\":\"BreadcrumbList\",\"@id\":\"https:\\\/\\\/medicest.eu\\\/et\\\/sooduspakkumised-detsembriks-2025\\\/#breadcrumb\",\"itemListElement\":[{\"@type\":\"ListItem\",\"position\":1,\"name\":\"Home\",\"item\":\"https:\\\/\\\/medicest.eu\\\/\"},{\"@type\":\"ListItem\",\"position\":2,\"name\":\"Sooduspakkumised detsembriks 2025\"}]},{\"@type\":\"WebSite\",\"@id\":\"https:\\\/\\\/medicest.eu\\\/#website\",\"url\":\"https:\\\/\\\/medicest.eu\\\/\",\"name\":\"Ilukliinik Medic-Esthetic\",\"description\":\"Beauty &amp; Prestige\",\"potentialAction\":[{\"@type\":\"SearchAction\",\"target\":{\"@type\":\"EntryPoint\",\"urlTemplate\":\"https:\\\/\\\/medicest.eu\\\/?s={search_term_string}\"},\"query-input\":{\"@type\":\"PropertyValueSpecification\",\"valueRequired\":true,\"valueName\":\"search_term_string\"}}],\"inLanguage\":\"et\"}]}<\/script>\n<!-- \/ Yoast SEO plugin. -->","yoast_head_json":{"title":"Sooduspakkumised detsembriks 2025 - Ilukliinik Medic-Esthetic","robots":{"index":"index","follow":"follow","max-snippet":"max-snippet:-1","max-image-preview":"max-image-preview:large","max-video-preview":"max-video-preview:-1"},"canonical":"https:\/\/medicest.eu\/et\/sooduspakkumised-detsembriks-2025\/","og_locale":"et_EE","og_type":"article","og_title":"Sooduspakkumised detsembriks 2025 - Ilukliinik Medic-Esthetic","og_description":"Sooduspakkumised Detsember 2025 Kompleksn\u00e4ohoolitsus GeneO+ GeneO+ protseduur \u2013 ideaalne hooldus enne p\u00fchi! GeneO+ sobib igaks aastaajaks, igale vanusele ja nahat\u00fc\u00fcbile. Valmista oma nahk ette pidudeks: tee kursus alates detsembrist v\u00f5i vali \u00fcksik protseduur vahetult enne s\u00fcndmust. S\u00e4rav ja terve tulemus on garanteeritud! Geneo+ (N\u00e4gu, kael) 60 min Soodushind 80\u20ac Tavahind\u2026","og_url":"https:\/\/medicest.eu\/et\/sooduspakkumised-detsembriks-2025\/","og_site_name":"Ilukliinik Medic-Esthetic","article_modified_time":"2025-11-25T16:02:52+00:00","og_image":[{"width":1680,"height":1680,"url":"https:\/\/medicest.eu\/wp-content\/uploads\/2023\/05\/geneo-5.jpg","type":"image\/jpeg"}],"twitter_card":"summary_large_image","twitter_misc":{"Est. reading time":"2 minutit"},"schema":{"@context":"https:\/\/schema.org","@graph":[{"@type":"WebPage","@id":"https:\/\/medicest.eu\/et\/sooduspakkumised-detsembriks-2025\/","url":"https:\/\/medicest.eu\/et\/sooduspakkumised-detsembriks-2025\/","name":"Sooduspakkumised detsembriks 2025 - Ilukliinik Medic-Esthetic","isPartOf":{"@id":"https:\/\/medicest.eu\/#website"},"primaryImageOfPage":{"@id":"https:\/\/medicest.eu\/et\/sooduspakkumised-detsembriks-2025\/#primaryimage"},"image":{"@id":"https:\/\/medicest.eu\/et\/sooduspakkumised-detsembriks-2025\/#primaryimage"},"thumbnailUrl":"http:\/\/medicest.eu\/wp-content\/uploads\/2023\/05\/geneo-5-1024x1024.jpg","datePublished":"2025-11-25T14:04:47+00:00","dateModified":"2025-11-25T16:02:52+00:00","breadcrumb":{"@id":"https:\/\/medicest.eu\/et\/sooduspakkumised-detsembriks-2025\/#breadcrumb"},"inLanguage":"et","potentialAction":[{"@type":"ReadAction","target":["https:\/\/medicest.eu\/et\/sooduspakkumised-detsembriks-2025\/"]}]},{"@type":"ImageObject","inLanguage":"et","@id":"https:\/\/medicest.eu\/et\/sooduspakkumised-detsembriks-2025\/#primaryimage","url":"http:\/\/medicest.eu\/wp-content\/uploads\/2023\/05\/geneo-5-1024x1024.jpg","contentUrl":"http:\/\/medicest.eu\/wp-content\/uploads\/2023\/05\/geneo-5-1024x1024.jpg"},{"@type":"BreadcrumbList","@id":"https:\/\/medicest.eu\/et\/sooduspakkumised-detsembriks-2025\/#breadcrumb","itemListElement":[{"@type":"ListItem","position":1,"name":"Home","item":"https:\/\/medicest.eu\/"},{"@type":"ListItem","position":2,"name":"Sooduspakkumised detsembriks 2025"}]},{"@type":"WebSite","@id":"https:\/\/medicest.eu\/#website","url":"https:\/\/medicest.eu\/","name":"Ilukliinik Medic-Esthetic","description":"Beauty &amp; Prestige","potentialAction":[{"@type":"SearchAction","target":{"@type":"EntryPoint","urlTemplate":"https:\/\/medicest.eu\/?s={search_term_string}"},"query-input":{"@type":"PropertyValueSpecification","valueRequired":true,"valueName":"search_term_string"}}],"inLanguage":"et"}]}},"_links":{"self":[{"href":"https:\/\/medicest.eu\/et\/wp-json\/wp\/v2\/pages\/18016","targetHints":{"allow":["GET"]}}],"collection":[{"href":"https:\/\/medicest.eu\/et\/wp-json\/wp\/v2\/pages"}],"about":[{"href":"https:\/\/medicest.eu\/et\/wp-json\/wp\/v2\/types\/page"}],"author":[{"embeddable":true,"href":"https:\/\/medicest.eu\/et\/wp-json\/wp\/v2\/users\/1"}],"replies":[{"embeddable":true,"href":"https:\/\/medicest.eu\/et\/wp-json\/wp\/v2\/comments?post=18016"}],"version-history":[{"count":16,"href":"https:\/\/medicest.eu\/et\/wp-json\/wp\/v2\/pages\/18016\/revisions"}],"predecessor-version":[{"id":18034,"href":"https:\/\/medicest.eu\/et\/wp-json\/wp\/v2\/pages\/18016\/revisions\/18034"}],"wp:attachment":[{"href":"https:\/\/medicest.eu\/et\/wp-json\/wp\/v2\/media?parent=18016"}],"curies":[{"name":"wp","href":"https:\/\/api.w.org\/{rel}","templated":true}]}}