{"id":17898,"date":"2025-10-29T12:07:30","date_gmt":"2025-10-29T12:07:30","guid":{"rendered":"https:\/\/medicest.eu\/skidochnye-predlozheniya-na-noyabr-2025\/"},"modified":"2025-10-31T12:14:06","modified_gmt":"2025-10-31T12:14:06","slug":"sooduspakkumised-novembriks-2025","status":"publish","type":"page","link":"https:\/\/medicest.eu\/et\/sooduspakkumised-novembriks-2025\/","title":{"rendered":"Sooduspakkumised novembriks 2025"},"content":{"rendered":"\t\t<div data-elementor-type=\"wp-page\" data-elementor-id=\"17898\" class=\"elementor elementor-17898 elementor-17877\">\n\t\t\t\t\t\t<section class=\"elementor-section elementor-top-section elementor-element elementor-element-5278a5b2 elementor-section-boxed elementor-section-height-default elementor-section-height-default\" data-id=\"5278a5b2\" data-element_type=\"section\" data-e-type=\"section\">\n\t\t\t\t\t\t<div class=\"elementor-container elementor-column-gap-default\">\n\t\t\t\t\t<div class=\"elementor-column elementor-col-100 elementor-top-column elementor-element elementor-element-f75b1d2\" data-id=\"f75b1d2\" data-element_type=\"column\" data-e-type=\"column\">\n\t\t\t<div class=\"elementor-widget-wrap elementor-element-populated\">\n\t\t\t\t\t\t<div class=\"elementor-element elementor-element-8419c57 elementor-widget elementor-widget-heading\" data-id=\"8419c57\" data-element_type=\"widget\" data-e-type=\"widget\" data-widget_type=\"heading.default\">\n\t\t\t\t<div class=\"elementor-widget-container\">\n\t\t\t\t\t<h2 class=\"elementor-heading-title elementor-size-default\">Sooduspakkumised <\/h2>\t\t\t\t<\/div>\n\t\t\t\t<\/div>\n\t\t\t\t\t<\/div>\n\t\t<\/div>\n\t\t\t\t\t<\/div>\n\t\t<\/section>\n\t\t\t\t<section class=\"elementor-section elementor-top-section elementor-element elementor-element-28b73ad elementor-section-boxed elementor-section-height-default elementor-section-height-default\" data-id=\"28b73ad\" data-element_type=\"section\" data-e-type=\"section\">\n\t\t\t\t\t\t<div class=\"elementor-container elementor-column-gap-default\">\n\t\t\t\t\t<div class=\"elementor-column elementor-col-100 elementor-top-column elementor-element elementor-element-2b1d9f2\" data-id=\"2b1d9f2\" data-element_type=\"column\" data-e-type=\"column\">\n\t\t\t<div class=\"elementor-widget-wrap elementor-element-populated\">\n\t\t\t\t\t\t<div class=\"elementor-element elementor-element-5c045ae3 elementor-widget elementor-widget-heading\" data-id=\"5c045ae3\" data-element_type=\"widget\" data-e-type=\"widget\" data-widget_type=\"heading.default\">\n\t\t\t\t<div class=\"elementor-widget-container\">\n\t\t\t\t\t<h3 class=\"elementor-heading-title elementor-size-default\">November 2025<\/h3>\t\t\t\t<\/div>\n\t\t\t\t<\/div>\n\t\t\t\t<div class=\"elementor-element elementor-element-0d47483 elementor-widget-divider--view-line elementor-widget elementor-widget-divider\" data-id=\"0d47483\" data-element_type=\"widget\" data-e-type=\"widget\" data-widget_type=\"divider.default\">\n\t\t\t\t<div class=\"elementor-widget-container\">\n\t\t\t\t\t\t\t<div class=\"elementor-divider\">\n\t\t\t<span class=\"elementor-divider-separator\">\n\t\t\t\t\t\t<\/span>\n\t\t<\/div>\n\t\t\t\t\t\t<\/div>\n\t\t\t\t<\/div>\n\t\t\t\t\t<\/div>\n\t\t<\/div>\n\t\t\t\t\t<\/div>\n\t\t<\/section>\n\t\t\t\t<section class=\"elementor-section elementor-top-section elementor-element elementor-element-2b76788 elementor-section-boxed elementor-section-height-default elementor-section-height-default\" data-id=\"2b76788\" data-element_type=\"section\" data-e-type=\"section\">\n\t\t\t\t\t\t<div class=\"elementor-container elementor-column-gap-default\">\n\t\t\t\t\t<div class=\"elementor-column elementor-col-50 elementor-top-column elementor-element elementor-element-de22da0\" data-id=\"de22da0\" data-element_type=\"column\" data-e-type=\"column\">\n\t\t\t<div class=\"elementor-widget-wrap elementor-element-populated\">\n\t\t\t\t\t\t<div class=\"elementor-element elementor-element-7d415d9 elementor-widget__width-initial elementor-widget elementor-widget-text-editor\" data-id=\"7d415d9\" data-element_type=\"widget\" data-e-type=\"widget\" data-widget_type=\"text-editor.default\">\n\t\t\t\t<div class=\"elementor-widget-container\">\n\t\t\t\t\t\t\t\t\t<h3><span style=\"color: #ff0000;\"><strong>Uudis kliinikus Medic-Esthetic!<\/strong><\/span><\/h3><h3><strong>N\u00e4ohooldus 3D Lift novembris -20%.<\/strong><\/h3><p><span style=\"font-weight: 400;\">Kaheetapiline hooldus v\u00e4rskuse ja liftingu saavutamiseks:<\/span><\/p><ul><li style=\"font-weight: 400;\" aria-level=\"1\"><span style=\"font-weight: 400;\">Mikrovooluteraapia aktiveerib l\u00fcmfivoolu ja aitab eemaldada liigset vedelikku.<\/span><\/li><li style=\"font-weight: 400;\" aria-level=\"1\"><span style=\"font-weight: 400;\">Lifting-mask Pepplus+ pinguldab ja toniseerib nahka.<\/span><span style=\"font-weight: 400;\"><br \/><\/span><\/li><\/ul><p><span style=\"font-weight: 400;\">Tulemus \u2013 kergus, selged n\u00e4okontuurid ja v\u00e4rske, puhanud ilme juba p\u00e4rast esimest protseduuri.<\/span><\/p><h4><span style=\"color: #ff0000;\"><strong>Soodushind 63,20\u20ac<\/strong><\/span><\/h4><p><em><span style=\"font-weight: 400;\">Tavahind 79\u20ac<\/span><\/em><\/p>\t\t\t\t\t\t\t\t<\/div>\n\t\t\t\t<\/div>\n\t\t\t\t<section class=\"elementor-section elementor-inner-section elementor-element elementor-element-543c1b2 elementor-section-boxed elementor-section-height-default elementor-section-height-default\" data-id=\"543c1b2\" data-element_type=\"section\" data-e-type=\"section\">\n\t\t\t\t\t\t<div class=\"elementor-container elementor-column-gap-default\">\n\t\t\t\t\t<div class=\"elementor-column elementor-col-50 elementor-inner-column elementor-element elementor-element-fd96a78\" data-id=\"fd96a78\" data-element_type=\"column\" data-e-type=\"column\">\n\t\t\t<div class=\"elementor-widget-wrap elementor-element-populated\">\n\t\t\t\t\t\t<div class=\"elementor-element elementor-element-394dc0f pp-buttons-halign-left pp-buttons-stack-none elementor-widget elementor-widget-pp-buttons\" data-id=\"394dc0f\" data-element_type=\"widget\" data-e-type=\"widget\" data-widget_type=\"pp-buttons.default\">\n\t\t\t\t<div class=\"elementor-widget-container\">\n\t\t\t\t\t\t\t<div class=\"pp-buttons-group\">\n\t\t\t\t\t\t\t\t\t\t\t<a href=\"https:\/\/medicest.eu\/et\/komplekshooldus-3d-lift\/\" target=\"_blank\" class=\"pp-button elementor-button elementor-size-md elementor-repeater-item-c938c7f \">\n\t\t\t\t\t<div class=\"pp-button-content-wrapper\">\n\t\t\t\t\t\t<span class=\"pp-button-content-inner pp-icon-before\">\n\t\t\t\t\t\t\t\n\t\t\t\t\t\t\t\t<span class=\"pp-button-title\">\n\t\t\t\t\t\t\t\t\tLisainfo\t\t\t\t\t\t\t\t<\/span>\n\t\t\t\t\t\t\t\t\t\t\t\t\t<\/span>\n\t\t\t\t\t<\/div>\n\t\t\t\t<\/a>\n\t\t\t\t\t\t\t\t\t\t<\/div>\t\t\t\t<\/div>\n\t\t\t\t<\/div>\n\t\t\t\t\t<\/div>\n\t\t<\/div>\n\t\t\t\t<div class=\"elementor-column elementor-col-50 elementor-inner-column elementor-element elementor-element-21d78ca\" data-id=\"21d78ca\" data-element_type=\"column\" data-e-type=\"column\">\n\t\t\t<div class=\"elementor-widget-wrap elementor-element-populated\">\n\t\t\t\t\t\t<div class=\"elementor-element elementor-element-6dfb5f3 pp-buttons-halign-left pp-buttons-stack-none elementor-widget elementor-widget-pp-buttons\" data-id=\"6dfb5f3\" data-element_type=\"widget\" data-e-type=\"widget\" data-widget_type=\"pp-buttons.default\">\n\t\t\t\t<div class=\"elementor-widget-container\">\n\t\t\t\t\t\t\t<div class=\"pp-buttons-group\">\n\t\t\t\t\t\t\t\t\t\t\t<a href=\"https:\/\/shop.medicest.eu\/et\/product\/komplekshooldus-3d-lift\/\" target=\"_blank\" class=\"pp-button elementor-button elementor-size-md elementor-repeater-item-c938c7f \">\n\t\t\t\t\t<div class=\"pp-button-content-wrapper\">\n\t\t\t\t\t\t<span class=\"pp-button-content-inner pp-icon-before\">\n\t\t\t\t\t\t\t\n\t\t\t\t\t\t\t\t<span class=\"pp-button-title\">\n\t\t\t\t\t\t\t\t\tOsta e-poest\t\t\t\t\t\t\t\t<\/span>\n\t\t\t\t\t\t\t\t\t\t\t\t\t<\/span>\n\t\t\t\t\t<\/div>\n\t\t\t\t<\/a>\n\t\t\t\t\t\t\t\t\t\t<\/div>\t\t\t\t<\/div>\n\t\t\t\t<\/div>\n\t\t\t\t\t<\/div>\n\t\t<\/div>\n\t\t\t\t\t<\/div>\n\t\t<\/section>\n\t\t\t\t\t<\/div>\n\t\t<\/div>\n\t\t\t\t<div class=\"elementor-column elementor-col-50 elementor-top-column elementor-element elementor-element-8c511d4\" data-id=\"8c511d4\" data-element_type=\"column\" data-e-type=\"column\">\n\t\t\t<div class=\"elementor-widget-wrap elementor-element-populated\">\n\t\t\t\t\t\t<div class=\"elementor-element elementor-element-5db5f56 elementor-widget elementor-widget-image\" data-id=\"5db5f56\" data-element_type=\"widget\" data-e-type=\"widget\" data-widget_type=\"image.default\">\n\t\t\t\t<div class=\"elementor-widget-container\">\n\t\t\t\t\t\t\t\t\t\t\t\t\t\t\t<img fetchpriority=\"high\" decoding=\"async\" width=\"600\" height=\"600\" src=\"https:\/\/medicest.eu\/wp-content\/uploads\/2025\/10\/Guinot-Utsukusy.jpeg\" class=\"attachment-large size-large wp-image-17830\" alt=\"\" srcset=\"https:\/\/medicest.eu\/wp-content\/uploads\/2025\/10\/Guinot-Utsukusy.jpeg 600w, https:\/\/medicest.eu\/wp-content\/uploads\/2025\/10\/Guinot-Utsukusy-300x300.jpeg 300w, https:\/\/medicest.eu\/wp-content\/uploads\/2025\/10\/Guinot-Utsukusy-150x150.jpeg 150w\" sizes=\"(max-width: 600px) 100vw, 600px\" \/>\t\t\t\t\t\t\t\t\t\t\t\t\t\t\t<\/div>\n\t\t\t\t<\/div>\n\t\t\t\t\t<\/div>\n\t\t<\/div>\n\t\t\t\t\t<\/div>\n\t\t<\/section>\n\t\t\t\t<section class=\"elementor-section elementor-top-section elementor-element elementor-element-e84fb2c elementor-section-boxed elementor-section-height-default elementor-section-height-default\" data-id=\"e84fb2c\" data-element_type=\"section\" data-e-type=\"section\">\n\t\t\t\t\t\t<div class=\"elementor-container elementor-column-gap-default\">\n\t\t\t\t\t<div class=\"elementor-column elementor-col-100 elementor-top-column elementor-element elementor-element-2fad201\" data-id=\"2fad201\" data-element_type=\"column\" data-e-type=\"column\">\n\t\t\t<div class=\"elementor-widget-wrap\">\n\t\t\t\t\t\t\t<\/div>\n\t\t<\/div>\n\t\t\t\t\t<\/div>\n\t\t<\/section>\n\t\t\t\t<section class=\"elementor-section elementor-top-section elementor-element elementor-element-65d89b9 elementor-section-boxed elementor-section-height-default elementor-section-height-default\" data-id=\"65d89b9\" data-element_type=\"section\" data-e-type=\"section\">\n\t\t\t\t\t\t<div class=\"elementor-container elementor-column-gap-default\">\n\t\t\t\t\t<div class=\"elementor-column elementor-col-50 elementor-top-column elementor-element elementor-element-f014cd4\" data-id=\"f014cd4\" data-element_type=\"column\" data-e-type=\"column\">\n\t\t\t<div class=\"elementor-widget-wrap elementor-element-populated\">\n\t\t\t\t\t\t<div class=\"elementor-element elementor-element-9bbf394 elementor-widget__width-initial elementor-widget elementor-widget-text-editor\" data-id=\"9bbf394\" data-element_type=\"widget\" data-e-type=\"widget\" data-widget_type=\"text-editor.default\">\n\t\t\t\t<div class=\"elementor-widget-container\">\n\t\t\t\t\t\t\t\t\t<h3><strong>Saage tuttavaks \u2013 Icoone!<\/strong><\/h3><p>\u00a0<\/p><p><span style=\"font-weight: 400;\">Aparaadimassaa\u017e <\/span><span style=\"font-weight: 400;\">Icoone Laser Med<\/span><span style=\"font-weight: 400;\"> on kahtlemata \u00fcks meie populaarsemaid ja t\u00f5husamaid hoolitsusi.<\/span><\/p><p><span style=\"font-weight: 400;\">Icoone Laser Med<\/span><span style=\"font-weight: 400;\"> ei ole mitte ainult kasulik, vaid ka erakordselt m\u00f5nus protseduur!<\/span><\/p><p><span style=\"font-weight: 400;\">See<\/span> <span style=\"font-weight: 400;\">on ainus ilutehnoloogia maailmas, mis v\u00f5imaldab teostada massaa\u017ei kahe aplikaatoriga samaaegselt, tagades s\u00fcmmeetrilise m\u00f5ju vereringele ja l\u00fcmfivoolule.<\/span><\/p><h4><strong>Novembris toimub tutvumiskampaania neile, kes pole veel Icoone\u2019i proovinud.<\/strong><\/h4><h4><span style=\"color: #ff0000;\"><strong>Esimene seanss vaid 49\u20ac<\/strong><\/span><\/h4><p><em><span style=\"font-weight: 400;\">Tavahind 68\u20ac<\/span><\/em><\/p>\t\t\t\t\t\t\t\t<\/div>\n\t\t\t\t<\/div>\n\t\t\t\t<section class=\"elementor-section elementor-inner-section elementor-element elementor-element-ca10ebb elementor-section-boxed elementor-section-height-default elementor-section-height-default\" data-id=\"ca10ebb\" data-element_type=\"section\" data-e-type=\"section\">\n\t\t\t\t\t\t<div class=\"elementor-container elementor-column-gap-default\">\n\t\t\t\t\t<div class=\"elementor-column elementor-col-100 elementor-inner-column elementor-element elementor-element-a7e3b37\" data-id=\"a7e3b37\" data-element_type=\"column\" data-e-type=\"column\">\n\t\t\t<div class=\"elementor-widget-wrap elementor-element-populated\">\n\t\t\t\t\t\t<div class=\"elementor-element elementor-element-8fa8a7a pp-buttons-halign-left pp-buttons-stack-none elementor-widget elementor-widget-pp-buttons\" data-id=\"8fa8a7a\" data-element_type=\"widget\" data-e-type=\"widget\" data-widget_type=\"pp-buttons.default\">\n\t\t\t\t<div class=\"elementor-widget-container\">\n\t\t\t\t\t\t\t<div class=\"pp-buttons-group\">\n\t\t\t\t\t\t\t\t\t\t\t<a href=\"https:\/\/medicest.eu\/et\/aparaadi-massaaz-icoone-laser\/\" target=\"_blank\" class=\"pp-button elementor-button elementor-size-md elementor-repeater-item-c938c7f \">\n\t\t\t\t\t<div class=\"pp-button-content-wrapper\">\n\t\t\t\t\t\t<span class=\"pp-button-content-inner pp-icon-before\">\n\t\t\t\t\t\t\t\n\t\t\t\t\t\t\t\t<span class=\"pp-button-title\">\n\t\t\t\t\t\t\t\t\tLisainfo\t\t\t\t\t\t\t\t<\/span>\n\t\t\t\t\t\t\t\t\t\t\t\t\t<\/span>\n\t\t\t\t\t<\/div>\n\t\t\t\t<\/a>\n\t\t\t\t\t\t\t\t\t\t<\/div>\t\t\t\t<\/div>\n\t\t\t\t<\/div>\n\t\t\t\t\t<\/div>\n\t\t<\/div>\n\t\t\t\t\t<\/div>\n\t\t<\/section>\n\t\t\t\t\t<\/div>\n\t\t<\/div>\n\t\t\t\t<div class=\"elementor-column elementor-col-50 elementor-top-column elementor-element elementor-element-25675f1\" data-id=\"25675f1\" data-element_type=\"column\" data-e-type=\"column\">\n\t\t\t<div class=\"elementor-widget-wrap elementor-element-populated\">\n\t\t\t\t\t\t<div class=\"elementor-element elementor-element-12d5325 elementor-widget elementor-widget-image\" data-id=\"12d5325\" data-element_type=\"widget\" data-e-type=\"widget\" data-widget_type=\"image.default\">\n\t\t\t\t<div class=\"elementor-widget-container\">\n\t\t\t\t\t\t\t\t\t\t\t\t\t\t\t<img decoding=\"async\" width=\"1024\" height=\"656\" src=\"https:\/\/medicest.eu\/wp-content\/uploads\/2021\/08\/icoon-eesti-1024x656.jpg\" class=\"attachment-large size-large wp-image-3481\" alt=\"\" srcset=\"https:\/\/medicest.eu\/wp-content\/uploads\/2021\/08\/icoon-eesti-1024x656.jpg 1024w, https:\/\/medicest.eu\/wp-content\/uploads\/2021\/08\/icoon-eesti-300x192.jpg 300w, https:\/\/medicest.eu\/wp-content\/uploads\/2021\/08\/icoon-eesti-768x492.jpg 768w, https:\/\/medicest.eu\/wp-content\/uploads\/2021\/08\/icoon-eesti-1536x984.jpg 1536w, https:\/\/medicest.eu\/wp-content\/uploads\/2021\/08\/icoon-eesti-2048x1312.jpg 2048w, https:\/\/medicest.eu\/wp-content\/uploads\/2021\/08\/icoon-eesti-150x96.jpg 150w\" sizes=\"(max-width: 1024px) 100vw, 1024px\" \/>\t\t\t\t\t\t\t\t\t\t\t\t\t\t\t<\/div>\n\t\t\t\t<\/div>\n\t\t\t\t\t<\/div>\n\t\t<\/div>\n\t\t\t\t\t<\/div>\n\t\t<\/section>\n\t\t\t\t<section class=\"elementor-section elementor-top-section elementor-element elementor-element-f05658b elementor-section-boxed elementor-section-height-default elementor-section-height-default\" data-id=\"f05658b\" data-element_type=\"section\" data-e-type=\"section\">\n\t\t\t\t\t\t<div class=\"elementor-container elementor-column-gap-default\">\n\t\t\t\t\t<div class=\"elementor-column elementor-col-100 elementor-top-column elementor-element elementor-element-655f6b5\" data-id=\"655f6b5\" data-element_type=\"column\" data-e-type=\"column\">\n\t\t\t<div class=\"elementor-widget-wrap elementor-element-populated\">\n\t\t\t\t\t\t<div class=\"elementor-element elementor-element-9caaa5d elementor-widget-divider--view-line elementor-widget elementor-widget-divider\" data-id=\"9caaa5d\" data-element_type=\"widget\" data-e-type=\"widget\" data-widget_type=\"divider.default\">\n\t\t\t\t<div class=\"elementor-widget-container\">\n\t\t\t\t\t\t\t<div class=\"elementor-divider\">\n\t\t\t<span class=\"elementor-divider-separator\">\n\t\t\t\t\t\t<\/span>\n\t\t<\/div>\n\t\t\t\t\t\t<\/div>\n\t\t\t\t<\/div>\n\t\t\t\t\t<\/div>\n\t\t<\/div>\n\t\t\t\t\t<\/div>\n\t\t<\/section>\n\t\t\t\t<\/div>\n\t\t","protected":false},"excerpt":{"rendered":"<p>Sooduspakkumised November 2025 Uudis kliinikus Medic-Esthetic! N\u00e4ohooldus 3D Lift novembris -20%. Kaheetapiline hooldus v\u00e4rskuse ja liftingu saavutamiseks: Mikrovooluteraapia aktiveerib l\u00fcmfivoolu ja aitab eemaldada liigset vedelikku. Lifting-mask Pepplus+ pinguldab ja toniseerib nahka. Tulemus \u2013 kergus, selged n\u00e4okontuurid ja v\u00e4rske, puhanud ilme juba p\u00e4rast esimest protseduuri. Soodushind 63,20\u20ac Tavahind 79\u20ac Lisainfo Osta\u2026<\/p>\n<p class=\"continue-reading-button\"> <a class=\"continue-reading-link\" href=\"https:\/\/medicest.eu\/et\/sooduspakkumised-novembriks-2025\/\"><i class=\"crycon-right-dir\"><\/i><\/a><\/p>\n","protected":false},"author":1,"featured_media":0,"parent":0,"menu_order":0,"comment_status":"closed","ping_status":"closed","template":"","meta":{"footnotes":""},"class_list":["post-17898","page","type-page","status-publish","hentry"],"yoast_head":"<!-- This site is optimized with the Yoast SEO plugin v27.5 - https:\/\/yoast.com\/product\/yoast-seo-wordpress\/ -->\n<title>Sooduspakkumised novembriks 2025 - Ilukliinik Medic-Esthetic<\/title>\n<meta name=\"robots\" content=\"index, follow, max-snippet:-1, max-image-preview:large, max-video-preview:-1\" \/>\n<link rel=\"canonical\" href=\"https:\/\/medicest.eu\/skidochnye-predlozheniya-na-noyabr-2025\/\" \/>\n<meta property=\"og:locale\" content=\"et_EE\" \/>\n<meta property=\"og:type\" content=\"article\" \/>\n<meta property=\"og:title\" content=\"Sooduspakkumised novembriks 2025 - Ilukliinik Medic-Esthetic\" \/>\n<meta property=\"og:description\" content=\"Sooduspakkumised November 2025 Uudis kliinikus Medic-Esthetic! N\u00e4ohooldus 3D Lift novembris -20%. Kaheetapiline hooldus v\u00e4rskuse ja liftingu saavutamiseks: Mikrovooluteraapia aktiveerib l\u00fcmfivoolu ja aitab eemaldada liigset vedelikku. Lifting-mask Pepplus+ pinguldab ja toniseerib nahka. Tulemus \u2013 kergus, selged n\u00e4okontuurid ja v\u00e4rske, puhanud ilme juba p\u00e4rast esimest protseduuri. Soodushind 63,20\u20ac Tavahind 79\u20ac Lisainfo Osta\u2026\" \/>\n<meta property=\"og:url\" content=\"https:\/\/medicest.eu\/skidochnye-predlozheniya-na-noyabr-2025\/\" \/>\n<meta property=\"og:site_name\" content=\"Ilukliinik Medic-Esthetic\" \/>\n<meta property=\"article:modified_time\" content=\"2025-10-31T12:14:06+00:00\" \/>\n<meta property=\"og:image\" content=\"https:\/\/medicest.eu\/wp-content\/uploads\/2025\/10\/Guinot-Utsukusy.jpeg\" \/>\n\t<meta property=\"og:image:width\" content=\"600\" \/>\n\t<meta property=\"og:image:height\" content=\"600\" \/>\n\t<meta property=\"og:image:type\" content=\"image\/jpeg\" \/>\n<meta name=\"twitter:card\" content=\"summary_large_image\" \/>\n<meta name=\"twitter:label1\" content=\"Est. reading time\" \/>\n\t<meta name=\"twitter:data1\" content=\"2 minutit\" \/>\n<script type=\"application\/ld+json\" class=\"yoast-schema-graph\">{\"@context\":\"https:\\\/\\\/schema.org\",\"@graph\":[{\"@type\":\"WebPage\",\"@id\":\"https:\\\/\\\/medicest.eu\\\/skidochnye-predlozheniya-na-noyabr-2025\\\/\",\"url\":\"https:\\\/\\\/medicest.eu\\\/skidochnye-predlozheniya-na-noyabr-2025\\\/\",\"name\":\"Sooduspakkumised novembriks 2025 - Ilukliinik Medic-Esthetic\",\"isPartOf\":{\"@id\":\"https:\\\/\\\/medicest.eu\\\/#website\"},\"primaryImageOfPage\":{\"@id\":\"https:\\\/\\\/medicest.eu\\\/skidochnye-predlozheniya-na-noyabr-2025\\\/#primaryimage\"},\"image\":{\"@id\":\"https:\\\/\\\/medicest.eu\\\/skidochnye-predlozheniya-na-noyabr-2025\\\/#primaryimage\"},\"thumbnailUrl\":\"http:\\\/\\\/medicest.eu\\\/wp-content\\\/uploads\\\/2025\\\/10\\\/Guinot-Utsukusy.jpeg\",\"datePublished\":\"2025-10-29T12:07:30+00:00\",\"dateModified\":\"2025-10-31T12:14:06+00:00\",\"breadcrumb\":{\"@id\":\"https:\\\/\\\/medicest.eu\\\/skidochnye-predlozheniya-na-noyabr-2025\\\/#breadcrumb\"},\"inLanguage\":\"et\",\"potentialAction\":[{\"@type\":\"ReadAction\",\"target\":[\"https:\\\/\\\/medicest.eu\\\/skidochnye-predlozheniya-na-noyabr-2025\\\/\"]}]},{\"@type\":\"ImageObject\",\"inLanguage\":\"et\",\"@id\":\"https:\\\/\\\/medicest.eu\\\/skidochnye-predlozheniya-na-noyabr-2025\\\/#primaryimage\",\"url\":\"http:\\\/\\\/medicest.eu\\\/wp-content\\\/uploads\\\/2025\\\/10\\\/Guinot-Utsukusy.jpeg\",\"contentUrl\":\"http:\\\/\\\/medicest.eu\\\/wp-content\\\/uploads\\\/2025\\\/10\\\/Guinot-Utsukusy.jpeg\"},{\"@type\":\"BreadcrumbList\",\"@id\":\"https:\\\/\\\/medicest.eu\\\/skidochnye-predlozheniya-na-noyabr-2025\\\/#breadcrumb\",\"itemListElement\":[{\"@type\":\"ListItem\",\"position\":1,\"name\":\"Home\",\"item\":\"https:\\\/\\\/medicest.eu\\\/\"},{\"@type\":\"ListItem\",\"position\":2,\"name\":\"Sooduspakkumised novembriks 2025\"}]},{\"@type\":\"WebSite\",\"@id\":\"https:\\\/\\\/medicest.eu\\\/#website\",\"url\":\"https:\\\/\\\/medicest.eu\\\/\",\"name\":\"Ilukliinik Medic-Esthetic\",\"description\":\"Beauty &amp; Prestige\",\"potentialAction\":[{\"@type\":\"SearchAction\",\"target\":{\"@type\":\"EntryPoint\",\"urlTemplate\":\"https:\\\/\\\/medicest.eu\\\/?s={search_term_string}\"},\"query-input\":{\"@type\":\"PropertyValueSpecification\",\"valueRequired\":true,\"valueName\":\"search_term_string\"}}],\"inLanguage\":\"et\"}]}<\/script>\n<!-- \/ Yoast SEO plugin. -->","yoast_head_json":{"title":"Sooduspakkumised novembriks 2025 - Ilukliinik Medic-Esthetic","robots":{"index":"index","follow":"follow","max-snippet":"max-snippet:-1","max-image-preview":"max-image-preview:large","max-video-preview":"max-video-preview:-1"},"canonical":"https:\/\/medicest.eu\/skidochnye-predlozheniya-na-noyabr-2025\/","og_locale":"et_EE","og_type":"article","og_title":"Sooduspakkumised novembriks 2025 - Ilukliinik Medic-Esthetic","og_description":"Sooduspakkumised November 2025 Uudis kliinikus Medic-Esthetic! N\u00e4ohooldus 3D Lift novembris -20%. Kaheetapiline hooldus v\u00e4rskuse ja liftingu saavutamiseks: Mikrovooluteraapia aktiveerib l\u00fcmfivoolu ja aitab eemaldada liigset vedelikku. Lifting-mask Pepplus+ pinguldab ja toniseerib nahka. Tulemus \u2013 kergus, selged n\u00e4okontuurid ja v\u00e4rske, puhanud ilme juba p\u00e4rast esimest protseduuri. Soodushind 63,20\u20ac Tavahind 79\u20ac Lisainfo Osta\u2026","og_url":"https:\/\/medicest.eu\/skidochnye-predlozheniya-na-noyabr-2025\/","og_site_name":"Ilukliinik Medic-Esthetic","article_modified_time":"2025-10-31T12:14:06+00:00","og_image":[{"width":600,"height":600,"url":"https:\/\/medicest.eu\/wp-content\/uploads\/2025\/10\/Guinot-Utsukusy.jpeg","type":"image\/jpeg"}],"twitter_card":"summary_large_image","twitter_misc":{"Est. reading time":"2 minutit"},"schema":{"@context":"https:\/\/schema.org","@graph":[{"@type":"WebPage","@id":"https:\/\/medicest.eu\/skidochnye-predlozheniya-na-noyabr-2025\/","url":"https:\/\/medicest.eu\/skidochnye-predlozheniya-na-noyabr-2025\/","name":"Sooduspakkumised novembriks 2025 - Ilukliinik Medic-Esthetic","isPartOf":{"@id":"https:\/\/medicest.eu\/#website"},"primaryImageOfPage":{"@id":"https:\/\/medicest.eu\/skidochnye-predlozheniya-na-noyabr-2025\/#primaryimage"},"image":{"@id":"https:\/\/medicest.eu\/skidochnye-predlozheniya-na-noyabr-2025\/#primaryimage"},"thumbnailUrl":"http:\/\/medicest.eu\/wp-content\/uploads\/2025\/10\/Guinot-Utsukusy.jpeg","datePublished":"2025-10-29T12:07:30+00:00","dateModified":"2025-10-31T12:14:06+00:00","breadcrumb":{"@id":"https:\/\/medicest.eu\/skidochnye-predlozheniya-na-noyabr-2025\/#breadcrumb"},"inLanguage":"et","potentialAction":[{"@type":"ReadAction","target":["https:\/\/medicest.eu\/skidochnye-predlozheniya-na-noyabr-2025\/"]}]},{"@type":"ImageObject","inLanguage":"et","@id":"https:\/\/medicest.eu\/skidochnye-predlozheniya-na-noyabr-2025\/#primaryimage","url":"http:\/\/medicest.eu\/wp-content\/uploads\/2025\/10\/Guinot-Utsukusy.jpeg","contentUrl":"http:\/\/medicest.eu\/wp-content\/uploads\/2025\/10\/Guinot-Utsukusy.jpeg"},{"@type":"BreadcrumbList","@id":"https:\/\/medicest.eu\/skidochnye-predlozheniya-na-noyabr-2025\/#breadcrumb","itemListElement":[{"@type":"ListItem","position":1,"name":"Home","item":"https:\/\/medicest.eu\/"},{"@type":"ListItem","position":2,"name":"Sooduspakkumised novembriks 2025"}]},{"@type":"WebSite","@id":"https:\/\/medicest.eu\/#website","url":"https:\/\/medicest.eu\/","name":"Ilukliinik Medic-Esthetic","description":"Beauty &amp; Prestige","potentialAction":[{"@type":"SearchAction","target":{"@type":"EntryPoint","urlTemplate":"https:\/\/medicest.eu\/?s={search_term_string}"},"query-input":{"@type":"PropertyValueSpecification","valueRequired":true,"valueName":"search_term_string"}}],"inLanguage":"et"}]}},"_links":{"self":[{"href":"https:\/\/medicest.eu\/et\/wp-json\/wp\/v2\/pages\/17898","targetHints":{"allow":["GET"]}}],"collection":[{"href":"https:\/\/medicest.eu\/et\/wp-json\/wp\/v2\/pages"}],"about":[{"href":"https:\/\/medicest.eu\/et\/wp-json\/wp\/v2\/types\/page"}],"author":[{"embeddable":true,"href":"https:\/\/medicest.eu\/et\/wp-json\/wp\/v2\/users\/1"}],"replies":[{"embeddable":true,"href":"https:\/\/medicest.eu\/et\/wp-json\/wp\/v2\/comments?post=17898"}],"version-history":[{"count":16,"href":"https:\/\/medicest.eu\/et\/wp-json\/wp\/v2\/pages\/17898\/revisions"}],"predecessor-version":[{"id":17936,"href":"https:\/\/medicest.eu\/et\/wp-json\/wp\/v2\/pages\/17898\/revisions\/17936"}],"wp:attachment":[{"href":"https:\/\/medicest.eu\/et\/wp-json\/wp\/v2\/media?parent=17898"}],"curies":[{"name":"wp","href":"https:\/\/api.w.org\/{rel}","templated":true}]}}