{"id":17856,"date":"2025-10-29T10:35:54","date_gmt":"2025-10-29T10:35:54","guid":{"rendered":"https:\/\/medicest.eu\/kompleksnyj-uxod-3d-lift\/"},"modified":"2025-10-29T14:57:52","modified_gmt":"2025-10-29T14:57:52","slug":"komplekshooldus-3d-lift","status":"publish","type":"page","link":"https:\/\/medicest.eu\/et\/komplekshooldus-3d-lift\/","title":{"rendered":"Komplekshooldus 3D Lift"},"content":{"rendered":"\t\t<div data-elementor-type=\"wp-page\" data-elementor-id=\"17856\" class=\"elementor elementor-17856 elementor-17822\">\n\t\t\t\t\t\t<section class=\"elementor-section elementor-top-section elementor-element elementor-element-2a9cf78f elementor-section-boxed elementor-section-height-default elementor-section-height-default\" data-id=\"2a9cf78f\" data-element_type=\"section\" data-e-type=\"section\">\n\t\t\t\t\t\t<div class=\"elementor-container elementor-column-gap-default\">\n\t\t\t\t\t<div class=\"elementor-column elementor-col-100 elementor-top-column elementor-element elementor-element-1deaf14\" data-id=\"1deaf14\" data-element_type=\"column\" data-e-type=\"column\">\n\t\t\t<div class=\"elementor-widget-wrap elementor-element-populated\">\n\t\t\t\t\t\t<div class=\"elementor-element elementor-element-74b4d505 elementor-widget elementor-widget-heading\" data-id=\"74b4d505\" data-element_type=\"widget\" data-e-type=\"widget\" data-widget_type=\"heading.default\">\n\t\t\t\t<div class=\"elementor-widget-container\">\n\t\t\t\t\t<h2 class=\"elementor-heading-title elementor-size-default\">UUDIS!<\/h2>\t\t\t\t<\/div>\n\t\t\t\t<\/div>\n\t\t\t\t<div class=\"elementor-element elementor-element-16dd8aaf elementor-widget elementor-widget-heading\" data-id=\"16dd8aaf\" data-element_type=\"widget\" data-e-type=\"widget\" data-widget_type=\"heading.default\">\n\t\t\t\t<div class=\"elementor-widget-container\">\n\t\t\t\t\t<h3 class=\"elementor-heading-title elementor-size-default\">Komplekshooldus 3D Lift<\/h3>\t\t\t\t<\/div>\n\t\t\t\t<\/div>\n\t\t\t\t\t<\/div>\n\t\t<\/div>\n\t\t\t\t\t<\/div>\n\t\t<\/section>\n\t\t\t\t<section class=\"elementor-section elementor-top-section elementor-element elementor-element-58e28ad elementor-section-boxed elementor-section-height-default elementor-section-height-default\" data-id=\"58e28ad\" data-element_type=\"section\" data-e-type=\"section\">\n\t\t\t\t\t\t<div class=\"elementor-container elementor-column-gap-default\">\n\t\t\t\t\t<div class=\"elementor-column elementor-col-100 elementor-top-column elementor-element elementor-element-faa4947\" data-id=\"faa4947\" data-element_type=\"column\" data-e-type=\"column\">\n\t\t\t<div class=\"elementor-widget-wrap elementor-element-populated\">\n\t\t\t\t\t\t<div class=\"elementor-element elementor-element-67d2c53 elementor-widget elementor-widget-text-editor\" data-id=\"67d2c53\" data-element_type=\"widget\" data-e-type=\"widget\" data-widget_type=\"text-editor.default\">\n\t\t\t\t<div class=\"elementor-widget-container\">\n\t\t\t\t\t\t\t\t\t<h4 style=\"text-align: center;\"><strong>\u00a0Efekt kestab umbes 2\u20133 p\u00e4eva p\u00e4rast \u00fchte protseduuri, regulaarne hooldus aitab hoida naha v\u00e4rske, pingul ja s\u00e4ravana.<\/strong><\/h4>\t\t\t\t\t\t\t\t<\/div>\n\t\t\t\t<\/div>\n\t\t\t\t\t<\/div>\n\t\t<\/div>\n\t\t\t\t\t<\/div>\n\t\t<\/section>\n\t\t\t\t<section class=\"elementor-section elementor-top-section elementor-element elementor-element-57a2af0 elementor-section-boxed elementor-section-height-default elementor-section-height-default\" data-id=\"57a2af0\" data-element_type=\"section\" data-e-type=\"section\">\n\t\t\t\t\t\t<div class=\"elementor-container elementor-column-gap-default\">\n\t\t\t\t\t<div class=\"elementor-column elementor-col-50 elementor-top-column elementor-element elementor-element-6c4a93e\" data-id=\"6c4a93e\" data-element_type=\"column\" data-e-type=\"column\">\n\t\t\t<div class=\"elementor-widget-wrap elementor-element-populated\">\n\t\t\t\t\t\t<div class=\"elementor-element elementor-element-99d163a elementor-widget elementor-widget-text-editor\" data-id=\"99d163a\" data-element_type=\"widget\" data-e-type=\"widget\" data-widget_type=\"text-editor.default\">\n\t\t\t\t<div class=\"elementor-widget-container\">\n\t\t\t\t\t\t\t\t\t<p><strong>Protseduur algab naha puhastamise ja kerge koorimisega, mis valitakse individuaalselt vastavalt naha t\u00fc\u00fcbile, et valmistada nahk ette edasiseks hoolduseks.<\/strong><\/p><p><span style=\"font-weight: 400;\">J\u00e4rgnevalt toimub <\/span><b>mikrovooluteraapia<\/b><span style=\"font-weight: 400;\"> \u00fche meie kaasaegse seadmega (<\/span><b>Guinot, Utsukusy v\u00f5i Vipline<\/b><span style=\"font-weight: 400;\">) v\u00f5i <\/span><b>lihaskoe biomehaaniline stimulatsioon<\/b><span style=\"font-weight: 400;\">, mis aitab parandada naha toonust ja elastsust. Aparaat m\u00f5jutab \u00f5rnalt k\u00f5iki naha kihte, veresooni ja lihaseid, aktiveerides l\u00fcmfivoolu ja aidates eemaldada liigset vedelikku ning j\u00e4\u00e4kaineid. Mikrovoolud stimuleerivad rakke, k\u00e4ivitades ainevahetus- ja energiavahetusprotsessid, aktiveerides fibroblaste ning soodustades kollageeni tootmist.<\/span><\/p><p><span style=\"font-weight: 400;\">J\u00e4rgmisena kantakse nahale <\/span><b>eriline lifting-mask<\/b> <b>SPECIAL SKIN LIFTING PROGRAM PEPPLUS+<\/b><span style=\"font-weight: 400;\">,mis annab <\/span><b>tugeva pinguldava ja noorendava efekti<\/b><span style=\"font-weight: 400;\">. Mask sisaldab unikaalset peptiidikompleksi ja taimseid koostisosi. Mask v\u00e4hendab kortsude n\u00e4htavust, silub nahka, taastab elastsuse, niisutab s\u00fcgavalt ning annab nahale terve ja s\u00e4rava v\u00e4limuse.<\/span><\/p>\t\t\t\t\t\t\t\t<\/div>\n\t\t\t\t<\/div>\n\t\t\t\t\t<\/div>\n\t\t<\/div>\n\t\t\t\t<div class=\"elementor-column elementor-col-50 elementor-top-column elementor-element elementor-element-179b352\" data-id=\"179b352\" data-element_type=\"column\" data-e-type=\"column\">\n\t\t\t<div class=\"elementor-widget-wrap elementor-element-populated\">\n\t\t\t\t\t\t<div class=\"elementor-element elementor-element-94fceaf elementor-widget elementor-widget-image\" data-id=\"94fceaf\" data-element_type=\"widget\" data-e-type=\"widget\" data-widget_type=\"image.default\">\n\t\t\t\t<div class=\"elementor-widget-container\">\n\t\t\t\t\t\t\t\t\t\t\t\t\t\t\t<img fetchpriority=\"high\" decoding=\"async\" width=\"516\" height=\"688\" src=\"https:\/\/medicest.eu\/wp-content\/uploads\/2025\/10\/PROGRAM-PEPPLUS.jpeg\" class=\"attachment-large size-large wp-image-17827\" alt=\"\" srcset=\"https:\/\/medicest.eu\/wp-content\/uploads\/2025\/10\/PROGRAM-PEPPLUS.jpeg 516w, https:\/\/medicest.eu\/wp-content\/uploads\/2025\/10\/PROGRAM-PEPPLUS-225x300.jpeg 225w, https:\/\/medicest.eu\/wp-content\/uploads\/2025\/10\/PROGRAM-PEPPLUS-113x150.jpeg 113w\" sizes=\"(max-width: 516px) 100vw, 516px\" \/>\t\t\t\t\t\t\t\t\t\t\t\t\t\t\t<\/div>\n\t\t\t\t<\/div>\n\t\t\t\t\t<\/div>\n\t\t<\/div>\n\t\t\t\t\t<\/div>\n\t\t<\/section>\n\t\t\t\t<section class=\"elementor-section elementor-top-section elementor-element elementor-element-c0d49eb elementor-section-boxed elementor-section-height-default elementor-section-height-default\" data-id=\"c0d49eb\" data-element_type=\"section\" data-e-type=\"section\">\n\t\t\t\t\t\t<div class=\"elementor-container elementor-column-gap-default\">\n\t\t\t\t\t<div class=\"elementor-column elementor-col-50 elementor-top-column elementor-element elementor-element-91543d9\" data-id=\"91543d9\" data-element_type=\"column\" data-e-type=\"column\">\n\t\t\t<div class=\"elementor-widget-wrap elementor-element-populated\">\n\t\t\t\t\t\t<div class=\"elementor-element elementor-element-ca9576e elementor-widget__width-initial elementor-widget elementor-widget-image\" data-id=\"ca9576e\" data-element_type=\"widget\" data-e-type=\"widget\" data-widget_type=\"image.default\">\n\t\t\t\t<div class=\"elementor-widget-container\">\n\t\t\t\t\t\t\t\t\t\t\t\t\t\t\t<img decoding=\"async\" width=\"600\" height=\"600\" src=\"https:\/\/medicest.eu\/wp-content\/uploads\/2025\/10\/Guinot-Utsukusy.jpeg\" class=\"attachment-large size-large wp-image-17830\" alt=\"\" srcset=\"https:\/\/medicest.eu\/wp-content\/uploads\/2025\/10\/Guinot-Utsukusy.jpeg 600w, https:\/\/medicest.eu\/wp-content\/uploads\/2025\/10\/Guinot-Utsukusy-300x300.jpeg 300w, https:\/\/medicest.eu\/wp-content\/uploads\/2025\/10\/Guinot-Utsukusy-150x150.jpeg 150w\" sizes=\"(max-width: 600px) 100vw, 600px\" \/>\t\t\t\t\t\t\t\t\t\t\t\t\t\t\t<\/div>\n\t\t\t\t<\/div>\n\t\t\t\t\t<\/div>\n\t\t<\/div>\n\t\t\t\t<div class=\"elementor-column elementor-col-50 elementor-top-column elementor-element elementor-element-0ed9df8\" data-id=\"0ed9df8\" data-element_type=\"column\" data-e-type=\"column\">\n\t\t\t<div class=\"elementor-widget-wrap elementor-element-populated\">\n\t\t\t\t\t\t<div class=\"elementor-element elementor-element-91b0d6f elementor-widget elementor-widget-text-editor\" data-id=\"91b0d6f\" data-element_type=\"widget\" data-e-type=\"widget\" data-widget_type=\"text-editor.default\">\n\t\t\t\t<div class=\"elementor-widget-container\">\n\t\t\t\t\t\t\t\t\t<h4><b>Tulemused p\u00e4rast protseduuri:<\/b><\/h4><ul><li><span style=\"font-weight: 400;\">poorid muutuvad v\u00e4iksemaks ja naha toon \u00fchtlustub<\/span><\/li><li><span style=\"font-weight: 400;\">nahk pinguldub ja muutub elastsemaks<\/span><span style=\"font-weight: 400;\"><br \/><\/span><\/li><li><span style=\"font-weight: 400;\">taastub loomulik s\u00e4ra<\/span><span style=\"font-weight: 400;\"><br \/><\/span><\/li><li><span style=\"font-weight: 400;\">saavutatakse kohene lifting-efekt<\/span><\/li><\/ul>\t\t\t\t\t\t\t\t<\/div>\n\t\t\t\t<\/div>\n\t\t\t\t\t<\/div>\n\t\t<\/div>\n\t\t\t\t\t<\/div>\n\t\t<\/section>\n\t\t\t\t<section class=\"elementor-section elementor-top-section elementor-element elementor-element-734aa7a elementor-section-boxed elementor-section-height-default elementor-section-height-default\" data-id=\"734aa7a\" data-element_type=\"section\" data-e-type=\"section\">\n\t\t\t\t\t\t<div class=\"elementor-container elementor-column-gap-default\">\n\t\t\t\t\t<div class=\"elementor-column elementor-col-50 elementor-top-column elementor-element elementor-element-9f798e7\" data-id=\"9f798e7\" data-element_type=\"column\" data-e-type=\"column\">\n\t\t\t<div class=\"elementor-widget-wrap elementor-element-populated\">\n\t\t\t\t\t\t<div class=\"elementor-element elementor-element-a2a15ba elementor-widget elementor-widget-text-editor\" data-id=\"a2a15ba\" data-element_type=\"widget\" data-e-type=\"widget\" data-widget_type=\"text-editor.default\">\n\t\t\t\t<div class=\"elementor-widget-container\">\n\t\t\t\t\t\t\t\t\t<h4><b>N\u00e4idustused:<\/b><\/h4><ul><li><span style=\"font-weight: 400;\">naha elastsuse parandamine<\/span><span style=\"font-weight: 400;\"><br \/><\/span><\/li><li><span style=\"font-weight: 400;\">pooride ahendamine<\/span><span style=\"font-weight: 400;\"><br \/><\/span><\/li><li><span style=\"font-weight: 400;\">naha tooni \u00fchtlustamine<\/span><span style=\"font-weight: 400;\"><br \/><\/span><\/li><li><span style=\"font-weight: 400;\">lifting-efekt<\/span><span style=\"font-weight: 400;\"><br \/><\/span><\/li><li><span style=\"font-weight: 400;\">l\u00fcmfidrenaa\u017e<\/span><span style=\"font-weight: 400;\"><br \/><\/span><\/li><li><span style=\"font-weight: 400;\">n\u00e4okontuuri parandamine<\/span><\/li><\/ul>\t\t\t\t\t\t\t\t<\/div>\n\t\t\t\t<\/div>\n\t\t\t\t\t<\/div>\n\t\t<\/div>\n\t\t\t\t<div class=\"elementor-column elementor-col-50 elementor-top-column elementor-element elementor-element-52a2c05\" data-id=\"52a2c05\" data-element_type=\"column\" data-e-type=\"column\">\n\t\t\t<div class=\"elementor-widget-wrap elementor-element-populated\">\n\t\t\t\t\t\t<div class=\"elementor-element elementor-element-dd216e7 elementor-widget elementor-widget-text-editor\" data-id=\"dd216e7\" data-element_type=\"widget\" data-e-type=\"widget\" data-widget_type=\"text-editor.default\">\n\t\t\t\t<div class=\"elementor-widget-container\">\n\t\t\t\t\t\t\t\t\t<h4 dir=\"ltr\"><b>Vastun\u00e4idustused:<\/b><\/h4><ul><li style=\"font-weight: 400;\" aria-level=\"1\"><span style=\"font-weight: 400;\">rasedus ja imetamine<\/span><span style=\"font-weight: 400;\"><br \/><\/span><\/li><li style=\"font-weight: 400;\" aria-level=\"1\"><span style=\"font-weight: 400;\">onkoloogilised haigused<\/span><span style=\"font-weight: 400;\"><br \/><\/span><\/li><li style=\"font-weight: 400;\" aria-level=\"1\"><span style=\"font-weight: 400;\">nakkushaiguse<\/span><span style=\"font-weight: 400;\"><br \/><\/span><\/li><li style=\"font-weight: 400;\" aria-level=\"1\"><span style=\"font-weight: 400;\">epilepsia<\/span><span style=\"font-weight: 400;\"><br \/><\/span><\/li><li style=\"font-weight: 400;\" aria-level=\"1\"><span style=\"font-weight: 400;\">metallproteesid m\u00f5jualas<\/span><span style=\"font-weight: 400;\"><br \/><\/span><\/li><li style=\"font-weight: 400;\" aria-level=\"1\"><span style=\"font-weight: 400;\">akne \u00e4gedas faasis<\/span><span style=\"font-weight: 400;\"><br \/><\/span><\/li><li style=\"font-weight: 400;\" aria-level=\"1\"><span style=\"font-weight: 400;\">individuaalne maski koostisosade talumatus<\/span><\/li><\/ul>\t\t\t\t\t\t\t\t<\/div>\n\t\t\t\t<\/div>\n\t\t\t\t\t<\/div>\n\t\t<\/div>\n\t\t\t\t\t<\/div>\n\t\t<\/section>\n\t\t\t\t<section class=\"elementor-section elementor-top-section elementor-element elementor-element-6ea8951b elementor-section-boxed elementor-section-height-default elementor-section-height-default\" data-id=\"6ea8951b\" data-element_type=\"section\" data-e-type=\"section\">\n\t\t\t\t\t\t<div class=\"elementor-container elementor-column-gap-default\">\n\t\t\t\t\t<div class=\"elementor-column elementor-col-100 elementor-top-column elementor-element elementor-element-79124b8\" data-id=\"79124b8\" data-element_type=\"column\" data-e-type=\"column\">\n\t\t\t<div class=\"elementor-widget-wrap elementor-element-populated\">\n\t\t\t\t\t\t<div class=\"elementor-element elementor-element-179c0dd2 elementor-widget elementor-widget-heading\" data-id=\"179c0dd2\" data-element_type=\"widget\" data-e-type=\"widget\" data-widget_type=\"heading.default\">\n\t\t\t\t<div class=\"elementor-widget-container\">\n\t\t\t\t\t<h2 class=\"elementor-heading-title elementor-size-default\">Hinnakiri<\/h2>\t\t\t\t<\/div>\n\t\t\t\t<\/div>\n\t\t\t\t<div class=\"elementor-element elementor-element-45adc440 elementor-widget elementor-widget-text-editor\" data-id=\"45adc440\" data-element_type=\"widget\" data-e-type=\"widget\" data-widget_type=\"text-editor.default\">\n\t\t\t\t<div class=\"elementor-widget-container\">\n\t\t\t\t\t\t\t\t\t<p>\n<table id=\"tablepress-223\" class=\"tablepress tablepress-id-223\">\n<thead>\n<tr class=\"row-1\">\n\t<th class=\"column-1\">Komplekshooldus 3D Lift<\/th><th class=\"column-2\">Hind \u20ac<\/th>\n<\/tr>\n<\/thead>\n<tbody class=\"row-striping row-hover\">\n<tr class=\"row-2\">\n\t<td class=\"column-1\">3D Lift, n\u00e4gu<\/td><td class=\"column-2\">79,00<\/td>\n<\/tr>\n<tr class=\"row-3\">\n\t<td class=\"column-1\"> Kuur 5 protseduuri, n\u00e4gu<\/td><td class=\"column-2\">355,50<\/td>\n<\/tr>\n<\/tbody>\n<\/table>\n<\/p>\t\t\t\t\t\t\t\t<\/div>\n\t\t\t\t<\/div>\n\t\t\t\t<div class=\"elementor-element elementor-element-629cf948 pp-buttons-halign-center pp-buttons-stack-none elementor-widget elementor-widget-pp-buttons\" data-id=\"629cf948\" data-element_type=\"widget\" data-e-type=\"widget\" data-widget_type=\"pp-buttons.default\">\n\t\t\t\t<div class=\"elementor-widget-container\">\n\t\t\t\t\t\t\t<div class=\"pp-buttons-group\">\n\t\t\t\t\t\t\t\t\t\t\t<a href=\"https:\/\/shop.medicest.eu\/et\/product\/komplekshooldus-3d-lift\/\" target=\"_blank\" class=\"pp-button elementor-button elementor-size-md elementor-repeater-item-c938c7f \">\n\t\t\t\t\t<div class=\"pp-button-content-wrapper\">\n\t\t\t\t\t\t<span class=\"pp-button-content-inner pp-icon-before\">\n\t\t\t\t\t\t\t\n\t\t\t\t\t\t\t\t<span class=\"pp-button-title\">\n\t\t\t\t\t\t\t\t\tOsta e-poest\t\t\t\t\t\t\t\t<\/span>\n\t\t\t\t\t\t\t\t\t\t\t\t\t<\/span>\n\t\t\t\t\t<\/div>\n\t\t\t\t<\/a>\n\t\t\t\t\t\t\t\t\t\t<\/div>\t\t\t\t<\/div>\n\t\t\t\t<\/div>\n\t\t\t\t\t<\/div>\n\t\t<\/div>\n\t\t\t\t\t<\/div>\n\t\t<\/section>\n\t\t\t\t<\/div>\n\t\t","protected":false},"excerpt":{"rendered":"<p>UUDIS! Komplekshooldus 3D Lift \u00a0Efekt kestab umbes 2\u20133 p\u00e4eva p\u00e4rast \u00fchte protseduuri, regulaarne hooldus aitab hoida naha v\u00e4rske, pingul ja s\u00e4ravana. Protseduur algab naha puhastamise ja kerge koorimisega, mis valitakse individuaalselt vastavalt naha t\u00fc\u00fcbile, et valmistada nahk ette edasiseks hoolduseks. J\u00e4rgnevalt toimub mikrovooluteraapia \u00fche meie kaasaegse seadmega (Guinot, Utsukusy v\u00f5i\u2026<\/p>\n<p class=\"continue-reading-button\"> <a class=\"continue-reading-link\" href=\"https:\/\/medicest.eu\/et\/komplekshooldus-3d-lift\/\"><i class=\"crycon-right-dir\"><\/i><\/a><\/p>\n","protected":false},"author":1,"featured_media":0,"parent":0,"menu_order":0,"comment_status":"closed","ping_status":"closed","template":"","meta":{"footnotes":""},"class_list":["post-17856","page","type-page","status-publish","hentry"],"yoast_head":"<!-- This site is optimized with the Yoast SEO plugin v27.3 - https:\/\/yoast.com\/product\/yoast-seo-wordpress\/ -->\n<title>Komplekshooldus 3D Lift - Ilukliinik Medic-Esthetic<\/title>\n<meta name=\"robots\" content=\"index, follow, max-snippet:-1, max-image-preview:large, max-video-preview:-1\" \/>\n<link rel=\"canonical\" href=\"https:\/\/medicest.eu\/et\/komplekshooldus-3d-lift\/\" \/>\n<meta property=\"og:locale\" content=\"et_EE\" \/>\n<meta property=\"og:type\" content=\"article\" \/>\n<meta property=\"og:title\" content=\"Komplekshooldus 3D Lift - Ilukliinik Medic-Esthetic\" \/>\n<meta property=\"og:description\" content=\"UUDIS! Komplekshooldus 3D Lift \u00a0Efekt kestab umbes 2\u20133 p\u00e4eva p\u00e4rast \u00fchte protseduuri, regulaarne hooldus aitab hoida naha v\u00e4rske, pingul ja s\u00e4ravana. Protseduur algab naha puhastamise ja kerge koorimisega, mis valitakse individuaalselt vastavalt naha t\u00fc\u00fcbile, et valmistada nahk ette edasiseks hoolduseks. J\u00e4rgnevalt toimub mikrovooluteraapia \u00fche meie kaasaegse seadmega (Guinot, Utsukusy v\u00f5i\u2026\" \/>\n<meta property=\"og:url\" content=\"https:\/\/medicest.eu\/et\/komplekshooldus-3d-lift\/\" \/>\n<meta property=\"og:site_name\" content=\"Ilukliinik Medic-Esthetic\" \/>\n<meta property=\"article:modified_time\" content=\"2025-10-29T14:57:52+00:00\" \/>\n<meta property=\"og:image\" content=\"http:\/\/medicest.eu\/wp-content\/uploads\/2025\/10\/PROGRAM-PEPPLUS.jpeg\" \/>\n<meta name=\"twitter:card\" content=\"summary_large_image\" \/>\n<meta name=\"twitter:label1\" content=\"Est. reading time\" \/>\n\t<meta name=\"twitter:data1\" content=\"2 minutit\" \/>\n<script type=\"application\/ld+json\" class=\"yoast-schema-graph\">{\"@context\":\"https:\\\/\\\/schema.org\",\"@graph\":[{\"@type\":\"WebPage\",\"@id\":\"https:\\\/\\\/medicest.eu\\\/et\\\/komplekshooldus-3d-lift\\\/\",\"url\":\"https:\\\/\\\/medicest.eu\\\/et\\\/komplekshooldus-3d-lift\\\/\",\"name\":\"Komplekshooldus 3D Lift - Ilukliinik Medic-Esthetic\",\"isPartOf\":{\"@id\":\"https:\\\/\\\/medicest.eu\\\/#website\"},\"primaryImageOfPage\":{\"@id\":\"https:\\\/\\\/medicest.eu\\\/et\\\/komplekshooldus-3d-lift\\\/#primaryimage\"},\"image\":{\"@id\":\"https:\\\/\\\/medicest.eu\\\/et\\\/komplekshooldus-3d-lift\\\/#primaryimage\"},\"thumbnailUrl\":\"http:\\\/\\\/medicest.eu\\\/wp-content\\\/uploads\\\/2025\\\/10\\\/PROGRAM-PEPPLUS.jpeg\",\"datePublished\":\"2025-10-29T10:35:54+00:00\",\"dateModified\":\"2025-10-29T14:57:52+00:00\",\"breadcrumb\":{\"@id\":\"https:\\\/\\\/medicest.eu\\\/et\\\/komplekshooldus-3d-lift\\\/#breadcrumb\"},\"inLanguage\":\"et\",\"potentialAction\":[{\"@type\":\"ReadAction\",\"target\":[\"https:\\\/\\\/medicest.eu\\\/et\\\/komplekshooldus-3d-lift\\\/\"]}]},{\"@type\":\"ImageObject\",\"inLanguage\":\"et\",\"@id\":\"https:\\\/\\\/medicest.eu\\\/et\\\/komplekshooldus-3d-lift\\\/#primaryimage\",\"url\":\"http:\\\/\\\/medicest.eu\\\/wp-content\\\/uploads\\\/2025\\\/10\\\/PROGRAM-PEPPLUS.jpeg\",\"contentUrl\":\"http:\\\/\\\/medicest.eu\\\/wp-content\\\/uploads\\\/2025\\\/10\\\/PROGRAM-PEPPLUS.jpeg\"},{\"@type\":\"BreadcrumbList\",\"@id\":\"https:\\\/\\\/medicest.eu\\\/et\\\/komplekshooldus-3d-lift\\\/#breadcrumb\",\"itemListElement\":[{\"@type\":\"ListItem\",\"position\":1,\"name\":\"Home\",\"item\":\"https:\\\/\\\/medicest.eu\\\/\"},{\"@type\":\"ListItem\",\"position\":2,\"name\":\"Komplekshooldus 3D Lift\"}]},{\"@type\":\"WebSite\",\"@id\":\"https:\\\/\\\/medicest.eu\\\/#website\",\"url\":\"https:\\\/\\\/medicest.eu\\\/\",\"name\":\"Ilukliinik Medic-Esthetic\",\"description\":\"Beauty &amp; Prestige\",\"potentialAction\":[{\"@type\":\"SearchAction\",\"target\":{\"@type\":\"EntryPoint\",\"urlTemplate\":\"https:\\\/\\\/medicest.eu\\\/?s={search_term_string}\"},\"query-input\":{\"@type\":\"PropertyValueSpecification\",\"valueRequired\":true,\"valueName\":\"search_term_string\"}}],\"inLanguage\":\"et\"}]}<\/script>\n<!-- \/ Yoast SEO plugin. -->","yoast_head_json":{"title":"Komplekshooldus 3D Lift - Ilukliinik Medic-Esthetic","robots":{"index":"index","follow":"follow","max-snippet":"max-snippet:-1","max-image-preview":"max-image-preview:large","max-video-preview":"max-video-preview:-1"},"canonical":"https:\/\/medicest.eu\/et\/komplekshooldus-3d-lift\/","og_locale":"et_EE","og_type":"article","og_title":"Komplekshooldus 3D Lift - Ilukliinik Medic-Esthetic","og_description":"UUDIS! Komplekshooldus 3D Lift \u00a0Efekt kestab umbes 2\u20133 p\u00e4eva p\u00e4rast \u00fchte protseduuri, regulaarne hooldus aitab hoida naha v\u00e4rske, pingul ja s\u00e4ravana. Protseduur algab naha puhastamise ja kerge koorimisega, mis valitakse individuaalselt vastavalt naha t\u00fc\u00fcbile, et valmistada nahk ette edasiseks hoolduseks. J\u00e4rgnevalt toimub mikrovooluteraapia \u00fche meie kaasaegse seadmega (Guinot, Utsukusy v\u00f5i\u2026","og_url":"https:\/\/medicest.eu\/et\/komplekshooldus-3d-lift\/","og_site_name":"Ilukliinik Medic-Esthetic","article_modified_time":"2025-10-29T14:57:52+00:00","og_image":[{"url":"http:\/\/medicest.eu\/wp-content\/uploads\/2025\/10\/PROGRAM-PEPPLUS.jpeg","type":"","width":"","height":""}],"twitter_card":"summary_large_image","twitter_misc":{"Est. reading time":"2 minutit"},"schema":{"@context":"https:\/\/schema.org","@graph":[{"@type":"WebPage","@id":"https:\/\/medicest.eu\/et\/komplekshooldus-3d-lift\/","url":"https:\/\/medicest.eu\/et\/komplekshooldus-3d-lift\/","name":"Komplekshooldus 3D Lift - Ilukliinik Medic-Esthetic","isPartOf":{"@id":"https:\/\/medicest.eu\/#website"},"primaryImageOfPage":{"@id":"https:\/\/medicest.eu\/et\/komplekshooldus-3d-lift\/#primaryimage"},"image":{"@id":"https:\/\/medicest.eu\/et\/komplekshooldus-3d-lift\/#primaryimage"},"thumbnailUrl":"http:\/\/medicest.eu\/wp-content\/uploads\/2025\/10\/PROGRAM-PEPPLUS.jpeg","datePublished":"2025-10-29T10:35:54+00:00","dateModified":"2025-10-29T14:57:52+00:00","breadcrumb":{"@id":"https:\/\/medicest.eu\/et\/komplekshooldus-3d-lift\/#breadcrumb"},"inLanguage":"et","potentialAction":[{"@type":"ReadAction","target":["https:\/\/medicest.eu\/et\/komplekshooldus-3d-lift\/"]}]},{"@type":"ImageObject","inLanguage":"et","@id":"https:\/\/medicest.eu\/et\/komplekshooldus-3d-lift\/#primaryimage","url":"http:\/\/medicest.eu\/wp-content\/uploads\/2025\/10\/PROGRAM-PEPPLUS.jpeg","contentUrl":"http:\/\/medicest.eu\/wp-content\/uploads\/2025\/10\/PROGRAM-PEPPLUS.jpeg"},{"@type":"BreadcrumbList","@id":"https:\/\/medicest.eu\/et\/komplekshooldus-3d-lift\/#breadcrumb","itemListElement":[{"@type":"ListItem","position":1,"name":"Home","item":"https:\/\/medicest.eu\/"},{"@type":"ListItem","position":2,"name":"Komplekshooldus 3D Lift"}]},{"@type":"WebSite","@id":"https:\/\/medicest.eu\/#website","url":"https:\/\/medicest.eu\/","name":"Ilukliinik Medic-Esthetic","description":"Beauty &amp; Prestige","potentialAction":[{"@type":"SearchAction","target":{"@type":"EntryPoint","urlTemplate":"https:\/\/medicest.eu\/?s={search_term_string}"},"query-input":{"@type":"PropertyValueSpecification","valueRequired":true,"valueName":"search_term_string"}}],"inLanguage":"et"}]}},"_links":{"self":[{"href":"https:\/\/medicest.eu\/et\/wp-json\/wp\/v2\/pages\/17856","targetHints":{"allow":["GET"]}}],"collection":[{"href":"https:\/\/medicest.eu\/et\/wp-json\/wp\/v2\/pages"}],"about":[{"href":"https:\/\/medicest.eu\/et\/wp-json\/wp\/v2\/types\/page"}],"author":[{"embeddable":true,"href":"https:\/\/medicest.eu\/et\/wp-json\/wp\/v2\/users\/1"}],"replies":[{"embeddable":true,"href":"https:\/\/medicest.eu\/et\/wp-json\/wp\/v2\/comments?post=17856"}],"version-history":[{"count":19,"href":"https:\/\/medicest.eu\/et\/wp-json\/wp\/v2\/pages\/17856\/revisions"}],"predecessor-version":[{"id":17917,"href":"https:\/\/medicest.eu\/et\/wp-json\/wp\/v2\/pages\/17856\/revisions\/17917"}],"wp:attachment":[{"href":"https:\/\/medicest.eu\/et\/wp-json\/wp\/v2\/media?parent=17856"}],"curies":[{"name":"wp","href":"https:\/\/api.w.org\/{rel}","templated":true}]}}