{"id":17613,"date":"2025-07-28T10:59:34","date_gmt":"2025-07-28T10:59:34","guid":{"rendered":"https:\/\/medicest.eu\/skidochnye-predlozheniya-na-avgust-2025\/"},"modified":"2025-08-01T12:24:51","modified_gmt":"2025-08-01T12:24:51","slug":"sooduspakkumised-augustiks-2025","status":"publish","type":"page","link":"https:\/\/medicest.eu\/et\/sooduspakkumised-augustiks-2025\/","title":{"rendered":"Sooduspakkumised augustiks 2025"},"content":{"rendered":"\t\t<div data-elementor-type=\"wp-page\" data-elementor-id=\"17613\" class=\"elementor elementor-17613 elementor-17580\">\n\t\t\t\t\t\t<section class=\"elementor-section elementor-top-section elementor-element elementor-element-5278a5b2 elementor-section-boxed elementor-section-height-default elementor-section-height-default\" data-id=\"5278a5b2\" data-element_type=\"section\" data-e-type=\"section\">\n\t\t\t\t\t\t<div class=\"elementor-container elementor-column-gap-default\">\n\t\t\t\t\t<div class=\"elementor-column elementor-col-100 elementor-top-column elementor-element elementor-element-f75b1d2\" data-id=\"f75b1d2\" data-element_type=\"column\" data-e-type=\"column\">\n\t\t\t<div class=\"elementor-widget-wrap elementor-element-populated\">\n\t\t\t\t\t\t<div class=\"elementor-element elementor-element-8419c57 elementor-widget elementor-widget-heading\" data-id=\"8419c57\" data-element_type=\"widget\" data-e-type=\"widget\" data-widget_type=\"heading.default\">\n\t\t\t\t<div class=\"elementor-widget-container\">\n\t\t\t\t\t<h2 class=\"elementor-heading-title elementor-size-default\">Sooduspakkumised<\/h2>\t\t\t\t<\/div>\n\t\t\t\t<\/div>\n\t\t\t\t<div class=\"elementor-element elementor-element-5c045ae3 elementor-widget elementor-widget-heading\" data-id=\"5c045ae3\" data-element_type=\"widget\" data-e-type=\"widget\" data-widget_type=\"heading.default\">\n\t\t\t\t<div class=\"elementor-widget-container\">\n\t\t\t\t\t<h3 class=\"elementor-heading-title elementor-size-default\">August 2025<\/h3>\t\t\t\t<\/div>\n\t\t\t\t<\/div>\n\t\t\t\t\t<\/div>\n\t\t<\/div>\n\t\t\t\t\t<\/div>\n\t\t<\/section>\n\t\t\t\t<section class=\"elementor-section elementor-top-section elementor-element elementor-element-28b73ad elementor-section-boxed elementor-section-height-default elementor-section-height-default\" data-id=\"28b73ad\" data-element_type=\"section\" data-e-type=\"section\">\n\t\t\t\t\t\t<div class=\"elementor-container elementor-column-gap-default\">\n\t\t\t\t\t<div class=\"elementor-column elementor-col-100 elementor-top-column elementor-element elementor-element-2b1d9f2\" data-id=\"2b1d9f2\" data-element_type=\"column\" data-e-type=\"column\">\n\t\t\t<div class=\"elementor-widget-wrap elementor-element-populated\">\n\t\t\t\t\t\t<div class=\"elementor-element elementor-element-0d47483 elementor-widget-divider--view-line elementor-widget elementor-widget-divider\" data-id=\"0d47483\" data-element_type=\"widget\" data-e-type=\"widget\" data-widget_type=\"divider.default\">\n\t\t\t\t<div class=\"elementor-widget-container\">\n\t\t\t\t\t\t\t<div class=\"elementor-divider\">\n\t\t\t<span class=\"elementor-divider-separator\">\n\t\t\t\t\t\t<\/span>\n\t\t<\/div>\n\t\t\t\t\t\t<\/div>\n\t\t\t\t<\/div>\n\t\t\t\t\t<\/div>\n\t\t<\/div>\n\t\t\t\t\t<\/div>\n\t\t<\/section>\n\t\t\t\t<section class=\"elementor-section elementor-top-section elementor-element elementor-element-2b76788 elementor-section-boxed elementor-section-height-default elementor-section-height-default\" data-id=\"2b76788\" data-element_type=\"section\" data-e-type=\"section\">\n\t\t\t\t\t\t<div class=\"elementor-container elementor-column-gap-default\">\n\t\t\t\t\t<div class=\"elementor-column elementor-col-50 elementor-top-column elementor-element elementor-element-de22da0\" data-id=\"de22da0\" data-element_type=\"column\" data-e-type=\"column\">\n\t\t\t<div class=\"elementor-widget-wrap elementor-element-populated\">\n\t\t\t\t\t\t<div class=\"elementor-element elementor-element-7d415d9 elementor-widget__width-initial elementor-widget elementor-widget-text-editor\" data-id=\"7d415d9\" data-element_type=\"widget\" data-e-type=\"widget\" data-widget_type=\"text-editor.default\">\n\t\t\t\t<div class=\"elementor-widget-container\">\n\t\t\t\t\t\t\t\t\t<h2><span style=\"color: #ff0000;\"><strong>Suvekompleks \u201cKerge hingamine\u201d <\/strong><\/span><span style=\"color: #ff0000;\"><strong>-20%<\/strong><\/span><\/h2><p>Gaasivedelikkoorimine Jet Peel &amp; mikrovooluteraapia VipLine Plus<\/p><p>\u00d5rn nahapuhastus ja hapnikuga rikastamine, millele lisandub tugev pinguldav efekt: mikrovoolud v\u00e4hendavad turseid, parandavad mikrotsirkulatsiooni, r\u00f5hutavad n\u00e4okontuuri ja muudavad n\u00e4ojooned selgemaks. Maksimaalne v\u00e4rskus ja toon ilma s\u00fcstideta.<\/p><p>N\u00e4gu, kael \u2013 60 min<\/p><h3><span style=\"color: #ff0000;\"><strong>Soodushind: 85\u20ac<\/strong><\/span><\/h3><p><em>Tavahind: 68\u20ac<\/em><\/p>\t\t\t\t\t\t\t\t<\/div>\n\t\t\t\t<\/div>\n\t\t\t\t<section class=\"elementor-section elementor-inner-section elementor-element elementor-element-543c1b2 elementor-section-boxed elementor-section-height-default elementor-section-height-default\" data-id=\"543c1b2\" data-element_type=\"section\" data-e-type=\"section\">\n\t\t\t\t\t\t<div class=\"elementor-container elementor-column-gap-default\">\n\t\t\t\t\t<div class=\"elementor-column elementor-col-50 elementor-inner-column elementor-element elementor-element-fd96a78\" data-id=\"fd96a78\" data-element_type=\"column\" data-e-type=\"column\">\n\t\t\t<div class=\"elementor-widget-wrap elementor-element-populated\">\n\t\t\t\t\t\t<div class=\"elementor-element elementor-element-394dc0f pp-buttons-halign-left pp-buttons-stack-none elementor-widget elementor-widget-pp-buttons\" data-id=\"394dc0f\" data-element_type=\"widget\" data-e-type=\"widget\" data-widget_type=\"pp-buttons.default\">\n\t\t\t\t<div class=\"elementor-widget-container\">\n\t\t\t\t\t\t\t<div class=\"pp-buttons-group\">\n\t\t\t\t\t\t\t\t\t\t\t<a href=\"https:\/\/medicest.eu\/et\/kompleksne-naohooldus-kerge-hingamine\/\" target=\"_blank\" class=\"pp-button elementor-button elementor-size-md elementor-repeater-item-c938c7f \">\n\t\t\t\t\t<div class=\"pp-button-content-wrapper\">\n\t\t\t\t\t\t<span class=\"pp-button-content-inner pp-icon-before\">\n\t\t\t\t\t\t\t\n\t\t\t\t\t\t\t\t<span class=\"pp-button-title\">\n\t\t\t\t\t\t\t\t\tLisainfo\t\t\t\t\t\t\t\t<\/span>\n\t\t\t\t\t\t\t\t\t\t\t\t\t<\/span>\n\t\t\t\t\t<\/div>\n\t\t\t\t<\/a>\n\t\t\t\t\t\t\t\t\t\t<\/div>\t\t\t\t<\/div>\n\t\t\t\t<\/div>\n\t\t\t\t\t<\/div>\n\t\t<\/div>\n\t\t\t\t<div class=\"elementor-column elementor-col-50 elementor-inner-column elementor-element elementor-element-21d78ca\" data-id=\"21d78ca\" data-element_type=\"column\" data-e-type=\"column\">\n\t\t\t<div class=\"elementor-widget-wrap elementor-element-populated\">\n\t\t\t\t\t\t<div class=\"elementor-element elementor-element-6dfb5f3 pp-buttons-halign-left pp-buttons-stack-none elementor-widget elementor-widget-pp-buttons\" data-id=\"6dfb5f3\" data-element_type=\"widget\" data-e-type=\"widget\" data-widget_type=\"pp-buttons.default\">\n\t\t\t\t<div class=\"elementor-widget-container\">\n\t\t\t\t\t\t\t<div class=\"pp-buttons-group\">\n\t\t\t\t\t\t\t\t\t\t\t<a href=\"https:\/\/shop.medicest.eu\/et\/product\/kompleksne-naohooldus-kerge-hingamine\/\" target=\"_blank\" class=\"pp-button elementor-button elementor-size-md elementor-repeater-item-c938c7f \">\n\t\t\t\t\t<div class=\"pp-button-content-wrapper\">\n\t\t\t\t\t\t<span class=\"pp-button-content-inner pp-icon-before\">\n\t\t\t\t\t\t\t\n\t\t\t\t\t\t\t\t<span class=\"pp-button-title\">\n\t\t\t\t\t\t\t\t\tOsta e-poest\t\t\t\t\t\t\t\t<\/span>\n\t\t\t\t\t\t\t\t\t\t\t\t\t<\/span>\n\t\t\t\t\t<\/div>\n\t\t\t\t<\/a>\n\t\t\t\t\t\t\t\t\t\t<\/div>\t\t\t\t<\/div>\n\t\t\t\t<\/div>\n\t\t\t\t\t<\/div>\n\t\t<\/div>\n\t\t\t\t\t<\/div>\n\t\t<\/section>\n\t\t\t\t\t<\/div>\n\t\t<\/div>\n\t\t\t\t<div class=\"elementor-column elementor-col-50 elementor-top-column elementor-element elementor-element-8c511d4\" data-id=\"8c511d4\" data-element_type=\"column\" data-e-type=\"column\">\n\t\t\t<div class=\"elementor-widget-wrap elementor-element-populated\">\n\t\t\t\t\t\t<div class=\"elementor-element elementor-element-5db5f56 elementor-widget elementor-widget-image\" data-id=\"5db5f56\" data-element_type=\"widget\" data-e-type=\"widget\" data-widget_type=\"image.default\">\n\t\t\t\t<div class=\"elementor-widget-container\">\n\t\t\t\t\t\t\t\t\t\t\t\t\t\t\t<img fetchpriority=\"high\" decoding=\"async\" width=\"600\" height=\"600\" src=\"https:\/\/medicest.eu\/wp-content\/uploads\/2022\/03\/jetpeel-tallinn.jpeg\" class=\"attachment-large size-large wp-image-7106\" alt=\"\" srcset=\"https:\/\/medicest.eu\/wp-content\/uploads\/2022\/03\/jetpeel-tallinn.jpeg 600w, https:\/\/medicest.eu\/wp-content\/uploads\/2022\/03\/jetpeel-tallinn-300x300.jpeg 300w, https:\/\/medicest.eu\/wp-content\/uploads\/2022\/03\/jetpeel-tallinn-150x150.jpeg 150w\" sizes=\"(max-width: 600px) 100vw, 600px\" \/>\t\t\t\t\t\t\t\t\t\t\t\t\t\t\t<\/div>\n\t\t\t\t<\/div>\n\t\t\t\t\t<\/div>\n\t\t<\/div>\n\t\t\t\t\t<\/div>\n\t\t<\/section>\n\t\t\t\t<section class=\"elementor-section elementor-top-section elementor-element elementor-element-e84fb2c elementor-section-boxed elementor-section-height-default elementor-section-height-default\" data-id=\"e84fb2c\" data-element_type=\"section\" data-e-type=\"section\">\n\t\t\t\t\t\t<div class=\"elementor-container elementor-column-gap-default\">\n\t\t\t\t\t<div class=\"elementor-column elementor-col-100 elementor-top-column elementor-element elementor-element-2fad201\" data-id=\"2fad201\" data-element_type=\"column\" data-e-type=\"column\">\n\t\t\t<div class=\"elementor-widget-wrap elementor-element-populated\">\n\t\t\t\t\t\t<div class=\"elementor-element elementor-element-17dc3eb elementor-widget-divider--view-line elementor-widget elementor-widget-divider\" data-id=\"17dc3eb\" data-element_type=\"widget\" data-e-type=\"widget\" data-widget_type=\"divider.default\">\n\t\t\t\t<div class=\"elementor-widget-container\">\n\t\t\t\t\t\t\t<div class=\"elementor-divider\">\n\t\t\t<span class=\"elementor-divider-separator\">\n\t\t\t\t\t\t<\/span>\n\t\t<\/div>\n\t\t\t\t\t\t<\/div>\n\t\t\t\t<\/div>\n\t\t\t\t\t<\/div>\n\t\t<\/div>\n\t\t\t\t\t<\/div>\n\t\t<\/section>\n\t\t\t\t<section class=\"elementor-section elementor-top-section elementor-element elementor-element-65d89b9 elementor-section-boxed elementor-section-height-default elementor-section-height-default\" data-id=\"65d89b9\" data-element_type=\"section\" data-e-type=\"section\">\n\t\t\t\t\t\t<div class=\"elementor-container elementor-column-gap-default\">\n\t\t\t\t\t<div class=\"elementor-column elementor-col-50 elementor-top-column elementor-element elementor-element-f014cd4\" data-id=\"f014cd4\" data-element_type=\"column\" data-e-type=\"column\">\n\t\t\t<div class=\"elementor-widget-wrap elementor-element-populated\">\n\t\t\t\t\t\t<div class=\"elementor-element elementor-element-9bbf394 elementor-widget__width-initial elementor-widget elementor-widget-text-editor\" data-id=\"9bbf394\" data-element_type=\"widget\" data-e-type=\"widget\" data-widget_type=\"text-editor.default\">\n\t\t\t\t<div class=\"elementor-widget-container\">\n\t\t\t\t\t\t\t\t\t<h3><span style=\"color: #ff0000;\"><strong>HIFU SMAS lifting -20%<\/strong><\/span><\/h3><p>S\u00fcgav ultraheli m\u00f5ju v\u00f5imsa pinguldava efektiga \u2013 ilma s\u00fcstide ja operatsioonideta. Aparaat t\u00f6\u00f6tab lihas-aponeurootilisel tasandil, t\u00f5stab kudesid, stimuleerib kollageeni tootmist ja taastab n\u00e4okontuuride selguse.<br \/>Efekt nagu n\u00e4o pinguldamisel, kuid ilma taastumisajata.<\/p><p>\n<table id=\"tablepress-57\" class=\"tablepress tablepress-id-57\">\n<thead>\n<tr class=\"row-1\">\n\t<th class=\"column-1\">Ultraheli (HIFU) SMAS-lifting<\/th><th class=\"column-2\">Hind \u20ac<\/th><th class=\"column-3\">Hind \u20ac -20% augustis<\/th>\n<\/tr>\n<\/thead>\n<tbody class=\"row-striping row-hover\">\n<tr class=\"row-2\">\n\t<td class=\"column-1\">Eelkonsultatsioon 15 min<\/td><td class=\"column-2\">20,00<\/td><td class=\"column-3\">16,00<\/td>\n<\/tr>\n<tr class=\"row-3\">\n\t<td class=\"column-1\">Piirkond: n\u00e4gu 90 min<\/td><td class=\"column-2\">385,00<\/td><td class=\"column-3\">308,00<\/td>\n<\/tr>\n<tr class=\"row-4\">\n\t<td class=\"column-1\">Piirkond: n\u00e4gu + kael 2t<\/td><td class=\"column-2\">450,00<\/td><td class=\"column-3\">360,00<\/td>\n<\/tr>\n<tr class=\"row-5\">\n\t<td class=\"column-1\">Piirkond: n\u00e4gu + kael + dekoltee 2t 30 min<\/td><td class=\"column-2\">570,00<\/td><td class=\"column-3\">456,00<\/td>\n<\/tr>\n<tr class=\"row-6\">\n\t<td class=\"column-1\">Piirkond: n\u00e4o alumine kolmandik 30 min<\/td><td class=\"column-2\">190,00<\/td><td class=\"column-3\">152,00<\/td>\n<\/tr>\n<tr class=\"row-7\">\n\t<td class=\"column-1\">Piirkond: n\u00e4o alumine kolmandik + kael 60 min<\/td><td class=\"column-2\">250,00<\/td><td class=\"column-3\">200,00<\/td>\n<\/tr>\n<tr class=\"row-8\">\n\t<td class=\"column-1\">Piirkond: silmad 30 min<br \/>\n<\/td><td class=\"column-2\">130,00<\/td><td class=\"column-3\">104,00<\/td>\n<\/tr>\n<tr class=\"row-9\">\n\t<td class=\"column-1\">Piirkond: p\u00f5sad+l\u00f5ug 1 t 15 min<br \/>\n<\/td><td class=\"column-2\">230,00<\/td><td class=\"column-3\">184,00<\/td>\n<\/tr>\n<\/tbody>\n<\/table>\n<!-- #tablepress-57 from cache --><\/p>\t\t\t\t\t\t\t\t<\/div>\n\t\t\t\t<\/div>\n\t\t\t\t<section class=\"elementor-section elementor-inner-section elementor-element elementor-element-ca10ebb elementor-section-boxed elementor-section-height-default elementor-section-height-default\" data-id=\"ca10ebb\" data-element_type=\"section\" data-e-type=\"section\">\n\t\t\t\t\t\t<div class=\"elementor-container elementor-column-gap-default\">\n\t\t\t\t\t<div class=\"elementor-column elementor-col-50 elementor-inner-column elementor-element elementor-element-a7e3b37\" data-id=\"a7e3b37\" data-element_type=\"column\" data-e-type=\"column\">\n\t\t\t<div class=\"elementor-widget-wrap elementor-element-populated\">\n\t\t\t\t\t\t<div class=\"elementor-element elementor-element-8fa8a7a pp-buttons-halign-left pp-buttons-stack-none elementor-widget elementor-widget-pp-buttons\" data-id=\"8fa8a7a\" data-element_type=\"widget\" data-e-type=\"widget\" data-widget_type=\"pp-buttons.default\">\n\t\t\t\t<div class=\"elementor-widget-container\">\n\t\t\t\t\t\t\t<div class=\"pp-buttons-group\">\n\t\t\t\t\t\t\t\t\t\t\t<a href=\"https:\/\/medicest.eu\/et\/ultraheli-hifu-smas-lifting\/\" target=\"_blank\" class=\"pp-button elementor-button elementor-size-md elementor-repeater-item-c938c7f \">\n\t\t\t\t\t<div class=\"pp-button-content-wrapper\">\n\t\t\t\t\t\t<span class=\"pp-button-content-inner pp-icon-before\">\n\t\t\t\t\t\t\t\n\t\t\t\t\t\t\t\t<span class=\"pp-button-title\">\n\t\t\t\t\t\t\t\t\tLisainfo\t\t\t\t\t\t\t\t<\/span>\n\t\t\t\t\t\t\t\t\t\t\t\t\t<\/span>\n\t\t\t\t\t<\/div>\n\t\t\t\t<\/a>\n\t\t\t\t\t\t\t\t\t\t<\/div>\t\t\t\t<\/div>\n\t\t\t\t<\/div>\n\t\t\t\t\t<\/div>\n\t\t<\/div>\n\t\t\t\t<div class=\"elementor-column elementor-col-50 elementor-inner-column elementor-element elementor-element-ae746cf\" data-id=\"ae746cf\" data-element_type=\"column\" data-e-type=\"column\">\n\t\t\t<div class=\"elementor-widget-wrap elementor-element-populated\">\n\t\t\t\t\t\t<div class=\"elementor-element elementor-element-c6ba807 pp-buttons-halign-left pp-buttons-stack-none elementor-widget elementor-widget-pp-buttons\" data-id=\"c6ba807\" data-element_type=\"widget\" data-e-type=\"widget\" data-widget_type=\"pp-buttons.default\">\n\t\t\t\t<div class=\"elementor-widget-container\">\n\t\t\t\t\t\t\t<div class=\"pp-buttons-group\">\n\t\t\t\t\t\t\t\t\t\t\t<a href=\"https:\/\/shop.medicest.eu\/et\/product\/ultraheli-hifu-smas-lifting\/\" target=\"_blank\" class=\"pp-button elementor-button elementor-size-md elementor-repeater-item-c938c7f \">\n\t\t\t\t\t<div class=\"pp-button-content-wrapper\">\n\t\t\t\t\t\t<span class=\"pp-button-content-inner pp-icon-before\">\n\t\t\t\t\t\t\t\n\t\t\t\t\t\t\t\t<span class=\"pp-button-title\">\n\t\t\t\t\t\t\t\t\tOsta e-poest\t\t\t\t\t\t\t\t<\/span>\n\t\t\t\t\t\t\t\t\t\t\t\t\t<\/span>\n\t\t\t\t\t<\/div>\n\t\t\t\t<\/a>\n\t\t\t\t\t\t\t\t\t\t<\/div>\t\t\t\t<\/div>\n\t\t\t\t<\/div>\n\t\t\t\t\t<\/div>\n\t\t<\/div>\n\t\t\t\t\t<\/div>\n\t\t<\/section>\n\t\t\t\t\t<\/div>\n\t\t<\/div>\n\t\t\t\t<div class=\"elementor-column elementor-col-50 elementor-top-column elementor-element elementor-element-25675f1\" data-id=\"25675f1\" data-element_type=\"column\" data-e-type=\"column\">\n\t\t\t<div class=\"elementor-widget-wrap elementor-element-populated\">\n\t\t\t\t\t\t<div class=\"elementor-element elementor-element-12d5325 elementor-widget elementor-widget-image\" data-id=\"12d5325\" data-element_type=\"widget\" data-e-type=\"widget\" data-widget_type=\"image.default\">\n\t\t\t\t<div class=\"elementor-widget-container\">\n\t\t\t\t\t\t\t\t\t\t\t\t\t\t\t<img decoding=\"async\" width=\"600\" height=\"600\" src=\"https:\/\/medicest.eu\/wp-content\/uploads\/2024\/12\/smashifu-12.jpeg\" class=\"attachment-large size-large wp-image-16730\" alt=\"\" srcset=\"https:\/\/medicest.eu\/wp-content\/uploads\/2024\/12\/smashifu-12.jpeg 600w, https:\/\/medicest.eu\/wp-content\/uploads\/2024\/12\/smashifu-12-300x300.jpeg 300w, https:\/\/medicest.eu\/wp-content\/uploads\/2024\/12\/smashifu-12-150x150.jpeg 150w\" sizes=\"(max-width: 600px) 100vw, 600px\" \/>\t\t\t\t\t\t\t\t\t\t\t\t\t\t\t<\/div>\n\t\t\t\t<\/div>\n\t\t\t\t\t<\/div>\n\t\t<\/div>\n\t\t\t\t\t<\/div>\n\t\t<\/section>\n\t\t\t\t<\/div>\n\t\t","protected":false},"excerpt":{"rendered":"<p>Sooduspakkumised August 2025 Suvekompleks \u201cKerge hingamine\u201d -20% Gaasivedelikkoorimine Jet Peel &amp; mikrovooluteraapia VipLine Plus \u00d5rn nahapuhastus ja hapnikuga rikastamine, millele lisandub tugev pinguldav efekt: mikrovoolud v\u00e4hendavad turseid, parandavad mikrotsirkulatsiooni, r\u00f5hutavad n\u00e4okontuuri ja muudavad n\u00e4ojooned selgemaks. Maksimaalne v\u00e4rskus ja toon ilma s\u00fcstideta. N\u00e4gu, kael \u2013 60 min Soodushind: 85\u20ac Tavahind: 68\u20ac\u2026<\/p>\n<p class=\"continue-reading-button\"> <a class=\"continue-reading-link\" href=\"https:\/\/medicest.eu\/et\/sooduspakkumised-augustiks-2025\/\"><i class=\"crycon-right-dir\"><\/i><\/a><\/p>\n","protected":false},"author":1,"featured_media":0,"parent":0,"menu_order":0,"comment_status":"closed","ping_status":"closed","template":"","meta":{"footnotes":""},"class_list":["post-17613","page","type-page","status-publish","hentry"],"yoast_head":"<!-- This site is optimized with the Yoast SEO plugin v27.5 - https:\/\/yoast.com\/product\/yoast-seo-wordpress\/ -->\n<title>Sooduspakkumised augustiks 2025 - Ilukliinik Medic-Esthetic<\/title>\n<meta name=\"robots\" content=\"index, follow, max-snippet:-1, max-image-preview:large, max-video-preview:-1\" \/>\n<link rel=\"canonical\" href=\"https:\/\/medicest.eu\/et\/sooduspakkumised-augustiks-2025\/\" \/>\n<meta property=\"og:locale\" content=\"et_EE\" \/>\n<meta property=\"og:type\" content=\"article\" \/>\n<meta property=\"og:title\" content=\"Sooduspakkumised augustiks 2025 - Ilukliinik Medic-Esthetic\" \/>\n<meta property=\"og:description\" content=\"Sooduspakkumised August 2025 Suvekompleks \u201cKerge hingamine\u201d -20% Gaasivedelikkoorimine Jet Peel &amp; mikrovooluteraapia VipLine Plus \u00d5rn nahapuhastus ja hapnikuga rikastamine, millele lisandub tugev pinguldav efekt: mikrovoolud v\u00e4hendavad turseid, parandavad mikrotsirkulatsiooni, r\u00f5hutavad n\u00e4okontuuri ja muudavad n\u00e4ojooned selgemaks. Maksimaalne v\u00e4rskus ja toon ilma s\u00fcstideta. N\u00e4gu, kael \u2013 60 min Soodushind: 85\u20ac Tavahind: 68\u20ac\u2026\" \/>\n<meta property=\"og:url\" content=\"https:\/\/medicest.eu\/et\/sooduspakkumised-augustiks-2025\/\" \/>\n<meta property=\"og:site_name\" content=\"Ilukliinik Medic-Esthetic\" \/>\n<meta property=\"article:modified_time\" content=\"2025-08-01T12:24:51+00:00\" \/>\n<meta property=\"og:image\" content=\"https:\/\/medicest.eu\/wp-content\/uploads\/2022\/03\/jetpeel-tallinn.jpeg\" \/>\n\t<meta property=\"og:image:width\" content=\"600\" \/>\n\t<meta property=\"og:image:height\" content=\"600\" \/>\n\t<meta property=\"og:image:type\" content=\"image\/jpeg\" \/>\n<meta name=\"twitter:card\" content=\"summary_large_image\" \/>\n<meta name=\"twitter:label1\" content=\"Est. reading time\" \/>\n\t<meta name=\"twitter:data1\" content=\"2 minutit\" \/>\n<script type=\"application\/ld+json\" class=\"yoast-schema-graph\">{\"@context\":\"https:\\\/\\\/schema.org\",\"@graph\":[{\"@type\":\"WebPage\",\"@id\":\"https:\\\/\\\/medicest.eu\\\/et\\\/sooduspakkumised-augustiks-2025\\\/\",\"url\":\"https:\\\/\\\/medicest.eu\\\/et\\\/sooduspakkumised-augustiks-2025\\\/\",\"name\":\"Sooduspakkumised augustiks 2025 - Ilukliinik Medic-Esthetic\",\"isPartOf\":{\"@id\":\"https:\\\/\\\/medicest.eu\\\/#website\"},\"primaryImageOfPage\":{\"@id\":\"https:\\\/\\\/medicest.eu\\\/et\\\/sooduspakkumised-augustiks-2025\\\/#primaryimage\"},\"image\":{\"@id\":\"https:\\\/\\\/medicest.eu\\\/et\\\/sooduspakkumised-augustiks-2025\\\/#primaryimage\"},\"thumbnailUrl\":\"http:\\\/\\\/medicest.eu\\\/wp-content\\\/uploads\\\/2022\\\/03\\\/jetpeel-tallinn.jpeg\",\"datePublished\":\"2025-07-28T10:59:34+00:00\",\"dateModified\":\"2025-08-01T12:24:51+00:00\",\"breadcrumb\":{\"@id\":\"https:\\\/\\\/medicest.eu\\\/et\\\/sooduspakkumised-augustiks-2025\\\/#breadcrumb\"},\"inLanguage\":\"et\",\"potentialAction\":[{\"@type\":\"ReadAction\",\"target\":[\"https:\\\/\\\/medicest.eu\\\/et\\\/sooduspakkumised-augustiks-2025\\\/\"]}]},{\"@type\":\"ImageObject\",\"inLanguage\":\"et\",\"@id\":\"https:\\\/\\\/medicest.eu\\\/et\\\/sooduspakkumised-augustiks-2025\\\/#primaryimage\",\"url\":\"http:\\\/\\\/medicest.eu\\\/wp-content\\\/uploads\\\/2022\\\/03\\\/jetpeel-tallinn.jpeg\",\"contentUrl\":\"http:\\\/\\\/medicest.eu\\\/wp-content\\\/uploads\\\/2022\\\/03\\\/jetpeel-tallinn.jpeg\"},{\"@type\":\"BreadcrumbList\",\"@id\":\"https:\\\/\\\/medicest.eu\\\/et\\\/sooduspakkumised-augustiks-2025\\\/#breadcrumb\",\"itemListElement\":[{\"@type\":\"ListItem\",\"position\":1,\"name\":\"Home\",\"item\":\"https:\\\/\\\/medicest.eu\\\/\"},{\"@type\":\"ListItem\",\"position\":2,\"name\":\"Sooduspakkumised augustiks 2025\"}]},{\"@type\":\"WebSite\",\"@id\":\"https:\\\/\\\/medicest.eu\\\/#website\",\"url\":\"https:\\\/\\\/medicest.eu\\\/\",\"name\":\"Ilukliinik Medic-Esthetic\",\"description\":\"Beauty &amp; Prestige\",\"potentialAction\":[{\"@type\":\"SearchAction\",\"target\":{\"@type\":\"EntryPoint\",\"urlTemplate\":\"https:\\\/\\\/medicest.eu\\\/?s={search_term_string}\"},\"query-input\":{\"@type\":\"PropertyValueSpecification\",\"valueRequired\":true,\"valueName\":\"search_term_string\"}}],\"inLanguage\":\"et\"}]}<\/script>\n<!-- \/ Yoast SEO plugin. -->","yoast_head_json":{"title":"Sooduspakkumised augustiks 2025 - Ilukliinik Medic-Esthetic","robots":{"index":"index","follow":"follow","max-snippet":"max-snippet:-1","max-image-preview":"max-image-preview:large","max-video-preview":"max-video-preview:-1"},"canonical":"https:\/\/medicest.eu\/et\/sooduspakkumised-augustiks-2025\/","og_locale":"et_EE","og_type":"article","og_title":"Sooduspakkumised augustiks 2025 - Ilukliinik Medic-Esthetic","og_description":"Sooduspakkumised August 2025 Suvekompleks \u201cKerge hingamine\u201d -20% Gaasivedelikkoorimine Jet Peel &amp; mikrovooluteraapia VipLine Plus \u00d5rn nahapuhastus ja hapnikuga rikastamine, millele lisandub tugev pinguldav efekt: mikrovoolud v\u00e4hendavad turseid, parandavad mikrotsirkulatsiooni, r\u00f5hutavad n\u00e4okontuuri ja muudavad n\u00e4ojooned selgemaks. Maksimaalne v\u00e4rskus ja toon ilma s\u00fcstideta. N\u00e4gu, kael \u2013 60 min Soodushind: 85\u20ac Tavahind: 68\u20ac\u2026","og_url":"https:\/\/medicest.eu\/et\/sooduspakkumised-augustiks-2025\/","og_site_name":"Ilukliinik Medic-Esthetic","article_modified_time":"2025-08-01T12:24:51+00:00","og_image":[{"width":600,"height":600,"url":"https:\/\/medicest.eu\/wp-content\/uploads\/2022\/03\/jetpeel-tallinn.jpeg","type":"image\/jpeg"}],"twitter_card":"summary_large_image","twitter_misc":{"Est. reading time":"2 minutit"},"schema":{"@context":"https:\/\/schema.org","@graph":[{"@type":"WebPage","@id":"https:\/\/medicest.eu\/et\/sooduspakkumised-augustiks-2025\/","url":"https:\/\/medicest.eu\/et\/sooduspakkumised-augustiks-2025\/","name":"Sooduspakkumised augustiks 2025 - Ilukliinik Medic-Esthetic","isPartOf":{"@id":"https:\/\/medicest.eu\/#website"},"primaryImageOfPage":{"@id":"https:\/\/medicest.eu\/et\/sooduspakkumised-augustiks-2025\/#primaryimage"},"image":{"@id":"https:\/\/medicest.eu\/et\/sooduspakkumised-augustiks-2025\/#primaryimage"},"thumbnailUrl":"http:\/\/medicest.eu\/wp-content\/uploads\/2022\/03\/jetpeel-tallinn.jpeg","datePublished":"2025-07-28T10:59:34+00:00","dateModified":"2025-08-01T12:24:51+00:00","breadcrumb":{"@id":"https:\/\/medicest.eu\/et\/sooduspakkumised-augustiks-2025\/#breadcrumb"},"inLanguage":"et","potentialAction":[{"@type":"ReadAction","target":["https:\/\/medicest.eu\/et\/sooduspakkumised-augustiks-2025\/"]}]},{"@type":"ImageObject","inLanguage":"et","@id":"https:\/\/medicest.eu\/et\/sooduspakkumised-augustiks-2025\/#primaryimage","url":"http:\/\/medicest.eu\/wp-content\/uploads\/2022\/03\/jetpeel-tallinn.jpeg","contentUrl":"http:\/\/medicest.eu\/wp-content\/uploads\/2022\/03\/jetpeel-tallinn.jpeg"},{"@type":"BreadcrumbList","@id":"https:\/\/medicest.eu\/et\/sooduspakkumised-augustiks-2025\/#breadcrumb","itemListElement":[{"@type":"ListItem","position":1,"name":"Home","item":"https:\/\/medicest.eu\/"},{"@type":"ListItem","position":2,"name":"Sooduspakkumised augustiks 2025"}]},{"@type":"WebSite","@id":"https:\/\/medicest.eu\/#website","url":"https:\/\/medicest.eu\/","name":"Ilukliinik Medic-Esthetic","description":"Beauty &amp; Prestige","potentialAction":[{"@type":"SearchAction","target":{"@type":"EntryPoint","urlTemplate":"https:\/\/medicest.eu\/?s={search_term_string}"},"query-input":{"@type":"PropertyValueSpecification","valueRequired":true,"valueName":"search_term_string"}}],"inLanguage":"et"}]}},"_links":{"self":[{"href":"https:\/\/medicest.eu\/et\/wp-json\/wp\/v2\/pages\/17613","targetHints":{"allow":["GET"]}}],"collection":[{"href":"https:\/\/medicest.eu\/et\/wp-json\/wp\/v2\/pages"}],"about":[{"href":"https:\/\/medicest.eu\/et\/wp-json\/wp\/v2\/types\/page"}],"author":[{"embeddable":true,"href":"https:\/\/medicest.eu\/et\/wp-json\/wp\/v2\/users\/1"}],"replies":[{"embeddable":true,"href":"https:\/\/medicest.eu\/et\/wp-json\/wp\/v2\/comments?post=17613"}],"version-history":[{"count":35,"href":"https:\/\/medicest.eu\/et\/wp-json\/wp\/v2\/pages\/17613\/revisions"}],"predecessor-version":[{"id":17649,"href":"https:\/\/medicest.eu\/et\/wp-json\/wp\/v2\/pages\/17613\/revisions\/17649"}],"wp:attachment":[{"href":"https:\/\/medicest.eu\/et\/wp-json\/wp\/v2\/media?parent=17613"}],"curies":[{"name":"wp","href":"https:\/\/api.w.org\/{rel}","templated":true}]}}